{"id":135065,"date":"2024-02-13T13:47:43","date_gmt":"2024-02-13T11:47:43","guid":{"rendered":"https:\/\/metaltale.com\/produktas\/stacionarais-izlietnes-krans-antikais-misins-oksford\/"},"modified":"2024-02-13T13:47:43","modified_gmt":"2024-02-13T11:47:43","slug":"stacionarais-izlietnes-krans-antikais-misins-oksford","status":"publish","type":"product","link":"https:\/\/metaltale.com\/lv\/produkts\/stacionarais-izlietnes-krans-antikais-misins-oksford\/","title":{"rendered":"Stacion\u0101rais izlietnes kr\u0101ns Ant\u012bkais misi\u0146\u0161 OKSFORD"},"content":{"rendered":"<div class=\"prod_data\">WX <strong>modelis<\/strong>. B513. HIG. SHOWCASE  <br \/><strong>EAN.<\/strong>  5905369900563  <br \/>Mais\u012bt\u0101ja tips Br\u012bvi st\u0101vo\u0161s <br \/>Izsmidzin\u0101t\u0101ja garums (cm ) 17 <br \/>Materi\u0101ls Misi\u0146\u0161 <br \/>Uzst\u0101d\u012b\u0161anas atveres diametrs 3,2 <br \/>Kop\u0113jais augstums (cm ) 34 <br \/>Kr\u0101sa Ant\u012bkais misi\u0146\u0161 <br \/>Apdare M\u012bksta, sat\u012bna efekts <br \/>Papildus inform\u0101cija \u0160\u013c\u016btene M8x3\/8&#8243; kr\u0101na garumam 50cm <br \/>Augstums l\u012bdz izsmidzin\u0101t\u0101jam (cm ) 22 <br \/>Kop\u0113j\u0101 projekcija (cm ) 22 <\/p>\n<p>&#8211; misi\u0146a akumulators<br \/>&#8211; rot\u0113jo\u0161s izsmidzin\u0101t\u0101js<br \/>&#8211; keramikas galva &#8211; elements, kas nodro\u0161ina pareizu \u016bdens sadali. <br \/>&#8211; aerators &#8211; aerators, kas nodro\u0161ina maz\u0101ku \u016bdens pat\u0113ri\u0146u.<br \/>&#8211; visi mont\u0101\u017eai nepiecie\u0161amie elementi komplekt\u0101 (\u0161\u013c\u016btenes, skr\u016bve pie galda virsmas, bl\u012bves pie skr\u016bves).<\/p>\n<hr>\n<p>Ant\u012bk\u0101 misi\u0146a kr\u0101sas virsmas mais\u012bt\u0101js ir \u013coti dizaina vannas istabas dizaina elements. Stat\u012bvais mais\u012bt\u0101js ar keramikas galvi\u0146u ir augst\u0101k\u0101s kvalit\u0101tes izstr\u0101d\u0101jums, ko var izmantot k\u0101 vannas istabas vai virtuves kr\u0101nu. Pied\u0101v\u0101tais modelis ir ide\u0101li piem\u0113rots klasiskaj\u0101m sanit\u0101raj\u0101m izlietn\u0113m, popul\u0101r\u0101m galda virsmu b\u013cod\u0101m un izlietn\u0113m. Jauc\u0113jkr\u0101ns ir saglab\u0101jis retro stilu, ko v\u0113l vair\u0101k pasv\u012btro redzam\u0101s otas p\u0113das un nevienm\u0113r\u012bgais kr\u0101sojums. Tom\u0113r, pateicoties vienk\u0101r\u0161ai formai un lieku dekorat\u012bvu deta\u013cu tr\u016bkumam, \u0161is misi\u0146a galda mais\u012bt\u0101js ir viegli piem\u0113rots ar\u012b b\u0113ni\u0146iem un r\u016bpniecisk\u0101m iek\u0101rt\u0101m.<\/p>\n<hr>\n<\/div>\n","protected":false},"excerpt":{"rendered":"<p>WX modelis. B513. HIG. SHOWCASE EAN. 5905369900563 Mais\u012bt\u0101ja tips Br\u012bvi st\u0101vo\u0161s Izsmidzin\u0101t\u0101ja garums (cm ) 17 Materi\u0101ls Misi\u0146\u0161 Uzst\u0101d\u012b\u0161anas atveres<\/p>\n","protected":false},"featured_media":80245,"comment_status":"open","ping_status":"closed","template":"","meta":{"_acf_changed":false,"pmpro_default_level":""},"product_brand":[],"product_cat":[24094],"product_tag":[],"class_list":{"0":"post-135065","1":"product","2":"type-product","3":"status-publish","4":"has-post-thumbnail","6":"product_cat-izlietnes-maisitaji","7":"pmpro-has-access","9":"first","10":"instock","11":"shipping-taxable","12":"purchasable","13":"product-type-simple"},"acf":[],"yoast_head":"<!-- This site is optimized with the Yoast SEO plugin v24.9 - https:\/\/yoast.com\/wordpress\/plugins\/seo\/ -->\n<title>Stacion\u0101rais izlietnes kr\u0101ns Ant\u012bkais misi\u0146\u0161 OKSFORD - MetalTale.com<\/title>\n<meta name=\"robots\" content=\"index, follow, max-snippet:-1, max-image-preview:large, max-video-preview:-1\" \/>\n<link rel=\"canonical\" href=\"https:\/\/metaltale.com\/lv\/produkts\/stacionarais-izlietnes-krans-antikais-misins-oksford\/\" \/>\n<meta property=\"og:locale\" content=\"lv_LV\" \/>\n<meta property=\"og:type\" content=\"article\" \/>\n<meta property=\"og:title\" content=\"Stacion\u0101rais izlietnes kr\u0101ns Ant\u012bkais misi\u0146\u0161 OKSFORD - MetalTale.com\" \/>\n<meta property=\"og:description\" content=\"WX modelis. B513. HIG. SHOWCASE EAN. 5905369900563 Mais\u012bt\u0101ja tips Br\u012bvi st\u0101vo\u0161s Izsmidzin\u0101t\u0101ja garums (cm ) 17 Materi\u0101ls Misi\u0146\u0161 Uzst\u0101d\u012b\u0161anas atveres\" \/>\n<meta property=\"og:url\" content=\"https:\/\/metaltale.com\/lv\/produkts\/stacionarais-izlietnes-krans-antikais-misins-oksford\/\" \/>\n<meta property=\"og:site_name\" content=\"MetalTale.com\" \/>\n<meta name=\"twitter:card\" content=\"summary_large_image\" \/>\n<meta name=\"twitter:label1\" content=\"Est. reading time\" \/>\n\t<meta name=\"twitter:data1\" content=\"1 minute\" \/>\n<script type=\"application\/ld+json\" class=\"yoast-schema-graph\">{\"@context\":\"https:\/\/schema.org\",\"@graph\":[{\"@type\":\"WebPage\",\"@id\":\"https:\/\/metaltale.com\/lv\/produkts\/stacionarais-izlietnes-krans-antikais-misins-oksford\/\",\"url\":\"https:\/\/metaltale.com\/lv\/produkts\/stacionarais-izlietnes-krans-antikais-misins-oksford\/\",\"name\":\"Stacion\u0101rais izlietnes kr\u0101ns Ant\u012bkais misi\u0146\u0161 OKSFORD - MetalTale.com\",\"isPartOf\":{\"@id\":\"https:\/\/metaltale.com\/lv\/#website\"},\"primaryImageOfPage\":{\"@id\":\"https:\/\/metaltale.com\/lv\/produkts\/stacionarais-izlietnes-krans-antikais-misins-oksford\/#primaryimage\"},\"image\":{\"@id\":\"https:\/\/metaltale.com\/lv\/produkts\/stacionarais-izlietnes-krans-antikais-misins-oksford\/#primaryimage\"},\"thumbnailUrl\":\"https:\/\/metaltale.com\/wp-content\/uploads\/2023\/10\/Grindx173-maix161ytuvas-OKSFORD-3.jpg\",\"datePublished\":\"2024-02-13T11:47:43+00:00\",\"breadcrumb\":{\"@id\":\"https:\/\/metaltale.com\/lv\/produkts\/stacionarais-izlietnes-krans-antikais-misins-oksford\/#breadcrumb\"},\"inLanguage\":\"lv-LV\",\"potentialAction\":[{\"@type\":\"ReadAction\",\"target\":[\"https:\/\/metaltale.com\/lv\/produkts\/stacionarais-izlietnes-krans-antikais-misins-oksford\/\"]}]},{\"@type\":\"ImageObject\",\"inLanguage\":\"lv-LV\",\"@id\":\"https:\/\/metaltale.com\/lv\/produkts\/stacionarais-izlietnes-krans-antikais-misins-oksford\/#primaryimage\",\"url\":\"https:\/\/metaltale.com\/wp-content\/uploads\/2023\/10\/Grindx173-maix161ytuvas-OKSFORD-3.jpg\",\"contentUrl\":\"https:\/\/metaltale.com\/wp-content\/uploads\/2023\/10\/Grindx173-maix161ytuvas-OKSFORD-3.jpg\",\"width\":800,\"height\":800},{\"@type\":\"BreadcrumbList\",\"@id\":\"https:\/\/metaltale.com\/lv\/produkts\/stacionarais-izlietnes-krans-antikais-misins-oksford\/#breadcrumb\",\"itemListElement\":[{\"@type\":\"ListItem\",\"position\":1,\"name\":\"Home\",\"item\":\"https:\/\/metaltale.com\/lv\/majas\/\"},{\"@type\":\"ListItem\",\"position\":2,\"name\":\"Veikals\",\"item\":\"https:\/\/metaltale.com\/lv\/shop\/\"},{\"@type\":\"ListItem\",\"position\":3,\"name\":\"Stacion\u0101rais izlietnes kr\u0101ns Ant\u012bkais misi\u0146\u0161 OKSFORD\"}]},{\"@type\":\"WebSite\",\"@id\":\"https:\/\/metaltale.com\/lv\/#website\",\"url\":\"https:\/\/metaltale.com\/lv\/\",\"name\":\"Metaltale.com\",\"description\":\"\",\"potentialAction\":[{\"@type\":\"SearchAction\",\"target\":{\"@type\":\"EntryPoint\",\"urlTemplate\":\"https:\/\/metaltale.com\/lv\/?s={search_term_string}\"},\"query-input\":{\"@type\":\"PropertyValueSpecification\",\"valueRequired\":true,\"valueName\":\"search_term_string\"}}],\"inLanguage\":\"lv-LV\"}]}<\/script>\n<!-- \/ Yoast SEO plugin. -->","yoast_head_json":{"title":"Stacion\u0101rais izlietnes kr\u0101ns Ant\u012bkais misi\u0146\u0161 OKSFORD - MetalTale.com","robots":{"index":"index","follow":"follow","max-snippet":"max-snippet:-1","max-image-preview":"max-image-preview:large","max-video-preview":"max-video-preview:-1"},"canonical":"https:\/\/metaltale.com\/lv\/produkts\/stacionarais-izlietnes-krans-antikais-misins-oksford\/","og_locale":"lv_LV","og_type":"article","og_title":"Stacion\u0101rais izlietnes kr\u0101ns Ant\u012bkais misi\u0146\u0161 OKSFORD - MetalTale.com","og_description":"WX modelis. B513. HIG. SHOWCASE EAN. 5905369900563 Mais\u012bt\u0101ja tips Br\u012bvi st\u0101vo\u0161s Izsmidzin\u0101t\u0101ja garums (cm ) 17 Materi\u0101ls Misi\u0146\u0161 Uzst\u0101d\u012b\u0161anas atveres","og_url":"https:\/\/metaltale.com\/lv\/produkts\/stacionarais-izlietnes-krans-antikais-misins-oksford\/","og_site_name":"MetalTale.com","twitter_card":"summary_large_image","twitter_misc":{"Est. reading time":"1 minute"},"schema":{"@context":"https:\/\/schema.org","@graph":[{"@type":"WebPage","@id":"https:\/\/metaltale.com\/lv\/produkts\/stacionarais-izlietnes-krans-antikais-misins-oksford\/","url":"https:\/\/metaltale.com\/lv\/produkts\/stacionarais-izlietnes-krans-antikais-misins-oksford\/","name":"Stacion\u0101rais izlietnes kr\u0101ns Ant\u012bkais misi\u0146\u0161 OKSFORD - MetalTale.com","isPartOf":{"@id":"https:\/\/metaltale.com\/lv\/#website"},"primaryImageOfPage":{"@id":"https:\/\/metaltale.com\/lv\/produkts\/stacionarais-izlietnes-krans-antikais-misins-oksford\/#primaryimage"},"image":{"@id":"https:\/\/metaltale.com\/lv\/produkts\/stacionarais-izlietnes-krans-antikais-misins-oksford\/#primaryimage"},"thumbnailUrl":"https:\/\/metaltale.com\/wp-content\/uploads\/2023\/10\/Grindx173-maix161ytuvas-OKSFORD-3.jpg","datePublished":"2024-02-13T11:47:43+00:00","breadcrumb":{"@id":"https:\/\/metaltale.com\/lv\/produkts\/stacionarais-izlietnes-krans-antikais-misins-oksford\/#breadcrumb"},"inLanguage":"lv-LV","potentialAction":[{"@type":"ReadAction","target":["https:\/\/metaltale.com\/lv\/produkts\/stacionarais-izlietnes-krans-antikais-misins-oksford\/"]}]},{"@type":"ImageObject","inLanguage":"lv-LV","@id":"https:\/\/metaltale.com\/lv\/produkts\/stacionarais-izlietnes-krans-antikais-misins-oksford\/#primaryimage","url":"https:\/\/metaltale.com\/wp-content\/uploads\/2023\/10\/Grindx173-maix161ytuvas-OKSFORD-3.jpg","contentUrl":"https:\/\/metaltale.com\/wp-content\/uploads\/2023\/10\/Grindx173-maix161ytuvas-OKSFORD-3.jpg","width":800,"height":800},{"@type":"BreadcrumbList","@id":"https:\/\/metaltale.com\/lv\/produkts\/stacionarais-izlietnes-krans-antikais-misins-oksford\/#breadcrumb","itemListElement":[{"@type":"ListItem","position":1,"name":"Home","item":"https:\/\/metaltale.com\/lv\/majas\/"},{"@type":"ListItem","position":2,"name":"Veikals","item":"https:\/\/metaltale.com\/lv\/shop\/"},{"@type":"ListItem","position":3,"name":"Stacion\u0101rais izlietnes kr\u0101ns Ant\u012bkais misi\u0146\u0161 OKSFORD"}]},{"@type":"WebSite","@id":"https:\/\/metaltale.com\/lv\/#website","url":"https:\/\/metaltale.com\/lv\/","name":"Metaltale.com","description":"","potentialAction":[{"@type":"SearchAction","target":{"@type":"EntryPoint","urlTemplate":"https:\/\/metaltale.com\/lv\/?s={search_term_string}"},"query-input":{"@type":"PropertyValueSpecification","valueRequired":true,"valueName":"search_term_string"}}],"inLanguage":"lv-LV"}]}},"_links":{"self":[{"href":"https:\/\/metaltale.com\/lv\/wp-json\/wp\/v2\/product\/135065","targetHints":{"allow":["GET"]}}],"collection":[{"href":"https:\/\/metaltale.com\/lv\/wp-json\/wp\/v2\/product"}],"about":[{"href":"https:\/\/metaltale.com\/lv\/wp-json\/wp\/v2\/types\/product"}],"replies":[{"embeddable":true,"href":"https:\/\/metaltale.com\/lv\/wp-json\/wp\/v2\/comments?post=135065"}],"version-history":[{"count":0,"href":"https:\/\/metaltale.com\/lv\/wp-json\/wp\/v2\/product\/135065\/revisions"}],"wp:featuredmedia":[{"embeddable":true,"href":"https:\/\/metaltale.com\/lv\/wp-json\/wp\/v2\/media\/80245"}],"wp:attachment":[{"href":"https:\/\/metaltale.com\/lv\/wp-json\/wp\/v2\/media?parent=135065"}],"wp:term":[{"taxonomy":"product_brand","embeddable":true,"href":"https:\/\/metaltale.com\/lv\/wp-json\/wp\/v2\/product_brand?post=135065"},{"taxonomy":"product_cat","embeddable":true,"href":"https:\/\/metaltale.com\/lv\/wp-json\/wp\/v2\/product_cat?post=135065"},{"taxonomy":"product_tag","embeddable":true,"href":"https:\/\/metaltale.com\/lv\/wp-json\/wp\/v2\/product_tag?post=135065"}],"curies":[{"name":"wp","href":"https:\/\/api.w.org\/{rel}","templated":true}]}}