{"id":135054,"date":"2024-02-13T14:39:55","date_gmt":"2024-02-13T12:39:55","guid":{"rendered":"https:\/\/metaltale.com\/produktas\/taisnstura-formas-dekorativais-paliktnis-loke\/"},"modified":"2024-02-13T14:39:55","modified_gmt":"2024-02-13T12:39:55","slug":"taisnstura-formas-dekorativais-paliktnis-loke","status":"publish","type":"product","link":"https:\/\/metaltale.com\/lv\/produkts\/taisnstura-formas-dekorativais-paliktnis-loke\/","title":{"rendered":"Taisnst\u016bra formas dekorat\u012bvais paliktnis LOKE"},"content":{"rendered":"<div class=\"prod_data\"><strong>Modelis<\/strong> AF.811.737.60  <br \/><strong>EAN.<\/strong>  5905369927539  <br \/><strong>Materi\u0101ls<\/strong> Met\u0101ls  <br \/><strong> [cm]Kop\u0113jais garums<\/strong> 13 <strong> <\/strong> <br \/><strong>Kop\u0113jais augstums (cm<\/strong> ) 6  <br \/>Kop\u0113jais platums (cm ) 40 <br \/><strong>Kr\u0101sa<\/strong> Melna  <\/p>\n<p>Taisnst\u016bra formas vintage papl\u0101te ir priek\u0161mets, ko var\u0113s izmantot virtuv\u0113 un dz\u012bvojam\u0101 istab\u0101, k\u0101 ar\u012b t\u0101 var b\u016bt ori\u0123in\u0101la d\u0101vana. Praktiskie rokturi atvieglo t\u0101 p\u0101rn\u0113s\u0101\u0161anu, un redzam\u0101s skr\u016bves ir ne tikai struktur\u0101ls, bet ar\u012b dekorat\u012bvs elements. Vienk\u0101r\u0161ais dizains ir smagn\u0113js, un skr\u0101p\u0113jumi un r\u016bsas izce\u013c korpusa raksturu.<\/p>\n<\/div>\n","protected":false},"excerpt":{"rendered":"<p>Modelis AF.811.737.60 EAN. 5905369927539 Materi\u0101ls Met\u0101ls [cm]Kop\u0113jais garums 13 Kop\u0113jais augstums (cm ) 6 Kop\u0113jais platums (cm ) 40 Kr\u0101sa<\/p>\n","protected":false},"featured_media":88923,"comment_status":"open","ping_status":"closed","template":"","meta":{"_acf_changed":false,"pmpro_default_level":""},"product_brand":[],"product_cat":[24068],"product_tag":[],"class_list":{"0":"post-135054","1":"product","2":"type-product","3":"status-publish","4":"has-post-thumbnail","6":"product_cat-neparasti-rotajumi","7":"pmpro-has-access","9":"first","10":"instock","11":"shipping-taxable","12":"purchasable","13":"product-type-simple"},"acf":[],"yoast_head":"<!-- This site is optimized with the Yoast SEO plugin v24.9 - https:\/\/yoast.com\/wordpress\/plugins\/seo\/ -->\n<title>Taisnst\u016bra formas dekorat\u012bvais paliktnis LOKE - MetalTale.com<\/title>\n<meta name=\"robots\" content=\"index, follow, max-snippet:-1, max-image-preview:large, max-video-preview:-1\" \/>\n<link rel=\"canonical\" href=\"https:\/\/metaltale.com\/lv\/produkts\/taisnstura-formas-dekorativais-paliktnis-loke\/\" \/>\n<meta property=\"og:locale\" content=\"lv_LV\" \/>\n<meta property=\"og:type\" content=\"article\" \/>\n<meta property=\"og:title\" content=\"Taisnst\u016bra formas dekorat\u012bvais paliktnis LOKE - MetalTale.com\" \/>\n<meta property=\"og:description\" content=\"Modelis AF.811.737.60 EAN. 5905369927539 Materi\u0101ls Met\u0101ls [cm]Kop\u0113jais garums 13 Kop\u0113jais augstums (cm ) 6 Kop\u0113jais platums (cm ) 40 Kr\u0101sa\" \/>\n<meta property=\"og:url\" content=\"https:\/\/metaltale.com\/lv\/produkts\/taisnstura-formas-dekorativais-paliktnis-loke\/\" \/>\n<meta property=\"og:site_name\" content=\"MetalTale.com\" \/>\n<meta name=\"twitter:card\" content=\"summary_large_image\" \/>\n<script type=\"application\/ld+json\" class=\"yoast-schema-graph\">{\"@context\":\"https:\/\/schema.org\",\"@graph\":[{\"@type\":\"WebPage\",\"@id\":\"https:\/\/metaltale.com\/lv\/produkts\/taisnstura-formas-dekorativais-paliktnis-loke\/\",\"url\":\"https:\/\/metaltale.com\/lv\/produkts\/taisnstura-formas-dekorativais-paliktnis-loke\/\",\"name\":\"Taisnst\u016bra formas dekorat\u012bvais paliktnis LOKE - MetalTale.com\",\"isPartOf\":{\"@id\":\"https:\/\/metaltale.com\/lv\/#website\"},\"primaryImageOfPage\":{\"@id\":\"https:\/\/metaltale.com\/lv\/produkts\/taisnstura-formas-dekorativais-paliktnis-loke\/#primaryimage\"},\"image\":{\"@id\":\"https:\/\/metaltale.com\/lv\/produkts\/taisnstura-formas-dekorativais-paliktnis-loke\/#primaryimage\"},\"thumbnailUrl\":\"https:\/\/metaltale.com\/wp-content\/uploads\/2023\/10\/Stax10Diakampis-dekoratyvinis-dx117klas-LOKE.jpg\",\"datePublished\":\"2024-02-13T12:39:55+00:00\",\"breadcrumb\":{\"@id\":\"https:\/\/metaltale.com\/lv\/produkts\/taisnstura-formas-dekorativais-paliktnis-loke\/#breadcrumb\"},\"inLanguage\":\"lv-LV\",\"potentialAction\":[{\"@type\":\"ReadAction\",\"target\":[\"https:\/\/metaltale.com\/lv\/produkts\/taisnstura-formas-dekorativais-paliktnis-loke\/\"]}]},{\"@type\":\"ImageObject\",\"inLanguage\":\"lv-LV\",\"@id\":\"https:\/\/metaltale.com\/lv\/produkts\/taisnstura-formas-dekorativais-paliktnis-loke\/#primaryimage\",\"url\":\"https:\/\/metaltale.com\/wp-content\/uploads\/2023\/10\/Stax10Diakampis-dekoratyvinis-dx117klas-LOKE.jpg\",\"contentUrl\":\"https:\/\/metaltale.com\/wp-content\/uploads\/2023\/10\/Stax10Diakampis-dekoratyvinis-dx117klas-LOKE.jpg\",\"width\":800,\"height\":800},{\"@type\":\"BreadcrumbList\",\"@id\":\"https:\/\/metaltale.com\/lv\/produkts\/taisnstura-formas-dekorativais-paliktnis-loke\/#breadcrumb\",\"itemListElement\":[{\"@type\":\"ListItem\",\"position\":1,\"name\":\"Home\",\"item\":\"https:\/\/metaltale.com\/lv\/majas\/\"},{\"@type\":\"ListItem\",\"position\":2,\"name\":\"Veikals\",\"item\":\"https:\/\/metaltale.com\/lv\/shop\/\"},{\"@type\":\"ListItem\",\"position\":3,\"name\":\"Taisnst\u016bra formas dekorat\u012bvais paliktnis LOKE\"}]},{\"@type\":\"WebSite\",\"@id\":\"https:\/\/metaltale.com\/lv\/#website\",\"url\":\"https:\/\/metaltale.com\/lv\/\",\"name\":\"Metaltale.com\",\"description\":\"\",\"potentialAction\":[{\"@type\":\"SearchAction\",\"target\":{\"@type\":\"EntryPoint\",\"urlTemplate\":\"https:\/\/metaltale.com\/lv\/?s={search_term_string}\"},\"query-input\":{\"@type\":\"PropertyValueSpecification\",\"valueRequired\":true,\"valueName\":\"search_term_string\"}}],\"inLanguage\":\"lv-LV\"}]}<\/script>\n<!-- \/ Yoast SEO plugin. -->","yoast_head_json":{"title":"Taisnst\u016bra formas dekorat\u012bvais paliktnis LOKE - MetalTale.com","robots":{"index":"index","follow":"follow","max-snippet":"max-snippet:-1","max-image-preview":"max-image-preview:large","max-video-preview":"max-video-preview:-1"},"canonical":"https:\/\/metaltale.com\/lv\/produkts\/taisnstura-formas-dekorativais-paliktnis-loke\/","og_locale":"lv_LV","og_type":"article","og_title":"Taisnst\u016bra formas dekorat\u012bvais paliktnis LOKE - MetalTale.com","og_description":"Modelis AF.811.737.60 EAN. 5905369927539 Materi\u0101ls Met\u0101ls [cm]Kop\u0113jais garums 13 Kop\u0113jais augstums (cm ) 6 Kop\u0113jais platums (cm ) 40 Kr\u0101sa","og_url":"https:\/\/metaltale.com\/lv\/produkts\/taisnstura-formas-dekorativais-paliktnis-loke\/","og_site_name":"MetalTale.com","twitter_card":"summary_large_image","schema":{"@context":"https:\/\/schema.org","@graph":[{"@type":"WebPage","@id":"https:\/\/metaltale.com\/lv\/produkts\/taisnstura-formas-dekorativais-paliktnis-loke\/","url":"https:\/\/metaltale.com\/lv\/produkts\/taisnstura-formas-dekorativais-paliktnis-loke\/","name":"Taisnst\u016bra formas dekorat\u012bvais paliktnis LOKE - MetalTale.com","isPartOf":{"@id":"https:\/\/metaltale.com\/lv\/#website"},"primaryImageOfPage":{"@id":"https:\/\/metaltale.com\/lv\/produkts\/taisnstura-formas-dekorativais-paliktnis-loke\/#primaryimage"},"image":{"@id":"https:\/\/metaltale.com\/lv\/produkts\/taisnstura-formas-dekorativais-paliktnis-loke\/#primaryimage"},"thumbnailUrl":"https:\/\/metaltale.com\/wp-content\/uploads\/2023\/10\/Stax10Diakampis-dekoratyvinis-dx117klas-LOKE.jpg","datePublished":"2024-02-13T12:39:55+00:00","breadcrumb":{"@id":"https:\/\/metaltale.com\/lv\/produkts\/taisnstura-formas-dekorativais-paliktnis-loke\/#breadcrumb"},"inLanguage":"lv-LV","potentialAction":[{"@type":"ReadAction","target":["https:\/\/metaltale.com\/lv\/produkts\/taisnstura-formas-dekorativais-paliktnis-loke\/"]}]},{"@type":"ImageObject","inLanguage":"lv-LV","@id":"https:\/\/metaltale.com\/lv\/produkts\/taisnstura-formas-dekorativais-paliktnis-loke\/#primaryimage","url":"https:\/\/metaltale.com\/wp-content\/uploads\/2023\/10\/Stax10Diakampis-dekoratyvinis-dx117klas-LOKE.jpg","contentUrl":"https:\/\/metaltale.com\/wp-content\/uploads\/2023\/10\/Stax10Diakampis-dekoratyvinis-dx117klas-LOKE.jpg","width":800,"height":800},{"@type":"BreadcrumbList","@id":"https:\/\/metaltale.com\/lv\/produkts\/taisnstura-formas-dekorativais-paliktnis-loke\/#breadcrumb","itemListElement":[{"@type":"ListItem","position":1,"name":"Home","item":"https:\/\/metaltale.com\/lv\/majas\/"},{"@type":"ListItem","position":2,"name":"Veikals","item":"https:\/\/metaltale.com\/lv\/shop\/"},{"@type":"ListItem","position":3,"name":"Taisnst\u016bra formas dekorat\u012bvais paliktnis LOKE"}]},{"@type":"WebSite","@id":"https:\/\/metaltale.com\/lv\/#website","url":"https:\/\/metaltale.com\/lv\/","name":"Metaltale.com","description":"","potentialAction":[{"@type":"SearchAction","target":{"@type":"EntryPoint","urlTemplate":"https:\/\/metaltale.com\/lv\/?s={search_term_string}"},"query-input":{"@type":"PropertyValueSpecification","valueRequired":true,"valueName":"search_term_string"}}],"inLanguage":"lv-LV"}]}},"_links":{"self":[{"href":"https:\/\/metaltale.com\/lv\/wp-json\/wp\/v2\/product\/135054","targetHints":{"allow":["GET"]}}],"collection":[{"href":"https:\/\/metaltale.com\/lv\/wp-json\/wp\/v2\/product"}],"about":[{"href":"https:\/\/metaltale.com\/lv\/wp-json\/wp\/v2\/types\/product"}],"replies":[{"embeddable":true,"href":"https:\/\/metaltale.com\/lv\/wp-json\/wp\/v2\/comments?post=135054"}],"version-history":[{"count":0,"href":"https:\/\/metaltale.com\/lv\/wp-json\/wp\/v2\/product\/135054\/revisions"}],"wp:featuredmedia":[{"embeddable":true,"href":"https:\/\/metaltale.com\/lv\/wp-json\/wp\/v2\/media\/88923"}],"wp:attachment":[{"href":"https:\/\/metaltale.com\/lv\/wp-json\/wp\/v2\/media?parent=135054"}],"wp:term":[{"taxonomy":"product_brand","embeddable":true,"href":"https:\/\/metaltale.com\/lv\/wp-json\/wp\/v2\/product_brand?post=135054"},{"taxonomy":"product_cat","embeddable":true,"href":"https:\/\/metaltale.com\/lv\/wp-json\/wp\/v2\/product_cat?post=135054"},{"taxonomy":"product_tag","embeddable":true,"href":"https:\/\/metaltale.com\/lv\/wp-json\/wp\/v2\/product_tag?post=135054"}],"curies":[{"name":"wp","href":"https:\/\/api.w.org\/{rel}","templated":true}]}}