{"id":135050,"date":"2024-01-12T21:08:46","date_gmt":"2024-01-12T19:08:46","guid":{"rendered":"https:\/\/metaltale.com\/produktas\/taisnstura-formas-gridas-spogulis-loft-60x160\/"},"modified":"2024-01-12T21:08:46","modified_gmt":"2024-01-12T19:08:46","slug":"taisnstura-formas-gridas-spogulis-loft-60x160","status":"publish","type":"product","link":"https:\/\/metaltale.com\/lv\/produkts\/taisnstura-formas-gridas-spogulis-loft-60x160\/","title":{"rendered":"Taisnst\u016bra formas gr\u012bdas spogulis LOFT 60&#215;160"},"content":{"rendered":"<div class=\"prod_data\">EITI <strong>modelis<\/strong>. MIR.01-PRGR  <br \/><strong>Materi\u0101ls<\/strong> Met\u0101ls  <br \/><strong>Biezums (cm<\/strong> ) 2,2  <br \/><strong>Platums (cm)<\/strong> 60,80  <br \/><strong>Augstums (cm<\/strong> ) 160,180  <br \/><strong>Formas<\/strong> Taisnst\u016bra <strong>formas<\/strong>  <br \/><strong>Kr\u0101sa<\/strong> Melna  <\/p>\n<p>&#8211; spogulis ar iesp\u0113ju piek\u0101rt vertik\u0101li vai horizont\u0101li.<br \/>&#8211; Munti\u0146a restes, kas izce\u013c b\u0113ni\u0146u raksturu<br \/>&#8211; spogulis meln\u0101 r\u0101m\u012b<\/p>\n<hr>\n<p>Papildus savai galvenajai funkcion\u0101lajai funkcijai spogulis kalpos ar\u012b k\u0101 skaists dekorat\u012bvs interjera akcents. Spogulis izgaismos un optiski papla\u0161in\u0101s jebkuru telpu. Ierosin\u0101tais elements ir ide\u0101li piem\u0113rots b\u0113ni\u0146u un industri\u0101lajam stilam. Muntin stie\u0146i un spogu\u013ca r\u0101mis ir p\u0101rkl\u0101ti ar pulverkr\u0101sas p\u0101rkl\u0101jumu, lai nodro\u0161in\u0101tu dro\u0161\u012bbu pret skr\u0101p\u0113jumiem. Spogulim ir ar\u012b piekari\u0146i vertik\u0101lai un horizont\u0101lai piek\u0101r\u0161anai. Mutu\u013cojo\u0161u stie\u0146u izmanto\u0161ana pie\u0161\u0137ir spogulim p\u0101rsteidzo\u0161u dizainu, kas pie\u0161\u0137irs akcentu jebkurai telpai.<\/p>\n<\/div>\n","protected":false},"excerpt":{"rendered":"<p>EITI modelis. MIR.01-PRGR Materi\u0101ls Met\u0101ls Biezums (cm ) 2,2 Platums (cm) 60,80 Augstums (cm ) 160,180 Formas Taisnst\u016bra formas Kr\u0101sa<\/p>\n","protected":false},"featured_media":105266,"comment_status":"open","ping_status":"closed","template":"","meta":{"_acf_changed":false,"pmpro_default_level":""},"product_brand":[],"product_cat":[24066],"product_tag":[],"class_list":{"0":"post-135050","1":"product","2":"type-product","3":"status-publish","4":"has-post-thumbnail","6":"product_cat-spoguli","7":"pmpro-has-access","9":"first","10":"outofstock","11":"shipping-taxable","12":"purchasable","13":"product-type-simple"},"acf":[],"yoast_head":"<!-- This site is optimized with the Yoast SEO plugin v24.9 - https:\/\/yoast.com\/wordpress\/plugins\/seo\/ -->\n<title>Taisnst\u016bra formas gr\u012bdas spogulis LOFT 60x160 - MetalTale.com<\/title>\n<meta name=\"robots\" content=\"index, follow, max-snippet:-1, max-image-preview:large, max-video-preview:-1\" \/>\n<link rel=\"canonical\" href=\"https:\/\/metaltale.com\/lv\/produkts\/taisnstura-formas-gridas-spogulis-loft-60x160\/\" \/>\n<meta property=\"og:locale\" content=\"lv_LV\" \/>\n<meta property=\"og:type\" content=\"article\" \/>\n<meta property=\"og:title\" content=\"Taisnst\u016bra formas gr\u012bdas spogulis LOFT 60x160 - MetalTale.com\" \/>\n<meta property=\"og:description\" content=\"EITI modelis. MIR.01-PRGR Materi\u0101ls Met\u0101ls Biezums (cm ) 2,2 Platums (cm) 60,80 Augstums (cm ) 160,180 Formas Taisnst\u016bra formas Kr\u0101sa\" \/>\n<meta property=\"og:url\" content=\"https:\/\/metaltale.com\/lv\/produkts\/taisnstura-formas-gridas-spogulis-loft-60x160\/\" \/>\n<meta property=\"og:site_name\" content=\"MetalTale.com\" \/>\n<meta name=\"twitter:card\" content=\"summary_large_image\" \/>\n<meta name=\"twitter:label1\" content=\"Est. reading time\" \/>\n\t<meta name=\"twitter:data1\" content=\"1 minute\" \/>\n<script type=\"application\/ld+json\" class=\"yoast-schema-graph\">{\"@context\":\"https:\/\/schema.org\",\"@graph\":[{\"@type\":\"WebPage\",\"@id\":\"https:\/\/metaltale.com\/lv\/produkts\/taisnstura-formas-gridas-spogulis-loft-60x160\/\",\"url\":\"https:\/\/metaltale.com\/lv\/produkts\/taisnstura-formas-gridas-spogulis-loft-60x160\/\",\"name\":\"Taisnst\u016bra formas gr\u012bdas spogulis LOFT 60x160 - MetalTale.com\",\"isPartOf\":{\"@id\":\"https:\/\/metaltale.com\/lv\/#website\"},\"primaryImageOfPage\":{\"@id\":\"https:\/\/metaltale.com\/lv\/produkts\/taisnstura-formas-gridas-spogulis-loft-60x160\/#primaryimage\"},\"image\":{\"@id\":\"https:\/\/metaltale.com\/lv\/produkts\/taisnstura-formas-gridas-spogulis-loft-60x160\/#primaryimage\"},\"thumbnailUrl\":\"https:\/\/metaltale.com\/wp-content\/uploads\/2023\/11\/ROMANTEKA-stalvirx161is-80x200-x17Ealiava.jpg\",\"datePublished\":\"2024-01-12T19:08:46+00:00\",\"breadcrumb\":{\"@id\":\"https:\/\/metaltale.com\/lv\/produkts\/taisnstura-formas-gridas-spogulis-loft-60x160\/#breadcrumb\"},\"inLanguage\":\"lv-LV\",\"potentialAction\":[{\"@type\":\"ReadAction\",\"target\":[\"https:\/\/metaltale.com\/lv\/produkts\/taisnstura-formas-gridas-spogulis-loft-60x160\/\"]}]},{\"@type\":\"ImageObject\",\"inLanguage\":\"lv-LV\",\"@id\":\"https:\/\/metaltale.com\/lv\/produkts\/taisnstura-formas-gridas-spogulis-loft-60x160\/#primaryimage\",\"url\":\"https:\/\/metaltale.com\/wp-content\/uploads\/2023\/11\/ROMANTEKA-stalvirx161is-80x200-x17Ealiava.jpg\",\"contentUrl\":\"https:\/\/metaltale.com\/wp-content\/uploads\/2023\/11\/ROMANTEKA-stalvirx161is-80x200-x17Ealiava.jpg\",\"width\":800,\"height\":800},{\"@type\":\"BreadcrumbList\",\"@id\":\"https:\/\/metaltale.com\/lv\/produkts\/taisnstura-formas-gridas-spogulis-loft-60x160\/#breadcrumb\",\"itemListElement\":[{\"@type\":\"ListItem\",\"position\":1,\"name\":\"Home\",\"item\":\"https:\/\/metaltale.com\/lv\/majas\/\"},{\"@type\":\"ListItem\",\"position\":2,\"name\":\"Veikals\",\"item\":\"https:\/\/metaltale.com\/lv\/shop\/\"},{\"@type\":\"ListItem\",\"position\":3,\"name\":\"Taisnst\u016bra formas gr\u012bdas spogulis LOFT 60&#215;160\"}]},{\"@type\":\"WebSite\",\"@id\":\"https:\/\/metaltale.com\/lv\/#website\",\"url\":\"https:\/\/metaltale.com\/lv\/\",\"name\":\"Metaltale.com\",\"description\":\"\",\"potentialAction\":[{\"@type\":\"SearchAction\",\"target\":{\"@type\":\"EntryPoint\",\"urlTemplate\":\"https:\/\/metaltale.com\/lv\/?s={search_term_string}\"},\"query-input\":{\"@type\":\"PropertyValueSpecification\",\"valueRequired\":true,\"valueName\":\"search_term_string\"}}],\"inLanguage\":\"lv-LV\"}]}<\/script>\n<!-- \/ Yoast SEO plugin. -->","yoast_head_json":{"title":"Taisnst\u016bra formas gr\u012bdas spogulis LOFT 60x160 - MetalTale.com","robots":{"index":"index","follow":"follow","max-snippet":"max-snippet:-1","max-image-preview":"max-image-preview:large","max-video-preview":"max-video-preview:-1"},"canonical":"https:\/\/metaltale.com\/lv\/produkts\/taisnstura-formas-gridas-spogulis-loft-60x160\/","og_locale":"lv_LV","og_type":"article","og_title":"Taisnst\u016bra formas gr\u012bdas spogulis LOFT 60x160 - MetalTale.com","og_description":"EITI modelis. MIR.01-PRGR Materi\u0101ls Met\u0101ls Biezums (cm ) 2,2 Platums (cm) 60,80 Augstums (cm ) 160,180 Formas Taisnst\u016bra formas Kr\u0101sa","og_url":"https:\/\/metaltale.com\/lv\/produkts\/taisnstura-formas-gridas-spogulis-loft-60x160\/","og_site_name":"MetalTale.com","twitter_card":"summary_large_image","twitter_misc":{"Est. reading time":"1 minute"},"schema":{"@context":"https:\/\/schema.org","@graph":[{"@type":"WebPage","@id":"https:\/\/metaltale.com\/lv\/produkts\/taisnstura-formas-gridas-spogulis-loft-60x160\/","url":"https:\/\/metaltale.com\/lv\/produkts\/taisnstura-formas-gridas-spogulis-loft-60x160\/","name":"Taisnst\u016bra formas gr\u012bdas spogulis LOFT 60x160 - MetalTale.com","isPartOf":{"@id":"https:\/\/metaltale.com\/lv\/#website"},"primaryImageOfPage":{"@id":"https:\/\/metaltale.com\/lv\/produkts\/taisnstura-formas-gridas-spogulis-loft-60x160\/#primaryimage"},"image":{"@id":"https:\/\/metaltale.com\/lv\/produkts\/taisnstura-formas-gridas-spogulis-loft-60x160\/#primaryimage"},"thumbnailUrl":"https:\/\/metaltale.com\/wp-content\/uploads\/2023\/11\/ROMANTEKA-stalvirx161is-80x200-x17Ealiava.jpg","datePublished":"2024-01-12T19:08:46+00:00","breadcrumb":{"@id":"https:\/\/metaltale.com\/lv\/produkts\/taisnstura-formas-gridas-spogulis-loft-60x160\/#breadcrumb"},"inLanguage":"lv-LV","potentialAction":[{"@type":"ReadAction","target":["https:\/\/metaltale.com\/lv\/produkts\/taisnstura-formas-gridas-spogulis-loft-60x160\/"]}]},{"@type":"ImageObject","inLanguage":"lv-LV","@id":"https:\/\/metaltale.com\/lv\/produkts\/taisnstura-formas-gridas-spogulis-loft-60x160\/#primaryimage","url":"https:\/\/metaltale.com\/wp-content\/uploads\/2023\/11\/ROMANTEKA-stalvirx161is-80x200-x17Ealiava.jpg","contentUrl":"https:\/\/metaltale.com\/wp-content\/uploads\/2023\/11\/ROMANTEKA-stalvirx161is-80x200-x17Ealiava.jpg","width":800,"height":800},{"@type":"BreadcrumbList","@id":"https:\/\/metaltale.com\/lv\/produkts\/taisnstura-formas-gridas-spogulis-loft-60x160\/#breadcrumb","itemListElement":[{"@type":"ListItem","position":1,"name":"Home","item":"https:\/\/metaltale.com\/lv\/majas\/"},{"@type":"ListItem","position":2,"name":"Veikals","item":"https:\/\/metaltale.com\/lv\/shop\/"},{"@type":"ListItem","position":3,"name":"Taisnst\u016bra formas gr\u012bdas spogulis LOFT 60&#215;160"}]},{"@type":"WebSite","@id":"https:\/\/metaltale.com\/lv\/#website","url":"https:\/\/metaltale.com\/lv\/","name":"Metaltale.com","description":"","potentialAction":[{"@type":"SearchAction","target":{"@type":"EntryPoint","urlTemplate":"https:\/\/metaltale.com\/lv\/?s={search_term_string}"},"query-input":{"@type":"PropertyValueSpecification","valueRequired":true,"valueName":"search_term_string"}}],"inLanguage":"lv-LV"}]}},"_links":{"self":[{"href":"https:\/\/metaltale.com\/lv\/wp-json\/wp\/v2\/product\/135050","targetHints":{"allow":["GET"]}}],"collection":[{"href":"https:\/\/metaltale.com\/lv\/wp-json\/wp\/v2\/product"}],"about":[{"href":"https:\/\/metaltale.com\/lv\/wp-json\/wp\/v2\/types\/product"}],"replies":[{"embeddable":true,"href":"https:\/\/metaltale.com\/lv\/wp-json\/wp\/v2\/comments?post=135050"}],"version-history":[{"count":0,"href":"https:\/\/metaltale.com\/lv\/wp-json\/wp\/v2\/product\/135050\/revisions"}],"wp:featuredmedia":[{"embeddable":true,"href":"https:\/\/metaltale.com\/lv\/wp-json\/wp\/v2\/media\/105266"}],"wp:attachment":[{"href":"https:\/\/metaltale.com\/lv\/wp-json\/wp\/v2\/media?parent=135050"}],"wp:term":[{"taxonomy":"product_brand","embeddable":true,"href":"https:\/\/metaltale.com\/lv\/wp-json\/wp\/v2\/product_brand?post=135050"},{"taxonomy":"product_cat","embeddable":true,"href":"https:\/\/metaltale.com\/lv\/wp-json\/wp\/v2\/product_cat?post=135050"},{"taxonomy":"product_tag","embeddable":true,"href":"https:\/\/metaltale.com\/lv\/wp-json\/wp\/v2\/product_tag?post=135050"}],"curies":[{"name":"wp","href":"https:\/\/api.w.org\/{rel}","templated":true}]}}