{"id":135047,"date":"2024-02-13T14:19:04","date_gmt":"2024-02-13T12:19:04","guid":{"rendered":"https:\/\/metaltale.com\/produktas\/skruvju-savienotajs-fi5-black-2-gab\/"},"modified":"2024-02-13T14:19:04","modified_gmt":"2024-02-13T12:19:04","slug":"skruvju-savienotajs-fi5-black-2-gab","status":"publish","type":"product","link":"https:\/\/metaltale.com\/lv\/produkts\/skruvju-savienotajs-fi5-black-2-gab\/","title":{"rendered":"Skr\u016bvju savienot\u0101js fi5 BLACK (2 gab.)"},"content":{"rendered":"<div class=\"prod_data\">\n<p>B.SR <strong>modelis<\/strong>. PRZEL-FI5-CZ<br \/>\n<strong>EAN.<\/strong>  5905369912870<br \/>\n<strong>Diametrs<\/strong> 5,0 mm<br \/>\n<strong>Galvi\u0146as diametrs<\/strong> 7,0 mm<br \/>\n<strong>Galvas forma<\/strong> Konusveida l\u0113cveida<br \/>\n<strong>Iek\u013c\u016b\u0161ana uz galvas<\/strong> Plain<br \/>\nKr\u0101sa Melna<br \/>\n<strong>Daudzums komplekt\u0101<\/strong> 2 gab.<\/p>\n<p>Uzskr\u016bv\u0113jiet melno savienot\u0101ju.<\/p>\n<p>Komplekt\u0101 ietilpst savienot\u0101ja sievi\u0161\u0137\u0101 un v\u012bri\u0161\u0137\u0101 da\u013ca<\/p>\n<p>Izstr\u0101d\u0101jums galvenok\u0101rt ir paredz\u0113ts durvju rokturu z\u012bmju savieno\u0161anai.<\/p>\n<\/div>\n","protected":false},"excerpt":{"rendered":"<p>B.SR modelis. PRZEL-FI5-CZ EAN. 5905369912870 Diametrs 5,0 mm Galvi\u0146as diametrs 7,0 mm Galvas forma Konusveida l\u0113cveida Iek\u013c\u016b\u0161ana uz galvas Plain<\/p>\n","protected":false},"featured_media":87427,"comment_status":"open","ping_status":"closed","template":"","meta":{"_acf_changed":false,"pmpro_default_level":""},"product_brand":[],"product_cat":[24083,23837],"product_tag":[],"class_list":{"0":"post-135047","1":"product","2":"type-product","3":"status-publish","4":"has-post-thumbnail","6":"product_cat-skruves-un-uzgriezni","7":"product_cat-mebeles-piederumi","8":"pmpro-has-access","10":"first","11":"instock","12":"shipping-taxable","13":"purchasable","14":"product-type-simple"},"acf":[],"yoast_head":"<!-- This site is optimized with the Yoast SEO plugin v24.9 - https:\/\/yoast.com\/wordpress\/plugins\/seo\/ -->\n<title>Skr\u016bvju savienot\u0101js fi5 BLACK (2 gab.) - MetalTale.com<\/title>\n<meta name=\"robots\" content=\"index, follow, max-snippet:-1, max-image-preview:large, max-video-preview:-1\" \/>\n<link rel=\"canonical\" href=\"https:\/\/metaltale.com\/lv\/produkts\/skruvju-savienotajs-fi5-black-2-gab\/\" \/>\n<meta property=\"og:locale\" content=\"lv_LV\" \/>\n<meta property=\"og:type\" content=\"article\" \/>\n<meta property=\"og:title\" content=\"Skr\u016bvju savienot\u0101js fi5 BLACK (2 gab.) - MetalTale.com\" \/>\n<meta property=\"og:description\" content=\"B.SR modelis. PRZEL-FI5-CZ EAN. 5905369912870 Diametrs 5,0 mm Galvi\u0146as diametrs 7,0 mm Galvas forma Konusveida l\u0113cveida Iek\u013c\u016b\u0161ana uz galvas Plain\" \/>\n<meta property=\"og:url\" content=\"https:\/\/metaltale.com\/lv\/produkts\/skruvju-savienotajs-fi5-black-2-gab\/\" \/>\n<meta property=\"og:site_name\" content=\"MetalTale.com\" \/>\n<meta property=\"og:image\" content=\"https:\/\/metaltale.com\/wp-content\/uploads\/2023\/10\/Sraigtinx117-jungtis-F15-juoda.jpg\" \/>\n\t<meta property=\"og:image:width\" content=\"800\" \/>\n\t<meta property=\"og:image:height\" content=\"800\" \/>\n\t<meta property=\"og:image:type\" content=\"image\/jpeg\" \/>\n<meta name=\"twitter:card\" content=\"summary_large_image\" \/>\n<script type=\"application\/ld+json\" class=\"yoast-schema-graph\">{\"@context\":\"https:\/\/schema.org\",\"@graph\":[{\"@type\":\"WebPage\",\"@id\":\"https:\/\/metaltale.com\/lv\/produkts\/skruvju-savienotajs-fi5-black-2-gab\/\",\"url\":\"https:\/\/metaltale.com\/lv\/produkts\/skruvju-savienotajs-fi5-black-2-gab\/\",\"name\":\"Skr\u016bvju savienot\u0101js fi5 BLACK (2 gab.) - MetalTale.com\",\"isPartOf\":{\"@id\":\"https:\/\/metaltale.com\/lv\/#website\"},\"primaryImageOfPage\":{\"@id\":\"https:\/\/metaltale.com\/lv\/produkts\/skruvju-savienotajs-fi5-black-2-gab\/#primaryimage\"},\"image\":{\"@id\":\"https:\/\/metaltale.com\/lv\/produkts\/skruvju-savienotajs-fi5-black-2-gab\/#primaryimage\"},\"thumbnailUrl\":\"https:\/\/metaltale.com\/wp-content\/uploads\/2023\/10\/Sraigtinx117-jungtis-F15-juoda.jpg\",\"datePublished\":\"2024-02-13T12:19:04+00:00\",\"breadcrumb\":{\"@id\":\"https:\/\/metaltale.com\/lv\/produkts\/skruvju-savienotajs-fi5-black-2-gab\/#breadcrumb\"},\"inLanguage\":\"lv-LV\",\"potentialAction\":[{\"@type\":\"ReadAction\",\"target\":[\"https:\/\/metaltale.com\/lv\/produkts\/skruvju-savienotajs-fi5-black-2-gab\/\"]}]},{\"@type\":\"ImageObject\",\"inLanguage\":\"lv-LV\",\"@id\":\"https:\/\/metaltale.com\/lv\/produkts\/skruvju-savienotajs-fi5-black-2-gab\/#primaryimage\",\"url\":\"https:\/\/metaltale.com\/wp-content\/uploads\/2023\/10\/Sraigtinx117-jungtis-F15-juoda.jpg\",\"contentUrl\":\"https:\/\/metaltale.com\/wp-content\/uploads\/2023\/10\/Sraigtinx117-jungtis-F15-juoda.jpg\",\"width\":800,\"height\":800,\"caption\":\"Skr\u016bvju savienot\u0101js fi5 BLACK (2 gab.)\"},{\"@type\":\"BreadcrumbList\",\"@id\":\"https:\/\/metaltale.com\/lv\/produkts\/skruvju-savienotajs-fi5-black-2-gab\/#breadcrumb\",\"itemListElement\":[{\"@type\":\"ListItem\",\"position\":1,\"name\":\"Home\",\"item\":\"https:\/\/metaltale.com\/lv\/majas\/\"},{\"@type\":\"ListItem\",\"position\":2,\"name\":\"Veikals\",\"item\":\"https:\/\/metaltale.com\/lv\/shop\/\"},{\"@type\":\"ListItem\",\"position\":3,\"name\":\"Skr\u016bvju savienot\u0101js fi5 BLACK (2 gab.)\"}]},{\"@type\":\"WebSite\",\"@id\":\"https:\/\/metaltale.com\/lv\/#website\",\"url\":\"https:\/\/metaltale.com\/lv\/\",\"name\":\"Metaltale.com\",\"description\":\"\",\"potentialAction\":[{\"@type\":\"SearchAction\",\"target\":{\"@type\":\"EntryPoint\",\"urlTemplate\":\"https:\/\/metaltale.com\/lv\/?s={search_term_string}\"},\"query-input\":{\"@type\":\"PropertyValueSpecification\",\"valueRequired\":true,\"valueName\":\"search_term_string\"}}],\"inLanguage\":\"lv-LV\"}]}<\/script>\n<!-- \/ Yoast SEO plugin. -->","yoast_head_json":{"title":"Skr\u016bvju savienot\u0101js fi5 BLACK (2 gab.) - MetalTale.com","robots":{"index":"index","follow":"follow","max-snippet":"max-snippet:-1","max-image-preview":"max-image-preview:large","max-video-preview":"max-video-preview:-1"},"canonical":"https:\/\/metaltale.com\/lv\/produkts\/skruvju-savienotajs-fi5-black-2-gab\/","og_locale":"lv_LV","og_type":"article","og_title":"Skr\u016bvju savienot\u0101js fi5 BLACK (2 gab.) - MetalTale.com","og_description":"B.SR modelis. PRZEL-FI5-CZ EAN. 5905369912870 Diametrs 5,0 mm Galvi\u0146as diametrs 7,0 mm Galvas forma Konusveida l\u0113cveida Iek\u013c\u016b\u0161ana uz galvas Plain","og_url":"https:\/\/metaltale.com\/lv\/produkts\/skruvju-savienotajs-fi5-black-2-gab\/","og_site_name":"MetalTale.com","og_image":[{"width":800,"height":800,"url":"https:\/\/metaltale.com\/wp-content\/uploads\/2023\/10\/Sraigtinx117-jungtis-F15-juoda.jpg","type":"image\/jpeg"}],"twitter_card":"summary_large_image","schema":{"@context":"https:\/\/schema.org","@graph":[{"@type":"WebPage","@id":"https:\/\/metaltale.com\/lv\/produkts\/skruvju-savienotajs-fi5-black-2-gab\/","url":"https:\/\/metaltale.com\/lv\/produkts\/skruvju-savienotajs-fi5-black-2-gab\/","name":"Skr\u016bvju savienot\u0101js fi5 BLACK (2 gab.) - MetalTale.com","isPartOf":{"@id":"https:\/\/metaltale.com\/lv\/#website"},"primaryImageOfPage":{"@id":"https:\/\/metaltale.com\/lv\/produkts\/skruvju-savienotajs-fi5-black-2-gab\/#primaryimage"},"image":{"@id":"https:\/\/metaltale.com\/lv\/produkts\/skruvju-savienotajs-fi5-black-2-gab\/#primaryimage"},"thumbnailUrl":"https:\/\/metaltale.com\/wp-content\/uploads\/2023\/10\/Sraigtinx117-jungtis-F15-juoda.jpg","datePublished":"2024-02-13T12:19:04+00:00","breadcrumb":{"@id":"https:\/\/metaltale.com\/lv\/produkts\/skruvju-savienotajs-fi5-black-2-gab\/#breadcrumb"},"inLanguage":"lv-LV","potentialAction":[{"@type":"ReadAction","target":["https:\/\/metaltale.com\/lv\/produkts\/skruvju-savienotajs-fi5-black-2-gab\/"]}]},{"@type":"ImageObject","inLanguage":"lv-LV","@id":"https:\/\/metaltale.com\/lv\/produkts\/skruvju-savienotajs-fi5-black-2-gab\/#primaryimage","url":"https:\/\/metaltale.com\/wp-content\/uploads\/2023\/10\/Sraigtinx117-jungtis-F15-juoda.jpg","contentUrl":"https:\/\/metaltale.com\/wp-content\/uploads\/2023\/10\/Sraigtinx117-jungtis-F15-juoda.jpg","width":800,"height":800,"caption":"Skr\u016bvju savienot\u0101js fi5 BLACK (2 gab.)"},{"@type":"BreadcrumbList","@id":"https:\/\/metaltale.com\/lv\/produkts\/skruvju-savienotajs-fi5-black-2-gab\/#breadcrumb","itemListElement":[{"@type":"ListItem","position":1,"name":"Home","item":"https:\/\/metaltale.com\/lv\/majas\/"},{"@type":"ListItem","position":2,"name":"Veikals","item":"https:\/\/metaltale.com\/lv\/shop\/"},{"@type":"ListItem","position":3,"name":"Skr\u016bvju savienot\u0101js fi5 BLACK (2 gab.)"}]},{"@type":"WebSite","@id":"https:\/\/metaltale.com\/lv\/#website","url":"https:\/\/metaltale.com\/lv\/","name":"Metaltale.com","description":"","potentialAction":[{"@type":"SearchAction","target":{"@type":"EntryPoint","urlTemplate":"https:\/\/metaltale.com\/lv\/?s={search_term_string}"},"query-input":{"@type":"PropertyValueSpecification","valueRequired":true,"valueName":"search_term_string"}}],"inLanguage":"lv-LV"}]}},"_links":{"self":[{"href":"https:\/\/metaltale.com\/lv\/wp-json\/wp\/v2\/product\/135047","targetHints":{"allow":["GET"]}}],"collection":[{"href":"https:\/\/metaltale.com\/lv\/wp-json\/wp\/v2\/product"}],"about":[{"href":"https:\/\/metaltale.com\/lv\/wp-json\/wp\/v2\/types\/product"}],"replies":[{"embeddable":true,"href":"https:\/\/metaltale.com\/lv\/wp-json\/wp\/v2\/comments?post=135047"}],"version-history":[{"count":0,"href":"https:\/\/metaltale.com\/lv\/wp-json\/wp\/v2\/product\/135047\/revisions"}],"wp:featuredmedia":[{"embeddable":true,"href":"https:\/\/metaltale.com\/lv\/wp-json\/wp\/v2\/media\/87427"}],"wp:attachment":[{"href":"https:\/\/metaltale.com\/lv\/wp-json\/wp\/v2\/media?parent=135047"}],"wp:term":[{"taxonomy":"product_brand","embeddable":true,"href":"https:\/\/metaltale.com\/lv\/wp-json\/wp\/v2\/product_brand?post=135047"},{"taxonomy":"product_cat","embeddable":true,"href":"https:\/\/metaltale.com\/lv\/wp-json\/wp\/v2\/product_cat?post=135047"},{"taxonomy":"product_tag","embeddable":true,"href":"https:\/\/metaltale.com\/lv\/wp-json\/wp\/v2\/product_tag?post=135047"}],"curies":[{"name":"wp","href":"https:\/\/api.w.org\/{rel}","templated":true}]}}