{"id":135041,"date":"2024-02-13T14:19:04","date_gmt":"2024-02-13T12:19:04","guid":{"rendered":"https:\/\/metaltale.com\/produktas\/skruves-ar-iegremdetu-galvu-35x20-mold-10-gab\/"},"modified":"2024-02-13T14:19:04","modified_gmt":"2024-02-13T12:19:04","slug":"skruves-ar-iegremdetu-galvu-35x20-mold-10-gab","status":"publish","type":"product","link":"https:\/\/metaltale.com\/lv\/produkts\/skruves-ar-iegremdetu-galvu-35x20-mold-10-gab\/","title":{"rendered":"Skr\u016bves ar iegremd\u0113tu galvu 3,5&#215;20 MOLD (10 gab.)"},"content":{"rendered":"<div class=\"prod_data\">\n<p><strong>Modelis<\/strong> 70.555P. AI.35.20F<br \/>\n<strong>EAN.<\/strong>  5905369921629<br \/>\n<strong>Diametrs<\/strong> 3,5 mm<br \/>\n<strong>Garums<\/strong> 20 mm<br \/>\n<strong>Galvi\u0146as diametrs<\/strong> 7,0 mm<br \/>\n<strong>Iek\u013cau\u0161ana uz galvas<\/strong> Krusts<br \/>\n<strong>Materi\u0101ls<\/strong> T\u0113rauds<br \/>\nT\u0113rauda <strong>kr\u0101sa<\/strong><br \/>\n<strong>Daudzums komplekt\u0101<\/strong> 10 gab.<\/p>\n<p>Dzi\u013cskr\u016bves ar iegriezt\u0101m riev\u0101m 3,5&#215;20 T\u0112RAUDS<\/p>\n<\/div>\n","protected":false},"excerpt":{"rendered":"<p>Modelis 70.555P. AI.35.20F EAN. 5905369921629 Diametrs 3,5 mm Garums 20 mm Galvi\u0146as diametrs 7,0 mm Iek\u013cau\u0161ana uz galvas Krusts Materi\u0101ls<\/p>\n","protected":false},"featured_media":87371,"comment_status":"open","ping_status":"closed","template":"","meta":{"_acf_changed":false,"pmpro_default_level":""},"product_brand":[],"product_cat":[24083,23837],"product_tag":[],"class_list":{"0":"post-135041","1":"product","2":"type-product","3":"status-publish","4":"has-post-thumbnail","6":"product_cat-skruves-un-uzgriezni","7":"product_cat-mebeles-piederumi","8":"pmpro-has-access","10":"first","11":"instock","12":"shipping-taxable","13":"purchasable","14":"product-type-simple"},"acf":[],"yoast_head":"<!-- This site is optimized with the Yoast SEO plugin v24.9 - https:\/\/yoast.com\/wordpress\/plugins\/seo\/ -->\n<title>Skr\u016bves ar iegremd\u0113tu galvu 3,5x20 MOLD (10 gab.) - MetalTale.com<\/title>\n<meta name=\"robots\" content=\"index, follow, max-snippet:-1, max-image-preview:large, max-video-preview:-1\" \/>\n<link rel=\"canonical\" href=\"https:\/\/metaltale.com\/lv\/produkts\/skruves-ar-iegremdetu-galvu-35x20-mold-10-gab\/\" \/>\n<meta property=\"og:locale\" content=\"lv_LV\" \/>\n<meta property=\"og:type\" content=\"article\" \/>\n<meta property=\"og:title\" content=\"Skr\u016bves ar iegremd\u0113tu galvu 3,5x20 MOLD (10 gab.) - MetalTale.com\" \/>\n<meta property=\"og:description\" content=\"Modelis 70.555P. AI.35.20F EAN. 5905369921629 Diametrs 3,5 mm Garums 20 mm Galvi\u0146as diametrs 7,0 mm Iek\u013cau\u0161ana uz galvas Krusts Materi\u0101ls\" \/>\n<meta property=\"og:url\" content=\"https:\/\/metaltale.com\/lv\/produkts\/skruves-ar-iegremdetu-galvu-35x20-mold-10-gab\/\" \/>\n<meta property=\"og:site_name\" content=\"MetalTale.com\" \/>\n<meta property=\"og:image\" content=\"https:\/\/metaltale.com\/wp-content\/uploads\/2023\/10\/Plokx161x10Dias-kx16Bginis-varx17Etas-KRZYx17BAK-3-5x20-plienas.jpg\" \/>\n\t<meta property=\"og:image:width\" content=\"800\" \/>\n\t<meta property=\"og:image:height\" content=\"800\" \/>\n\t<meta property=\"og:image:type\" content=\"image\/jpeg\" \/>\n<meta name=\"twitter:card\" content=\"summary_large_image\" \/>\n<script type=\"application\/ld+json\" class=\"yoast-schema-graph\">{\"@context\":\"https:\/\/schema.org\",\"@graph\":[{\"@type\":\"WebPage\",\"@id\":\"https:\/\/metaltale.com\/lv\/produkts\/skruves-ar-iegremdetu-galvu-35x20-mold-10-gab\/\",\"url\":\"https:\/\/metaltale.com\/lv\/produkts\/skruves-ar-iegremdetu-galvu-35x20-mold-10-gab\/\",\"name\":\"Skr\u016bves ar iegremd\u0113tu galvu 3,5x20 MOLD (10 gab.) - MetalTale.com\",\"isPartOf\":{\"@id\":\"https:\/\/metaltale.com\/lv\/#website\"},\"primaryImageOfPage\":{\"@id\":\"https:\/\/metaltale.com\/lv\/produkts\/skruves-ar-iegremdetu-galvu-35x20-mold-10-gab\/#primaryimage\"},\"image\":{\"@id\":\"https:\/\/metaltale.com\/lv\/produkts\/skruves-ar-iegremdetu-galvu-35x20-mold-10-gab\/#primaryimage\"},\"thumbnailUrl\":\"https:\/\/metaltale.com\/wp-content\/uploads\/2023\/10\/Plokx161x10Dias-kx16Bginis-varx17Etas-KRZYx17BAK-3-5x20-plienas.jpg\",\"datePublished\":\"2024-02-13T12:19:04+00:00\",\"breadcrumb\":{\"@id\":\"https:\/\/metaltale.com\/lv\/produkts\/skruves-ar-iegremdetu-galvu-35x20-mold-10-gab\/#breadcrumb\"},\"inLanguage\":\"lv-LV\",\"potentialAction\":[{\"@type\":\"ReadAction\",\"target\":[\"https:\/\/metaltale.com\/lv\/produkts\/skruves-ar-iegremdetu-galvu-35x20-mold-10-gab\/\"]}]},{\"@type\":\"ImageObject\",\"inLanguage\":\"lv-LV\",\"@id\":\"https:\/\/metaltale.com\/lv\/produkts\/skruves-ar-iegremdetu-galvu-35x20-mold-10-gab\/#primaryimage\",\"url\":\"https:\/\/metaltale.com\/wp-content\/uploads\/2023\/10\/Plokx161x10Dias-kx16Bginis-varx17Etas-KRZYx17BAK-3-5x20-plienas.jpg\",\"contentUrl\":\"https:\/\/metaltale.com\/wp-content\/uploads\/2023\/10\/Plokx161x10Dias-kx16Bginis-varx17Etas-KRZYx17BAK-3-5x20-plienas.jpg\",\"width\":800,\"height\":800},{\"@type\":\"BreadcrumbList\",\"@id\":\"https:\/\/metaltale.com\/lv\/produkts\/skruves-ar-iegremdetu-galvu-35x20-mold-10-gab\/#breadcrumb\",\"itemListElement\":[{\"@type\":\"ListItem\",\"position\":1,\"name\":\"Home\",\"item\":\"https:\/\/metaltale.com\/lv\/majas\/\"},{\"@type\":\"ListItem\",\"position\":2,\"name\":\"Veikals\",\"item\":\"https:\/\/metaltale.com\/lv\/shop\/\"},{\"@type\":\"ListItem\",\"position\":3,\"name\":\"Skr\u016bves ar iegremd\u0113tu galvu 3,5&#215;20 MOLD (10 gab.)\"}]},{\"@type\":\"WebSite\",\"@id\":\"https:\/\/metaltale.com\/lv\/#website\",\"url\":\"https:\/\/metaltale.com\/lv\/\",\"name\":\"Metaltale.com\",\"description\":\"\",\"potentialAction\":[{\"@type\":\"SearchAction\",\"target\":{\"@type\":\"EntryPoint\",\"urlTemplate\":\"https:\/\/metaltale.com\/lv\/?s={search_term_string}\"},\"query-input\":{\"@type\":\"PropertyValueSpecification\",\"valueRequired\":true,\"valueName\":\"search_term_string\"}}],\"inLanguage\":\"lv-LV\"}]}<\/script>\n<!-- \/ Yoast SEO plugin. -->","yoast_head_json":{"title":"Skr\u016bves ar iegremd\u0113tu galvu 3,5x20 MOLD (10 gab.) - MetalTale.com","robots":{"index":"index","follow":"follow","max-snippet":"max-snippet:-1","max-image-preview":"max-image-preview:large","max-video-preview":"max-video-preview:-1"},"canonical":"https:\/\/metaltale.com\/lv\/produkts\/skruves-ar-iegremdetu-galvu-35x20-mold-10-gab\/","og_locale":"lv_LV","og_type":"article","og_title":"Skr\u016bves ar iegremd\u0113tu galvu 3,5x20 MOLD (10 gab.) - MetalTale.com","og_description":"Modelis 70.555P. AI.35.20F EAN. 5905369921629 Diametrs 3,5 mm Garums 20 mm Galvi\u0146as diametrs 7,0 mm Iek\u013cau\u0161ana uz galvas Krusts Materi\u0101ls","og_url":"https:\/\/metaltale.com\/lv\/produkts\/skruves-ar-iegremdetu-galvu-35x20-mold-10-gab\/","og_site_name":"MetalTale.com","og_image":[{"width":800,"height":800,"url":"https:\/\/metaltale.com\/wp-content\/uploads\/2023\/10\/Plokx161x10Dias-kx16Bginis-varx17Etas-KRZYx17BAK-3-5x20-plienas.jpg","type":"image\/jpeg"}],"twitter_card":"summary_large_image","schema":{"@context":"https:\/\/schema.org","@graph":[{"@type":"WebPage","@id":"https:\/\/metaltale.com\/lv\/produkts\/skruves-ar-iegremdetu-galvu-35x20-mold-10-gab\/","url":"https:\/\/metaltale.com\/lv\/produkts\/skruves-ar-iegremdetu-galvu-35x20-mold-10-gab\/","name":"Skr\u016bves ar iegremd\u0113tu galvu 3,5x20 MOLD (10 gab.) - MetalTale.com","isPartOf":{"@id":"https:\/\/metaltale.com\/lv\/#website"},"primaryImageOfPage":{"@id":"https:\/\/metaltale.com\/lv\/produkts\/skruves-ar-iegremdetu-galvu-35x20-mold-10-gab\/#primaryimage"},"image":{"@id":"https:\/\/metaltale.com\/lv\/produkts\/skruves-ar-iegremdetu-galvu-35x20-mold-10-gab\/#primaryimage"},"thumbnailUrl":"https:\/\/metaltale.com\/wp-content\/uploads\/2023\/10\/Plokx161x10Dias-kx16Bginis-varx17Etas-KRZYx17BAK-3-5x20-plienas.jpg","datePublished":"2024-02-13T12:19:04+00:00","breadcrumb":{"@id":"https:\/\/metaltale.com\/lv\/produkts\/skruves-ar-iegremdetu-galvu-35x20-mold-10-gab\/#breadcrumb"},"inLanguage":"lv-LV","potentialAction":[{"@type":"ReadAction","target":["https:\/\/metaltale.com\/lv\/produkts\/skruves-ar-iegremdetu-galvu-35x20-mold-10-gab\/"]}]},{"@type":"ImageObject","inLanguage":"lv-LV","@id":"https:\/\/metaltale.com\/lv\/produkts\/skruves-ar-iegremdetu-galvu-35x20-mold-10-gab\/#primaryimage","url":"https:\/\/metaltale.com\/wp-content\/uploads\/2023\/10\/Plokx161x10Dias-kx16Bginis-varx17Etas-KRZYx17BAK-3-5x20-plienas.jpg","contentUrl":"https:\/\/metaltale.com\/wp-content\/uploads\/2023\/10\/Plokx161x10Dias-kx16Bginis-varx17Etas-KRZYx17BAK-3-5x20-plienas.jpg","width":800,"height":800},{"@type":"BreadcrumbList","@id":"https:\/\/metaltale.com\/lv\/produkts\/skruves-ar-iegremdetu-galvu-35x20-mold-10-gab\/#breadcrumb","itemListElement":[{"@type":"ListItem","position":1,"name":"Home","item":"https:\/\/metaltale.com\/lv\/majas\/"},{"@type":"ListItem","position":2,"name":"Veikals","item":"https:\/\/metaltale.com\/lv\/shop\/"},{"@type":"ListItem","position":3,"name":"Skr\u016bves ar iegremd\u0113tu galvu 3,5&#215;20 MOLD (10 gab.)"}]},{"@type":"WebSite","@id":"https:\/\/metaltale.com\/lv\/#website","url":"https:\/\/metaltale.com\/lv\/","name":"Metaltale.com","description":"","potentialAction":[{"@type":"SearchAction","target":{"@type":"EntryPoint","urlTemplate":"https:\/\/metaltale.com\/lv\/?s={search_term_string}"},"query-input":{"@type":"PropertyValueSpecification","valueRequired":true,"valueName":"search_term_string"}}],"inLanguage":"lv-LV"}]}},"_links":{"self":[{"href":"https:\/\/metaltale.com\/lv\/wp-json\/wp\/v2\/product\/135041","targetHints":{"allow":["GET"]}}],"collection":[{"href":"https:\/\/metaltale.com\/lv\/wp-json\/wp\/v2\/product"}],"about":[{"href":"https:\/\/metaltale.com\/lv\/wp-json\/wp\/v2\/types\/product"}],"replies":[{"embeddable":true,"href":"https:\/\/metaltale.com\/lv\/wp-json\/wp\/v2\/comments?post=135041"}],"version-history":[{"count":0,"href":"https:\/\/metaltale.com\/lv\/wp-json\/wp\/v2\/product\/135041\/revisions"}],"wp:featuredmedia":[{"embeddable":true,"href":"https:\/\/metaltale.com\/lv\/wp-json\/wp\/v2\/media\/87371"}],"wp:attachment":[{"href":"https:\/\/metaltale.com\/lv\/wp-json\/wp\/v2\/media?parent=135041"}],"wp:term":[{"taxonomy":"product_brand","embeddable":true,"href":"https:\/\/metaltale.com\/lv\/wp-json\/wp\/v2\/product_brand?post=135041"},{"taxonomy":"product_cat","embeddable":true,"href":"https:\/\/metaltale.com\/lv\/wp-json\/wp\/v2\/product_cat?post=135041"},{"taxonomy":"product_tag","embeddable":true,"href":"https:\/\/metaltale.com\/lv\/wp-json\/wp\/v2\/product_tag?post=135041"}],"curies":[{"name":"wp","href":"https:\/\/api.w.org\/{rel}","templated":true}]}}