{"id":135024,"date":"2024-02-13T13:17:48","date_gmt":"2024-02-13T11:17:48","guid":{"rendered":"https:\/\/metaltale.com\/produktas\/vaigi-3d-scenario-love\/"},"modified":"2024-02-13T13:17:48","modified_gmt":"2024-02-13T11:17:48","slug":"vaigi-3d-scenario-love","status":"publish","type":"product","link":"https:\/\/metaltale.com\/lv\/produkts\/vaigi-3d-scenario-love\/","title":{"rendered":"Vaigi 3D SCENARIO LOVE"},"content":{"rendered":"<div class=\"prod_data\">\n<p><strong>Modelis<\/strong> PT. T120714<br \/>\n<strong>EAN.<\/strong>  5907772071960<br \/>\nOrient\u0113\u0161an\u0101s Univers\u0101l\u0101<br \/>\nCiti mot\u012bvi<br \/>\n<strong>Materi\u0101ls<\/strong> T\u0113rauds<br \/>\n<strong>Platums (cm)<\/strong> 100<br \/>\n<strong>Augstums (cm<\/strong> ) 100<br \/>\nDzi\u013cums (cm ) 5<\/p>\n<p>&#8211; neparasts tr\u012bsdimensiju att\u0113ls no p\u0101rstr\u0101d\u0101ta t\u0113rauda.<br \/>\n&#8211; izstr\u0101d\u0101jumam ir re\u0101las tr\u012bsdimensiju p\u0101rkares.<br \/>\n&#8211; gleznotajam att\u0113lam ir ar\u012b dabiska kr\u0101sas mai\u0146a un met\u0101la r\u016bs\u0113\u0161ana.<br \/>\n&#8211; impregn\u0113\u0161ana ar caursp\u012bd\u012bgu laku garant\u0113 virs vid\u0113j\u0101 l\u012bme\u0146a kr\u0101sas notur\u012bbu.<\/p>\n<hr>\n<p>Met\u0101la, 3D b\u0113ni\u0146u gleznas ir \u012bsti m\u0101kslas darbi, unik\u0101li un unik\u0101la dizaina. Gaum\u012bgi apvienoti p\u0101rstr\u0101d\u0101ta t\u0113rauda elementi rada pla\u0161uma efektu. Papildus uzkl\u0101taj\u0101m kr\u0101s\u0101m att\u0113liem ir pla\u0161a kr\u0101su gamma, ko rada dabiski procesi (nodilums, r\u016bs\u0113\u0161ana u. c.). Ar rok\u0101m darin\u0101t\u0101 apdare padara katru izstr\u0101d\u0101jumu unik\u0101lu un neatk\u0101rtojamu. 3D met\u0101la gleznojumi ir interjera rot\u0101jumi, kas lau\u017e veidolu. To ori\u0123inalit\u0101te padara tos par lielisku pied\u0101v\u0101jumu neaizmirstamai d\u0101vanai.<\/p>\n<\/div>\n","protected":false},"excerpt":{"rendered":"<p>Modelis PT. T120714 EAN. 5907772071960 Orient\u0113\u0161an\u0101s Univers\u0101l\u0101 Citi mot\u012bvi Materi\u0101ls T\u0113rauds Platums (cm) 100 Augstums (cm ) 100 Dzi\u013cums (cm<\/p>\n","protected":false},"featured_media":65251,"comment_status":"open","ping_status":"closed","template":"","meta":{"_acf_changed":false,"pmpro_default_level":""},"product_brand":[],"product_cat":[24055,23908],"product_tag":[],"class_list":{"0":"post-135024","1":"product","2":"type-product","3":"status-publish","4":"has-post-thumbnail","6":"product_cat-rotajumi","7":"product_cat-3d-paveikslai-lv","8":"pmpro-has-access","10":"first","11":"instock","12":"shipping-taxable","13":"purchasable","14":"product-type-simple"},"acf":[],"yoast_head":"<!-- This site is optimized with the Yoast SEO plugin v24.9 - https:\/\/yoast.com\/wordpress\/plugins\/seo\/ -->\n<title>Vaigi 3D SCENARIO LOVE - MetalTale.com<\/title>\n<meta name=\"robots\" content=\"index, follow, max-snippet:-1, max-image-preview:large, max-video-preview:-1\" \/>\n<link rel=\"canonical\" href=\"https:\/\/metaltale.com\/lv\/produkts\/vaigi-3d-scenario-love\/\" \/>\n<meta property=\"og:locale\" content=\"lv_LV\" \/>\n<meta property=\"og:type\" content=\"article\" \/>\n<meta property=\"og:title\" content=\"Vaigi 3D SCENARIO LOVE - MetalTale.com\" \/>\n<meta property=\"og:description\" content=\"Modelis PT. T120714 EAN. 5907772071960 Orient\u0113\u0161an\u0101s Univers\u0101l\u0101 Citi mot\u012bvi Materi\u0101ls T\u0113rauds Platums (cm) 100 Augstums (cm ) 100 Dzi\u013cums (cm\" \/>\n<meta property=\"og:url\" content=\"https:\/\/metaltale.com\/lv\/produkts\/vaigi-3d-scenario-love\/\" \/>\n<meta property=\"og:site_name\" content=\"MetalTale.com\" \/>\n<meta property=\"og:image\" content=\"http:\/\/metaltale.com\/wp-content\/uploads\/2023\/09\/Skruostx173-3D-SCENARIJAUS-MEILx116.jpg\" \/>\n\t<meta property=\"og:image:width\" content=\"800\" \/>\n\t<meta property=\"og:image:height\" content=\"800\" \/>\n\t<meta property=\"og:image:type\" content=\"image\/jpeg\" \/>\n<meta name=\"twitter:card\" content=\"summary_large_image\" \/>\n<meta name=\"twitter:label1\" content=\"Est. reading time\" \/>\n\t<meta name=\"twitter:data1\" content=\"1 minute\" \/>\n<script type=\"application\/ld+json\" class=\"yoast-schema-graph\">{\"@context\":\"https:\/\/schema.org\",\"@graph\":[{\"@type\":\"WebPage\",\"@id\":\"https:\/\/metaltale.com\/lv\/produkts\/vaigi-3d-scenario-love\/\",\"url\":\"https:\/\/metaltale.com\/lv\/produkts\/vaigi-3d-scenario-love\/\",\"name\":\"Vaigi 3D SCENARIO LOVE - MetalTale.com\",\"isPartOf\":{\"@id\":\"https:\/\/metaltale.com\/lv\/#website\"},\"primaryImageOfPage\":{\"@id\":\"https:\/\/metaltale.com\/lv\/produkts\/vaigi-3d-scenario-love\/#primaryimage\"},\"image\":{\"@id\":\"https:\/\/metaltale.com\/lv\/produkts\/vaigi-3d-scenario-love\/#primaryimage\"},\"thumbnailUrl\":\"https:\/\/metaltale.com\/wp-content\/uploads\/2023\/09\/Skruostx173-3D-SCENARIJAUS-MEILx116.jpg\",\"datePublished\":\"2024-02-13T11:17:48+00:00\",\"breadcrumb\":{\"@id\":\"https:\/\/metaltale.com\/lv\/produkts\/vaigi-3d-scenario-love\/#breadcrumb\"},\"inLanguage\":\"lv-LV\",\"potentialAction\":[{\"@type\":\"ReadAction\",\"target\":[\"https:\/\/metaltale.com\/lv\/produkts\/vaigi-3d-scenario-love\/\"]}]},{\"@type\":\"ImageObject\",\"inLanguage\":\"lv-LV\",\"@id\":\"https:\/\/metaltale.com\/lv\/produkts\/vaigi-3d-scenario-love\/#primaryimage\",\"url\":\"https:\/\/metaltale.com\/wp-content\/uploads\/2023\/09\/Skruostx173-3D-SCENARIJAUS-MEILx116.jpg\",\"contentUrl\":\"https:\/\/metaltale.com\/wp-content\/uploads\/2023\/09\/Skruostx173-3D-SCENARIJAUS-MEILx116.jpg\",\"width\":800,\"height\":800},{\"@type\":\"BreadcrumbList\",\"@id\":\"https:\/\/metaltale.com\/lv\/produkts\/vaigi-3d-scenario-love\/#breadcrumb\",\"itemListElement\":[{\"@type\":\"ListItem\",\"position\":1,\"name\":\"Home\",\"item\":\"https:\/\/metaltale.com\/lv\/majas\/\"},{\"@type\":\"ListItem\",\"position\":2,\"name\":\"Veikals\",\"item\":\"https:\/\/metaltale.com\/lv\/shop\/\"},{\"@type\":\"ListItem\",\"position\":3,\"name\":\"Vaigi 3D SCENARIO LOVE\"}]},{\"@type\":\"WebSite\",\"@id\":\"https:\/\/metaltale.com\/lv\/#website\",\"url\":\"https:\/\/metaltale.com\/lv\/\",\"name\":\"Metaltale.com\",\"description\":\"\",\"potentialAction\":[{\"@type\":\"SearchAction\",\"target\":{\"@type\":\"EntryPoint\",\"urlTemplate\":\"https:\/\/metaltale.com\/lv\/?s={search_term_string}\"},\"query-input\":{\"@type\":\"PropertyValueSpecification\",\"valueRequired\":true,\"valueName\":\"search_term_string\"}}],\"inLanguage\":\"lv-LV\"}]}<\/script>\n<!-- \/ Yoast SEO plugin. -->","yoast_head_json":{"title":"Vaigi 3D SCENARIO LOVE - MetalTale.com","robots":{"index":"index","follow":"follow","max-snippet":"max-snippet:-1","max-image-preview":"max-image-preview:large","max-video-preview":"max-video-preview:-1"},"canonical":"https:\/\/metaltale.com\/lv\/produkts\/vaigi-3d-scenario-love\/","og_locale":"lv_LV","og_type":"article","og_title":"Vaigi 3D SCENARIO LOVE - MetalTale.com","og_description":"Modelis PT. T120714 EAN. 5907772071960 Orient\u0113\u0161an\u0101s Univers\u0101l\u0101 Citi mot\u012bvi Materi\u0101ls T\u0113rauds Platums (cm) 100 Augstums (cm ) 100 Dzi\u013cums (cm","og_url":"https:\/\/metaltale.com\/lv\/produkts\/vaigi-3d-scenario-love\/","og_site_name":"MetalTale.com","og_image":[{"width":800,"height":800,"url":"http:\/\/metaltale.com\/wp-content\/uploads\/2023\/09\/Skruostx173-3D-SCENARIJAUS-MEILx116.jpg","type":"image\/jpeg"}],"twitter_card":"summary_large_image","twitter_misc":{"Est. reading time":"1 minute"},"schema":{"@context":"https:\/\/schema.org","@graph":[{"@type":"WebPage","@id":"https:\/\/metaltale.com\/lv\/produkts\/vaigi-3d-scenario-love\/","url":"https:\/\/metaltale.com\/lv\/produkts\/vaigi-3d-scenario-love\/","name":"Vaigi 3D SCENARIO LOVE - MetalTale.com","isPartOf":{"@id":"https:\/\/metaltale.com\/lv\/#website"},"primaryImageOfPage":{"@id":"https:\/\/metaltale.com\/lv\/produkts\/vaigi-3d-scenario-love\/#primaryimage"},"image":{"@id":"https:\/\/metaltale.com\/lv\/produkts\/vaigi-3d-scenario-love\/#primaryimage"},"thumbnailUrl":"https:\/\/metaltale.com\/wp-content\/uploads\/2023\/09\/Skruostx173-3D-SCENARIJAUS-MEILx116.jpg","datePublished":"2024-02-13T11:17:48+00:00","breadcrumb":{"@id":"https:\/\/metaltale.com\/lv\/produkts\/vaigi-3d-scenario-love\/#breadcrumb"},"inLanguage":"lv-LV","potentialAction":[{"@type":"ReadAction","target":["https:\/\/metaltale.com\/lv\/produkts\/vaigi-3d-scenario-love\/"]}]},{"@type":"ImageObject","inLanguage":"lv-LV","@id":"https:\/\/metaltale.com\/lv\/produkts\/vaigi-3d-scenario-love\/#primaryimage","url":"https:\/\/metaltale.com\/wp-content\/uploads\/2023\/09\/Skruostx173-3D-SCENARIJAUS-MEILx116.jpg","contentUrl":"https:\/\/metaltale.com\/wp-content\/uploads\/2023\/09\/Skruostx173-3D-SCENARIJAUS-MEILx116.jpg","width":800,"height":800},{"@type":"BreadcrumbList","@id":"https:\/\/metaltale.com\/lv\/produkts\/vaigi-3d-scenario-love\/#breadcrumb","itemListElement":[{"@type":"ListItem","position":1,"name":"Home","item":"https:\/\/metaltale.com\/lv\/majas\/"},{"@type":"ListItem","position":2,"name":"Veikals","item":"https:\/\/metaltale.com\/lv\/shop\/"},{"@type":"ListItem","position":3,"name":"Vaigi 3D SCENARIO LOVE"}]},{"@type":"WebSite","@id":"https:\/\/metaltale.com\/lv\/#website","url":"https:\/\/metaltale.com\/lv\/","name":"Metaltale.com","description":"","potentialAction":[{"@type":"SearchAction","target":{"@type":"EntryPoint","urlTemplate":"https:\/\/metaltale.com\/lv\/?s={search_term_string}"},"query-input":{"@type":"PropertyValueSpecification","valueRequired":true,"valueName":"search_term_string"}}],"inLanguage":"lv-LV"}]}},"_links":{"self":[{"href":"https:\/\/metaltale.com\/lv\/wp-json\/wp\/v2\/product\/135024","targetHints":{"allow":["GET"]}}],"collection":[{"href":"https:\/\/metaltale.com\/lv\/wp-json\/wp\/v2\/product"}],"about":[{"href":"https:\/\/metaltale.com\/lv\/wp-json\/wp\/v2\/types\/product"}],"replies":[{"embeddable":true,"href":"https:\/\/metaltale.com\/lv\/wp-json\/wp\/v2\/comments?post=135024"}],"version-history":[{"count":0,"href":"https:\/\/metaltale.com\/lv\/wp-json\/wp\/v2\/product\/135024\/revisions"}],"wp:featuredmedia":[{"embeddable":true,"href":"https:\/\/metaltale.com\/lv\/wp-json\/wp\/v2\/media\/65251"}],"wp:attachment":[{"href":"https:\/\/metaltale.com\/lv\/wp-json\/wp\/v2\/media?parent=135024"}],"wp:term":[{"taxonomy":"product_brand","embeddable":true,"href":"https:\/\/metaltale.com\/lv\/wp-json\/wp\/v2\/product_brand?post=135024"},{"taxonomy":"product_cat","embeddable":true,"href":"https:\/\/metaltale.com\/lv\/wp-json\/wp\/v2\/product_cat?post=135024"},{"taxonomy":"product_tag","embeddable":true,"href":"https:\/\/metaltale.com\/lv\/wp-json\/wp\/v2\/product_tag?post=135024"}],"curies":[{"name":"wp","href":"https:\/\/api.w.org\/{rel}","templated":true}]}}