{"id":135016,"date":"2024-02-13T14:43:05","date_gmt":"2024-02-13T12:43:05","guid":{"rendered":"https:\/\/metaltale.com\/produktas\/sifona-izlietne-roza-zelts-varis\/"},"modified":"2024-02-13T14:43:05","modified_gmt":"2024-02-13T12:43:05","slug":"sifona-izlietne-roza-zelts-varis","status":"publish","type":"product","link":"https:\/\/metaltale.com\/lv\/produkts\/sifona-izlietne-roza-zelts-varis\/","title":{"rendered":"Sifona izlietne roz\u0101 zelts VARIS"},"content":{"rendered":"<div class=\"prod_data\">WX <strong>modelis<\/strong>. WD. OZ. RZL  <br \/>Vara kolekcija <br \/><strong>EAN.<\/strong>  5905369906602  <br \/>Materi\u0101ls Misi\u0146\u0161 <br \/><strong> [cm]Kop\u0113jais garums<\/strong> 36 <strong> <\/strong> <br \/>Kop\u0113jais augstums (cm ) 12 <br \/>Kr\u0101sa Roz\u0101 zelts <br \/>Apdares sp\u012bdums <\/p>\n<p>&#8211; Misi\u0146a izlietnes sifons<br \/>&#8211; neaizst\u0101jams stiprin\u0101juma elements dekorat\u012bvam izskatam.<br \/>&#8211; sifons ar kanaliz\u0101cijas cauruli un rozeti<br \/>&#8211; piem\u0113rots vara kolekcijai<\/p>\n<hr>\n<p>Retro izlietnes sifons ir izstr\u0101d\u0101jums, ko varat uzst\u0101d\u012bt p\u0113c nepiecie\u0161am\u012bbas, galvenok\u0101rt t\u0101 est\u0113tisko \u012bpa\u0161\u012bbu d\u0113\u013c. Dekorat\u012bvs sifons ir ide\u0101ls ieteikums stiliz\u0113t\u0101m vannas istab\u0101m ar atv\u0113rtu telpu zem izlietnes.<\/p>\n<\/div>\n","protected":false},"excerpt":{"rendered":"<p>WX modelis. WD. OZ. RZL Vara kolekcija EAN. 5905369906602 Materi\u0101ls Misi\u0146\u0161 [cm]Kop\u0113jais garums 36 Kop\u0113jais augstums (cm ) 12 Kr\u0101sa<\/p>\n","protected":false},"featured_media":90514,"comment_status":"open","ping_status":"closed","template":"","meta":{"_acf_changed":false,"pmpro_default_level":""},"product_brand":[],"product_cat":[24102],"product_tag":[],"class_list":{"0":"post-135016","1":"product","2":"type-product","3":"status-publish","4":"has-post-thumbnail","6":"product_cat-izlietnu-slazdi","7":"pmpro-has-access","9":"first","10":"instock","11":"shipping-taxable","12":"purchasable","13":"product-type-simple"},"acf":[],"yoast_head":"<!-- This site is optimized with the Yoast SEO plugin v24.9 - https:\/\/yoast.com\/wordpress\/plugins\/seo\/ -->\n<title>Sifona izlietne roz\u0101 zelts VARIS - MetalTale.com<\/title>\n<meta name=\"robots\" content=\"index, follow, max-snippet:-1, max-image-preview:large, max-video-preview:-1\" \/>\n<link rel=\"canonical\" href=\"https:\/\/metaltale.com\/lv\/produkts\/sifona-izlietne-roza-zelts-varis\/\" \/>\n<meta property=\"og:locale\" content=\"lv_LV\" \/>\n<meta property=\"og:type\" content=\"article\" \/>\n<meta property=\"og:title\" content=\"Sifona izlietne roz\u0101 zelts VARIS - MetalTale.com\" \/>\n<meta property=\"og:description\" content=\"WX modelis. WD. OZ. RZL Vara kolekcija EAN. 5905369906602 Materi\u0101ls Misi\u0146\u0161 [cm]Kop\u0113jais garums 36 Kop\u0113jais augstums (cm ) 12 Kr\u0101sa\" \/>\n<meta property=\"og:url\" content=\"https:\/\/metaltale.com\/lv\/produkts\/sifona-izlietne-roza-zelts-varis\/\" \/>\n<meta property=\"og:site_name\" content=\"MetalTale.com\" \/>\n<meta name=\"twitter:card\" content=\"summary_large_image\" \/>\n<script type=\"application\/ld+json\" class=\"yoast-schema-graph\">{\"@context\":\"https:\/\/schema.org\",\"@graph\":[{\"@type\":\"WebPage\",\"@id\":\"https:\/\/metaltale.com\/lv\/produkts\/sifona-izlietne-roza-zelts-varis\/\",\"url\":\"https:\/\/metaltale.com\/lv\/produkts\/sifona-izlietne-roza-zelts-varis\/\",\"name\":\"Sifona izlietne roz\u0101 zelts VARIS - MetalTale.com\",\"isPartOf\":{\"@id\":\"https:\/\/metaltale.com\/lv\/#website\"},\"primaryImageOfPage\":{\"@id\":\"https:\/\/metaltale.com\/lv\/produkts\/sifona-izlietne-roza-zelts-varis\/#primaryimage\"},\"image\":{\"@id\":\"https:\/\/metaltale.com\/lv\/produkts\/sifona-izlietne-roza-zelts-varis\/#primaryimage\"},\"thumbnailUrl\":\"https:\/\/metaltale.com\/wp-content\/uploads\/2023\/10\/Sifono-praustuvas-rox17Einis-auksas-VARIS.jpg\",\"datePublished\":\"2024-02-13T12:43:05+00:00\",\"breadcrumb\":{\"@id\":\"https:\/\/metaltale.com\/lv\/produkts\/sifona-izlietne-roza-zelts-varis\/#breadcrumb\"},\"inLanguage\":\"lv-LV\",\"potentialAction\":[{\"@type\":\"ReadAction\",\"target\":[\"https:\/\/metaltale.com\/lv\/produkts\/sifona-izlietne-roza-zelts-varis\/\"]}]},{\"@type\":\"ImageObject\",\"inLanguage\":\"lv-LV\",\"@id\":\"https:\/\/metaltale.com\/lv\/produkts\/sifona-izlietne-roza-zelts-varis\/#primaryimage\",\"url\":\"https:\/\/metaltale.com\/wp-content\/uploads\/2023\/10\/Sifono-praustuvas-rox17Einis-auksas-VARIS.jpg\",\"contentUrl\":\"https:\/\/metaltale.com\/wp-content\/uploads\/2023\/10\/Sifono-praustuvas-rox17Einis-auksas-VARIS.jpg\",\"width\":800,\"height\":800},{\"@type\":\"BreadcrumbList\",\"@id\":\"https:\/\/metaltale.com\/lv\/produkts\/sifona-izlietne-roza-zelts-varis\/#breadcrumb\",\"itemListElement\":[{\"@type\":\"ListItem\",\"position\":1,\"name\":\"Home\",\"item\":\"https:\/\/metaltale.com\/lv\/majas\/\"},{\"@type\":\"ListItem\",\"position\":2,\"name\":\"Veikals\",\"item\":\"https:\/\/metaltale.com\/lv\/shop\/\"},{\"@type\":\"ListItem\",\"position\":3,\"name\":\"Sifona izlietne roz\u0101 zelts VARIS\"}]},{\"@type\":\"WebSite\",\"@id\":\"https:\/\/metaltale.com\/lv\/#website\",\"url\":\"https:\/\/metaltale.com\/lv\/\",\"name\":\"Metaltale.com\",\"description\":\"\",\"potentialAction\":[{\"@type\":\"SearchAction\",\"target\":{\"@type\":\"EntryPoint\",\"urlTemplate\":\"https:\/\/metaltale.com\/lv\/?s={search_term_string}\"},\"query-input\":{\"@type\":\"PropertyValueSpecification\",\"valueRequired\":true,\"valueName\":\"search_term_string\"}}],\"inLanguage\":\"lv-LV\"}]}<\/script>\n<!-- \/ Yoast SEO plugin. -->","yoast_head_json":{"title":"Sifona izlietne roz\u0101 zelts VARIS - MetalTale.com","robots":{"index":"index","follow":"follow","max-snippet":"max-snippet:-1","max-image-preview":"max-image-preview:large","max-video-preview":"max-video-preview:-1"},"canonical":"https:\/\/metaltale.com\/lv\/produkts\/sifona-izlietne-roza-zelts-varis\/","og_locale":"lv_LV","og_type":"article","og_title":"Sifona izlietne roz\u0101 zelts VARIS - MetalTale.com","og_description":"WX modelis. WD. OZ. RZL Vara kolekcija EAN. 5905369906602 Materi\u0101ls Misi\u0146\u0161 [cm]Kop\u0113jais garums 36 Kop\u0113jais augstums (cm ) 12 Kr\u0101sa","og_url":"https:\/\/metaltale.com\/lv\/produkts\/sifona-izlietne-roza-zelts-varis\/","og_site_name":"MetalTale.com","twitter_card":"summary_large_image","schema":{"@context":"https:\/\/schema.org","@graph":[{"@type":"WebPage","@id":"https:\/\/metaltale.com\/lv\/produkts\/sifona-izlietne-roza-zelts-varis\/","url":"https:\/\/metaltale.com\/lv\/produkts\/sifona-izlietne-roza-zelts-varis\/","name":"Sifona izlietne roz\u0101 zelts VARIS - MetalTale.com","isPartOf":{"@id":"https:\/\/metaltale.com\/lv\/#website"},"primaryImageOfPage":{"@id":"https:\/\/metaltale.com\/lv\/produkts\/sifona-izlietne-roza-zelts-varis\/#primaryimage"},"image":{"@id":"https:\/\/metaltale.com\/lv\/produkts\/sifona-izlietne-roza-zelts-varis\/#primaryimage"},"thumbnailUrl":"https:\/\/metaltale.com\/wp-content\/uploads\/2023\/10\/Sifono-praustuvas-rox17Einis-auksas-VARIS.jpg","datePublished":"2024-02-13T12:43:05+00:00","breadcrumb":{"@id":"https:\/\/metaltale.com\/lv\/produkts\/sifona-izlietne-roza-zelts-varis\/#breadcrumb"},"inLanguage":"lv-LV","potentialAction":[{"@type":"ReadAction","target":["https:\/\/metaltale.com\/lv\/produkts\/sifona-izlietne-roza-zelts-varis\/"]}]},{"@type":"ImageObject","inLanguage":"lv-LV","@id":"https:\/\/metaltale.com\/lv\/produkts\/sifona-izlietne-roza-zelts-varis\/#primaryimage","url":"https:\/\/metaltale.com\/wp-content\/uploads\/2023\/10\/Sifono-praustuvas-rox17Einis-auksas-VARIS.jpg","contentUrl":"https:\/\/metaltale.com\/wp-content\/uploads\/2023\/10\/Sifono-praustuvas-rox17Einis-auksas-VARIS.jpg","width":800,"height":800},{"@type":"BreadcrumbList","@id":"https:\/\/metaltale.com\/lv\/produkts\/sifona-izlietne-roza-zelts-varis\/#breadcrumb","itemListElement":[{"@type":"ListItem","position":1,"name":"Home","item":"https:\/\/metaltale.com\/lv\/majas\/"},{"@type":"ListItem","position":2,"name":"Veikals","item":"https:\/\/metaltale.com\/lv\/shop\/"},{"@type":"ListItem","position":3,"name":"Sifona izlietne roz\u0101 zelts VARIS"}]},{"@type":"WebSite","@id":"https:\/\/metaltale.com\/lv\/#website","url":"https:\/\/metaltale.com\/lv\/","name":"Metaltale.com","description":"","potentialAction":[{"@type":"SearchAction","target":{"@type":"EntryPoint","urlTemplate":"https:\/\/metaltale.com\/lv\/?s={search_term_string}"},"query-input":{"@type":"PropertyValueSpecification","valueRequired":true,"valueName":"search_term_string"}}],"inLanguage":"lv-LV"}]}},"_links":{"self":[{"href":"https:\/\/metaltale.com\/lv\/wp-json\/wp\/v2\/product\/135016","targetHints":{"allow":["GET"]}}],"collection":[{"href":"https:\/\/metaltale.com\/lv\/wp-json\/wp\/v2\/product"}],"about":[{"href":"https:\/\/metaltale.com\/lv\/wp-json\/wp\/v2\/types\/product"}],"replies":[{"embeddable":true,"href":"https:\/\/metaltale.com\/lv\/wp-json\/wp\/v2\/comments?post=135016"}],"version-history":[{"count":0,"href":"https:\/\/metaltale.com\/lv\/wp-json\/wp\/v2\/product\/135016\/revisions"}],"wp:featuredmedia":[{"embeddable":true,"href":"https:\/\/metaltale.com\/lv\/wp-json\/wp\/v2\/media\/90514"}],"wp:attachment":[{"href":"https:\/\/metaltale.com\/lv\/wp-json\/wp\/v2\/media?parent=135016"}],"wp:term":[{"taxonomy":"product_brand","embeddable":true,"href":"https:\/\/metaltale.com\/lv\/wp-json\/wp\/v2\/product_brand?post=135016"},{"taxonomy":"product_cat","embeddable":true,"href":"https:\/\/metaltale.com\/lv\/wp-json\/wp\/v2\/product_cat?post=135016"},{"taxonomy":"product_tag","embeddable":true,"href":"https:\/\/metaltale.com\/lv\/wp-json\/wp\/v2\/product_tag?post=135016"}],"curies":[{"name":"wp","href":"https:\/\/api.w.org\/{rel}","templated":true}]}}