{"id":135004,"date":"2024-02-13T14:05:05","date_gmt":"2024-02-13T12:05:05","guid":{"rendered":"https:\/\/metaltale.com\/produktas\/sifons-izlietnei-simple-retro-melns\/"},"modified":"2024-02-13T14:05:05","modified_gmt":"2024-02-13T12:05:05","slug":"sifons-izlietnei-simple-retro-melns","status":"publish","type":"product","link":"https:\/\/metaltale.com\/lv\/produkts\/sifons-izlietnei-simple-retro-melns\/","title":{"rendered":"Sifons izlietnei SIMPLE RETRO, melns"},"content":{"rendered":"<div class=\"prod_data\">\n<p>WX <strong>modelis<\/strong>. XSQ1-8. BLA<br \/>\nVienk\u0101r\u0161i retro <strong>kolekcija<\/strong><br \/>\n<strong>EAN.<\/strong>  5905369906589<br \/>\n<strong>Materi\u0101ls<\/strong> T\u0113rauds<br \/>\n<strong> [cm]Kop\u0113jais garums<\/strong> 36<strong> <\/strong><br \/>\n<strong>Kop\u0113jais augstums (cm<\/strong> ) 12<br \/>\nKr\u0101sa Melna<br \/>\n<strong>Apdare<\/strong> M\u012bksta, sat\u012bna efekts<br \/>\n<strong>Papildu inform\u0101cija<\/strong> Izvades diametrs 2,8 cm<\/p>\n<p>&#8211; Misi\u0146a izlietnes sifons<br \/>\n&#8211; neaizst\u0101jams stiprin\u0101juma elements dekorat\u012bvam izskatam.<br \/>\n&#8211; sifons ar kanaliz\u0101cijas cauruli un rozeti<\/p>\n<hr>\n<p>Sifons ir katr\u0101 m\u0101jokl\u012b neaizst\u0101jams piederums. Arvien popul\u0101r\u0101kas k\u013c\u016bst bezskap\u012b\u0161u izlietnes, kas papildus ac\u012bmredzamajai uzglab\u0101\u0161anas funkcijai sl\u0113pj ar\u012b sifonus. \u0160eit noder\u0113s stil\u012bgi sifoni ar praktisku un est\u0113tisku funkciju. Melnajam t\u0113rauda sifonam ar ro\u017ea zelta skr\u0101p\u0113jumiem ir smalks retro raksturs. Tas ir lieliski piem\u0113rots vannas istab\u0101m un tualet\u0113m, kas iek\u0101rtotas vintage, loft un modern\u0101 stil\u0101.<\/p>\n<\/div>\n","protected":false},"excerpt":{"rendered":"<p>WX modelis. XSQ1-8. BLA Vienk\u0101r\u0161i retro kolekcija EAN. 5905369906589 Materi\u0101ls T\u0113rauds [cm]Kop\u0113jais garums 36 Kop\u0113jais augstums (cm ) 12 Kr\u0101sa<\/p>\n","protected":false},"featured_media":97012,"comment_status":"open","ping_status":"closed","template":"","meta":{"_acf_changed":false,"pmpro_default_level":""},"product_brand":[],"product_cat":[24102,24060],"product_tag":[],"class_list":{"0":"post-135004","1":"product","2":"type-product","3":"status-publish","4":"has-post-thumbnail","6":"product_cat-izlietnu-slazdi","7":"product_cat-kranini","8":"pmpro-has-access","10":"first","11":"instock","12":"shipping-taxable","13":"purchasable","14":"product-type-simple"},"acf":[],"yoast_head":"<!-- This site is optimized with the Yoast SEO plugin v24.9 - https:\/\/yoast.com\/wordpress\/plugins\/seo\/ -->\n<title>Sifons izlietnei SIMPLE RETRO, melns - MetalTale.com<\/title>\n<meta name=\"robots\" content=\"index, follow, max-snippet:-1, max-image-preview:large, max-video-preview:-1\" \/>\n<link rel=\"canonical\" href=\"https:\/\/metaltale.com\/lv\/produkts\/sifons-izlietnei-simple-retro-melns\/\" \/>\n<meta property=\"og:locale\" content=\"lv_LV\" \/>\n<meta property=\"og:type\" content=\"article\" \/>\n<meta property=\"og:title\" content=\"Sifons izlietnei SIMPLE RETRO, melns - MetalTale.com\" \/>\n<meta property=\"og:description\" content=\"WX modelis. XSQ1-8. BLA Vienk\u0101r\u0161i retro kolekcija EAN. 5905369906589 Materi\u0101ls T\u0113rauds [cm]Kop\u0113jais garums 36 Kop\u0113jais augstums (cm ) 12 Kr\u0101sa\" \/>\n<meta property=\"og:url\" content=\"https:\/\/metaltale.com\/lv\/produkts\/sifons-izlietnei-simple-retro-melns\/\" \/>\n<meta property=\"og:site_name\" content=\"MetalTale.com\" \/>\n<meta name=\"twitter:card\" content=\"summary_large_image\" \/>\n<meta name=\"twitter:label1\" content=\"Est. reading time\" \/>\n\t<meta name=\"twitter:data1\" content=\"1 minute\" \/>\n<script type=\"application\/ld+json\" class=\"yoast-schema-graph\">{\"@context\":\"https:\/\/schema.org\",\"@graph\":[{\"@type\":\"WebPage\",\"@id\":\"https:\/\/metaltale.com\/lv\/produkts\/sifons-izlietnei-simple-retro-melns\/\",\"url\":\"https:\/\/metaltale.com\/lv\/produkts\/sifons-izlietnei-simple-retro-melns\/\",\"name\":\"Sifons izlietnei SIMPLE RETRO, melns - MetalTale.com\",\"isPartOf\":{\"@id\":\"https:\/\/metaltale.com\/lv\/#website\"},\"primaryImageOfPage\":{\"@id\":\"https:\/\/metaltale.com\/lv\/produkts\/sifons-izlietnei-simple-retro-melns\/#primaryimage\"},\"image\":{\"@id\":\"https:\/\/metaltale.com\/lv\/produkts\/sifons-izlietnei-simple-retro-melns\/#primaryimage\"},\"thumbnailUrl\":\"https:\/\/metaltale.com\/wp-content\/uploads\/2023\/11\/Sifono-praustuvo-juoda-TIESIOG-RETRO.jpg\",\"datePublished\":\"2024-02-13T12:05:05+00:00\",\"breadcrumb\":{\"@id\":\"https:\/\/metaltale.com\/lv\/produkts\/sifons-izlietnei-simple-retro-melns\/#breadcrumb\"},\"inLanguage\":\"lv-LV\",\"potentialAction\":[{\"@type\":\"ReadAction\",\"target\":[\"https:\/\/metaltale.com\/lv\/produkts\/sifons-izlietnei-simple-retro-melns\/\"]}]},{\"@type\":\"ImageObject\",\"inLanguage\":\"lv-LV\",\"@id\":\"https:\/\/metaltale.com\/lv\/produkts\/sifons-izlietnei-simple-retro-melns\/#primaryimage\",\"url\":\"https:\/\/metaltale.com\/wp-content\/uploads\/2023\/11\/Sifono-praustuvo-juoda-TIESIOG-RETRO.jpg\",\"contentUrl\":\"https:\/\/metaltale.com\/wp-content\/uploads\/2023\/11\/Sifono-praustuvo-juoda-TIESIOG-RETRO.jpg\",\"width\":800,\"height\":800,\"caption\":\"Sifons izlietnei SIMPLE RETRO, melns\"},{\"@type\":\"BreadcrumbList\",\"@id\":\"https:\/\/metaltale.com\/lv\/produkts\/sifons-izlietnei-simple-retro-melns\/#breadcrumb\",\"itemListElement\":[{\"@type\":\"ListItem\",\"position\":1,\"name\":\"Home\",\"item\":\"https:\/\/metaltale.com\/lv\/majas\/\"},{\"@type\":\"ListItem\",\"position\":2,\"name\":\"Veikals\",\"item\":\"https:\/\/metaltale.com\/lv\/shop\/\"},{\"@type\":\"ListItem\",\"position\":3,\"name\":\"Sifons izlietnei SIMPLE RETRO, melns\"}]},{\"@type\":\"WebSite\",\"@id\":\"https:\/\/metaltale.com\/lv\/#website\",\"url\":\"https:\/\/metaltale.com\/lv\/\",\"name\":\"Metaltale.com\",\"description\":\"\",\"potentialAction\":[{\"@type\":\"SearchAction\",\"target\":{\"@type\":\"EntryPoint\",\"urlTemplate\":\"https:\/\/metaltale.com\/lv\/?s={search_term_string}\"},\"query-input\":{\"@type\":\"PropertyValueSpecification\",\"valueRequired\":true,\"valueName\":\"search_term_string\"}}],\"inLanguage\":\"lv-LV\"}]}<\/script>\n<!-- \/ Yoast SEO plugin. -->","yoast_head_json":{"title":"Sifons izlietnei SIMPLE RETRO, melns - MetalTale.com","robots":{"index":"index","follow":"follow","max-snippet":"max-snippet:-1","max-image-preview":"max-image-preview:large","max-video-preview":"max-video-preview:-1"},"canonical":"https:\/\/metaltale.com\/lv\/produkts\/sifons-izlietnei-simple-retro-melns\/","og_locale":"lv_LV","og_type":"article","og_title":"Sifons izlietnei SIMPLE RETRO, melns - MetalTale.com","og_description":"WX modelis. XSQ1-8. BLA Vienk\u0101r\u0161i retro kolekcija EAN. 5905369906589 Materi\u0101ls T\u0113rauds [cm]Kop\u0113jais garums 36 Kop\u0113jais augstums (cm ) 12 Kr\u0101sa","og_url":"https:\/\/metaltale.com\/lv\/produkts\/sifons-izlietnei-simple-retro-melns\/","og_site_name":"MetalTale.com","twitter_card":"summary_large_image","twitter_misc":{"Est. reading time":"1 minute"},"schema":{"@context":"https:\/\/schema.org","@graph":[{"@type":"WebPage","@id":"https:\/\/metaltale.com\/lv\/produkts\/sifons-izlietnei-simple-retro-melns\/","url":"https:\/\/metaltale.com\/lv\/produkts\/sifons-izlietnei-simple-retro-melns\/","name":"Sifons izlietnei SIMPLE RETRO, melns - MetalTale.com","isPartOf":{"@id":"https:\/\/metaltale.com\/lv\/#website"},"primaryImageOfPage":{"@id":"https:\/\/metaltale.com\/lv\/produkts\/sifons-izlietnei-simple-retro-melns\/#primaryimage"},"image":{"@id":"https:\/\/metaltale.com\/lv\/produkts\/sifons-izlietnei-simple-retro-melns\/#primaryimage"},"thumbnailUrl":"https:\/\/metaltale.com\/wp-content\/uploads\/2023\/11\/Sifono-praustuvo-juoda-TIESIOG-RETRO.jpg","datePublished":"2024-02-13T12:05:05+00:00","breadcrumb":{"@id":"https:\/\/metaltale.com\/lv\/produkts\/sifons-izlietnei-simple-retro-melns\/#breadcrumb"},"inLanguage":"lv-LV","potentialAction":[{"@type":"ReadAction","target":["https:\/\/metaltale.com\/lv\/produkts\/sifons-izlietnei-simple-retro-melns\/"]}]},{"@type":"ImageObject","inLanguage":"lv-LV","@id":"https:\/\/metaltale.com\/lv\/produkts\/sifons-izlietnei-simple-retro-melns\/#primaryimage","url":"https:\/\/metaltale.com\/wp-content\/uploads\/2023\/11\/Sifono-praustuvo-juoda-TIESIOG-RETRO.jpg","contentUrl":"https:\/\/metaltale.com\/wp-content\/uploads\/2023\/11\/Sifono-praustuvo-juoda-TIESIOG-RETRO.jpg","width":800,"height":800,"caption":"Sifons izlietnei SIMPLE RETRO, melns"},{"@type":"BreadcrumbList","@id":"https:\/\/metaltale.com\/lv\/produkts\/sifons-izlietnei-simple-retro-melns\/#breadcrumb","itemListElement":[{"@type":"ListItem","position":1,"name":"Home","item":"https:\/\/metaltale.com\/lv\/majas\/"},{"@type":"ListItem","position":2,"name":"Veikals","item":"https:\/\/metaltale.com\/lv\/shop\/"},{"@type":"ListItem","position":3,"name":"Sifons izlietnei SIMPLE RETRO, melns"}]},{"@type":"WebSite","@id":"https:\/\/metaltale.com\/lv\/#website","url":"https:\/\/metaltale.com\/lv\/","name":"Metaltale.com","description":"","potentialAction":[{"@type":"SearchAction","target":{"@type":"EntryPoint","urlTemplate":"https:\/\/metaltale.com\/lv\/?s={search_term_string}"},"query-input":{"@type":"PropertyValueSpecification","valueRequired":true,"valueName":"search_term_string"}}],"inLanguage":"lv-LV"}]}},"_links":{"self":[{"href":"https:\/\/metaltale.com\/lv\/wp-json\/wp\/v2\/product\/135004","targetHints":{"allow":["GET"]}}],"collection":[{"href":"https:\/\/metaltale.com\/lv\/wp-json\/wp\/v2\/product"}],"about":[{"href":"https:\/\/metaltale.com\/lv\/wp-json\/wp\/v2\/types\/product"}],"replies":[{"embeddable":true,"href":"https:\/\/metaltale.com\/lv\/wp-json\/wp\/v2\/comments?post=135004"}],"version-history":[{"count":0,"href":"https:\/\/metaltale.com\/lv\/wp-json\/wp\/v2\/product\/135004\/revisions"}],"wp:featuredmedia":[{"embeddable":true,"href":"https:\/\/metaltale.com\/lv\/wp-json\/wp\/v2\/media\/97012"}],"wp:attachment":[{"href":"https:\/\/metaltale.com\/lv\/wp-json\/wp\/v2\/media?parent=135004"}],"wp:term":[{"taxonomy":"product_brand","embeddable":true,"href":"https:\/\/metaltale.com\/lv\/wp-json\/wp\/v2\/product_brand?post=135004"},{"taxonomy":"product_cat","embeddable":true,"href":"https:\/\/metaltale.com\/lv\/wp-json\/wp\/v2\/product_cat?post=135004"},{"taxonomy":"product_tag","embeddable":true,"href":"https:\/\/metaltale.com\/lv\/wp-json\/wp\/v2\/product_tag?post=135004"}],"curies":[{"name":"wp","href":"https:\/\/api.w.org\/{rel}","templated":true}]}}