{"id":135001,"date":"2024-02-13T13:51:04","date_gmt":"2024-02-13T11:51:04","guid":{"rendered":"https:\/\/metaltale.com\/produktas\/sienas-vannas-istabas-maisitajs-melns-watford\/"},"modified":"2024-02-13T13:51:04","modified_gmt":"2024-02-13T11:51:04","slug":"sienas-vannas-istabas-maisitajs-melns-watford","status":"publish","type":"product","link":"https:\/\/metaltale.com\/lv\/produkts\/sienas-vannas-istabas-maisitajs-melns-watford\/","title":{"rendered":"Sienas vannas istabas mais\u012bt\u0101js melns WATFORD"},"content":{"rendered":"<div class=\"prod_data\">WX <strong>modelis<\/strong>. XT.389.BLA.1  <br \/><strong>Sav\u0101k\u0161anas<\/strong> caurules  <br \/><strong>EAN.<\/strong>  5905369901140  <br \/><strong>Izsmidzin\u0101t\u0101ja garums (cm<\/strong> ) 21  <br \/>Materi\u0101ls Misi\u0146\u0161 <br \/>Kop\u0113jais augstums (cm ) 20 <br \/>Du\u0161as galvas diametrs (cm ) 8 <br \/>Du\u0161as galvas garums (cm ) 24 <br \/>\u0160\u013c\u016btenes garums (cm ) 150 <br \/>Att\u0101lums starp kr\u0101niem (cm ) 15 <br \/>Perlators (aerators ) J\u0101 <br \/>Rot\u0113jo\u0161s izsmidzin\u0101t\u0101js J\u0101 <br \/>Anti-Calc (pret ka\u013c\u0137akmens ) J\u0101 <br \/><strong>Kr\u0101sa<\/strong> Melna  <br \/><strong>Apdare<\/strong> mat\u0113ta  <br \/><strong>Papildu inform\u0101cija<\/strong> Savienot\u0101js S 1\/2&#8243; x 3\/4&#8243;  <\/p>\n<p>&#8211; misi\u0146a vannas istabas kr\u0101ns<br \/>&#8211; Komplekts: vannas izsmidzin\u0101t\u0101js, du\u0161as klausule<br \/>&#8211; keramikas galva &#8211; elements, kas nodro\u0161ina pareizu \u016bdens sadali.<br \/>&#8211; Anti-Calc &#8211; pretvaska\u013c\u0137o\u0161anas sist\u0113ma du\u0161as st\u016brei<br \/>&#8211; viegla apkope &#8211; silts \u016bdens un PH neitr\u0101las ziepes.<br \/>&#8211; skatiet citus kolekcijas Tubes mode\u013cus<\/p>\n<hr>\n<p>Neapstr\u0101d\u0101tais, r\u016bpnieciskais raksturs un izsmidzin\u0101t\u0101js, kas atg\u0101dina hidraulisko savienot\u0101ju, padara Pipe kolekcijas veidgabalus unik\u0101lus. Vienk\u0101r\u0161\u012bba un meln\u0101 kr\u0101sa labi sader gan b\u0113ni\u0146u, gan modern\u0101s vannas istab\u0101s. Minim\u0101la apdare padara apa\u013cus kr\u0101nus un p\u0101rkares uz vannas izlietnes dekorat\u012bviem elementiem. \u012apa\u0161i \u0113rts risin\u0101jums ir mas\u012bva misi\u0146a vannas un du\u0161as mais\u012bt\u0101js ar praktisku tur\u0113t\u0101ju du\u0161as rokturim un garu \u0161\u013c\u016bteni. Keramikas galvi\u0146a un Anti-Calc sist\u0113ma ar\u012b apliecina kr\u0101na augst\u0101ko kvalit\u0101ti.<\/p>\n<\/div>\n","protected":false},"excerpt":{"rendered":"<p>WX modelis. XT.389.BLA.1 Sav\u0101k\u0161anas caurules EAN. 5905369901140 Izsmidzin\u0101t\u0101ja garums (cm ) 21 Materi\u0101ls Misi\u0146\u0161 Kop\u0113jais augstums (cm ) 20 Du\u0161as<\/p>\n","protected":false},"featured_media":81328,"comment_status":"open","ping_status":"closed","template":"","meta":{"_acf_changed":false,"pmpro_default_level":""},"product_brand":[],"product_cat":[24073],"product_tag":[],"class_list":{"0":"post-135001","1":"product","2":"type-product","3":"status-publish","4":"has-post-thumbnail","6":"product_cat-vannas-istabas-krani","7":"pmpro-has-access","9":"first","10":"instock","11":"shipping-taxable","12":"purchasable","13":"product-type-simple"},"acf":[],"yoast_head":"<!-- This site is optimized with the Yoast SEO plugin v24.9 - https:\/\/yoast.com\/wordpress\/plugins\/seo\/ -->\n<title>Sienas vannas istabas mais\u012bt\u0101js melns WATFORD - MetalTale.com<\/title>\n<meta name=\"robots\" content=\"index, follow, max-snippet:-1, max-image-preview:large, max-video-preview:-1\" \/>\n<link rel=\"canonical\" href=\"https:\/\/metaltale.com\/lv\/produkts\/sienas-vannas-istabas-maisitajs-melns-watford\/\" \/>\n<meta property=\"og:locale\" content=\"lv_LV\" \/>\n<meta property=\"og:type\" content=\"article\" \/>\n<meta property=\"og:title\" content=\"Sienas vannas istabas mais\u012bt\u0101js melns WATFORD - MetalTale.com\" \/>\n<meta property=\"og:description\" content=\"WX modelis. XT.389.BLA.1 Sav\u0101k\u0161anas caurules EAN. 5905369901140 Izsmidzin\u0101t\u0101ja garums (cm ) 21 Materi\u0101ls Misi\u0146\u0161 Kop\u0113jais augstums (cm ) 20 Du\u0161as\" \/>\n<meta property=\"og:url\" content=\"https:\/\/metaltale.com\/lv\/produkts\/sienas-vannas-istabas-maisitajs-melns-watford\/\" \/>\n<meta property=\"og:site_name\" content=\"MetalTale.com\" \/>\n<meta name=\"twitter:card\" content=\"summary_large_image\" \/>\n<meta name=\"twitter:label1\" content=\"Est. reading time\" \/>\n\t<meta name=\"twitter:data1\" content=\"1 minute\" \/>\n<script type=\"application\/ld+json\" class=\"yoast-schema-graph\">{\"@context\":\"https:\/\/schema.org\",\"@graph\":[{\"@type\":\"WebPage\",\"@id\":\"https:\/\/metaltale.com\/lv\/produkts\/sienas-vannas-istabas-maisitajs-melns-watford\/\",\"url\":\"https:\/\/metaltale.com\/lv\/produkts\/sienas-vannas-istabas-maisitajs-melns-watford\/\",\"name\":\"Sienas vannas istabas mais\u012bt\u0101js melns WATFORD - MetalTale.com\",\"isPartOf\":{\"@id\":\"https:\/\/metaltale.com\/lv\/#website\"},\"primaryImageOfPage\":{\"@id\":\"https:\/\/metaltale.com\/lv\/produkts\/sienas-vannas-istabas-maisitajs-melns-watford\/#primaryimage\"},\"image\":{\"@id\":\"https:\/\/metaltale.com\/lv\/produkts\/sienas-vannas-istabas-maisitajs-melns-watford\/#primaryimage\"},\"thumbnailUrl\":\"https:\/\/metaltale.com\/wp-content\/uploads\/2023\/10\/Vonios-maix161ytuvas-WATFORD.jpg\",\"datePublished\":\"2024-02-13T11:51:04+00:00\",\"breadcrumb\":{\"@id\":\"https:\/\/metaltale.com\/lv\/produkts\/sienas-vannas-istabas-maisitajs-melns-watford\/#breadcrumb\"},\"inLanguage\":\"lv-LV\",\"potentialAction\":[{\"@type\":\"ReadAction\",\"target\":[\"https:\/\/metaltale.com\/lv\/produkts\/sienas-vannas-istabas-maisitajs-melns-watford\/\"]}]},{\"@type\":\"ImageObject\",\"inLanguage\":\"lv-LV\",\"@id\":\"https:\/\/metaltale.com\/lv\/produkts\/sienas-vannas-istabas-maisitajs-melns-watford\/#primaryimage\",\"url\":\"https:\/\/metaltale.com\/wp-content\/uploads\/2023\/10\/Vonios-maix161ytuvas-WATFORD.jpg\",\"contentUrl\":\"https:\/\/metaltale.com\/wp-content\/uploads\/2023\/10\/Vonios-maix161ytuvas-WATFORD.jpg\",\"width\":800,\"height\":800},{\"@type\":\"BreadcrumbList\",\"@id\":\"https:\/\/metaltale.com\/lv\/produkts\/sienas-vannas-istabas-maisitajs-melns-watford\/#breadcrumb\",\"itemListElement\":[{\"@type\":\"ListItem\",\"position\":1,\"name\":\"Home\",\"item\":\"https:\/\/metaltale.com\/lv\/majas\/\"},{\"@type\":\"ListItem\",\"position\":2,\"name\":\"Veikals\",\"item\":\"https:\/\/metaltale.com\/lv\/shop\/\"},{\"@type\":\"ListItem\",\"position\":3,\"name\":\"Sienas vannas istabas mais\u012bt\u0101js melns WATFORD\"}]},{\"@type\":\"WebSite\",\"@id\":\"https:\/\/metaltale.com\/lv\/#website\",\"url\":\"https:\/\/metaltale.com\/lv\/\",\"name\":\"Metaltale.com\",\"description\":\"\",\"potentialAction\":[{\"@type\":\"SearchAction\",\"target\":{\"@type\":\"EntryPoint\",\"urlTemplate\":\"https:\/\/metaltale.com\/lv\/?s={search_term_string}\"},\"query-input\":{\"@type\":\"PropertyValueSpecification\",\"valueRequired\":true,\"valueName\":\"search_term_string\"}}],\"inLanguage\":\"lv-LV\"}]}<\/script>\n<!-- \/ Yoast SEO plugin. -->","yoast_head_json":{"title":"Sienas vannas istabas mais\u012bt\u0101js melns WATFORD - MetalTale.com","robots":{"index":"index","follow":"follow","max-snippet":"max-snippet:-1","max-image-preview":"max-image-preview:large","max-video-preview":"max-video-preview:-1"},"canonical":"https:\/\/metaltale.com\/lv\/produkts\/sienas-vannas-istabas-maisitajs-melns-watford\/","og_locale":"lv_LV","og_type":"article","og_title":"Sienas vannas istabas mais\u012bt\u0101js melns WATFORD - MetalTale.com","og_description":"WX modelis. XT.389.BLA.1 Sav\u0101k\u0161anas caurules EAN. 5905369901140 Izsmidzin\u0101t\u0101ja garums (cm ) 21 Materi\u0101ls Misi\u0146\u0161 Kop\u0113jais augstums (cm ) 20 Du\u0161as","og_url":"https:\/\/metaltale.com\/lv\/produkts\/sienas-vannas-istabas-maisitajs-melns-watford\/","og_site_name":"MetalTale.com","twitter_card":"summary_large_image","twitter_misc":{"Est. reading time":"1 minute"},"schema":{"@context":"https:\/\/schema.org","@graph":[{"@type":"WebPage","@id":"https:\/\/metaltale.com\/lv\/produkts\/sienas-vannas-istabas-maisitajs-melns-watford\/","url":"https:\/\/metaltale.com\/lv\/produkts\/sienas-vannas-istabas-maisitajs-melns-watford\/","name":"Sienas vannas istabas mais\u012bt\u0101js melns WATFORD - MetalTale.com","isPartOf":{"@id":"https:\/\/metaltale.com\/lv\/#website"},"primaryImageOfPage":{"@id":"https:\/\/metaltale.com\/lv\/produkts\/sienas-vannas-istabas-maisitajs-melns-watford\/#primaryimage"},"image":{"@id":"https:\/\/metaltale.com\/lv\/produkts\/sienas-vannas-istabas-maisitajs-melns-watford\/#primaryimage"},"thumbnailUrl":"https:\/\/metaltale.com\/wp-content\/uploads\/2023\/10\/Vonios-maix161ytuvas-WATFORD.jpg","datePublished":"2024-02-13T11:51:04+00:00","breadcrumb":{"@id":"https:\/\/metaltale.com\/lv\/produkts\/sienas-vannas-istabas-maisitajs-melns-watford\/#breadcrumb"},"inLanguage":"lv-LV","potentialAction":[{"@type":"ReadAction","target":["https:\/\/metaltale.com\/lv\/produkts\/sienas-vannas-istabas-maisitajs-melns-watford\/"]}]},{"@type":"ImageObject","inLanguage":"lv-LV","@id":"https:\/\/metaltale.com\/lv\/produkts\/sienas-vannas-istabas-maisitajs-melns-watford\/#primaryimage","url":"https:\/\/metaltale.com\/wp-content\/uploads\/2023\/10\/Vonios-maix161ytuvas-WATFORD.jpg","contentUrl":"https:\/\/metaltale.com\/wp-content\/uploads\/2023\/10\/Vonios-maix161ytuvas-WATFORD.jpg","width":800,"height":800},{"@type":"BreadcrumbList","@id":"https:\/\/metaltale.com\/lv\/produkts\/sienas-vannas-istabas-maisitajs-melns-watford\/#breadcrumb","itemListElement":[{"@type":"ListItem","position":1,"name":"Home","item":"https:\/\/metaltale.com\/lv\/majas\/"},{"@type":"ListItem","position":2,"name":"Veikals","item":"https:\/\/metaltale.com\/lv\/shop\/"},{"@type":"ListItem","position":3,"name":"Sienas vannas istabas mais\u012bt\u0101js melns WATFORD"}]},{"@type":"WebSite","@id":"https:\/\/metaltale.com\/lv\/#website","url":"https:\/\/metaltale.com\/lv\/","name":"Metaltale.com","description":"","potentialAction":[{"@type":"SearchAction","target":{"@type":"EntryPoint","urlTemplate":"https:\/\/metaltale.com\/lv\/?s={search_term_string}"},"query-input":{"@type":"PropertyValueSpecification","valueRequired":true,"valueName":"search_term_string"}}],"inLanguage":"lv-LV"}]}},"_links":{"self":[{"href":"https:\/\/metaltale.com\/lv\/wp-json\/wp\/v2\/product\/135001","targetHints":{"allow":["GET"]}}],"collection":[{"href":"https:\/\/metaltale.com\/lv\/wp-json\/wp\/v2\/product"}],"about":[{"href":"https:\/\/metaltale.com\/lv\/wp-json\/wp\/v2\/types\/product"}],"replies":[{"embeddable":true,"href":"https:\/\/metaltale.com\/lv\/wp-json\/wp\/v2\/comments?post=135001"}],"version-history":[{"count":0,"href":"https:\/\/metaltale.com\/lv\/wp-json\/wp\/v2\/product\/135001\/revisions"}],"wp:featuredmedia":[{"embeddable":true,"href":"https:\/\/metaltale.com\/lv\/wp-json\/wp\/v2\/media\/81328"}],"wp:attachment":[{"href":"https:\/\/metaltale.com\/lv\/wp-json\/wp\/v2\/media?parent=135001"}],"wp:term":[{"taxonomy":"product_brand","embeddable":true,"href":"https:\/\/metaltale.com\/lv\/wp-json\/wp\/v2\/product_brand?post=135001"},{"taxonomy":"product_cat","embeddable":true,"href":"https:\/\/metaltale.com\/lv\/wp-json\/wp\/v2\/product_cat?post=135001"},{"taxonomy":"product_tag","embeddable":true,"href":"https:\/\/metaltale.com\/lv\/wp-json\/wp\/v2\/product_tag?post=135001"}],"curies":[{"name":"wp","href":"https:\/\/api.w.org\/{rel}","templated":true}]}}