{"id":134998,"date":"2024-02-13T14:41:05","date_gmt":"2024-02-13T12:41:05","guid":{"rendered":"https:\/\/metaltale.com\/produktas\/sienas-vannas-istabas-maisitajs-roza-zelta-krasa-copper-2\/"},"modified":"2024-02-13T14:41:05","modified_gmt":"2024-02-13T12:41:05","slug":"sienas-vannas-istabas-maisitajs-roza-zelta-krasa-copper-2","status":"publish","type":"product","link":"https:\/\/metaltale.com\/lv\/produkts\/sienas-vannas-istabas-maisitajs-roza-zelta-krasa-copper-2\/","title":{"rendered":"Sienas vannas istabas mais\u012bt\u0101js roz\u0101 zelta kr\u0101s\u0101 COPPER 2"},"content":{"rendered":"<div class=\"prod_data\"><strong>Modelis<\/strong> WX.CO. BW2. RZL  <br \/>Vara kolekcija <br \/><strong>EAN.<\/strong>  5905369901089  <br \/>Iztekas garums (cm ) 11 <br \/>Materi\u0101ls Misi\u0146\u0161 <br \/>Kop\u0113jais augstums (cm ) 31 <br \/>Du\u0161as galvas diametrs (cm ) 5 <br \/><strong>Du\u0161as galvas garums (cm<\/strong> ) 18  <br \/>\u0160\u013c\u016btenes garums (cm ) 150 <br \/>Att\u0101lums starp kr\u0101niem (cm ) 15 <br \/>Perlators (aerators ) J\u0101 <br \/>Rot\u0113jo\u0161s izsmidzin\u0101t\u0101js J\u0101 <br \/>Kr\u0101sa Roz\u0101 zelts <br \/>Apdares sp\u012bdums <br \/><strong>Papildu inform\u0101cija<\/strong> Savienot\u0101js S 1\/2&#8243; x 3\/4&#8243;  <\/p>\n<p>&#8211; misi\u0146a vannas istabas kr\u0101ns<br \/>&#8211; Komplekts: rot\u0113jo\u0161s vannas izsmidzin\u0101t\u0101js ar aeratoru, du\u0161as klausule<br \/>&#8211; keramikas galva &#8211; elements, kas nodro\u0161ina pareizu \u016bdens sadali.<br \/>&#8211; viegla apkope &#8211; silts \u016bdens un PH neitr\u0101las ziepes.<br \/>&#8211; Skat\u012bt citus mode\u013cus Copper kolekcij\u0101<\/p>\n<hr>\n<p>Ja sap\u0146ojat, lai j\u016bsu vannas istaba atg\u0101din\u0101tu ekskluz\u012bvu peldvietu, vara vannasistabas kr\u0101ns ir elements, kas apmierin\u0101s pat vispras\u012bg\u0101ko pat\u0113r\u0113t\u0101ju v\u0113lmes. Misi\u0146a kr\u0101ni ir papildin\u0101ti ar baltiem keramikas rokturiem, pie\u0161\u0137irot izstr\u0101d\u0101jumam ikdieni\u0161\u0137u izskatu. Savuk\u0101rt du\u0161as t\u0101lru\u0146a forma atg\u0101dina vintage deta\u013cas elegant\u0101 izdevum\u0101.<\/p>\n<\/div>\n","protected":false},"excerpt":{"rendered":"<p>Modelis WX.CO. BW2. RZL Vara kolekcija EAN. 5905369901089 Iztekas garums (cm ) 11 Materi\u0101ls Misi\u0146\u0161 Kop\u0113jais augstums (cm ) 31<\/p>\n","protected":false},"featured_media":89358,"comment_status":"open","ping_status":"closed","template":"","meta":{"_acf_changed":false,"pmpro_default_level":""},"product_brand":[],"product_cat":[24086],"product_tag":[],"class_list":{"0":"post-134998","1":"product","2":"type-product","3":"status-publish","4":"has-post-thumbnail","6":"product_cat-vannas-istabas-krani-lv","7":"pmpro-has-access","9":"first","10":"instock","11":"shipping-taxable","12":"purchasable","13":"product-type-simple"},"acf":[],"yoast_head":"<!-- This site is optimized with the Yoast SEO plugin v24.9 - https:\/\/yoast.com\/wordpress\/plugins\/seo\/ -->\n<title>Sienas vannas istabas mais\u012bt\u0101js roz\u0101 zelta kr\u0101s\u0101 COPPER 2 - MetalTale.com<\/title>\n<meta name=\"robots\" content=\"index, follow, max-snippet:-1, max-image-preview:large, max-video-preview:-1\" \/>\n<link rel=\"canonical\" href=\"https:\/\/metaltale.com\/lv\/produkts\/sienas-vannas-istabas-maisitajs-roza-zelta-krasa-copper-2\/\" \/>\n<meta property=\"og:locale\" content=\"lv_LV\" \/>\n<meta property=\"og:type\" content=\"article\" \/>\n<meta property=\"og:title\" content=\"Sienas vannas istabas mais\u012bt\u0101js roz\u0101 zelta kr\u0101s\u0101 COPPER 2 - MetalTale.com\" \/>\n<meta property=\"og:description\" content=\"Modelis WX.CO. BW2. RZL Vara kolekcija EAN. 5905369901089 Iztekas garums (cm ) 11 Materi\u0101ls Misi\u0146\u0161 Kop\u0113jais augstums (cm ) 31\" \/>\n<meta property=\"og:url\" content=\"https:\/\/metaltale.com\/lv\/produkts\/sienas-vannas-istabas-maisitajs-roza-zelta-krasa-copper-2\/\" \/>\n<meta property=\"og:site_name\" content=\"MetalTale.com\" \/>\n<meta name=\"twitter:card\" content=\"summary_large_image\" \/>\n<meta name=\"twitter:label1\" content=\"Est. reading time\" \/>\n\t<meta name=\"twitter:data1\" content=\"1 minute\" \/>\n<script type=\"application\/ld+json\" class=\"yoast-schema-graph\">{\"@context\":\"https:\/\/schema.org\",\"@graph\":[{\"@type\":\"WebPage\",\"@id\":\"https:\/\/metaltale.com\/lv\/produkts\/sienas-vannas-istabas-maisitajs-roza-zelta-krasa-copper-2\/\",\"url\":\"https:\/\/metaltale.com\/lv\/produkts\/sienas-vannas-istabas-maisitajs-roza-zelta-krasa-copper-2\/\",\"name\":\"Sienas vannas istabas mais\u012bt\u0101js roz\u0101 zelta kr\u0101s\u0101 COPPER 2 - MetalTale.com\",\"isPartOf\":{\"@id\":\"https:\/\/metaltale.com\/lv\/#website\"},\"primaryImageOfPage\":{\"@id\":\"https:\/\/metaltale.com\/lv\/produkts\/sienas-vannas-istabas-maisitajs-roza-zelta-krasa-copper-2\/#primaryimage\"},\"image\":{\"@id\":\"https:\/\/metaltale.com\/lv\/produkts\/sienas-vannas-istabas-maisitajs-roza-zelta-krasa-copper-2\/#primaryimage\"},\"thumbnailUrl\":\"https:\/\/metaltale.com\/wp-content\/uploads\/2023\/10\/Sieninis-vonios-maix161ytuvas-COPPER-2.jpg\",\"datePublished\":\"2024-02-13T12:41:05+00:00\",\"breadcrumb\":{\"@id\":\"https:\/\/metaltale.com\/lv\/produkts\/sienas-vannas-istabas-maisitajs-roza-zelta-krasa-copper-2\/#breadcrumb\"},\"inLanguage\":\"lv-LV\",\"potentialAction\":[{\"@type\":\"ReadAction\",\"target\":[\"https:\/\/metaltale.com\/lv\/produkts\/sienas-vannas-istabas-maisitajs-roza-zelta-krasa-copper-2\/\"]}]},{\"@type\":\"ImageObject\",\"inLanguage\":\"lv-LV\",\"@id\":\"https:\/\/metaltale.com\/lv\/produkts\/sienas-vannas-istabas-maisitajs-roza-zelta-krasa-copper-2\/#primaryimage\",\"url\":\"https:\/\/metaltale.com\/wp-content\/uploads\/2023\/10\/Sieninis-vonios-maix161ytuvas-COPPER-2.jpg\",\"contentUrl\":\"https:\/\/metaltale.com\/wp-content\/uploads\/2023\/10\/Sieninis-vonios-maix161ytuvas-COPPER-2.jpg\",\"width\":800,\"height\":800},{\"@type\":\"BreadcrumbList\",\"@id\":\"https:\/\/metaltale.com\/lv\/produkts\/sienas-vannas-istabas-maisitajs-roza-zelta-krasa-copper-2\/#breadcrumb\",\"itemListElement\":[{\"@type\":\"ListItem\",\"position\":1,\"name\":\"Home\",\"item\":\"https:\/\/metaltale.com\/lv\/majas\/\"},{\"@type\":\"ListItem\",\"position\":2,\"name\":\"Veikals\",\"item\":\"https:\/\/metaltale.com\/lv\/shop\/\"},{\"@type\":\"ListItem\",\"position\":3,\"name\":\"Sienas vannas istabas mais\u012bt\u0101js roz\u0101 zelta kr\u0101s\u0101 COPPER 2\"}]},{\"@type\":\"WebSite\",\"@id\":\"https:\/\/metaltale.com\/lv\/#website\",\"url\":\"https:\/\/metaltale.com\/lv\/\",\"name\":\"Metaltale.com\",\"description\":\"\",\"potentialAction\":[{\"@type\":\"SearchAction\",\"target\":{\"@type\":\"EntryPoint\",\"urlTemplate\":\"https:\/\/metaltale.com\/lv\/?s={search_term_string}\"},\"query-input\":{\"@type\":\"PropertyValueSpecification\",\"valueRequired\":true,\"valueName\":\"search_term_string\"}}],\"inLanguage\":\"lv-LV\"}]}<\/script>\n<!-- \/ Yoast SEO plugin. -->","yoast_head_json":{"title":"Sienas vannas istabas mais\u012bt\u0101js roz\u0101 zelta kr\u0101s\u0101 COPPER 2 - MetalTale.com","robots":{"index":"index","follow":"follow","max-snippet":"max-snippet:-1","max-image-preview":"max-image-preview:large","max-video-preview":"max-video-preview:-1"},"canonical":"https:\/\/metaltale.com\/lv\/produkts\/sienas-vannas-istabas-maisitajs-roza-zelta-krasa-copper-2\/","og_locale":"lv_LV","og_type":"article","og_title":"Sienas vannas istabas mais\u012bt\u0101js roz\u0101 zelta kr\u0101s\u0101 COPPER 2 - MetalTale.com","og_description":"Modelis WX.CO. BW2. RZL Vara kolekcija EAN. 5905369901089 Iztekas garums (cm ) 11 Materi\u0101ls Misi\u0146\u0161 Kop\u0113jais augstums (cm ) 31","og_url":"https:\/\/metaltale.com\/lv\/produkts\/sienas-vannas-istabas-maisitajs-roza-zelta-krasa-copper-2\/","og_site_name":"MetalTale.com","twitter_card":"summary_large_image","twitter_misc":{"Est. reading time":"1 minute"},"schema":{"@context":"https:\/\/schema.org","@graph":[{"@type":"WebPage","@id":"https:\/\/metaltale.com\/lv\/produkts\/sienas-vannas-istabas-maisitajs-roza-zelta-krasa-copper-2\/","url":"https:\/\/metaltale.com\/lv\/produkts\/sienas-vannas-istabas-maisitajs-roza-zelta-krasa-copper-2\/","name":"Sienas vannas istabas mais\u012bt\u0101js roz\u0101 zelta kr\u0101s\u0101 COPPER 2 - MetalTale.com","isPartOf":{"@id":"https:\/\/metaltale.com\/lv\/#website"},"primaryImageOfPage":{"@id":"https:\/\/metaltale.com\/lv\/produkts\/sienas-vannas-istabas-maisitajs-roza-zelta-krasa-copper-2\/#primaryimage"},"image":{"@id":"https:\/\/metaltale.com\/lv\/produkts\/sienas-vannas-istabas-maisitajs-roza-zelta-krasa-copper-2\/#primaryimage"},"thumbnailUrl":"https:\/\/metaltale.com\/wp-content\/uploads\/2023\/10\/Sieninis-vonios-maix161ytuvas-COPPER-2.jpg","datePublished":"2024-02-13T12:41:05+00:00","breadcrumb":{"@id":"https:\/\/metaltale.com\/lv\/produkts\/sienas-vannas-istabas-maisitajs-roza-zelta-krasa-copper-2\/#breadcrumb"},"inLanguage":"lv-LV","potentialAction":[{"@type":"ReadAction","target":["https:\/\/metaltale.com\/lv\/produkts\/sienas-vannas-istabas-maisitajs-roza-zelta-krasa-copper-2\/"]}]},{"@type":"ImageObject","inLanguage":"lv-LV","@id":"https:\/\/metaltale.com\/lv\/produkts\/sienas-vannas-istabas-maisitajs-roza-zelta-krasa-copper-2\/#primaryimage","url":"https:\/\/metaltale.com\/wp-content\/uploads\/2023\/10\/Sieninis-vonios-maix161ytuvas-COPPER-2.jpg","contentUrl":"https:\/\/metaltale.com\/wp-content\/uploads\/2023\/10\/Sieninis-vonios-maix161ytuvas-COPPER-2.jpg","width":800,"height":800},{"@type":"BreadcrumbList","@id":"https:\/\/metaltale.com\/lv\/produkts\/sienas-vannas-istabas-maisitajs-roza-zelta-krasa-copper-2\/#breadcrumb","itemListElement":[{"@type":"ListItem","position":1,"name":"Home","item":"https:\/\/metaltale.com\/lv\/majas\/"},{"@type":"ListItem","position":2,"name":"Veikals","item":"https:\/\/metaltale.com\/lv\/shop\/"},{"@type":"ListItem","position":3,"name":"Sienas vannas istabas mais\u012bt\u0101js roz\u0101 zelta kr\u0101s\u0101 COPPER 2"}]},{"@type":"WebSite","@id":"https:\/\/metaltale.com\/lv\/#website","url":"https:\/\/metaltale.com\/lv\/","name":"Metaltale.com","description":"","potentialAction":[{"@type":"SearchAction","target":{"@type":"EntryPoint","urlTemplate":"https:\/\/metaltale.com\/lv\/?s={search_term_string}"},"query-input":{"@type":"PropertyValueSpecification","valueRequired":true,"valueName":"search_term_string"}}],"inLanguage":"lv-LV"}]}},"_links":{"self":[{"href":"https:\/\/metaltale.com\/lv\/wp-json\/wp\/v2\/product\/134998","targetHints":{"allow":["GET"]}}],"collection":[{"href":"https:\/\/metaltale.com\/lv\/wp-json\/wp\/v2\/product"}],"about":[{"href":"https:\/\/metaltale.com\/lv\/wp-json\/wp\/v2\/types\/product"}],"replies":[{"embeddable":true,"href":"https:\/\/metaltale.com\/lv\/wp-json\/wp\/v2\/comments?post=134998"}],"version-history":[{"count":0,"href":"https:\/\/metaltale.com\/lv\/wp-json\/wp\/v2\/product\/134998\/revisions"}],"wp:featuredmedia":[{"embeddable":true,"href":"https:\/\/metaltale.com\/lv\/wp-json\/wp\/v2\/media\/89358"}],"wp:attachment":[{"href":"https:\/\/metaltale.com\/lv\/wp-json\/wp\/v2\/media?parent=134998"}],"wp:term":[{"taxonomy":"product_brand","embeddable":true,"href":"https:\/\/metaltale.com\/lv\/wp-json\/wp\/v2\/product_brand?post=134998"},{"taxonomy":"product_cat","embeddable":true,"href":"https:\/\/metaltale.com\/lv\/wp-json\/wp\/v2\/product_cat?post=134998"},{"taxonomy":"product_tag","embeddable":true,"href":"https:\/\/metaltale.com\/lv\/wp-json\/wp\/v2\/product_tag?post=134998"}],"curies":[{"name":"wp","href":"https:\/\/api.w.org\/{rel}","templated":true}]}}