{"id":134995,"date":"2024-02-13T14:41:05","date_gmt":"2024-02-13T12:41:05","guid":{"rendered":"https:\/\/metaltale.com\/produktas\/sienas-maisitajs-roza-zelts-copper-1-high\/"},"modified":"2024-02-13T14:41:05","modified_gmt":"2024-02-13T12:41:05","slug":"sienas-maisitajs-roza-zelts-copper-1-high","status":"publish","type":"product","link":"https:\/\/metaltale.com\/lv\/produkts\/sienas-maisitajs-roza-zelts-copper-1-high\/","title":{"rendered":"Sienas mais\u012bt\u0101js roz\u0101 zelts COPPER 1 HIGH"},"content":{"rendered":"<div class=\"prod_data\"><strong>Modelis<\/strong> WX.CO. B1. HIG. RZL  <br \/>Vara kolekcija <br \/><strong>EAN.<\/strong>  5905369900471  <br \/>Jauc\u0113jkr\u0101na tips Pie sienas <br \/><strong>Izsmidzin\u0101t\u0101ja garums (cm<\/strong> ) 18,5  <br \/>Materi\u0101ls Misi\u0146\u0161 <br \/><strong>Kop\u0113jais augstums (cm<\/strong> ) 26,5  <br \/>Att\u0101lums starp kr\u0101niem (cm ) 15 <br \/>Perlators (aerators ) J\u0101 <br \/>Rot\u0113jo\u0161s izsmidzin\u0101t\u0101js J\u0101 <br \/>Kr\u0101sa Roz\u0101 zelts <br \/>Apdares sp\u012bdums <br \/><strong>Papildu inform\u0101cija<\/strong> Savienot\u0101js S 1\/2&#8243; x 3\/4&#8243;  <\/p>\n<p>&#8211; misi\u0146a vannas istabas vai virtuves sienas mais\u012bt\u0101js<br \/>&#8211; rot\u0113jo\u0161s izsmidzin\u0101t\u0101js<br \/>&#8211; keramikas galva &#8211; elements, kas nodro\u0161ina pareizu \u016bdens sadali.<br \/>&#8211; Aerators &#8211; aerators, kas samazina \u016bdens pat\u0113ri\u0146u<br \/>&#8211; hidraulisko savienot\u0101ju nosedzo\u0161\u0101s rozetes diametrs ir 6 cm.<br \/>&#8211; viegla apkope &#8211; silts \u016bdens un PH neitr\u0101las ziepes.<br \/>&#8211; skat\u012bt citus Copper s\u0113rijas mode\u013cus<\/p>\n<hr>\n<p>\u0160aura darba virsma virtuv\u0113 vai vannas istab\u0101? Vai varb\u016bt j\u016bs vienk\u0101r\u0161i mekl\u0113jat iesp\u0113ju atp\u016bsties no tipiskajiem galda mikseriem? &#8220;Cooper sienas mais\u012bt\u0101js ir alternat\u012bva, ko v\u0113rts apsv\u0113rt. Pagrie\u017eamais izsmidzin\u0101t\u0101js palielina lieto\u0161anas \u0113rtumu un \u013cauj bez probl\u0113m\u0101m mazg\u0101t liel\u0101kus traukus. Sienas mais\u012bt\u0101ja unik\u0101l\u0101s kr\u0101sas izgaismos jebkuru telpu un padar\u012bs to par lielisku dekoru. Savuk\u0101rt, pateicoties \u013coti vienk\u0101r\u0161iem apkopes noteikumiem, pie sienas uzst\u0101d\u012btais mais\u012bt\u0101js vienm\u0113r izskat\u012bsies nevainojami.<\/p>\n<\/div>\n","protected":false},"excerpt":{"rendered":"<p>Modelis WX.CO. B1. HIG. RZL Vara kolekcija EAN. 5905369900471 Jauc\u0113jkr\u0101na tips Pie sienas Izsmidzin\u0101t\u0101ja garums (cm ) 18,5 Materi\u0101ls Misi\u0146\u0161<\/p>\n","protected":false},"featured_media":89300,"comment_status":"open","ping_status":"closed","template":"","meta":{"_acf_changed":false,"pmpro_default_level":""},"product_brand":[],"product_cat":[24098],"product_tag":[],"class_list":{"0":"post-134995","1":"product","2":"type-product","3":"status-publish","4":"has-post-thumbnail","6":"product_cat-pie-sienas-montejami-virtuves-maisitaji","7":"pmpro-has-access","9":"first","10":"instock","11":"shipping-taxable","12":"purchasable","13":"product-type-simple"},"acf":[],"yoast_head":"<!-- This site is optimized with the Yoast SEO plugin v24.9 - https:\/\/yoast.com\/wordpress\/plugins\/seo\/ -->\n<title>Sienas mais\u012bt\u0101js roz\u0101 zelts COPPER 1 HIGH - MetalTale.com<\/title>\n<meta name=\"robots\" content=\"index, follow, max-snippet:-1, max-image-preview:large, max-video-preview:-1\" \/>\n<link rel=\"canonical\" href=\"https:\/\/metaltale.com\/lv\/produkts\/sienas-maisitajs-roza-zelts-copper-1-high\/\" \/>\n<meta property=\"og:locale\" content=\"lv_LV\" \/>\n<meta property=\"og:type\" content=\"article\" \/>\n<meta property=\"og:title\" content=\"Sienas mais\u012bt\u0101js roz\u0101 zelts COPPER 1 HIGH - MetalTale.com\" \/>\n<meta property=\"og:description\" content=\"Modelis WX.CO. B1. HIG. RZL Vara kolekcija EAN. 5905369900471 Jauc\u0113jkr\u0101na tips Pie sienas Izsmidzin\u0101t\u0101ja garums (cm ) 18,5 Materi\u0101ls Misi\u0146\u0161\" \/>\n<meta property=\"og:url\" content=\"https:\/\/metaltale.com\/lv\/produkts\/sienas-maisitajs-roza-zelts-copper-1-high\/\" \/>\n<meta property=\"og:site_name\" content=\"MetalTale.com\" \/>\n<meta name=\"twitter:card\" content=\"summary_large_image\" \/>\n<meta name=\"twitter:label1\" content=\"Est. reading time\" \/>\n\t<meta name=\"twitter:data1\" content=\"1 minute\" \/>\n<script type=\"application\/ld+json\" class=\"yoast-schema-graph\">{\"@context\":\"https:\/\/schema.org\",\"@graph\":[{\"@type\":\"WebPage\",\"@id\":\"https:\/\/metaltale.com\/lv\/produkts\/sienas-maisitajs-roza-zelts-copper-1-high\/\",\"url\":\"https:\/\/metaltale.com\/lv\/produkts\/sienas-maisitajs-roza-zelts-copper-1-high\/\",\"name\":\"Sienas mais\u012bt\u0101js roz\u0101 zelts COPPER 1 HIGH - MetalTale.com\",\"isPartOf\":{\"@id\":\"https:\/\/metaltale.com\/lv\/#website\"},\"primaryImageOfPage\":{\"@id\":\"https:\/\/metaltale.com\/lv\/produkts\/sienas-maisitajs-roza-zelts-copper-1-high\/#primaryimage\"},\"image\":{\"@id\":\"https:\/\/metaltale.com\/lv\/produkts\/sienas-maisitajs-roza-zelts-copper-1-high\/#primaryimage\"},\"thumbnailUrl\":\"https:\/\/metaltale.com\/wp-content\/uploads\/2023\/10\/Sieninis-maix161ytuvas-rox17Einis-auksas-VARIS-1-AUKx160TAS.jpg\",\"datePublished\":\"2024-02-13T12:41:05+00:00\",\"breadcrumb\":{\"@id\":\"https:\/\/metaltale.com\/lv\/produkts\/sienas-maisitajs-roza-zelts-copper-1-high\/#breadcrumb\"},\"inLanguage\":\"lv-LV\",\"potentialAction\":[{\"@type\":\"ReadAction\",\"target\":[\"https:\/\/metaltale.com\/lv\/produkts\/sienas-maisitajs-roza-zelts-copper-1-high\/\"]}]},{\"@type\":\"ImageObject\",\"inLanguage\":\"lv-LV\",\"@id\":\"https:\/\/metaltale.com\/lv\/produkts\/sienas-maisitajs-roza-zelts-copper-1-high\/#primaryimage\",\"url\":\"https:\/\/metaltale.com\/wp-content\/uploads\/2023\/10\/Sieninis-maix161ytuvas-rox17Einis-auksas-VARIS-1-AUKx160TAS.jpg\",\"contentUrl\":\"https:\/\/metaltale.com\/wp-content\/uploads\/2023\/10\/Sieninis-maix161ytuvas-rox17Einis-auksas-VARIS-1-AUKx160TAS.jpg\",\"width\":800,\"height\":800},{\"@type\":\"BreadcrumbList\",\"@id\":\"https:\/\/metaltale.com\/lv\/produkts\/sienas-maisitajs-roza-zelts-copper-1-high\/#breadcrumb\",\"itemListElement\":[{\"@type\":\"ListItem\",\"position\":1,\"name\":\"Home\",\"item\":\"https:\/\/metaltale.com\/lv\/majas\/\"},{\"@type\":\"ListItem\",\"position\":2,\"name\":\"Veikals\",\"item\":\"https:\/\/metaltale.com\/lv\/shop\/\"},{\"@type\":\"ListItem\",\"position\":3,\"name\":\"Sienas mais\u012bt\u0101js roz\u0101 zelts COPPER 1 HIGH\"}]},{\"@type\":\"WebSite\",\"@id\":\"https:\/\/metaltale.com\/lv\/#website\",\"url\":\"https:\/\/metaltale.com\/lv\/\",\"name\":\"Metaltale.com\",\"description\":\"\",\"potentialAction\":[{\"@type\":\"SearchAction\",\"target\":{\"@type\":\"EntryPoint\",\"urlTemplate\":\"https:\/\/metaltale.com\/lv\/?s={search_term_string}\"},\"query-input\":{\"@type\":\"PropertyValueSpecification\",\"valueRequired\":true,\"valueName\":\"search_term_string\"}}],\"inLanguage\":\"lv-LV\"}]}<\/script>\n<!-- \/ Yoast SEO plugin. -->","yoast_head_json":{"title":"Sienas mais\u012bt\u0101js roz\u0101 zelts COPPER 1 HIGH - MetalTale.com","robots":{"index":"index","follow":"follow","max-snippet":"max-snippet:-1","max-image-preview":"max-image-preview:large","max-video-preview":"max-video-preview:-1"},"canonical":"https:\/\/metaltale.com\/lv\/produkts\/sienas-maisitajs-roza-zelts-copper-1-high\/","og_locale":"lv_LV","og_type":"article","og_title":"Sienas mais\u012bt\u0101js roz\u0101 zelts COPPER 1 HIGH - MetalTale.com","og_description":"Modelis WX.CO. B1. HIG. RZL Vara kolekcija EAN. 5905369900471 Jauc\u0113jkr\u0101na tips Pie sienas Izsmidzin\u0101t\u0101ja garums (cm ) 18,5 Materi\u0101ls Misi\u0146\u0161","og_url":"https:\/\/metaltale.com\/lv\/produkts\/sienas-maisitajs-roza-zelts-copper-1-high\/","og_site_name":"MetalTale.com","twitter_card":"summary_large_image","twitter_misc":{"Est. reading time":"1 minute"},"schema":{"@context":"https:\/\/schema.org","@graph":[{"@type":"WebPage","@id":"https:\/\/metaltale.com\/lv\/produkts\/sienas-maisitajs-roza-zelts-copper-1-high\/","url":"https:\/\/metaltale.com\/lv\/produkts\/sienas-maisitajs-roza-zelts-copper-1-high\/","name":"Sienas mais\u012bt\u0101js roz\u0101 zelts COPPER 1 HIGH - MetalTale.com","isPartOf":{"@id":"https:\/\/metaltale.com\/lv\/#website"},"primaryImageOfPage":{"@id":"https:\/\/metaltale.com\/lv\/produkts\/sienas-maisitajs-roza-zelts-copper-1-high\/#primaryimage"},"image":{"@id":"https:\/\/metaltale.com\/lv\/produkts\/sienas-maisitajs-roza-zelts-copper-1-high\/#primaryimage"},"thumbnailUrl":"https:\/\/metaltale.com\/wp-content\/uploads\/2023\/10\/Sieninis-maix161ytuvas-rox17Einis-auksas-VARIS-1-AUKx160TAS.jpg","datePublished":"2024-02-13T12:41:05+00:00","breadcrumb":{"@id":"https:\/\/metaltale.com\/lv\/produkts\/sienas-maisitajs-roza-zelts-copper-1-high\/#breadcrumb"},"inLanguage":"lv-LV","potentialAction":[{"@type":"ReadAction","target":["https:\/\/metaltale.com\/lv\/produkts\/sienas-maisitajs-roza-zelts-copper-1-high\/"]}]},{"@type":"ImageObject","inLanguage":"lv-LV","@id":"https:\/\/metaltale.com\/lv\/produkts\/sienas-maisitajs-roza-zelts-copper-1-high\/#primaryimage","url":"https:\/\/metaltale.com\/wp-content\/uploads\/2023\/10\/Sieninis-maix161ytuvas-rox17Einis-auksas-VARIS-1-AUKx160TAS.jpg","contentUrl":"https:\/\/metaltale.com\/wp-content\/uploads\/2023\/10\/Sieninis-maix161ytuvas-rox17Einis-auksas-VARIS-1-AUKx160TAS.jpg","width":800,"height":800},{"@type":"BreadcrumbList","@id":"https:\/\/metaltale.com\/lv\/produkts\/sienas-maisitajs-roza-zelts-copper-1-high\/#breadcrumb","itemListElement":[{"@type":"ListItem","position":1,"name":"Home","item":"https:\/\/metaltale.com\/lv\/majas\/"},{"@type":"ListItem","position":2,"name":"Veikals","item":"https:\/\/metaltale.com\/lv\/shop\/"},{"@type":"ListItem","position":3,"name":"Sienas mais\u012bt\u0101js roz\u0101 zelts COPPER 1 HIGH"}]},{"@type":"WebSite","@id":"https:\/\/metaltale.com\/lv\/#website","url":"https:\/\/metaltale.com\/lv\/","name":"Metaltale.com","description":"","potentialAction":[{"@type":"SearchAction","target":{"@type":"EntryPoint","urlTemplate":"https:\/\/metaltale.com\/lv\/?s={search_term_string}"},"query-input":{"@type":"PropertyValueSpecification","valueRequired":true,"valueName":"search_term_string"}}],"inLanguage":"lv-LV"}]}},"_links":{"self":[{"href":"https:\/\/metaltale.com\/lv\/wp-json\/wp\/v2\/product\/134995","targetHints":{"allow":["GET"]}}],"collection":[{"href":"https:\/\/metaltale.com\/lv\/wp-json\/wp\/v2\/product"}],"about":[{"href":"https:\/\/metaltale.com\/lv\/wp-json\/wp\/v2\/types\/product"}],"replies":[{"embeddable":true,"href":"https:\/\/metaltale.com\/lv\/wp-json\/wp\/v2\/comments?post=134995"}],"version-history":[{"count":0,"href":"https:\/\/metaltale.com\/lv\/wp-json\/wp\/v2\/product\/134995\/revisions"}],"wp:featuredmedia":[{"embeddable":true,"href":"https:\/\/metaltale.com\/lv\/wp-json\/wp\/v2\/media\/89300"}],"wp:attachment":[{"href":"https:\/\/metaltale.com\/lv\/wp-json\/wp\/v2\/media?parent=134995"}],"wp:term":[{"taxonomy":"product_brand","embeddable":true,"href":"https:\/\/metaltale.com\/lv\/wp-json\/wp\/v2\/product_brand?post=134995"},{"taxonomy":"product_cat","embeddable":true,"href":"https:\/\/metaltale.com\/lv\/wp-json\/wp\/v2\/product_cat?post=134995"},{"taxonomy":"product_tag","embeddable":true,"href":"https:\/\/metaltale.com\/lv\/wp-json\/wp\/v2\/product_tag?post=134995"}],"curies":[{"name":"wp","href":"https:\/\/api.w.org\/{rel}","templated":true}]}}