{"id":134985,"date":"2024-02-13T13:51:04","date_gmt":"2024-02-13T11:51:04","guid":{"rendered":"https:\/\/metaltale.com\/produktas\/sienas-maisitajs-melns-york-2-stavs\/"},"modified":"2024-02-13T13:51:04","modified_gmt":"2024-02-13T11:51:04","slug":"sienas-maisitajs-melns-york-2-stavs","status":"publish","type":"product","link":"https:\/\/metaltale.com\/lv\/produkts\/sienas-maisitajs-melns-york-2-stavs\/","title":{"rendered":"Sienas mais\u012bt\u0101js melns YORK 2 st\u0101vs"},"content":{"rendered":"<div class=\"prod_data\">WX <strong>modelis<\/strong>. B3215. HIG. BLA  <br \/>Jorkas <strong>kolekcija<\/strong>  <br \/><strong>EAN.<\/strong>  5905369900440  <br \/>Jauc\u0113jkr\u0101na tips Pie sienas <br \/>Izsmidzin\u0101t\u0101ja garums (cm ) 18 <br \/>Materi\u0101ls Misi\u0146\u0161 <br \/><strong>Kop\u0113jais augstums (cm<\/strong> ) 25,5  <br \/>Att\u0101lums starp kr\u0101niem (cm ) 15 <br \/>Perlators (aerators ) J\u0101 <br \/>Rot\u0113jo\u0161s izsmidzin\u0101t\u0101js J\u0101 <br \/><strong>Kr\u0101sa<\/strong> Melna  <br \/>Apdare M\u012bksta, sat\u012bna efekts <br \/><strong>Papildu inform\u0101cija<\/strong> Savienot\u0101js S 1\/2&#8243; x 3\/4&#8243;  <br \/>Kop\u0113jais platums (cm ) 20 <br \/>Kop\u0113j\u0101 projekcija (cm ) 26 <\/p>\n<p>&#8211; misi\u0146a vannas istabas vai virtuves sienas mais\u012bt\u0101js<br \/>&#8211; rot\u0113jo\u0161s izsmidzin\u0101t\u0101js<br \/>&#8211; keramikas galva &#8211; elements, kas nodro\u0161ina pareizu \u016bdens sadali.<br \/>&#8211; Aerators &#8211; aerators, kas samazina \u016bdens pat\u0113ri\u0146u<br \/>&#8211; Hidraulisko savienot\u0101ju nosedzo\u0161\u0101s rozetes diametrs: 6 cm<br \/>&#8211; viegla apkope &#8211; silts \u016bdens un PH neitr\u0101las ziepes.<br \/>&#8211; skatiet citus mode\u013cus kolekcij\u0101 Simply Retro<\/p>\n<hr>\n<p>Klasiskais sienas mais\u012bt\u0101js ar retro izskatu ir risin\u0101jums, kas darbojas gan k\u0101 izlietnes mais\u012bt\u0101js, gan k\u0101 izlietnes mais\u012bt\u0101js. Misi\u0146a kr\u0101ns ir da\u013c\u0113ji mat\u0113ts, un ant\u012bki meln\u0101 kr\u0101sa ir papildin\u0101ta ar stil\u012bgiem skr\u0101p\u0113jumiem. Sienas mais\u012bt\u0101ja \u013coti vienk\u0101r\u0161\u0101, reljef\u0101 veidot\u0101 forma ir ide\u0101li piem\u0113rota retro b\u0113ni\u0146u iek\u0101rtojumam, kas atg\u0101dina vec\u0101s r\u016bpn\u012bcas. Tradicion\u0101lajiem kr\u0101niem ir \u012bpa\u0161s ieguld\u012bjums kr\u0101nu stil\u0101. Pagrie\u017eamais augstais izsmidzin\u0101t\u0101js ir ide\u0101ls risin\u0101jums virtuvei. Misi\u0146a sienas kr\u0101nam ir augsta kvalit\u0101te un dizaina izskats. Tas ir izgatavots atbilsto\u0161i m\u016bsdienu standartiem &#8211; aerators, keramikas galvi\u0146a, augstas kvalit\u0101tes misi\u0146\u0161. L\u012bdz s\u012bk\u0101kajai deta\u013cai izsmalcin\u0101tais pie sienas mont\u0113jamais mais\u012bt\u0101js apmierin\u0101s pat vispras\u012bg\u0101ko pat\u0113r\u0113t\u0101ju v\u0113lmes.  <\/p>\n<hr>\n<\/div>\n","protected":false},"excerpt":{"rendered":"<p>WX modelis. B3215. HIG. BLA Jorkas kolekcija EAN. 5905369900440 Jauc\u0113jkr\u0101na tips Pie sienas Izsmidzin\u0101t\u0101ja garums (cm ) 18 Materi\u0101ls Misi\u0146\u0161<\/p>\n","protected":false},"featured_media":81253,"comment_status":"open","ping_status":"closed","template":"","meta":{"_acf_changed":false,"pmpro_default_level":""},"product_brand":[],"product_cat":[24098],"product_tag":[],"class_list":{"0":"post-134985","1":"product","2":"type-product","3":"status-publish","4":"has-post-thumbnail","6":"product_cat-pie-sienas-montejami-virtuves-maisitaji","7":"pmpro-has-access","9":"first","10":"instock","11":"shipping-taxable","12":"purchasable","13":"product-type-simple"},"acf":[],"yoast_head":"<!-- This site is optimized with the Yoast SEO plugin v24.9 - https:\/\/yoast.com\/wordpress\/plugins\/seo\/ -->\n<title>Sienas mais\u012bt\u0101js melns YORK 2 st\u0101vs - MetalTale.com<\/title>\n<meta name=\"robots\" content=\"index, follow, max-snippet:-1, max-image-preview:large, max-video-preview:-1\" \/>\n<link rel=\"canonical\" href=\"https:\/\/metaltale.com\/lv\/produkts\/sienas-maisitajs-melns-york-2-stavs\/\" \/>\n<meta property=\"og:locale\" content=\"lv_LV\" \/>\n<meta property=\"og:type\" content=\"article\" \/>\n<meta property=\"og:title\" content=\"Sienas mais\u012bt\u0101js melns YORK 2 st\u0101vs - MetalTale.com\" \/>\n<meta property=\"og:description\" content=\"WX modelis. B3215. HIG. BLA Jorkas kolekcija EAN. 5905369900440 Jauc\u0113jkr\u0101na tips Pie sienas Izsmidzin\u0101t\u0101ja garums (cm ) 18 Materi\u0101ls Misi\u0146\u0161\" \/>\n<meta property=\"og:url\" content=\"https:\/\/metaltale.com\/lv\/produkts\/sienas-maisitajs-melns-york-2-stavs\/\" \/>\n<meta property=\"og:site_name\" content=\"MetalTale.com\" \/>\n<meta name=\"twitter:card\" content=\"summary_large_image\" \/>\n<meta name=\"twitter:label1\" content=\"Est. reading time\" \/>\n\t<meta name=\"twitter:data1\" content=\"1 minute\" \/>\n<script type=\"application\/ld+json\" class=\"yoast-schema-graph\">{\"@context\":\"https:\/\/schema.org\",\"@graph\":[{\"@type\":\"WebPage\",\"@id\":\"https:\/\/metaltale.com\/lv\/produkts\/sienas-maisitajs-melns-york-2-stavs\/\",\"url\":\"https:\/\/metaltale.com\/lv\/produkts\/sienas-maisitajs-melns-york-2-stavs\/\",\"name\":\"Sienas mais\u012bt\u0101js melns YORK 2 st\u0101vs - MetalTale.com\",\"isPartOf\":{\"@id\":\"https:\/\/metaltale.com\/lv\/#website\"},\"primaryImageOfPage\":{\"@id\":\"https:\/\/metaltale.com\/lv\/produkts\/sienas-maisitajs-melns-york-2-stavs\/#primaryimage\"},\"image\":{\"@id\":\"https:\/\/metaltale.com\/lv\/produkts\/sienas-maisitajs-melns-york-2-stavs\/#primaryimage\"},\"thumbnailUrl\":\"https:\/\/metaltale.com\/wp-content\/uploads\/2023\/10\/Bateria-x15Bcienna-YORK-2.jpg\",\"datePublished\":\"2024-02-13T11:51:04+00:00\",\"breadcrumb\":{\"@id\":\"https:\/\/metaltale.com\/lv\/produkts\/sienas-maisitajs-melns-york-2-stavs\/#breadcrumb\"},\"inLanguage\":\"lv-LV\",\"potentialAction\":[{\"@type\":\"ReadAction\",\"target\":[\"https:\/\/metaltale.com\/lv\/produkts\/sienas-maisitajs-melns-york-2-stavs\/\"]}]},{\"@type\":\"ImageObject\",\"inLanguage\":\"lv-LV\",\"@id\":\"https:\/\/metaltale.com\/lv\/produkts\/sienas-maisitajs-melns-york-2-stavs\/#primaryimage\",\"url\":\"https:\/\/metaltale.com\/wp-content\/uploads\/2023\/10\/Bateria-x15Bcienna-YORK-2.jpg\",\"contentUrl\":\"https:\/\/metaltale.com\/wp-content\/uploads\/2023\/10\/Bateria-x15Bcienna-YORK-2.jpg\",\"width\":800,\"height\":800},{\"@type\":\"BreadcrumbList\",\"@id\":\"https:\/\/metaltale.com\/lv\/produkts\/sienas-maisitajs-melns-york-2-stavs\/#breadcrumb\",\"itemListElement\":[{\"@type\":\"ListItem\",\"position\":1,\"name\":\"Home\",\"item\":\"https:\/\/metaltale.com\/lv\/majas\/\"},{\"@type\":\"ListItem\",\"position\":2,\"name\":\"Veikals\",\"item\":\"https:\/\/metaltale.com\/lv\/shop\/\"},{\"@type\":\"ListItem\",\"position\":3,\"name\":\"Sienas mais\u012bt\u0101js melns YORK 2 st\u0101vs\"}]},{\"@type\":\"WebSite\",\"@id\":\"https:\/\/metaltale.com\/lv\/#website\",\"url\":\"https:\/\/metaltale.com\/lv\/\",\"name\":\"Metaltale.com\",\"description\":\"\",\"potentialAction\":[{\"@type\":\"SearchAction\",\"target\":{\"@type\":\"EntryPoint\",\"urlTemplate\":\"https:\/\/metaltale.com\/lv\/?s={search_term_string}\"},\"query-input\":{\"@type\":\"PropertyValueSpecification\",\"valueRequired\":true,\"valueName\":\"search_term_string\"}}],\"inLanguage\":\"lv-LV\"}]}<\/script>\n<!-- \/ Yoast SEO plugin. -->","yoast_head_json":{"title":"Sienas mais\u012bt\u0101js melns YORK 2 st\u0101vs - MetalTale.com","robots":{"index":"index","follow":"follow","max-snippet":"max-snippet:-1","max-image-preview":"max-image-preview:large","max-video-preview":"max-video-preview:-1"},"canonical":"https:\/\/metaltale.com\/lv\/produkts\/sienas-maisitajs-melns-york-2-stavs\/","og_locale":"lv_LV","og_type":"article","og_title":"Sienas mais\u012bt\u0101js melns YORK 2 st\u0101vs - MetalTale.com","og_description":"WX modelis. B3215. HIG. BLA Jorkas kolekcija EAN. 5905369900440 Jauc\u0113jkr\u0101na tips Pie sienas Izsmidzin\u0101t\u0101ja garums (cm ) 18 Materi\u0101ls Misi\u0146\u0161","og_url":"https:\/\/metaltale.com\/lv\/produkts\/sienas-maisitajs-melns-york-2-stavs\/","og_site_name":"MetalTale.com","twitter_card":"summary_large_image","twitter_misc":{"Est. reading time":"1 minute"},"schema":{"@context":"https:\/\/schema.org","@graph":[{"@type":"WebPage","@id":"https:\/\/metaltale.com\/lv\/produkts\/sienas-maisitajs-melns-york-2-stavs\/","url":"https:\/\/metaltale.com\/lv\/produkts\/sienas-maisitajs-melns-york-2-stavs\/","name":"Sienas mais\u012bt\u0101js melns YORK 2 st\u0101vs - MetalTale.com","isPartOf":{"@id":"https:\/\/metaltale.com\/lv\/#website"},"primaryImageOfPage":{"@id":"https:\/\/metaltale.com\/lv\/produkts\/sienas-maisitajs-melns-york-2-stavs\/#primaryimage"},"image":{"@id":"https:\/\/metaltale.com\/lv\/produkts\/sienas-maisitajs-melns-york-2-stavs\/#primaryimage"},"thumbnailUrl":"https:\/\/metaltale.com\/wp-content\/uploads\/2023\/10\/Bateria-x15Bcienna-YORK-2.jpg","datePublished":"2024-02-13T11:51:04+00:00","breadcrumb":{"@id":"https:\/\/metaltale.com\/lv\/produkts\/sienas-maisitajs-melns-york-2-stavs\/#breadcrumb"},"inLanguage":"lv-LV","potentialAction":[{"@type":"ReadAction","target":["https:\/\/metaltale.com\/lv\/produkts\/sienas-maisitajs-melns-york-2-stavs\/"]}]},{"@type":"ImageObject","inLanguage":"lv-LV","@id":"https:\/\/metaltale.com\/lv\/produkts\/sienas-maisitajs-melns-york-2-stavs\/#primaryimage","url":"https:\/\/metaltale.com\/wp-content\/uploads\/2023\/10\/Bateria-x15Bcienna-YORK-2.jpg","contentUrl":"https:\/\/metaltale.com\/wp-content\/uploads\/2023\/10\/Bateria-x15Bcienna-YORK-2.jpg","width":800,"height":800},{"@type":"BreadcrumbList","@id":"https:\/\/metaltale.com\/lv\/produkts\/sienas-maisitajs-melns-york-2-stavs\/#breadcrumb","itemListElement":[{"@type":"ListItem","position":1,"name":"Home","item":"https:\/\/metaltale.com\/lv\/majas\/"},{"@type":"ListItem","position":2,"name":"Veikals","item":"https:\/\/metaltale.com\/lv\/shop\/"},{"@type":"ListItem","position":3,"name":"Sienas mais\u012bt\u0101js melns YORK 2 st\u0101vs"}]},{"@type":"WebSite","@id":"https:\/\/metaltale.com\/lv\/#website","url":"https:\/\/metaltale.com\/lv\/","name":"Metaltale.com","description":"","potentialAction":[{"@type":"SearchAction","target":{"@type":"EntryPoint","urlTemplate":"https:\/\/metaltale.com\/lv\/?s={search_term_string}"},"query-input":{"@type":"PropertyValueSpecification","valueRequired":true,"valueName":"search_term_string"}}],"inLanguage":"lv-LV"}]}},"_links":{"self":[{"href":"https:\/\/metaltale.com\/lv\/wp-json\/wp\/v2\/product\/134985","targetHints":{"allow":["GET"]}}],"collection":[{"href":"https:\/\/metaltale.com\/lv\/wp-json\/wp\/v2\/product"}],"about":[{"href":"https:\/\/metaltale.com\/lv\/wp-json\/wp\/v2\/types\/product"}],"replies":[{"embeddable":true,"href":"https:\/\/metaltale.com\/lv\/wp-json\/wp\/v2\/comments?post=134985"}],"version-history":[{"count":0,"href":"https:\/\/metaltale.com\/lv\/wp-json\/wp\/v2\/product\/134985\/revisions"}],"wp:featuredmedia":[{"embeddable":true,"href":"https:\/\/metaltale.com\/lv\/wp-json\/wp\/v2\/media\/81253"}],"wp:attachment":[{"href":"https:\/\/metaltale.com\/lv\/wp-json\/wp\/v2\/media?parent=134985"}],"wp:term":[{"taxonomy":"product_brand","embeddable":true,"href":"https:\/\/metaltale.com\/lv\/wp-json\/wp\/v2\/product_brand?post=134985"},{"taxonomy":"product_cat","embeddable":true,"href":"https:\/\/metaltale.com\/lv\/wp-json\/wp\/v2\/product_cat?post=134985"},{"taxonomy":"product_tag","embeddable":true,"href":"https:\/\/metaltale.com\/lv\/wp-json\/wp\/v2\/product_tag?post=134985"}],"curies":[{"name":"wp","href":"https:\/\/api.w.org\/{rel}","templated":true}]}}