{"id":134982,"date":"2024-02-13T14:05:41","date_gmt":"2024-02-13T12:05:41","guid":{"rendered":"https:\/\/metaltale.com\/produktas\/sienas-maisitajs-melns-york-2-zemas\/"},"modified":"2024-02-13T14:05:41","modified_gmt":"2024-02-13T12:05:41","slug":"sienas-maisitajs-melns-york-2-zemas","status":"publish","type":"product","link":"https:\/\/metaltale.com\/lv\/produkts\/sienas-maisitajs-melns-york-2-zemas\/","title":{"rendered":"Sienas mais\u012bt\u0101js melns YORK 2 zemas"},"content":{"rendered":"<div class=\"prod_data\">WX <strong>modelis<\/strong>. B3215. SHO. BLA  <br \/>Jorkas <strong>kolekcija<\/strong>  <br \/><strong>EAN.<\/strong>  5905369900433  <br \/>Jauc\u0113jkr\u0101na tips Pie sienas <br \/>Izsmidzin\u0101t\u0101ja garums (cm ) 16 <br \/>Materi\u0101ls Misi\u0146\u0161 <br \/><strong>Kop\u0113jais augstums (cm<\/strong> ) 17  <br \/>Att\u0101lums starp kr\u0101niem (cm ) 15 <br \/>Perlators (aerators ) J\u0101 <br \/>Rot\u0113jo\u0161s izsmidzin\u0101t\u0101js J\u0101 <br \/><strong>Kr\u0101sa<\/strong> Melna  <br \/>Apdare M\u012bksta, sat\u012bna efekts <br \/><strong>Papildu inform\u0101cija<\/strong> Savienot\u0101js S 1\/2&#8243; x 3\/4&#8243;  <br \/>Kop\u0113jais platums (cm ) 20 <br \/>Kop\u0113j\u0101 projekcija (cm ) 24 <\/p>\n<div class=\"std\">\n<p>&#8211; misi\u0146a vannas istabas vai virtuves sienas mais\u012bt\u0101js<br \/>&#8211; rot\u0113jo\u0161s izsmidzin\u0101t\u0101js<br \/>&#8211; keramikas galva &#8211; elements, kas nodro\u0161ina pareizu \u016bdens sadali.<br \/>&#8211; Aerators &#8211; aerators, kas samazina \u016bdens pat\u0113ri\u0146u<br \/>&#8211; Hidraulisko savienot\u0101ju nosedzo\u0161\u0101s rozetes diametrs: 6 cm<br \/>&#8211; viegla apkope &#8211; silts \u016bdens un PH neitr\u0101las ziepes.<br \/>&#8211; Skat\u012bt citus York kolekcijas mode\u013cus<\/p>\n<hr>\n<p>Sienas mais\u012bt\u0101js ir klasisks risin\u0101jums gan vannas istab\u0101m, gan virtuv\u0113m, kas iek\u0101rtotas retro vai lauku stil\u0101. Pateicoties rot\u0113jo\u0161ajam izsmidzin\u0101t\u0101jam, j\u016bs varat viegli piel\u0101got mais\u012bt\u0101ja lieto\u0161anu sav\u0101m vajadz\u012bb\u0101m. Dekorat\u012bvos kr\u0101nus un izsmidzin\u0101t\u0101s virsmas reljefu m\u012bkstina meln\u0101 kr\u0101sa. Pateicoties \u0161\u0101dam dizainam, virtuves sienas mais\u012bt\u0101js palielin\u0101s interjera est\u0113tisko v\u0113rt\u012bbu, padarot to elegantu un pie\u0161\u0137irot tam ekskluzivit\u0101tes noska\u0146u.<\/p>\n<\/div>\n<\/div>\n","protected":false},"excerpt":{"rendered":"<p>WX modelis. B3215. SHO. BLA Jorkas kolekcija EAN. 5905369900433 Jauc\u0113jkr\u0101na tips Pie sienas Izsmidzin\u0101t\u0101ja garums (cm ) 16 Materi\u0101ls Misi\u0146\u0161<\/p>\n","protected":false},"featured_media":85278,"comment_status":"open","ping_status":"closed","template":"","meta":{"_acf_changed":false,"pmpro_default_level":""},"product_brand":[],"product_cat":[24098],"product_tag":[],"class_list":{"0":"post-134982","1":"product","2":"type-product","3":"status-publish","4":"has-post-thumbnail","6":"product_cat-pie-sienas-montejami-virtuves-maisitaji","7":"pmpro-has-access","9":"first","10":"instock","11":"shipping-taxable","12":"purchasable","13":"product-type-simple"},"acf":[],"yoast_head":"<!-- This site is optimized with the Yoast SEO plugin v24.9 - https:\/\/yoast.com\/wordpress\/plugins\/seo\/ -->\n<title>Sienas mais\u012bt\u0101js melns YORK 2 zemas - MetalTale.com<\/title>\n<meta name=\"robots\" content=\"index, follow, max-snippet:-1, max-image-preview:large, max-video-preview:-1\" \/>\n<link rel=\"canonical\" href=\"https:\/\/metaltale.com\/lv\/produkts\/sienas-maisitajs-melns-york-2-zemas\/\" \/>\n<meta property=\"og:locale\" content=\"lv_LV\" \/>\n<meta property=\"og:type\" content=\"article\" \/>\n<meta property=\"og:title\" content=\"Sienas mais\u012bt\u0101js melns YORK 2 zemas - MetalTale.com\" \/>\n<meta property=\"og:description\" content=\"WX modelis. B3215. SHO. BLA Jorkas kolekcija EAN. 5905369900433 Jauc\u0113jkr\u0101na tips Pie sienas Izsmidzin\u0101t\u0101ja garums (cm ) 16 Materi\u0101ls Misi\u0146\u0161\" \/>\n<meta property=\"og:url\" content=\"https:\/\/metaltale.com\/lv\/produkts\/sienas-maisitajs-melns-york-2-zemas\/\" \/>\n<meta property=\"og:site_name\" content=\"MetalTale.com\" \/>\n<meta name=\"twitter:card\" content=\"summary_large_image\" \/>\n<meta name=\"twitter:label1\" content=\"Est. reading time\" \/>\n\t<meta name=\"twitter:data1\" content=\"1 minute\" \/>\n<script type=\"application\/ld+json\" class=\"yoast-schema-graph\">{\"@context\":\"https:\/\/schema.org\",\"@graph\":[{\"@type\":\"WebPage\",\"@id\":\"https:\/\/metaltale.com\/lv\/produkts\/sienas-maisitajs-melns-york-2-zemas\/\",\"url\":\"https:\/\/metaltale.com\/lv\/produkts\/sienas-maisitajs-melns-york-2-zemas\/\",\"name\":\"Sienas mais\u012bt\u0101js melns YORK 2 zemas - MetalTale.com\",\"isPartOf\":{\"@id\":\"https:\/\/metaltale.com\/lv\/#website\"},\"primaryImageOfPage\":{\"@id\":\"https:\/\/metaltale.com\/lv\/produkts\/sienas-maisitajs-melns-york-2-zemas\/#primaryimage\"},\"image\":{\"@id\":\"https:\/\/metaltale.com\/lv\/produkts\/sienas-maisitajs-melns-york-2-zemas\/#primaryimage\"},\"thumbnailUrl\":\"https:\/\/metaltale.com\/wp-content\/uploads\/2023\/10\/Bateria-x15Bcienna-YORK-2-1.jpg\",\"datePublished\":\"2024-02-13T12:05:41+00:00\",\"breadcrumb\":{\"@id\":\"https:\/\/metaltale.com\/lv\/produkts\/sienas-maisitajs-melns-york-2-zemas\/#breadcrumb\"},\"inLanguage\":\"lv-LV\",\"potentialAction\":[{\"@type\":\"ReadAction\",\"target\":[\"https:\/\/metaltale.com\/lv\/produkts\/sienas-maisitajs-melns-york-2-zemas\/\"]}]},{\"@type\":\"ImageObject\",\"inLanguage\":\"lv-LV\",\"@id\":\"https:\/\/metaltale.com\/lv\/produkts\/sienas-maisitajs-melns-york-2-zemas\/#primaryimage\",\"url\":\"https:\/\/metaltale.com\/wp-content\/uploads\/2023\/10\/Bateria-x15Bcienna-YORK-2-1.jpg\",\"contentUrl\":\"https:\/\/metaltale.com\/wp-content\/uploads\/2023\/10\/Bateria-x15Bcienna-YORK-2-1.jpg\",\"width\":800,\"height\":800},{\"@type\":\"BreadcrumbList\",\"@id\":\"https:\/\/metaltale.com\/lv\/produkts\/sienas-maisitajs-melns-york-2-zemas\/#breadcrumb\",\"itemListElement\":[{\"@type\":\"ListItem\",\"position\":1,\"name\":\"Home\",\"item\":\"https:\/\/metaltale.com\/lv\/majas\/\"},{\"@type\":\"ListItem\",\"position\":2,\"name\":\"Veikals\",\"item\":\"https:\/\/metaltale.com\/lv\/shop\/\"},{\"@type\":\"ListItem\",\"position\":3,\"name\":\"Sienas mais\u012bt\u0101js melns YORK 2 zemas\"}]},{\"@type\":\"WebSite\",\"@id\":\"https:\/\/metaltale.com\/lv\/#website\",\"url\":\"https:\/\/metaltale.com\/lv\/\",\"name\":\"Metaltale.com\",\"description\":\"\",\"potentialAction\":[{\"@type\":\"SearchAction\",\"target\":{\"@type\":\"EntryPoint\",\"urlTemplate\":\"https:\/\/metaltale.com\/lv\/?s={search_term_string}\"},\"query-input\":{\"@type\":\"PropertyValueSpecification\",\"valueRequired\":true,\"valueName\":\"search_term_string\"}}],\"inLanguage\":\"lv-LV\"}]}<\/script>\n<!-- \/ Yoast SEO plugin. -->","yoast_head_json":{"title":"Sienas mais\u012bt\u0101js melns YORK 2 zemas - MetalTale.com","robots":{"index":"index","follow":"follow","max-snippet":"max-snippet:-1","max-image-preview":"max-image-preview:large","max-video-preview":"max-video-preview:-1"},"canonical":"https:\/\/metaltale.com\/lv\/produkts\/sienas-maisitajs-melns-york-2-zemas\/","og_locale":"lv_LV","og_type":"article","og_title":"Sienas mais\u012bt\u0101js melns YORK 2 zemas - MetalTale.com","og_description":"WX modelis. B3215. SHO. BLA Jorkas kolekcija EAN. 5905369900433 Jauc\u0113jkr\u0101na tips Pie sienas Izsmidzin\u0101t\u0101ja garums (cm ) 16 Materi\u0101ls Misi\u0146\u0161","og_url":"https:\/\/metaltale.com\/lv\/produkts\/sienas-maisitajs-melns-york-2-zemas\/","og_site_name":"MetalTale.com","twitter_card":"summary_large_image","twitter_misc":{"Est. reading time":"1 minute"},"schema":{"@context":"https:\/\/schema.org","@graph":[{"@type":"WebPage","@id":"https:\/\/metaltale.com\/lv\/produkts\/sienas-maisitajs-melns-york-2-zemas\/","url":"https:\/\/metaltale.com\/lv\/produkts\/sienas-maisitajs-melns-york-2-zemas\/","name":"Sienas mais\u012bt\u0101js melns YORK 2 zemas - MetalTale.com","isPartOf":{"@id":"https:\/\/metaltale.com\/lv\/#website"},"primaryImageOfPage":{"@id":"https:\/\/metaltale.com\/lv\/produkts\/sienas-maisitajs-melns-york-2-zemas\/#primaryimage"},"image":{"@id":"https:\/\/metaltale.com\/lv\/produkts\/sienas-maisitajs-melns-york-2-zemas\/#primaryimage"},"thumbnailUrl":"https:\/\/metaltale.com\/wp-content\/uploads\/2023\/10\/Bateria-x15Bcienna-YORK-2-1.jpg","datePublished":"2024-02-13T12:05:41+00:00","breadcrumb":{"@id":"https:\/\/metaltale.com\/lv\/produkts\/sienas-maisitajs-melns-york-2-zemas\/#breadcrumb"},"inLanguage":"lv-LV","potentialAction":[{"@type":"ReadAction","target":["https:\/\/metaltale.com\/lv\/produkts\/sienas-maisitajs-melns-york-2-zemas\/"]}]},{"@type":"ImageObject","inLanguage":"lv-LV","@id":"https:\/\/metaltale.com\/lv\/produkts\/sienas-maisitajs-melns-york-2-zemas\/#primaryimage","url":"https:\/\/metaltale.com\/wp-content\/uploads\/2023\/10\/Bateria-x15Bcienna-YORK-2-1.jpg","contentUrl":"https:\/\/metaltale.com\/wp-content\/uploads\/2023\/10\/Bateria-x15Bcienna-YORK-2-1.jpg","width":800,"height":800},{"@type":"BreadcrumbList","@id":"https:\/\/metaltale.com\/lv\/produkts\/sienas-maisitajs-melns-york-2-zemas\/#breadcrumb","itemListElement":[{"@type":"ListItem","position":1,"name":"Home","item":"https:\/\/metaltale.com\/lv\/majas\/"},{"@type":"ListItem","position":2,"name":"Veikals","item":"https:\/\/metaltale.com\/lv\/shop\/"},{"@type":"ListItem","position":3,"name":"Sienas mais\u012bt\u0101js melns YORK 2 zemas"}]},{"@type":"WebSite","@id":"https:\/\/metaltale.com\/lv\/#website","url":"https:\/\/metaltale.com\/lv\/","name":"Metaltale.com","description":"","potentialAction":[{"@type":"SearchAction","target":{"@type":"EntryPoint","urlTemplate":"https:\/\/metaltale.com\/lv\/?s={search_term_string}"},"query-input":{"@type":"PropertyValueSpecification","valueRequired":true,"valueName":"search_term_string"}}],"inLanguage":"lv-LV"}]}},"_links":{"self":[{"href":"https:\/\/metaltale.com\/lv\/wp-json\/wp\/v2\/product\/134982","targetHints":{"allow":["GET"]}}],"collection":[{"href":"https:\/\/metaltale.com\/lv\/wp-json\/wp\/v2\/product"}],"about":[{"href":"https:\/\/metaltale.com\/lv\/wp-json\/wp\/v2\/types\/product"}],"replies":[{"embeddable":true,"href":"https:\/\/metaltale.com\/lv\/wp-json\/wp\/v2\/comments?post=134982"}],"version-history":[{"count":0,"href":"https:\/\/metaltale.com\/lv\/wp-json\/wp\/v2\/product\/134982\/revisions"}],"wp:featuredmedia":[{"embeddable":true,"href":"https:\/\/metaltale.com\/lv\/wp-json\/wp\/v2\/media\/85278"}],"wp:attachment":[{"href":"https:\/\/metaltale.com\/lv\/wp-json\/wp\/v2\/media?parent=134982"}],"wp:term":[{"taxonomy":"product_brand","embeddable":true,"href":"https:\/\/metaltale.com\/lv\/wp-json\/wp\/v2\/product_brand?post=134982"},{"taxonomy":"product_cat","embeddable":true,"href":"https:\/\/metaltale.com\/lv\/wp-json\/wp\/v2\/product_cat?post=134982"},{"taxonomy":"product_tag","embeddable":true,"href":"https:\/\/metaltale.com\/lv\/wp-json\/wp\/v2\/product_tag?post=134982"}],"curies":[{"name":"wp","href":"https:\/\/api.w.org\/{rel}","templated":true}]}}