{"id":134979,"date":"2024-01-12T16:36:05","date_gmt":"2024-01-12T14:36:05","guid":{"rendered":"https:\/\/metaltale.com\/produktas\/sienas-maisitajs-melns-jork-1\/"},"modified":"2024-01-12T16:36:05","modified_gmt":"2024-01-12T14:36:05","slug":"sienas-maisitajs-melns-jork-1","status":"publish","type":"product","link":"https:\/\/metaltale.com\/lv\/produkts\/sienas-maisitajs-melns-jork-1\/","title":{"rendered":"Sienas mais\u012bt\u0101js melns JORK 1"},"content":{"rendered":"<div class=\"prod_data\">WX <strong>modelis<\/strong>. TX117. BLA  <br \/>Jorkas <strong>kolekcija<\/strong>  <br \/><strong>EAN.<\/strong>  5905369900426  <br \/>Jauc\u0113jkr\u0101na tips Pie sienas <br \/>Izsmidzin\u0101t\u0101ja garums (cm ) 17 <br \/>Materi\u0101ls Misi\u0146\u0161 <br \/>Kop\u0113jais augstums (cm ) 13 <br \/>Att\u0101lums starp kr\u0101niem (cm ) 15 <br \/>Perlators (aerators ) J\u0101 <br \/>Rot\u0113jo\u0161s izsmidzin\u0101t\u0101js J\u0101 <br \/><strong>Kr\u0101sa<\/strong> Melna  <br \/>Apdare M\u012bksta, sat\u012bna efekts <br \/><strong>Papildu inform\u0101cija<\/strong> Savienot\u0101js S 1\/2&#8243; x 3\/4&#8243;  <br \/><strong>Kop\u0113jais diametrs (cm<\/strong> ) 21  <br \/>Kop\u0113j\u0101 projekcija (cm ) 26 <\/p>\n<p>&#8211; misi\u0146a vannas istabas vai virtuves sienas mais\u012bt\u0101js<br \/>&#8211; rot\u0113jo\u0161s izsmidzin\u0101t\u0101js<br \/>&#8211; keramikas galva &#8211; elements, kas nodro\u0161ina pareizu \u016bdens sadali.<br \/>&#8211; Aerators &#8211; aerators, kas samazina \u016bdens pat\u0113ri\u0146u<br \/>&#8211; Hidraulisko savienot\u0101ju nosedzo\u0161\u0101s rozetes diametrs: 6,2 cm<br \/>&#8211; viegla apkope &#8211; silts \u016bdens un PH neitr\u0101las ziepes.<br \/>&#8211; skatiet citus mode\u013cus kolekcij\u0101 Simply Retro<\/p>\n<hr>\n<p>Melni sanit\u0101rtehnikas mais\u012bt\u0101ji ir eleganti un klasiski risin\u0101jumi, kas noder\u0113s neatkar\u012bgi no interjera stila un m\u0113r\u0137a. Uz nodiluma virsmas redzam\u0101 pusmat\u0113t\u0101 apdare un neapstr\u0101d\u0101t\u0101, r\u016bpniecisk\u0101 forma ir pied\u0101v\u0101t\u0101s pie sienas mont\u0113jam\u0101s mais\u012bt\u0101ja liel\u0101k\u0101s priek\u0161roc\u012bbas. \u0160is modelis lieliski izskat\u012bsies b\u0113ni\u0146u virtuv\u0113s, maz\u0101s retro tualet\u0113s un minim\u0101lisma stil\u0101 iek\u0101rtot\u0101s vannas istab\u0101s. P\u0101rvietojamais izlietnis un divi tradicion\u0101lie \u016bdens regul\u0113\u0161anas kr\u0101ni ir \u013coti \u0113rti, kas kop\u0101 ar m\u016bsdien\u012bgiem risin\u0101jumiem (keramikas galvi\u0146a) un augst\u0101k\u0101s kvalit\u0101tes materi\u0101liem nodro\u0161ina bezr\u016bp\u012bgu un \u0113rtu ekspluat\u0101ciju daudzus gadus.  <\/p>\n<hr>\n<\/div>\n","protected":false},"excerpt":{"rendered":"<p>WX modelis. TX117. BLA Jorkas kolekcija EAN. 5905369900426 Jauc\u0113jkr\u0101na tips Pie sienas Izsmidzin\u0101t\u0101ja garums (cm ) 17 Materi\u0101ls Misi\u0146\u0161 Kop\u0113jais<\/p>\n","protected":false},"featured_media":112940,"comment_status":"open","ping_status":"closed","template":"","meta":{"_acf_changed":false,"pmpro_default_level":""},"product_brand":[],"product_cat":[24098],"product_tag":[],"class_list":{"0":"post-134979","1":"product","2":"type-product","3":"status-publish","4":"has-post-thumbnail","6":"product_cat-pie-sienas-montejami-virtuves-maisitaji","7":"pmpro-has-access","9":"first","10":"instock","11":"shipping-taxable","12":"purchasable","13":"product-type-simple"},"acf":[],"yoast_head":"<!-- This site is optimized with the Yoast SEO plugin v24.9 - https:\/\/yoast.com\/wordpress\/plugins\/seo\/ -->\n<title>Sienas mais\u012bt\u0101js melns JORK 1 - MetalTale.com<\/title>\n<meta name=\"robots\" content=\"index, follow, max-snippet:-1, max-image-preview:large, max-video-preview:-1\" \/>\n<link rel=\"canonical\" href=\"https:\/\/metaltale.com\/lv\/produkts\/sienas-maisitajs-melns-jork-1\/\" \/>\n<meta property=\"og:locale\" content=\"lv_LV\" \/>\n<meta property=\"og:type\" content=\"article\" \/>\n<meta property=\"og:title\" content=\"Sienas mais\u012bt\u0101js melns JORK 1 - MetalTale.com\" \/>\n<meta property=\"og:description\" content=\"WX modelis. TX117. BLA Jorkas kolekcija EAN. 5905369900426 Jauc\u0113jkr\u0101na tips Pie sienas Izsmidzin\u0101t\u0101ja garums (cm ) 17 Materi\u0101ls Misi\u0146\u0161 Kop\u0113jais\" \/>\n<meta property=\"og:url\" content=\"https:\/\/metaltale.com\/lv\/produkts\/sienas-maisitajs-melns-jork-1\/\" \/>\n<meta property=\"og:site_name\" content=\"MetalTale.com\" \/>\n<meta name=\"twitter:card\" content=\"summary_large_image\" \/>\n<meta name=\"twitter:label1\" content=\"Est. reading time\" \/>\n\t<meta name=\"twitter:data1\" content=\"1 minute\" \/>\n<script type=\"application\/ld+json\" class=\"yoast-schema-graph\">{\"@context\":\"https:\/\/schema.org\",\"@graph\":[{\"@type\":\"WebPage\",\"@id\":\"https:\/\/metaltale.com\/lv\/produkts\/sienas-maisitajs-melns-jork-1\/\",\"url\":\"https:\/\/metaltale.com\/lv\/produkts\/sienas-maisitajs-melns-jork-1\/\",\"name\":\"Sienas mais\u012bt\u0101js melns JORK 1 - MetalTale.com\",\"isPartOf\":{\"@id\":\"https:\/\/metaltale.com\/lv\/#website\"},\"primaryImageOfPage\":{\"@id\":\"https:\/\/metaltale.com\/lv\/produkts\/sienas-maisitajs-melns-jork-1\/#primaryimage\"},\"image\":{\"@id\":\"https:\/\/metaltale.com\/lv\/produkts\/sienas-maisitajs-melns-jork-1\/#primaryimage\"},\"thumbnailUrl\":\"https:\/\/metaltale.com\/wp-content\/uploads\/2023\/11\/Bateria-x15Bcienna-YORK-1.jpg\",\"datePublished\":\"2024-01-12T14:36:05+00:00\",\"breadcrumb\":{\"@id\":\"https:\/\/metaltale.com\/lv\/produkts\/sienas-maisitajs-melns-jork-1\/#breadcrumb\"},\"inLanguage\":\"lv-LV\",\"potentialAction\":[{\"@type\":\"ReadAction\",\"target\":[\"https:\/\/metaltale.com\/lv\/produkts\/sienas-maisitajs-melns-jork-1\/\"]}]},{\"@type\":\"ImageObject\",\"inLanguage\":\"lv-LV\",\"@id\":\"https:\/\/metaltale.com\/lv\/produkts\/sienas-maisitajs-melns-jork-1\/#primaryimage\",\"url\":\"https:\/\/metaltale.com\/wp-content\/uploads\/2023\/11\/Bateria-x15Bcienna-YORK-1.jpg\",\"contentUrl\":\"https:\/\/metaltale.com\/wp-content\/uploads\/2023\/11\/Bateria-x15Bcienna-YORK-1.jpg\",\"width\":800,\"height\":800},{\"@type\":\"BreadcrumbList\",\"@id\":\"https:\/\/metaltale.com\/lv\/produkts\/sienas-maisitajs-melns-jork-1\/#breadcrumb\",\"itemListElement\":[{\"@type\":\"ListItem\",\"position\":1,\"name\":\"Home\",\"item\":\"https:\/\/metaltale.com\/lv\/majas\/\"},{\"@type\":\"ListItem\",\"position\":2,\"name\":\"Veikals\",\"item\":\"https:\/\/metaltale.com\/lv\/shop\/\"},{\"@type\":\"ListItem\",\"position\":3,\"name\":\"Sienas mais\u012bt\u0101js melns JORK 1\"}]},{\"@type\":\"WebSite\",\"@id\":\"https:\/\/metaltale.com\/lv\/#website\",\"url\":\"https:\/\/metaltale.com\/lv\/\",\"name\":\"Metaltale.com\",\"description\":\"\",\"potentialAction\":[{\"@type\":\"SearchAction\",\"target\":{\"@type\":\"EntryPoint\",\"urlTemplate\":\"https:\/\/metaltale.com\/lv\/?s={search_term_string}\"},\"query-input\":{\"@type\":\"PropertyValueSpecification\",\"valueRequired\":true,\"valueName\":\"search_term_string\"}}],\"inLanguage\":\"lv-LV\"}]}<\/script>\n<!-- \/ Yoast SEO plugin. -->","yoast_head_json":{"title":"Sienas mais\u012bt\u0101js melns JORK 1 - MetalTale.com","robots":{"index":"index","follow":"follow","max-snippet":"max-snippet:-1","max-image-preview":"max-image-preview:large","max-video-preview":"max-video-preview:-1"},"canonical":"https:\/\/metaltale.com\/lv\/produkts\/sienas-maisitajs-melns-jork-1\/","og_locale":"lv_LV","og_type":"article","og_title":"Sienas mais\u012bt\u0101js melns JORK 1 - MetalTale.com","og_description":"WX modelis. TX117. BLA Jorkas kolekcija EAN. 5905369900426 Jauc\u0113jkr\u0101na tips Pie sienas Izsmidzin\u0101t\u0101ja garums (cm ) 17 Materi\u0101ls Misi\u0146\u0161 Kop\u0113jais","og_url":"https:\/\/metaltale.com\/lv\/produkts\/sienas-maisitajs-melns-jork-1\/","og_site_name":"MetalTale.com","twitter_card":"summary_large_image","twitter_misc":{"Est. reading time":"1 minute"},"schema":{"@context":"https:\/\/schema.org","@graph":[{"@type":"WebPage","@id":"https:\/\/metaltale.com\/lv\/produkts\/sienas-maisitajs-melns-jork-1\/","url":"https:\/\/metaltale.com\/lv\/produkts\/sienas-maisitajs-melns-jork-1\/","name":"Sienas mais\u012bt\u0101js melns JORK 1 - MetalTale.com","isPartOf":{"@id":"https:\/\/metaltale.com\/lv\/#website"},"primaryImageOfPage":{"@id":"https:\/\/metaltale.com\/lv\/produkts\/sienas-maisitajs-melns-jork-1\/#primaryimage"},"image":{"@id":"https:\/\/metaltale.com\/lv\/produkts\/sienas-maisitajs-melns-jork-1\/#primaryimage"},"thumbnailUrl":"https:\/\/metaltale.com\/wp-content\/uploads\/2023\/11\/Bateria-x15Bcienna-YORK-1.jpg","datePublished":"2024-01-12T14:36:05+00:00","breadcrumb":{"@id":"https:\/\/metaltale.com\/lv\/produkts\/sienas-maisitajs-melns-jork-1\/#breadcrumb"},"inLanguage":"lv-LV","potentialAction":[{"@type":"ReadAction","target":["https:\/\/metaltale.com\/lv\/produkts\/sienas-maisitajs-melns-jork-1\/"]}]},{"@type":"ImageObject","inLanguage":"lv-LV","@id":"https:\/\/metaltale.com\/lv\/produkts\/sienas-maisitajs-melns-jork-1\/#primaryimage","url":"https:\/\/metaltale.com\/wp-content\/uploads\/2023\/11\/Bateria-x15Bcienna-YORK-1.jpg","contentUrl":"https:\/\/metaltale.com\/wp-content\/uploads\/2023\/11\/Bateria-x15Bcienna-YORK-1.jpg","width":800,"height":800},{"@type":"BreadcrumbList","@id":"https:\/\/metaltale.com\/lv\/produkts\/sienas-maisitajs-melns-jork-1\/#breadcrumb","itemListElement":[{"@type":"ListItem","position":1,"name":"Home","item":"https:\/\/metaltale.com\/lv\/majas\/"},{"@type":"ListItem","position":2,"name":"Veikals","item":"https:\/\/metaltale.com\/lv\/shop\/"},{"@type":"ListItem","position":3,"name":"Sienas mais\u012bt\u0101js melns JORK 1"}]},{"@type":"WebSite","@id":"https:\/\/metaltale.com\/lv\/#website","url":"https:\/\/metaltale.com\/lv\/","name":"Metaltale.com","description":"","potentialAction":[{"@type":"SearchAction","target":{"@type":"EntryPoint","urlTemplate":"https:\/\/metaltale.com\/lv\/?s={search_term_string}"},"query-input":{"@type":"PropertyValueSpecification","valueRequired":true,"valueName":"search_term_string"}}],"inLanguage":"lv-LV"}]}},"_links":{"self":[{"href":"https:\/\/metaltale.com\/lv\/wp-json\/wp\/v2\/product\/134979","targetHints":{"allow":["GET"]}}],"collection":[{"href":"https:\/\/metaltale.com\/lv\/wp-json\/wp\/v2\/product"}],"about":[{"href":"https:\/\/metaltale.com\/lv\/wp-json\/wp\/v2\/types\/product"}],"replies":[{"embeddable":true,"href":"https:\/\/metaltale.com\/lv\/wp-json\/wp\/v2\/comments?post=134979"}],"version-history":[{"count":0,"href":"https:\/\/metaltale.com\/lv\/wp-json\/wp\/v2\/product\/134979\/revisions"}],"wp:featuredmedia":[{"embeddable":true,"href":"https:\/\/metaltale.com\/lv\/wp-json\/wp\/v2\/media\/112940"}],"wp:attachment":[{"href":"https:\/\/metaltale.com\/lv\/wp-json\/wp\/v2\/media?parent=134979"}],"wp:term":[{"taxonomy":"product_brand","embeddable":true,"href":"https:\/\/metaltale.com\/lv\/wp-json\/wp\/v2\/product_brand?post=134979"},{"taxonomy":"product_cat","embeddable":true,"href":"https:\/\/metaltale.com\/lv\/wp-json\/wp\/v2\/product_cat?post=134979"},{"taxonomy":"product_tag","embeddable":true,"href":"https:\/\/metaltale.com\/lv\/wp-json\/wp\/v2\/product_tag?post=134979"}],"curies":[{"name":"wp","href":"https:\/\/api.w.org\/{rel}","templated":true}]}}