{"id":134964,"date":"2024-02-13T13:17:08","date_gmt":"2024-02-13T11:17:08","guid":{"rendered":"https:\/\/metaltale.com\/produktas\/sienas-vadotne-vienviru-durvim-no-nerusejosa-terauda-old-glassed\/"},"modified":"2024-02-13T13:17:08","modified_gmt":"2024-02-13T11:17:08","slug":"sienas-vadotne-vienviru-durvim-no-nerusejosa-terauda-old-glassed","status":"publish","type":"product","link":"https:\/\/metaltale.com\/lv\/produkts\/sienas-vadotne-vienviru-durvim-no-nerusejosa-terauda-old-glassed\/","title":{"rendered":"Sienas vadotne vienviru durv\u012bm no ner\u016bs\u0113jo\u0161\u0101 t\u0113rauda OLD GLASSED"},"content":{"rendered":"<div class=\"prod_data\"><strong>Modelis<\/strong> SE.A01.SS  <br \/><strong>EAN.<\/strong>  5905369906299  <br \/><strong>Materi\u0101ls<\/strong> Ner\u016bs\u0113jo\u0161ais t\u0113rauds  <br \/><strong> [cm]Kop\u0113jais garums<\/strong> 200 <strong> <\/strong> <br \/>Sienas <strong>mont\u0101\u017ea<\/strong>  <br \/>T\u0113rauda kr\u0101sa <br \/>MATYTI <strong>ce\u013cvedis<\/strong>  <br \/><strong>Uzst\u0101d\u012b\u0161anas nor\u0101d\u012bjumi<\/strong> Lejupiel\u0101d\u0113t  <\/p>\n<p><strong>Komplekt\u0101 ietilpst:<\/strong><\/p>\n<p>met\u0101la sliedes 200 cm (2&#215;100 cm)<\/p>\n<p>dekorat\u012bvie rull\u012b\u0161i (2 gab.)<\/p>\n<p>bl\u012bves (5 gab.)<\/p>\n<p>Horizont\u0101lie (2 gab.) un vertik\u0101lie (2 gab.) aizb\u012bd\u0146i<\/p>\n<p>Gr\u012bdas rokasgr\u0101mata (1)<\/p>\n<p>Stiprin\u0101juma komplekts: skr\u016bves, bultskr\u016bves un papl\u0101ksnes<\/p>\n<p><strong>Produkta \u012bpa\u0161\u012bbas:<\/strong><\/p>\n<p>Pied\u0101v\u0101jum\u0101 ir b\u012bd\u0101m\u0101 sist\u0113ma vienviru durv\u012bm, sienas mont\u0101\u017eas sist\u0113ma.<\/p>\n<p>  Modelis ir paredz\u0113ts koka b\u012bd\u0101maj\u0101m durv\u012bm, kas izgatavotas no pane\u013ca un t\u0113rauda r\u0101mja, kuru svars nep\u0101rsniedz 130 kg un biezums ir no 30 l\u012bdz 45 mm.<\/p>\n<p>Pas\u012bv\u0101s slodzes (200 kg) un dinamiskie (130 kg) testi apstiprin\u0101ja augst\u0101ko kvalit\u0101ti un dro\u0161\u012bbu.<\/p>\n<p>Rull\u012b\u0161u rite\u0146u gultnis nodro\u0161ina vieglu un klusu brauk\u0161anu<\/p>\n<p>Horizont\u0101lie aizb\u012bd\u0146i sliedes galos, apak\u0161\u0113j\u0101 \u0137\u0113d\u0113 un vertik\u0101lie aizb\u012bd\u0146i zem sliedes stabiliz\u0113 durvis un ne\u013cauj t\u0101m nokrist no sliedes.<\/p>\n<p>Komplekt\u0101 ietilpst apak\u0161\u0113j\u0101 \u0137\u0113de, gr\u012bd\u0101 mont\u0113jams v\u0101ks ar vai bez griez\u0113ja<\/p>\n<p>Pieci stiprin\u0101juma punkti garant\u0113 sist\u0113mas stabilit\u0101ti, dro\u0161\u012bbu un iztur\u012bbu.<\/p>\n<p>Komplekt\u0101 ietilpst skr\u016bves mont\u0101\u017eai gan uz koka konstrukcij\u0101m, gan m\u016bra sien\u0101m.<\/p>\n<p>Sist\u0113mai ir \u013coti vienk\u0101r\u0161a un intuit\u012bva uzst\u0101d\u012b\u0161ana.<\/p>\n<p>R\u016bp\u012bga nos\u016bt\u012b\u0161anas kontrole un augst\u0101k\u0101s kvalit\u0101tes iepakojums garant\u0113 apmierin\u0101t\u012bbu.<\/p>\n<hr>\n<p>SENAS sl\u012bp\u0113ta ner\u016bs\u0113jo\u0161\u0101 t\u0113rauda sl\u012bp\u0113ta ner\u016bs\u0113jo\u0161\u0101 t\u0113rauda vadotne ir vair\u0101k nek\u0101 tikai b\u012bd\u0101m\u0101 sist\u0113ma. Tas ir unik\u0101ls b\u0113ni\u0146u raksturs. Izstr\u0101d\u0101jumam, kas izgatavots no ner\u016bs\u0113jo\u0161\u0101, mat\u0113ta t\u0113rauda, ir unik\u0101ls sudraba tonis ar smalku gai\u0161i zelt\u012bta to\u0146a piejaukumu. \u0160\u012b unik\u0101l\u0101 kombin\u0101cija lieliski sader ar violetiem, ziliem vai b\u0113\u0161iem to\u0146iem. Rokasgr\u0101matas lauzt\u0101s kr\u0101sas labi sader ar sudraba vai zelta deta\u013c\u0101m. OLD sist\u0113ma un dab\u012bg\u0101 koka kr\u0101sas durvis ir unik\u0101la, uzman\u012bbu piesaisto\u0161a kombin\u0101cija. Rokasgr\u0101mata ir dom\u0101ta ne tikai industri\u0101l\u0101 un b\u0113ni\u0146u stila entuziastiem, bet ar\u012b m\u016bsdienu dizaina cien\u012bt\u0101jiem. Izstr\u0101d\u0101jum\u0101 ir apvienota stabilit\u0101te un ori\u0123in\u0101l\u0101 sl\u012bp\u0113t\u0101 apdare ar OLD kolekcijas vienk\u0101r\u0161o dizainu. \u0160\u012b rokasgr\u0101mata ir paredz\u0113ta ne tikai tiem, kas mekl\u0113 praktisku b\u012bd\u0101mo durvju sist\u0113mas pielietojumu.<\/p>\n<hr>\n<\/div>\n","protected":false},"excerpt":{"rendered":"<p>Modelis SE.A01.SS EAN. 5905369906299 Materi\u0101ls Ner\u016bs\u0113jo\u0161ais t\u0113rauds [cm]Kop\u0113jais garums 200 Sienas mont\u0101\u017ea T\u0113rauda kr\u0101sa MATYTI ce\u013cvedis Uzst\u0101d\u012b\u0161anas nor\u0101d\u012bjumi Lejupiel\u0101d\u0113t Komplekt\u0101<\/p>\n","protected":false},"featured_media":64897,"comment_status":"open","ping_status":"closed","template":"","meta":{"_acf_changed":false,"pmpro_default_level":""},"product_brand":[],"product_cat":[24059,24089],"product_tag":[],"class_list":{"0":"post-134964","1":"product","2":"type-product","3":"status-publish","4":"has-post-thumbnail","6":"product_cat-bidamo-durvju-sistemas","7":"product_cat-bidamo-durvju-vadotnes","8":"pmpro-has-access","10":"first","11":"instock","12":"shipping-taxable","13":"purchasable","14":"product-type-simple"},"acf":[],"yoast_head":"<!-- This site is optimized with the Yoast SEO plugin v24.9 - https:\/\/yoast.com\/wordpress\/plugins\/seo\/ -->\n<title>Sienas vadotne vienviru durv\u012bm no ner\u016bs\u0113jo\u0161\u0101 t\u0113rauda OLD GLASSED - MetalTale.com<\/title>\n<meta name=\"robots\" content=\"index, follow, max-snippet:-1, max-image-preview:large, max-video-preview:-1\" \/>\n<link rel=\"canonical\" href=\"https:\/\/metaltale.com\/lv\/produkts\/sienas-vadotne-vienviru-durvim-no-nerusejosa-terauda-old-glassed\/\" \/>\n<meta property=\"og:locale\" content=\"lv_LV\" \/>\n<meta property=\"og:type\" content=\"article\" \/>\n<meta property=\"og:title\" content=\"Sienas vadotne vienviru durv\u012bm no ner\u016bs\u0113jo\u0161\u0101 t\u0113rauda OLD GLASSED - MetalTale.com\" \/>\n<meta property=\"og:description\" content=\"Modelis SE.A01.SS EAN. 5905369906299 Materi\u0101ls Ner\u016bs\u0113jo\u0161ais t\u0113rauds [cm]Kop\u0113jais garums 200 Sienas mont\u0101\u017ea T\u0113rauda kr\u0101sa MATYTI ce\u013cvedis Uzst\u0101d\u012b\u0161anas nor\u0101d\u012bjumi Lejupiel\u0101d\u0113t Komplekt\u0101\" \/>\n<meta property=\"og:url\" content=\"https:\/\/metaltale.com\/lv\/produkts\/sienas-vadotne-vienviru-durvim-no-nerusejosa-terauda-old-glassed\/\" \/>\n<meta property=\"og:site_name\" content=\"MetalTale.com\" \/>\n<meta property=\"og:image\" content=\"http:\/\/metaltale.com\/wp-content\/uploads\/2023\/09\/Prowadnica-SENOJI-NIERDZEWNA.jpg\" \/>\n\t<meta property=\"og:image:width\" content=\"800\" \/>\n\t<meta property=\"og:image:height\" content=\"800\" \/>\n\t<meta property=\"og:image:type\" content=\"image\/jpeg\" \/>\n<meta name=\"twitter:card\" content=\"summary_large_image\" \/>\n<meta name=\"twitter:label1\" content=\"Est. reading time\" \/>\n\t<meta name=\"twitter:data1\" content=\"2 minutes\" \/>\n<script type=\"application\/ld+json\" class=\"yoast-schema-graph\">{\"@context\":\"https:\/\/schema.org\",\"@graph\":[{\"@type\":\"WebPage\",\"@id\":\"https:\/\/metaltale.com\/lv\/produkts\/sienas-vadotne-vienviru-durvim-no-nerusejosa-terauda-old-glassed\/\",\"url\":\"https:\/\/metaltale.com\/lv\/produkts\/sienas-vadotne-vienviru-durvim-no-nerusejosa-terauda-old-glassed\/\",\"name\":\"Sienas vadotne vienviru durv\u012bm no ner\u016bs\u0113jo\u0161\u0101 t\u0113rauda OLD GLASSED - MetalTale.com\",\"isPartOf\":{\"@id\":\"https:\/\/metaltale.com\/lv\/#website\"},\"primaryImageOfPage\":{\"@id\":\"https:\/\/metaltale.com\/lv\/produkts\/sienas-vadotne-vienviru-durvim-no-nerusejosa-terauda-old-glassed\/#primaryimage\"},\"image\":{\"@id\":\"https:\/\/metaltale.com\/lv\/produkts\/sienas-vadotne-vienviru-durvim-no-nerusejosa-terauda-old-glassed\/#primaryimage\"},\"thumbnailUrl\":\"https:\/\/metaltale.com\/wp-content\/uploads\/2023\/09\/Prowadnica-SENOJI-NIERDZEWNA.jpg\",\"datePublished\":\"2024-02-13T11:17:08+00:00\",\"breadcrumb\":{\"@id\":\"https:\/\/metaltale.com\/lv\/produkts\/sienas-vadotne-vienviru-durvim-no-nerusejosa-terauda-old-glassed\/#breadcrumb\"},\"inLanguage\":\"lv-LV\",\"potentialAction\":[{\"@type\":\"ReadAction\",\"target\":[\"https:\/\/metaltale.com\/lv\/produkts\/sienas-vadotne-vienviru-durvim-no-nerusejosa-terauda-old-glassed\/\"]}]},{\"@type\":\"ImageObject\",\"inLanguage\":\"lv-LV\",\"@id\":\"https:\/\/metaltale.com\/lv\/produkts\/sienas-vadotne-vienviru-durvim-no-nerusejosa-terauda-old-glassed\/#primaryimage\",\"url\":\"https:\/\/metaltale.com\/wp-content\/uploads\/2023\/09\/Prowadnica-SENOJI-NIERDZEWNA.jpg\",\"contentUrl\":\"https:\/\/metaltale.com\/wp-content\/uploads\/2023\/09\/Prowadnica-SENOJI-NIERDZEWNA.jpg\",\"width\":800,\"height\":800,\"caption\":\"Stumdom\u0173 dur\u0173 sistema OLD GLASSED\"},{\"@type\":\"BreadcrumbList\",\"@id\":\"https:\/\/metaltale.com\/lv\/produkts\/sienas-vadotne-vienviru-durvim-no-nerusejosa-terauda-old-glassed\/#breadcrumb\",\"itemListElement\":[{\"@type\":\"ListItem\",\"position\":1,\"name\":\"Home\",\"item\":\"https:\/\/metaltale.com\/lv\/majas\/\"},{\"@type\":\"ListItem\",\"position\":2,\"name\":\"Veikals\",\"item\":\"https:\/\/metaltale.com\/lv\/shop\/\"},{\"@type\":\"ListItem\",\"position\":3,\"name\":\"Sienas vadotne vienviru durv\u012bm no ner\u016bs\u0113jo\u0161\u0101 t\u0113rauda OLD GLASSED\"}]},{\"@type\":\"WebSite\",\"@id\":\"https:\/\/metaltale.com\/lv\/#website\",\"url\":\"https:\/\/metaltale.com\/lv\/\",\"name\":\"Metaltale.com\",\"description\":\"\",\"potentialAction\":[{\"@type\":\"SearchAction\",\"target\":{\"@type\":\"EntryPoint\",\"urlTemplate\":\"https:\/\/metaltale.com\/lv\/?s={search_term_string}\"},\"query-input\":{\"@type\":\"PropertyValueSpecification\",\"valueRequired\":true,\"valueName\":\"search_term_string\"}}],\"inLanguage\":\"lv-LV\"}]}<\/script>\n<!-- \/ Yoast SEO plugin. -->","yoast_head_json":{"title":"Sienas vadotne vienviru durv\u012bm no ner\u016bs\u0113jo\u0161\u0101 t\u0113rauda OLD GLASSED - MetalTale.com","robots":{"index":"index","follow":"follow","max-snippet":"max-snippet:-1","max-image-preview":"max-image-preview:large","max-video-preview":"max-video-preview:-1"},"canonical":"https:\/\/metaltale.com\/lv\/produkts\/sienas-vadotne-vienviru-durvim-no-nerusejosa-terauda-old-glassed\/","og_locale":"lv_LV","og_type":"article","og_title":"Sienas vadotne vienviru durv\u012bm no ner\u016bs\u0113jo\u0161\u0101 t\u0113rauda OLD GLASSED - MetalTale.com","og_description":"Modelis SE.A01.SS EAN. 5905369906299 Materi\u0101ls Ner\u016bs\u0113jo\u0161ais t\u0113rauds [cm]Kop\u0113jais garums 200 Sienas mont\u0101\u017ea T\u0113rauda kr\u0101sa MATYTI ce\u013cvedis Uzst\u0101d\u012b\u0161anas nor\u0101d\u012bjumi Lejupiel\u0101d\u0113t Komplekt\u0101","og_url":"https:\/\/metaltale.com\/lv\/produkts\/sienas-vadotne-vienviru-durvim-no-nerusejosa-terauda-old-glassed\/","og_site_name":"MetalTale.com","og_image":[{"width":800,"height":800,"url":"http:\/\/metaltale.com\/wp-content\/uploads\/2023\/09\/Prowadnica-SENOJI-NIERDZEWNA.jpg","type":"image\/jpeg"}],"twitter_card":"summary_large_image","twitter_misc":{"Est. reading time":"2 minutes"},"schema":{"@context":"https:\/\/schema.org","@graph":[{"@type":"WebPage","@id":"https:\/\/metaltale.com\/lv\/produkts\/sienas-vadotne-vienviru-durvim-no-nerusejosa-terauda-old-glassed\/","url":"https:\/\/metaltale.com\/lv\/produkts\/sienas-vadotne-vienviru-durvim-no-nerusejosa-terauda-old-glassed\/","name":"Sienas vadotne vienviru durv\u012bm no ner\u016bs\u0113jo\u0161\u0101 t\u0113rauda OLD GLASSED - MetalTale.com","isPartOf":{"@id":"https:\/\/metaltale.com\/lv\/#website"},"primaryImageOfPage":{"@id":"https:\/\/metaltale.com\/lv\/produkts\/sienas-vadotne-vienviru-durvim-no-nerusejosa-terauda-old-glassed\/#primaryimage"},"image":{"@id":"https:\/\/metaltale.com\/lv\/produkts\/sienas-vadotne-vienviru-durvim-no-nerusejosa-terauda-old-glassed\/#primaryimage"},"thumbnailUrl":"https:\/\/metaltale.com\/wp-content\/uploads\/2023\/09\/Prowadnica-SENOJI-NIERDZEWNA.jpg","datePublished":"2024-02-13T11:17:08+00:00","breadcrumb":{"@id":"https:\/\/metaltale.com\/lv\/produkts\/sienas-vadotne-vienviru-durvim-no-nerusejosa-terauda-old-glassed\/#breadcrumb"},"inLanguage":"lv-LV","potentialAction":[{"@type":"ReadAction","target":["https:\/\/metaltale.com\/lv\/produkts\/sienas-vadotne-vienviru-durvim-no-nerusejosa-terauda-old-glassed\/"]}]},{"@type":"ImageObject","inLanguage":"lv-LV","@id":"https:\/\/metaltale.com\/lv\/produkts\/sienas-vadotne-vienviru-durvim-no-nerusejosa-terauda-old-glassed\/#primaryimage","url":"https:\/\/metaltale.com\/wp-content\/uploads\/2023\/09\/Prowadnica-SENOJI-NIERDZEWNA.jpg","contentUrl":"https:\/\/metaltale.com\/wp-content\/uploads\/2023\/09\/Prowadnica-SENOJI-NIERDZEWNA.jpg","width":800,"height":800,"caption":"Stumdom\u0173 dur\u0173 sistema OLD GLASSED"},{"@type":"BreadcrumbList","@id":"https:\/\/metaltale.com\/lv\/produkts\/sienas-vadotne-vienviru-durvim-no-nerusejosa-terauda-old-glassed\/#breadcrumb","itemListElement":[{"@type":"ListItem","position":1,"name":"Home","item":"https:\/\/metaltale.com\/lv\/majas\/"},{"@type":"ListItem","position":2,"name":"Veikals","item":"https:\/\/metaltale.com\/lv\/shop\/"},{"@type":"ListItem","position":3,"name":"Sienas vadotne vienviru durv\u012bm no ner\u016bs\u0113jo\u0161\u0101 t\u0113rauda OLD GLASSED"}]},{"@type":"WebSite","@id":"https:\/\/metaltale.com\/lv\/#website","url":"https:\/\/metaltale.com\/lv\/","name":"Metaltale.com","description":"","potentialAction":[{"@type":"SearchAction","target":{"@type":"EntryPoint","urlTemplate":"https:\/\/metaltale.com\/lv\/?s={search_term_string}"},"query-input":{"@type":"PropertyValueSpecification","valueRequired":true,"valueName":"search_term_string"}}],"inLanguage":"lv-LV"}]}},"_links":{"self":[{"href":"https:\/\/metaltale.com\/lv\/wp-json\/wp\/v2\/product\/134964","targetHints":{"allow":["GET"]}}],"collection":[{"href":"https:\/\/metaltale.com\/lv\/wp-json\/wp\/v2\/product"}],"about":[{"href":"https:\/\/metaltale.com\/lv\/wp-json\/wp\/v2\/types\/product"}],"replies":[{"embeddable":true,"href":"https:\/\/metaltale.com\/lv\/wp-json\/wp\/v2\/comments?post=134964"}],"version-history":[{"count":0,"href":"https:\/\/metaltale.com\/lv\/wp-json\/wp\/v2\/product\/134964\/revisions"}],"wp:featuredmedia":[{"embeddable":true,"href":"https:\/\/metaltale.com\/lv\/wp-json\/wp\/v2\/media\/64897"}],"wp:attachment":[{"href":"https:\/\/metaltale.com\/lv\/wp-json\/wp\/v2\/media?parent=134964"}],"wp:term":[{"taxonomy":"product_brand","embeddable":true,"href":"https:\/\/metaltale.com\/lv\/wp-json\/wp\/v2\/product_brand?post=134964"},{"taxonomy":"product_cat","embeddable":true,"href":"https:\/\/metaltale.com\/lv\/wp-json\/wp\/v2\/product_cat?post=134964"},{"taxonomy":"product_tag","embeddable":true,"href":"https:\/\/metaltale.com\/lv\/wp-json\/wp\/v2\/product_tag?post=134964"}],"curies":[{"name":"wp","href":"https:\/\/api.w.org\/{rel}","templated":true}]}}