{"id":134959,"date":"2024-02-13T13:17:48","date_gmt":"2024-02-13T11:17:48","guid":{"rendered":"https:\/\/metaltale.com\/produktas\/vienviru-durvju-sienu-vadotne-terauda-grafita-loft\/"},"modified":"2024-02-13T13:17:48","modified_gmt":"2024-02-13T11:17:48","slug":"vienviru-durvju-sienu-vadotne-terauda-grafita-loft","status":"publish","type":"product","link":"https:\/\/metaltale.com\/lv\/produkts\/vienviru-durvju-sienu-vadotne-terauda-grafita-loft\/","title":{"rendered":"Vienviru durvju sienu vadotne t\u0113rauda graf\u012bta LOFT"},"content":{"rendered":"<div class=\"prod_data\">ZA <strong>modelis<\/strong>. PRO-S10-2000  <br \/><strong>EAN.<\/strong>  5907772071274  <br \/><strong>Materi\u0101ls<\/strong> T\u0113rauds  <br \/><strong> [cm]Kop\u0113jais garums<\/strong> 200 <strong> <\/strong> <br \/><strong>Mont\u0101\u017eas skr\u016bves<\/strong> J\u0101  <br \/>Sienas <strong>mont\u0101\u017ea<\/strong>  <br \/>T\u0113rauda kr\u0101sa <br \/>MATYTI <strong>ce\u013cvedis<\/strong>  <\/p>\n<p><strong>Komplekt\u0101 ietilpst:<\/strong><\/p>\n<p>met\u0101la sliedes 200 cm (2&#215;100 cm)<\/p>\n<p>dekorat\u012bvie rull\u012b\u0161i (2 gab.)<\/p>\n<p>Starplikas (4 gab.)<\/p>\n<p>Horizont\u0101lie (2 vien\u012bbas) un vertik\u0101lie (1 vien\u012bba) aizb\u012bd\u0146i<\/p>\n<p>Gr\u012bdas rokasgr\u0101mata (1)<\/p>\n<p>Stiprin\u0101juma komplekts: skr\u016bves, bultskr\u016bves un papl\u0101ksnes<\/p>\n<p><strong>Produkta \u012bpa\u0161\u012bbas:<\/strong><\/p>\n<p>Pied\u0101v\u0101jum\u0101 ir b\u012bd\u0101m\u0101 sist\u0113ma vienviru durv\u012bm, sienas mont\u0101\u017eas sist\u0113ma.<\/p>\n<p>Ietver 8 mm biezu sliedi, kas padara to iztur\u012bgu pret slodzi.<\/p>\n<p>  Par\u0101d\u012btais modelis ir paredz\u0113ts b\u012bd\u0101m\u0101m koka durv\u012bm, kas izgatavotas no pane\u013ca un t\u0113rauda r\u0101mja, kuru svars nep\u0101rsniedz 130 kg un biezums ir no 35 l\u012bdz 45 mm.<\/p>\n<p>Pas\u012bv\u0101s slodzes (200 kg) un dinamiskie (130 kg) testi apstiprin\u0101ja augst\u0101ko kvalit\u0101ti un dro\u0161\u012bbu.<\/p>\n<p>Rull\u012b\u0161u rite\u0146u gultnis nodro\u0161ina vieglu un klusu brauk\u0161anu<\/p>\n<p>Horizont\u0101lie aizb\u012bd\u0146i sliedes galos, apak\u0161\u0113j\u0101 \u0137\u0113d\u0113 un vertik\u0101lie aizb\u012bd\u0146i zem sliedes stabiliz\u0113 durvis un ne\u013cauj t\u0101m nokrist no sliedes.<\/p>\n<p>Komplekt\u0101 ietilpst apak\u0161\u0113j\u0101 \u0137\u0113de, gr\u012bd\u0101 mont\u0113jams v\u0101ks ar vai bez griez\u0113ja<\/p>\n<p>Pieci stiprin\u0101juma punkti garant\u0113 sist\u0113mas stabilit\u0101ti, dro\u0161\u012bbu un iztur\u012bbu.<\/p>\n<p>Komplekt\u0101 ietilpst skr\u016bves mont\u0101\u017eai gan uz koka konstrukcij\u0101m, gan m\u016bra sien\u0101m.<\/p>\n<p>Sist\u0113mai ir \u013coti vienk\u0101r\u0161a un intuit\u012bva uzst\u0101d\u012b\u0161ana.<\/p>\n<p>R\u016bp\u012bga nos\u016bt\u012b\u0161anas kontrole un augst\u0101k\u0101s kvalit\u0101tes iepakojums garant\u0113 apmierin\u0101t\u012bbu.<\/p>\n<hr>\n<p>LOFT b\u012bd\u0101mo durvju sist\u0113ma &#8211; paz\u012bstama ar\u012b k\u0101 \u0161\u0137\u016b\u0146a durvis &#8211; ir ide\u0101ls risin\u0101jums cilv\u0113kiem, kuri v\u0113las izcelt projekt\u0113t\u0101s telpas industri\u0101lo atmosf\u0113ru. Neapstr\u0101d\u0101ts t\u0113rauds ar vieglu patinu, skr\u0101p\u0113jumiem un pareizo deta\u013cu formu \u0161\u0137iet visv\u0113lam\u0101kais efekts. Vadotne ir izgatavota no lakota t\u0113rauda.<\/p>\n<hr>\n<\/div>\n","protected":false},"excerpt":{"rendered":"<p>ZA modelis. PRO-S10-2000 EAN. 5907772071274 Materi\u0101ls T\u0113rauds [cm]Kop\u0113jais garums 200 Mont\u0101\u017eas skr\u016bves J\u0101 Sienas mont\u0101\u017ea T\u0113rauda kr\u0101sa MATYTI ce\u013cvedis Komplekt\u0101<\/p>\n","protected":false},"featured_media":65494,"comment_status":"open","ping_status":"closed","template":"","meta":{"_acf_changed":false,"pmpro_default_level":""},"product_brand":[],"product_cat":[24059],"product_tag":[],"class_list":{"0":"post-134959","1":"product","2":"type-product","3":"status-publish","4":"has-post-thumbnail","6":"product_cat-bidamo-durvju-sistemas","7":"pmpro-has-access","9":"first","10":"instock","11":"shipping-taxable","12":"purchasable","13":"product-type-simple"},"acf":[],"yoast_head":"<!-- This site is optimized with the Yoast SEO plugin v24.9 - https:\/\/yoast.com\/wordpress\/plugins\/seo\/ -->\n<title>Vienviru durvju sienu vadotne t\u0113rauda graf\u012bta LOFT - MetalTale.com<\/title>\n<meta name=\"robots\" content=\"index, follow, max-snippet:-1, max-image-preview:large, max-video-preview:-1\" \/>\n<link rel=\"canonical\" href=\"https:\/\/metaltale.com\/lv\/produkts\/vienviru-durvju-sienu-vadotne-terauda-grafita-loft\/\" \/>\n<meta property=\"og:locale\" content=\"lv_LV\" \/>\n<meta property=\"og:type\" content=\"article\" \/>\n<meta property=\"og:title\" content=\"Vienviru durvju sienu vadotne t\u0113rauda graf\u012bta LOFT - MetalTale.com\" \/>\n<meta property=\"og:description\" content=\"ZA modelis. PRO-S10-2000 EAN. 5907772071274 Materi\u0101ls T\u0113rauds [cm]Kop\u0113jais garums 200 Mont\u0101\u017eas skr\u016bves J\u0101 Sienas mont\u0101\u017ea T\u0113rauda kr\u0101sa MATYTI ce\u013cvedis Komplekt\u0101\" \/>\n<meta property=\"og:url\" content=\"https:\/\/metaltale.com\/lv\/produkts\/vienviru-durvju-sienu-vadotne-terauda-grafita-loft\/\" \/>\n<meta property=\"og:site_name\" content=\"MetalTale.com\" \/>\n<meta name=\"twitter:card\" content=\"summary_large_image\" \/>\n<meta name=\"twitter:label1\" content=\"Est. reading time\" \/>\n\t<meta name=\"twitter:data1\" content=\"2 minutes\" \/>\n<script type=\"application\/ld+json\" class=\"yoast-schema-graph\">{\"@context\":\"https:\/\/schema.org\",\"@graph\":[{\"@type\":\"WebPage\",\"@id\":\"https:\/\/metaltale.com\/lv\/produkts\/vienviru-durvju-sienu-vadotne-terauda-grafita-loft\/\",\"url\":\"https:\/\/metaltale.com\/lv\/produkts\/vienviru-durvju-sienu-vadotne-terauda-grafita-loft\/\",\"name\":\"Vienviru durvju sienu vadotne t\u0113rauda graf\u012bta LOFT - MetalTale.com\",\"isPartOf\":{\"@id\":\"https:\/\/metaltale.com\/lv\/#website\"},\"primaryImageOfPage\":{\"@id\":\"https:\/\/metaltale.com\/lv\/produkts\/vienviru-durvju-sienu-vadotne-terauda-grafita-loft\/#primaryimage\"},\"image\":{\"@id\":\"https:\/\/metaltale.com\/lv\/produkts\/vienviru-durvju-sienu-vadotne-terauda-grafita-loft\/#primaryimage\"},\"thumbnailUrl\":\"https:\/\/metaltale.com\/wp-content\/uploads\/2023\/09\/Prowadnica-LOFT-STAL-GRAFITAS.jpg\",\"datePublished\":\"2024-02-13T11:17:48+00:00\",\"breadcrumb\":{\"@id\":\"https:\/\/metaltale.com\/lv\/produkts\/vienviru-durvju-sienu-vadotne-terauda-grafita-loft\/#breadcrumb\"},\"inLanguage\":\"lv-LV\",\"potentialAction\":[{\"@type\":\"ReadAction\",\"target\":[\"https:\/\/metaltale.com\/lv\/produkts\/vienviru-durvju-sienu-vadotne-terauda-grafita-loft\/\"]}]},{\"@type\":\"ImageObject\",\"inLanguage\":\"lv-LV\",\"@id\":\"https:\/\/metaltale.com\/lv\/produkts\/vienviru-durvju-sienu-vadotne-terauda-grafita-loft\/#primaryimage\",\"url\":\"https:\/\/metaltale.com\/wp-content\/uploads\/2023\/09\/Prowadnica-LOFT-STAL-GRAFITAS.jpg\",\"contentUrl\":\"https:\/\/metaltale.com\/wp-content\/uploads\/2023\/09\/Prowadnica-LOFT-STAL-GRAFITAS.jpg\",\"width\":800,\"height\":800},{\"@type\":\"BreadcrumbList\",\"@id\":\"https:\/\/metaltale.com\/lv\/produkts\/vienviru-durvju-sienu-vadotne-terauda-grafita-loft\/#breadcrumb\",\"itemListElement\":[{\"@type\":\"ListItem\",\"position\":1,\"name\":\"Home\",\"item\":\"https:\/\/metaltale.com\/lv\/majas\/\"},{\"@type\":\"ListItem\",\"position\":2,\"name\":\"Veikals\",\"item\":\"https:\/\/metaltale.com\/lv\/shop\/\"},{\"@type\":\"ListItem\",\"position\":3,\"name\":\"Vienviru durvju sienu vadotne t\u0113rauda graf\u012bta LOFT\"}]},{\"@type\":\"WebSite\",\"@id\":\"https:\/\/metaltale.com\/lv\/#website\",\"url\":\"https:\/\/metaltale.com\/lv\/\",\"name\":\"Metaltale.com\",\"description\":\"\",\"potentialAction\":[{\"@type\":\"SearchAction\",\"target\":{\"@type\":\"EntryPoint\",\"urlTemplate\":\"https:\/\/metaltale.com\/lv\/?s={search_term_string}\"},\"query-input\":{\"@type\":\"PropertyValueSpecification\",\"valueRequired\":true,\"valueName\":\"search_term_string\"}}],\"inLanguage\":\"lv-LV\"}]}<\/script>\n<!-- \/ Yoast SEO plugin. -->","yoast_head_json":{"title":"Vienviru durvju sienu vadotne t\u0113rauda graf\u012bta LOFT - MetalTale.com","robots":{"index":"index","follow":"follow","max-snippet":"max-snippet:-1","max-image-preview":"max-image-preview:large","max-video-preview":"max-video-preview:-1"},"canonical":"https:\/\/metaltale.com\/lv\/produkts\/vienviru-durvju-sienu-vadotne-terauda-grafita-loft\/","og_locale":"lv_LV","og_type":"article","og_title":"Vienviru durvju sienu vadotne t\u0113rauda graf\u012bta LOFT - MetalTale.com","og_description":"ZA modelis. PRO-S10-2000 EAN. 5907772071274 Materi\u0101ls T\u0113rauds [cm]Kop\u0113jais garums 200 Mont\u0101\u017eas skr\u016bves J\u0101 Sienas mont\u0101\u017ea T\u0113rauda kr\u0101sa MATYTI ce\u013cvedis Komplekt\u0101","og_url":"https:\/\/metaltale.com\/lv\/produkts\/vienviru-durvju-sienu-vadotne-terauda-grafita-loft\/","og_site_name":"MetalTale.com","twitter_card":"summary_large_image","twitter_misc":{"Est. reading time":"2 minutes"},"schema":{"@context":"https:\/\/schema.org","@graph":[{"@type":"WebPage","@id":"https:\/\/metaltale.com\/lv\/produkts\/vienviru-durvju-sienu-vadotne-terauda-grafita-loft\/","url":"https:\/\/metaltale.com\/lv\/produkts\/vienviru-durvju-sienu-vadotne-terauda-grafita-loft\/","name":"Vienviru durvju sienu vadotne t\u0113rauda graf\u012bta LOFT - MetalTale.com","isPartOf":{"@id":"https:\/\/metaltale.com\/lv\/#website"},"primaryImageOfPage":{"@id":"https:\/\/metaltale.com\/lv\/produkts\/vienviru-durvju-sienu-vadotne-terauda-grafita-loft\/#primaryimage"},"image":{"@id":"https:\/\/metaltale.com\/lv\/produkts\/vienviru-durvju-sienu-vadotne-terauda-grafita-loft\/#primaryimage"},"thumbnailUrl":"https:\/\/metaltale.com\/wp-content\/uploads\/2023\/09\/Prowadnica-LOFT-STAL-GRAFITAS.jpg","datePublished":"2024-02-13T11:17:48+00:00","breadcrumb":{"@id":"https:\/\/metaltale.com\/lv\/produkts\/vienviru-durvju-sienu-vadotne-terauda-grafita-loft\/#breadcrumb"},"inLanguage":"lv-LV","potentialAction":[{"@type":"ReadAction","target":["https:\/\/metaltale.com\/lv\/produkts\/vienviru-durvju-sienu-vadotne-terauda-grafita-loft\/"]}]},{"@type":"ImageObject","inLanguage":"lv-LV","@id":"https:\/\/metaltale.com\/lv\/produkts\/vienviru-durvju-sienu-vadotne-terauda-grafita-loft\/#primaryimage","url":"https:\/\/metaltale.com\/wp-content\/uploads\/2023\/09\/Prowadnica-LOFT-STAL-GRAFITAS.jpg","contentUrl":"https:\/\/metaltale.com\/wp-content\/uploads\/2023\/09\/Prowadnica-LOFT-STAL-GRAFITAS.jpg","width":800,"height":800},{"@type":"BreadcrumbList","@id":"https:\/\/metaltale.com\/lv\/produkts\/vienviru-durvju-sienu-vadotne-terauda-grafita-loft\/#breadcrumb","itemListElement":[{"@type":"ListItem","position":1,"name":"Home","item":"https:\/\/metaltale.com\/lv\/majas\/"},{"@type":"ListItem","position":2,"name":"Veikals","item":"https:\/\/metaltale.com\/lv\/shop\/"},{"@type":"ListItem","position":3,"name":"Vienviru durvju sienu vadotne t\u0113rauda graf\u012bta LOFT"}]},{"@type":"WebSite","@id":"https:\/\/metaltale.com\/lv\/#website","url":"https:\/\/metaltale.com\/lv\/","name":"Metaltale.com","description":"","potentialAction":[{"@type":"SearchAction","target":{"@type":"EntryPoint","urlTemplate":"https:\/\/metaltale.com\/lv\/?s={search_term_string}"},"query-input":{"@type":"PropertyValueSpecification","valueRequired":true,"valueName":"search_term_string"}}],"inLanguage":"lv-LV"}]}},"_links":{"self":[{"href":"https:\/\/metaltale.com\/lv\/wp-json\/wp\/v2\/product\/134959","targetHints":{"allow":["GET"]}}],"collection":[{"href":"https:\/\/metaltale.com\/lv\/wp-json\/wp\/v2\/product"}],"about":[{"href":"https:\/\/metaltale.com\/lv\/wp-json\/wp\/v2\/types\/product"}],"replies":[{"embeddable":true,"href":"https:\/\/metaltale.com\/lv\/wp-json\/wp\/v2\/comments?post=134959"}],"version-history":[{"count":0,"href":"https:\/\/metaltale.com\/lv\/wp-json\/wp\/v2\/product\/134959\/revisions"}],"wp:featuredmedia":[{"embeddable":true,"href":"https:\/\/metaltale.com\/lv\/wp-json\/wp\/v2\/media\/65494"}],"wp:attachment":[{"href":"https:\/\/metaltale.com\/lv\/wp-json\/wp\/v2\/media?parent=134959"}],"wp:term":[{"taxonomy":"product_brand","embeddable":true,"href":"https:\/\/metaltale.com\/lv\/wp-json\/wp\/v2\/product_brand?post=134959"},{"taxonomy":"product_cat","embeddable":true,"href":"https:\/\/metaltale.com\/lv\/wp-json\/wp\/v2\/product_cat?post=134959"},{"taxonomy":"product_tag","embeddable":true,"href":"https:\/\/metaltale.com\/lv\/wp-json\/wp\/v2\/product_tag?post=134959"}],"curies":[{"name":"wp","href":"https:\/\/api.w.org\/{rel}","templated":true}]}}