{"id":134956,"date":"2023-11-09T11:23:11","date_gmt":"2023-11-09T09:23:11","guid":{"rendered":"https:\/\/metaltale.com\/produktas\/science-fiction-2x-metala-galda-kajas-pusdienu-galdam-darba-galdam\/"},"modified":"2023-11-09T11:23:11","modified_gmt":"2023-11-09T09:23:11","slug":"science-fiction-2x-metala-galda-kajas-pusdienu-galdam-darba-galdam","status":"publish","type":"product","link":"https:\/\/metaltale.com\/lv\/produkts\/science-fiction-2x-metala-galda-kajas-pusdienu-galdam-darba-galdam\/","title":{"rendered":"SCIENCE-FICTION 2x Met\u0101la galda k\u0101jas pusdienu galdam, darba galdam"},"content":{"rendered":"<div class=\"prod_data\">\n<p><strong>Materi\u0101ls<\/strong> T\u0113rauds<br \/>\n<strong>Materi\u0101la biezums<\/strong> Lente 50&#215;10 mm<br \/>\nKop\u0113jais augstums (cm ) 70<br \/>\n<strong>Plat\u012bba (cm<\/strong> ) 58<br \/>\n<strong>Apak\u0161da\u013cas laukums (cm<\/strong> ) 45<br \/>\nMont\u0101\u017eas skr\u016bves J\u0101<br \/>\nKr\u0101sa Melna<br \/>\n<strong>Apdare<\/strong> Pulvera p\u0101rkl\u0101jums<\/p>\n<p>Met\u0101la galda k\u0101j\u0101m ir cieta pamatne galda virsmai.<\/p>\n<p>Pulverkr\u0101sotas melnas met\u0101la k\u0101jas ar augstu iztur\u012bbu pret skr\u0101p\u0113jumiem<\/p>\n<p>Vienk\u0101r\u0161s, ta\u010du intri\u0123\u0113jo\u0161s dizains atbilsto\u0161i popul\u0101r\u0101m interjera dizaina tendenc\u0113m<\/p>\n<p>Produktu kr\u0101sa var at\u0161\u0137irties no galerij\u0101 redzam\u0101s kr\u0101sas, kas var b\u016bt saist\u012bts ar individu\u0101liem monitora iestat\u012bjumiem un materi\u0101la \u012bpa\u0161\u012bb\u0101m.<\/p>\n<hr>\n<p>K\u0101jas ir lieliski piem\u0113rotas pusdienu vai darba galdam.<\/p>\n<p>Komplekt\u0101 ietilpst divas galda k\u0101jas. Katrai k\u0101jai ir 8 caurumi ar padzi\u013cin\u0101jumiem iek\u0161pus\u0113, kas \u013cauj skr\u016bv\u0113m labi pasl\u0113pties un galda virsmu pieskr\u016bv\u0113t, lai veidotu stabilu galdu.<\/p>\n<p>Pielikum\u0101 pievienoju 16 eksempl\u0101rus. ner\u016bs\u0113jo\u0161\u0101 t\u0113rauda kokskr\u016bves (A2, 4,5&#215;25 mm) un 4 gab. melni vilnas spilventi\u0146i (40&#215;40 mm).<\/p>\n<p>* Pied\u0101v\u0101jums attiecas tikai uz t\u0113rauda k\u0101ju un neietver darba virsmu.<\/p>\n<\/div>\n","protected":false},"excerpt":{"rendered":"<p>Materi\u0101ls T\u0113rauds Materi\u0101la biezums Lente 50&#215;10 mm Kop\u0113jais augstums (cm ) 70 Plat\u012bba (cm ) 58 Apak\u0161da\u013cas laukums (cm )<\/p>\n","protected":false},"featured_media":109397,"comment_status":"open","ping_status":"closed","template":"","meta":{"_acf_changed":false,"pmpro_default_level":""},"product_brand":[],"product_cat":[24056,23916],"product_tag":[],"class_list":{"0":"post-134956","1":"product","2":"type-product","3":"status-publish","4":"has-post-thumbnail","6":"product_cat-mebelu-kajas","7":"product_cat-stalo-kojos-lv","8":"pmpro-has-access","10":"first","11":"outofstock","12":"shipping-taxable","13":"purchasable","14":"product-type-simple"},"acf":[],"yoast_head":"<!-- This site is optimized with the Yoast SEO plugin v24.9 - https:\/\/yoast.com\/wordpress\/plugins\/seo\/ -->\n<title>SCIENCE-FICTION 2x Met\u0101la galda k\u0101jas pusdienu galdam, darba galdam - MetalTale.com<\/title>\n<meta name=\"robots\" content=\"index, follow, max-snippet:-1, max-image-preview:large, max-video-preview:-1\" \/>\n<link rel=\"canonical\" href=\"https:\/\/metaltale.com\/lv\/produkts\/science-fiction-2x-metala-galda-kajas-pusdienu-galdam-darba-galdam\/\" \/>\n<meta property=\"og:locale\" content=\"lv_LV\" \/>\n<meta property=\"og:type\" content=\"article\" \/>\n<meta property=\"og:title\" content=\"SCIENCE-FICTION 2x Met\u0101la galda k\u0101jas pusdienu galdam, darba galdam - MetalTale.com\" \/>\n<meta property=\"og:description\" content=\"Materi\u0101ls T\u0113rauds Materi\u0101la biezums Lente 50&#215;10 mm Kop\u0113jais augstums (cm ) 70 Plat\u012bba (cm ) 58 Apak\u0161da\u013cas laukums (cm )\" \/>\n<meta property=\"og:url\" content=\"https:\/\/metaltale.com\/lv\/produkts\/science-fiction-2x-metala-galda-kajas-pusdienu-galdam-darba-galdam\/\" \/>\n<meta property=\"og:site_name\" content=\"MetalTale.com\" \/>\n<meta property=\"og:image\" content=\"https:\/\/metaltale.com\/wp-content\/uploads\/2023\/11\/metaltale-metalines-stalo-kojos-juoda-matine-industrinis-stilius-2x-e1699529323559.jpeg\" \/>\n\t<meta property=\"og:image:width\" content=\"851\" \/>\n\t<meta property=\"og:image:height\" content=\"853\" \/>\n\t<meta property=\"og:image:type\" content=\"image\/jpeg\" \/>\n<meta name=\"twitter:card\" content=\"summary_large_image\" \/>\n<meta name=\"twitter:label1\" content=\"Est. reading time\" \/>\n\t<meta name=\"twitter:data1\" content=\"1 minute\" \/>\n<script type=\"application\/ld+json\" class=\"yoast-schema-graph\">{\"@context\":\"https:\/\/schema.org\",\"@graph\":[{\"@type\":\"WebPage\",\"@id\":\"https:\/\/metaltale.com\/lv\/produkts\/science-fiction-2x-metala-galda-kajas-pusdienu-galdam-darba-galdam\/\",\"url\":\"https:\/\/metaltale.com\/lv\/produkts\/science-fiction-2x-metala-galda-kajas-pusdienu-galdam-darba-galdam\/\",\"name\":\"SCIENCE-FICTION 2x Met\u0101la galda k\u0101jas pusdienu galdam, darba galdam - MetalTale.com\",\"isPartOf\":{\"@id\":\"https:\/\/metaltale.com\/lv\/#website\"},\"primaryImageOfPage\":{\"@id\":\"https:\/\/metaltale.com\/lv\/produkts\/science-fiction-2x-metala-galda-kajas-pusdienu-galdam-darba-galdam\/#primaryimage\"},\"image\":{\"@id\":\"https:\/\/metaltale.com\/lv\/produkts\/science-fiction-2x-metala-galda-kajas-pusdienu-galdam-darba-galdam\/#primaryimage\"},\"thumbnailUrl\":\"https:\/\/metaltale.com\/wp-content\/uploads\/2023\/11\/metaltale-metalines-stalo-kojos-juoda-matine-industrinis-stilius-2x-e1699529323559.jpeg\",\"datePublished\":\"2023-11-09T09:23:11+00:00\",\"breadcrumb\":{\"@id\":\"https:\/\/metaltale.com\/lv\/produkts\/science-fiction-2x-metala-galda-kajas-pusdienu-galdam-darba-galdam\/#breadcrumb\"},\"inLanguage\":\"lv-LV\",\"potentialAction\":[{\"@type\":\"ReadAction\",\"target\":[\"https:\/\/metaltale.com\/lv\/produkts\/science-fiction-2x-metala-galda-kajas-pusdienu-galdam-darba-galdam\/\"]}]},{\"@type\":\"ImageObject\",\"inLanguage\":\"lv-LV\",\"@id\":\"https:\/\/metaltale.com\/lv\/produkts\/science-fiction-2x-metala-galda-kajas-pusdienu-galdam-darba-galdam\/#primaryimage\",\"url\":\"https:\/\/metaltale.com\/wp-content\/uploads\/2023\/11\/metaltale-metalines-stalo-kojos-juoda-matine-industrinis-stilius-2x-e1699529323559.jpeg\",\"contentUrl\":\"https:\/\/metaltale.com\/wp-content\/uploads\/2023\/11\/metaltale-metalines-stalo-kojos-juoda-matine-industrinis-stilius-2x-e1699529323559.jpeg\",\"width\":851,\"height\":853},{\"@type\":\"BreadcrumbList\",\"@id\":\"https:\/\/metaltale.com\/lv\/produkts\/science-fiction-2x-metala-galda-kajas-pusdienu-galdam-darba-galdam\/#breadcrumb\",\"itemListElement\":[{\"@type\":\"ListItem\",\"position\":1,\"name\":\"Home\",\"item\":\"https:\/\/metaltale.com\/lv\/majas\/\"},{\"@type\":\"ListItem\",\"position\":2,\"name\":\"Veikals\",\"item\":\"https:\/\/metaltale.com\/lv\/shop\/\"},{\"@type\":\"ListItem\",\"position\":3,\"name\":\"SCIENCE-FICTION 2x Met\u0101la galda k\u0101jas pusdienu galdam, darba galdam\"}]},{\"@type\":\"WebSite\",\"@id\":\"https:\/\/metaltale.com\/lv\/#website\",\"url\":\"https:\/\/metaltale.com\/lv\/\",\"name\":\"Metaltale.com\",\"description\":\"\",\"potentialAction\":[{\"@type\":\"SearchAction\",\"target\":{\"@type\":\"EntryPoint\",\"urlTemplate\":\"https:\/\/metaltale.com\/lv\/?s={search_term_string}\"},\"query-input\":{\"@type\":\"PropertyValueSpecification\",\"valueRequired\":true,\"valueName\":\"search_term_string\"}}],\"inLanguage\":\"lv-LV\"}]}<\/script>\n<!-- \/ Yoast SEO plugin. -->","yoast_head_json":{"title":"SCIENCE-FICTION 2x Met\u0101la galda k\u0101jas pusdienu galdam, darba galdam - MetalTale.com","robots":{"index":"index","follow":"follow","max-snippet":"max-snippet:-1","max-image-preview":"max-image-preview:large","max-video-preview":"max-video-preview:-1"},"canonical":"https:\/\/metaltale.com\/lv\/produkts\/science-fiction-2x-metala-galda-kajas-pusdienu-galdam-darba-galdam\/","og_locale":"lv_LV","og_type":"article","og_title":"SCIENCE-FICTION 2x Met\u0101la galda k\u0101jas pusdienu galdam, darba galdam - MetalTale.com","og_description":"Materi\u0101ls T\u0113rauds Materi\u0101la biezums Lente 50&#215;10 mm Kop\u0113jais augstums (cm ) 70 Plat\u012bba (cm ) 58 Apak\u0161da\u013cas laukums (cm )","og_url":"https:\/\/metaltale.com\/lv\/produkts\/science-fiction-2x-metala-galda-kajas-pusdienu-galdam-darba-galdam\/","og_site_name":"MetalTale.com","og_image":[{"width":851,"height":853,"url":"https:\/\/metaltale.com\/wp-content\/uploads\/2023\/11\/metaltale-metalines-stalo-kojos-juoda-matine-industrinis-stilius-2x-e1699529323559.jpeg","type":"image\/jpeg"}],"twitter_card":"summary_large_image","twitter_misc":{"Est. reading time":"1 minute"},"schema":{"@context":"https:\/\/schema.org","@graph":[{"@type":"WebPage","@id":"https:\/\/metaltale.com\/lv\/produkts\/science-fiction-2x-metala-galda-kajas-pusdienu-galdam-darba-galdam\/","url":"https:\/\/metaltale.com\/lv\/produkts\/science-fiction-2x-metala-galda-kajas-pusdienu-galdam-darba-galdam\/","name":"SCIENCE-FICTION 2x Met\u0101la galda k\u0101jas pusdienu galdam, darba galdam - MetalTale.com","isPartOf":{"@id":"https:\/\/metaltale.com\/lv\/#website"},"primaryImageOfPage":{"@id":"https:\/\/metaltale.com\/lv\/produkts\/science-fiction-2x-metala-galda-kajas-pusdienu-galdam-darba-galdam\/#primaryimage"},"image":{"@id":"https:\/\/metaltale.com\/lv\/produkts\/science-fiction-2x-metala-galda-kajas-pusdienu-galdam-darba-galdam\/#primaryimage"},"thumbnailUrl":"https:\/\/metaltale.com\/wp-content\/uploads\/2023\/11\/metaltale-metalines-stalo-kojos-juoda-matine-industrinis-stilius-2x-e1699529323559.jpeg","datePublished":"2023-11-09T09:23:11+00:00","breadcrumb":{"@id":"https:\/\/metaltale.com\/lv\/produkts\/science-fiction-2x-metala-galda-kajas-pusdienu-galdam-darba-galdam\/#breadcrumb"},"inLanguage":"lv-LV","potentialAction":[{"@type":"ReadAction","target":["https:\/\/metaltale.com\/lv\/produkts\/science-fiction-2x-metala-galda-kajas-pusdienu-galdam-darba-galdam\/"]}]},{"@type":"ImageObject","inLanguage":"lv-LV","@id":"https:\/\/metaltale.com\/lv\/produkts\/science-fiction-2x-metala-galda-kajas-pusdienu-galdam-darba-galdam\/#primaryimage","url":"https:\/\/metaltale.com\/wp-content\/uploads\/2023\/11\/metaltale-metalines-stalo-kojos-juoda-matine-industrinis-stilius-2x-e1699529323559.jpeg","contentUrl":"https:\/\/metaltale.com\/wp-content\/uploads\/2023\/11\/metaltale-metalines-stalo-kojos-juoda-matine-industrinis-stilius-2x-e1699529323559.jpeg","width":851,"height":853},{"@type":"BreadcrumbList","@id":"https:\/\/metaltale.com\/lv\/produkts\/science-fiction-2x-metala-galda-kajas-pusdienu-galdam-darba-galdam\/#breadcrumb","itemListElement":[{"@type":"ListItem","position":1,"name":"Home","item":"https:\/\/metaltale.com\/lv\/majas\/"},{"@type":"ListItem","position":2,"name":"Veikals","item":"https:\/\/metaltale.com\/lv\/shop\/"},{"@type":"ListItem","position":3,"name":"SCIENCE-FICTION 2x Met\u0101la galda k\u0101jas pusdienu galdam, darba galdam"}]},{"@type":"WebSite","@id":"https:\/\/metaltale.com\/lv\/#website","url":"https:\/\/metaltale.com\/lv\/","name":"Metaltale.com","description":"","potentialAction":[{"@type":"SearchAction","target":{"@type":"EntryPoint","urlTemplate":"https:\/\/metaltale.com\/lv\/?s={search_term_string}"},"query-input":{"@type":"PropertyValueSpecification","valueRequired":true,"valueName":"search_term_string"}}],"inLanguage":"lv-LV"}]}},"_links":{"self":[{"href":"https:\/\/metaltale.com\/lv\/wp-json\/wp\/v2\/product\/134956","targetHints":{"allow":["GET"]}}],"collection":[{"href":"https:\/\/metaltale.com\/lv\/wp-json\/wp\/v2\/product"}],"about":[{"href":"https:\/\/metaltale.com\/lv\/wp-json\/wp\/v2\/types\/product"}],"replies":[{"embeddable":true,"href":"https:\/\/metaltale.com\/lv\/wp-json\/wp\/v2\/comments?post=134956"}],"version-history":[{"count":0,"href":"https:\/\/metaltale.com\/lv\/wp-json\/wp\/v2\/product\/134956\/revisions"}],"wp:featuredmedia":[{"embeddable":true,"href":"https:\/\/metaltale.com\/lv\/wp-json\/wp\/v2\/media\/109397"}],"wp:attachment":[{"href":"https:\/\/metaltale.com\/lv\/wp-json\/wp\/v2\/media?parent=134956"}],"wp:term":[{"taxonomy":"product_brand","embeddable":true,"href":"https:\/\/metaltale.com\/lv\/wp-json\/wp\/v2\/product_brand?post=134956"},{"taxonomy":"product_cat","embeddable":true,"href":"https:\/\/metaltale.com\/lv\/wp-json\/wp\/v2\/product_cat?post=134956"},{"taxonomy":"product_tag","embeddable":true,"href":"https:\/\/metaltale.com\/lv\/wp-json\/wp\/v2\/product_tag?post=134956"}],"curies":[{"name":"wp","href":"https:\/\/api.w.org\/{rel}","templated":true}]}}