{"id":134942,"date":"2024-02-13T13:25:05","date_gmt":"2024-02-13T11:25:05","guid":{"rendered":"https:\/\/metaltale.com\/produktas\/sajana-beninu-stikla-bidamas-durvis-2\/"},"modified":"2024-02-13T13:25:05","modified_gmt":"2024-02-13T11:25:05","slug":"sajana-beninu-stikla-bidamas-durvis-2","status":"publish","type":"product","link":"https:\/\/metaltale.com\/lv\/produkts\/sajana-beninu-stikla-bidamas-durvis-2\/","title":{"rendered":"SAJANA b\u0113ni\u0146u stikla b\u012bd\u0101m\u0101s durvis"},"content":{"rendered":"<div class=\"prod_data\">SAVE <strong>modelis<\/strong>. GD.029.PRGR  <br \/><strong>Materi\u0101ls<\/strong> Alum\u012bnijs, stikls  <br \/><strong>Biezums (cm<\/strong> ) 3  <br \/>Kop\u0113jais augstums (cm ) 210 <br \/><strong>Stikla tips<\/strong> R\u016bd\u012bts  <br \/><strong>R\u0101mja kr\u0101sa<\/strong> Melna  <br \/><strong>Stikla biezums (cm<\/strong> ) 0,8  <br \/><strong>Stikla kr\u0101sa<\/strong> Caursp\u012bd\u012bgs \/ pienains  <br \/><strong>Pieg\u0101des veids<\/strong> Izstr\u0101d\u0101jums, kas izgatavots no mini mont\u0101\u017eas elementiem  <br \/>PAPILDU INFORM\u0100CIJA Pied\u0101v\u0101jums attiecas tikai uz vienu durvju paneli un neietver b\u012bd\u0101mo sist\u0113mu un citus piederumus. <\/p>\n<hr>\n<p>&#8211; Durvis, kas izgatavotas no alum\u012bnija un stikla kombin\u0101cijas<br \/>&#8211; R\u0101mis izgatavots no augstas kvalit\u0101tes, \u012bpa\u0161i viegla alum\u012bnija, kas nodro\u0161ina stabilit\u0101ti un \u0113rtu lieto\u0161anu.<br \/>&#8211; R\u016bd\u012bts 8 mm biezs stikls piln\u012bgai dro\u0161\u012bbai<br \/>&#8211; pulverkr\u0101sas p\u0101rkl\u0101jums \u013cauj izmantot durvis mitruma iedarb\u012bbai pak\u013caut\u0101s viet\u0101s.<br \/>&#8211; m\u016bsdien\u012bga kr\u0101so\u0161anas tehnolo\u0123ija apvienojum\u0101 ar augstas kvalit\u0101tes lak\u0101m nodro\u0161ina ilgnotur\u012bgu kr\u0101su un iztur\u012bbu pret skr\u0101p\u0113jumiem.<br \/>&#8211; \u0160im durvju modelim ir rakstur\u012bgas horizont\u0101las stiklojuma sloksnes un viena vertik\u0101la sloksne.<br \/>&#8211; univers\u0101ls dizains, kas lieliski iederas jebkura stila <span class=\"hiddenSpellError\">b\u0113ni\u0146u<\/span> un <span class=\"hiddenGrammarError\">modern\u0101<\/span> interjer\u0101.<\/p>\n<hr>\n<p><span class=\"hiddenSpellError\">SAJANA<\/span> ir ekskluz\u012bvas, p\u0101rsteidzo\u0161as un uzman\u012bbu piesaisto\u0161as b\u012bd\u0101m\u0101s stikla durvis alum\u012bnija r\u0101m\u012b. Vi\u0146i ir \u012bsts dimants neapstr\u0101d\u0101t\u0101 veid\u0101. Viegl\u0101 konstrukcija un r\u016bd\u012btais 8 mm stikls garant\u0113 piln\u012bgu dro\u0161\u012bbu un komfortu. Durv\u012bm ir rakstur\u012bga precizit\u0101te un uzman\u012bba deta\u013c\u0101m, t\u0101d\u0113j\u0101di nodro\u0161inot vieglu un intuit\u012bvu uzst\u0101d\u012b\u0161anu. Perfekti saska\u0146oti komponenti un augst\u0101k\u0101s kvalit\u0101tes materi\u0101li veido patiesi iespaid\u012bgas durvis. Iepriek\u0161 min\u0113tais alum\u012bnija r\u0101mis ar pulverkr\u0101sas p\u0101rkl\u0101jumu \u013cauj durvis izmantot ne tikai viesistab\u0101 vai gu\u013camistab\u0101, bet ar\u012b vannas istab\u0101 vai virtuv\u0113. Ide\u0101li piem\u0113rots b\u012bd\u0101maj\u0101m sist\u0113m\u0101m ar rull\u012b\u0161iem, kas uzst\u0101d\u012bti durvju aug\u0161da\u013c\u0101 vai priek\u0161pus\u0113, un lieliski iederas pie pietic\u012bg\u0101s, minim\u0101lisma stila b\u012bd\u0101maj\u0101s sist\u0113m\u0101s, k\u0101 ar\u012b pie drosm\u012bga, <span class=\"hiddenSpellError\">b\u0113ni\u0146iem l\u012bdz\u012bga<\/span> dizaina. <span class=\"hiddenSpellError\">SAJANA<\/span> neap\u0161aub\u0101mi ir modelis, kas<\/p>\n<hr>\n<p>*<span> ar b\u012bd\u0101mo divviru durvju sist\u0113mu dr\u012bkst izmantot <\/span> tikai<span class=\"hiddenGrammarError\">viru tipa<\/span><span> vadotnes <\/span>.  <\/p>\n<\/div>\n","protected":false},"excerpt":{"rendered":"<p>SAVE modelis. GD.029.PRGR Materi\u0101ls Alum\u012bnijs, stikls Biezums (cm ) 3 Kop\u0113jais augstums (cm ) 210 Stikla tips R\u016bd\u012bts R\u0101mja kr\u0101sa<\/p>\n","protected":false},"featured_media":97615,"comment_status":"open","ping_status":"closed","template":"","meta":{"_acf_changed":false,"pmpro_default_level":""},"product_brand":[],"product_cat":[24065],"product_tag":[],"class_list":{"0":"post-134942","1":"product","2":"type-product","3":"status-publish","4":"has-post-thumbnail","6":"product_cat-stikla-bidamas-durvis","7":"pmpro-has-access","9":"first","10":"outofstock","11":"shipping-taxable","12":"purchasable","13":"product-type-simple"},"acf":[],"yoast_head":"<!-- This site is optimized with the Yoast SEO plugin v24.9 - https:\/\/yoast.com\/wordpress\/plugins\/seo\/ -->\n<title>SAJANA b\u0113ni\u0146u stikla b\u012bd\u0101m\u0101s durvis - MetalTale.com<\/title>\n<meta name=\"robots\" content=\"index, follow, max-snippet:-1, max-image-preview:large, max-video-preview:-1\" \/>\n<link rel=\"canonical\" href=\"https:\/\/metaltale.com\/lv\/produkts\/sajana-beninu-stikla-bidamas-durvis-2\/\" \/>\n<meta property=\"og:locale\" content=\"lv_LV\" \/>\n<meta property=\"og:type\" content=\"article\" \/>\n<meta property=\"og:title\" content=\"SAJANA b\u0113ni\u0146u stikla b\u012bd\u0101m\u0101s durvis - MetalTale.com\" \/>\n<meta property=\"og:description\" content=\"SAVE modelis. GD.029.PRGR Materi\u0101ls Alum\u012bnijs, stikls Biezums (cm ) 3 Kop\u0113jais augstums (cm ) 210 Stikla tips R\u016bd\u012bts R\u0101mja kr\u0101sa\" \/>\n<meta property=\"og:url\" content=\"https:\/\/metaltale.com\/lv\/produkts\/sajana-beninu-stikla-bidamas-durvis-2\/\" \/>\n<meta property=\"og:site_name\" content=\"MetalTale.com\" \/>\n<meta name=\"twitter:card\" content=\"summary_large_image\" \/>\n<meta name=\"twitter:label1\" content=\"Est. reading time\" \/>\n\t<meta name=\"twitter:data1\" content=\"2 minutes\" \/>\n<script type=\"application\/ld+json\" class=\"yoast-schema-graph\">{\"@context\":\"https:\/\/schema.org\",\"@graph\":[{\"@type\":\"WebPage\",\"@id\":\"https:\/\/metaltale.com\/lv\/produkts\/sajana-beninu-stikla-bidamas-durvis-2\/\",\"url\":\"https:\/\/metaltale.com\/lv\/produkts\/sajana-beninu-stikla-bidamas-durvis-2\/\",\"name\":\"SAJANA b\u0113ni\u0146u stikla b\u012bd\u0101m\u0101s durvis - MetalTale.com\",\"isPartOf\":{\"@id\":\"https:\/\/metaltale.com\/lv\/#website\"},\"primaryImageOfPage\":{\"@id\":\"https:\/\/metaltale.com\/lv\/produkts\/sajana-beninu-stikla-bidamas-durvis-2\/#primaryimage\"},\"image\":{\"@id\":\"https:\/\/metaltale.com\/lv\/produkts\/sajana-beninu-stikla-bidamas-durvis-2\/#primaryimage\"},\"thumbnailUrl\":\"https:\/\/metaltale.com\/wp-content\/uploads\/2023\/11\/SAJANA-durys-90x210-skaidrios.jpg\",\"datePublished\":\"2024-02-13T11:25:05+00:00\",\"breadcrumb\":{\"@id\":\"https:\/\/metaltale.com\/lv\/produkts\/sajana-beninu-stikla-bidamas-durvis-2\/#breadcrumb\"},\"inLanguage\":\"lv-LV\",\"potentialAction\":[{\"@type\":\"ReadAction\",\"target\":[\"https:\/\/metaltale.com\/lv\/produkts\/sajana-beninu-stikla-bidamas-durvis-2\/\"]}]},{\"@type\":\"ImageObject\",\"inLanguage\":\"lv-LV\",\"@id\":\"https:\/\/metaltale.com\/lv\/produkts\/sajana-beninu-stikla-bidamas-durvis-2\/#primaryimage\",\"url\":\"https:\/\/metaltale.com\/wp-content\/uploads\/2023\/11\/SAJANA-durys-90x210-skaidrios.jpg\",\"contentUrl\":\"https:\/\/metaltale.com\/wp-content\/uploads\/2023\/11\/SAJANA-durys-90x210-skaidrios.jpg\",\"width\":800,\"height\":800,\"caption\":\"Stumdomos stiklin\u0117s durys SAJANA 90x210 skaidrus\"},{\"@type\":\"BreadcrumbList\",\"@id\":\"https:\/\/metaltale.com\/lv\/produkts\/sajana-beninu-stikla-bidamas-durvis-2\/#breadcrumb\",\"itemListElement\":[{\"@type\":\"ListItem\",\"position\":1,\"name\":\"Home\",\"item\":\"https:\/\/metaltale.com\/lv\/majas\/\"},{\"@type\":\"ListItem\",\"position\":2,\"name\":\"Veikals\",\"item\":\"https:\/\/metaltale.com\/lv\/shop\/\"},{\"@type\":\"ListItem\",\"position\":3,\"name\":\"SAJANA b\u0113ni\u0146u stikla b\u012bd\u0101m\u0101s durvis\"}]},{\"@type\":\"WebSite\",\"@id\":\"https:\/\/metaltale.com\/lv\/#website\",\"url\":\"https:\/\/metaltale.com\/lv\/\",\"name\":\"Metaltale.com\",\"description\":\"\",\"potentialAction\":[{\"@type\":\"SearchAction\",\"target\":{\"@type\":\"EntryPoint\",\"urlTemplate\":\"https:\/\/metaltale.com\/lv\/?s={search_term_string}\"},\"query-input\":{\"@type\":\"PropertyValueSpecification\",\"valueRequired\":true,\"valueName\":\"search_term_string\"}}],\"inLanguage\":\"lv-LV\"}]}<\/script>\n<!-- \/ Yoast SEO plugin. -->","yoast_head_json":{"title":"SAJANA b\u0113ni\u0146u stikla b\u012bd\u0101m\u0101s durvis - MetalTale.com","robots":{"index":"index","follow":"follow","max-snippet":"max-snippet:-1","max-image-preview":"max-image-preview:large","max-video-preview":"max-video-preview:-1"},"canonical":"https:\/\/metaltale.com\/lv\/produkts\/sajana-beninu-stikla-bidamas-durvis-2\/","og_locale":"lv_LV","og_type":"article","og_title":"SAJANA b\u0113ni\u0146u stikla b\u012bd\u0101m\u0101s durvis - MetalTale.com","og_description":"SAVE modelis. GD.029.PRGR Materi\u0101ls Alum\u012bnijs, stikls Biezums (cm ) 3 Kop\u0113jais augstums (cm ) 210 Stikla tips R\u016bd\u012bts R\u0101mja kr\u0101sa","og_url":"https:\/\/metaltale.com\/lv\/produkts\/sajana-beninu-stikla-bidamas-durvis-2\/","og_site_name":"MetalTale.com","twitter_card":"summary_large_image","twitter_misc":{"Est. reading time":"2 minutes"},"schema":{"@context":"https:\/\/schema.org","@graph":[{"@type":"WebPage","@id":"https:\/\/metaltale.com\/lv\/produkts\/sajana-beninu-stikla-bidamas-durvis-2\/","url":"https:\/\/metaltale.com\/lv\/produkts\/sajana-beninu-stikla-bidamas-durvis-2\/","name":"SAJANA b\u0113ni\u0146u stikla b\u012bd\u0101m\u0101s durvis - MetalTale.com","isPartOf":{"@id":"https:\/\/metaltale.com\/lv\/#website"},"primaryImageOfPage":{"@id":"https:\/\/metaltale.com\/lv\/produkts\/sajana-beninu-stikla-bidamas-durvis-2\/#primaryimage"},"image":{"@id":"https:\/\/metaltale.com\/lv\/produkts\/sajana-beninu-stikla-bidamas-durvis-2\/#primaryimage"},"thumbnailUrl":"https:\/\/metaltale.com\/wp-content\/uploads\/2023\/11\/SAJANA-durys-90x210-skaidrios.jpg","datePublished":"2024-02-13T11:25:05+00:00","breadcrumb":{"@id":"https:\/\/metaltale.com\/lv\/produkts\/sajana-beninu-stikla-bidamas-durvis-2\/#breadcrumb"},"inLanguage":"lv-LV","potentialAction":[{"@type":"ReadAction","target":["https:\/\/metaltale.com\/lv\/produkts\/sajana-beninu-stikla-bidamas-durvis-2\/"]}]},{"@type":"ImageObject","inLanguage":"lv-LV","@id":"https:\/\/metaltale.com\/lv\/produkts\/sajana-beninu-stikla-bidamas-durvis-2\/#primaryimage","url":"https:\/\/metaltale.com\/wp-content\/uploads\/2023\/11\/SAJANA-durys-90x210-skaidrios.jpg","contentUrl":"https:\/\/metaltale.com\/wp-content\/uploads\/2023\/11\/SAJANA-durys-90x210-skaidrios.jpg","width":800,"height":800,"caption":"Stumdomos stiklin\u0117s durys SAJANA 90x210 skaidrus"},{"@type":"BreadcrumbList","@id":"https:\/\/metaltale.com\/lv\/produkts\/sajana-beninu-stikla-bidamas-durvis-2\/#breadcrumb","itemListElement":[{"@type":"ListItem","position":1,"name":"Home","item":"https:\/\/metaltale.com\/lv\/majas\/"},{"@type":"ListItem","position":2,"name":"Veikals","item":"https:\/\/metaltale.com\/lv\/shop\/"},{"@type":"ListItem","position":3,"name":"SAJANA b\u0113ni\u0146u stikla b\u012bd\u0101m\u0101s durvis"}]},{"@type":"WebSite","@id":"https:\/\/metaltale.com\/lv\/#website","url":"https:\/\/metaltale.com\/lv\/","name":"Metaltale.com","description":"","potentialAction":[{"@type":"SearchAction","target":{"@type":"EntryPoint","urlTemplate":"https:\/\/metaltale.com\/lv\/?s={search_term_string}"},"query-input":{"@type":"PropertyValueSpecification","valueRequired":true,"valueName":"search_term_string"}}],"inLanguage":"lv-LV"}]}},"_links":{"self":[{"href":"https:\/\/metaltale.com\/lv\/wp-json\/wp\/v2\/product\/134942","targetHints":{"allow":["GET"]}}],"collection":[{"href":"https:\/\/metaltale.com\/lv\/wp-json\/wp\/v2\/product"}],"about":[{"href":"https:\/\/metaltale.com\/lv\/wp-json\/wp\/v2\/types\/product"}],"replies":[{"embeddable":true,"href":"https:\/\/metaltale.com\/lv\/wp-json\/wp\/v2\/comments?post=134942"}],"version-history":[{"count":0,"href":"https:\/\/metaltale.com\/lv\/wp-json\/wp\/v2\/product\/134942\/revisions"}],"wp:featuredmedia":[{"embeddable":true,"href":"https:\/\/metaltale.com\/lv\/wp-json\/wp\/v2\/media\/97615"}],"wp:attachment":[{"href":"https:\/\/metaltale.com\/lv\/wp-json\/wp\/v2\/media?parent=134942"}],"wp:term":[{"taxonomy":"product_brand","embeddable":true,"href":"https:\/\/metaltale.com\/lv\/wp-json\/wp\/v2\/product_brand?post=134942"},{"taxonomy":"product_cat","embeddable":true,"href":"https:\/\/metaltale.com\/lv\/wp-json\/wp\/v2\/product_cat?post=134942"},{"taxonomy":"product_tag","embeddable":true,"href":"https:\/\/metaltale.com\/lv\/wp-json\/wp\/v2\/product_tag?post=134942"}],"curies":[{"name":"wp","href":"https:\/\/api.w.org\/{rel}","templated":true}]}}