{"id":134934,"date":"2024-02-13T14:05:41","date_gmt":"2024-02-13T12:05:41","guid":{"rendered":"https:\/\/metaltale.com\/produktas\/rozete-mebelu-pogai-decorative-50x130mm\/"},"modified":"2024-02-13T14:05:41","modified_gmt":"2024-02-13T12:05:41","slug":"rozete-mebelu-pogai-decorative-50x130mm","status":"publish","type":"product","link":"https:\/\/metaltale.com\/lv\/produkts\/rozete-mebelu-pogai-decorative-50x130mm\/","title":{"rendered":"Rozete m\u0113be\u013cu pogai DECORATIVE 50x130mm"},"content":{"rendered":"<div class=\"prod_data\">\n<p><strong>Modelis<\/strong> 49.089F. AI.75<br \/>\n<strong>EAN.<\/strong>  5905369919695<br \/>\nMateri\u0101ls Ketus<br \/>\n<strong>Biezums (cm<\/strong> ) 0,4<br \/>\n<strong>Kop\u0113jais augstums (cm<\/strong> ) 5<br \/>\n<strong>Kop\u0113jais platums (cm<\/strong> ) 13<br \/>\n<strong>Mont\u0101\u017eas skr\u016bves<\/strong> Skr\u016bve<br \/>\nT\u0113rauda <strong>kr\u0101sa<\/strong><br \/>\n<strong>Apdares<\/strong> vaska <strong>apdare<\/strong> <\/p>\n<p>&#8211; izstr\u0101d\u0101jums ir izgatavots no augst\u0101k\u0101s kvalit\u0101tes \u010duguna, kas nodro\u0161ina rozetes iztur\u012bbu un iztur\u012bbu.<br \/>\n&#8211; Rozetes daudzpus\u012bba \u013cauj to kombin\u0113t ar jebkuru m\u0113be\u013cu rokturi.<br \/>\n&#8211; mont\u0101\u017eas caurumi \u013cauj veikt \u0101tru un \u0113rtu mont\u0101\u017eu<\/p>\n<hr>\n<p>Dekorat\u012bv\u0101 \u010duguna rozete zem m\u0113be\u013cu roktura ir elements, ko var kombin\u0113t ar jebkuru m\u0113be\u013cu s\u016bkli. Tas izskat\u0101s lieliski ar spilgtiem keramikas un \u010duguna t\u0113rauda rokturiem. Pirmaj\u0101 gad\u012bjum\u0101 rozete ir tum\u0161s fons, kas lieliski izce\u013c m\u0113be\u013cu pogas skaistumu. Savuk\u0101rt otrais ir harmonisks dizaina papildin\u0101jums. Rozete ir univers\u0101la, un to var uzst\u0101d\u012bt vertik\u0101li vai horizont\u0101li, kas ir papildu priek\u0161roc\u012bba m\u0113bel\u0113m. To var izmantot kumod\u0113s, k\u0101 ar\u012b veco skapju durv\u012bs, skapjos, vitr\u012bn\u0101s un naktsskap\u012b\u0161os. Tas katrai m\u0113belei pie\u0161\u0137irs unik\u0101lu raksturu.<\/p>\n<\/div>\n","protected":false},"excerpt":{"rendered":"<p>Modelis 49.089F. AI.75 EAN. 5905369919695 Materi\u0101ls Ketus Biezums (cm ) 0,4 Kop\u0113jais augstums (cm ) 5 Kop\u0113jais platums (cm )<\/p>\n","protected":false},"featured_media":85472,"comment_status":"open","ping_status":"closed","template":"","meta":{"_acf_changed":false,"pmpro_default_level":""},"product_brand":[],"product_cat":[23864,23837,23875],"product_tag":[],"class_list":{"0":"post-134934","1":"product","2":"type-product","3":"status-publish","4":"has-post-thumbnail","6":"product_cat-baldu-rankeneles-lv","7":"product_cat-mebeles-piederumi","8":"product_cat-rankeneles-lv","9":"pmpro-has-access","11":"first","12":"instock","13":"shipping-taxable","14":"purchasable","15":"product-type-simple"},"acf":[],"yoast_head":"<!-- This site is optimized with the Yoast SEO plugin v24.9 - https:\/\/yoast.com\/wordpress\/plugins\/seo\/ -->\n<title>Rozete m\u0113be\u013cu pogai DECORATIVE 50x130mm - MetalTale.com<\/title>\n<meta name=\"robots\" content=\"index, follow, max-snippet:-1, max-image-preview:large, max-video-preview:-1\" \/>\n<link rel=\"canonical\" href=\"https:\/\/metaltale.com\/lv\/produkts\/rozete-mebelu-pogai-decorative-50x130mm\/\" \/>\n<meta property=\"og:locale\" content=\"lv_LV\" \/>\n<meta property=\"og:type\" content=\"article\" \/>\n<meta property=\"og:title\" content=\"Rozete m\u0113be\u013cu pogai DECORATIVE 50x130mm - MetalTale.com\" \/>\n<meta property=\"og:description\" content=\"Modelis 49.089F. AI.75 EAN. 5905369919695 Materi\u0101ls Ketus Biezums (cm ) 0,4 Kop\u0113jais augstums (cm ) 5 Kop\u0113jais platums (cm )\" \/>\n<meta property=\"og:url\" content=\"https:\/\/metaltale.com\/lv\/produkts\/rozete-mebelu-pogai-decorative-50x130mm\/\" \/>\n<meta property=\"og:site_name\" content=\"MetalTale.com\" \/>\n<meta name=\"twitter:card\" content=\"summary_large_image\" \/>\n<meta name=\"twitter:label1\" content=\"Est. reading time\" \/>\n\t<meta name=\"twitter:data1\" content=\"1 minute\" \/>\n<script type=\"application\/ld+json\" class=\"yoast-schema-graph\">{\"@context\":\"https:\/\/schema.org\",\"@graph\":[{\"@type\":\"WebPage\",\"@id\":\"https:\/\/metaltale.com\/lv\/produkts\/rozete-mebelu-pogai-decorative-50x130mm\/\",\"url\":\"https:\/\/metaltale.com\/lv\/produkts\/rozete-mebelu-pogai-decorative-50x130mm\/\",\"name\":\"Rozete m\u0113be\u013cu pogai DECORATIVE 50x130mm - MetalTale.com\",\"isPartOf\":{\"@id\":\"https:\/\/metaltale.com\/lv\/#website\"},\"primaryImageOfPage\":{\"@id\":\"https:\/\/metaltale.com\/lv\/produkts\/rozete-mebelu-pogai-decorative-50x130mm\/#primaryimage\"},\"image\":{\"@id\":\"https:\/\/metaltale.com\/lv\/produkts\/rozete-mebelu-pogai-decorative-50x130mm\/#primaryimage\"},\"thumbnailUrl\":\"https:\/\/metaltale.com\/wp-content\/uploads\/2023\/10\/Dekoratyvinx117-rozetx117-50x130-plienas-scaled.jpg\",\"datePublished\":\"2024-02-13T12:05:41+00:00\",\"breadcrumb\":{\"@id\":\"https:\/\/metaltale.com\/lv\/produkts\/rozete-mebelu-pogai-decorative-50x130mm\/#breadcrumb\"},\"inLanguage\":\"lv-LV\",\"potentialAction\":[{\"@type\":\"ReadAction\",\"target\":[\"https:\/\/metaltale.com\/lv\/produkts\/rozete-mebelu-pogai-decorative-50x130mm\/\"]}]},{\"@type\":\"ImageObject\",\"inLanguage\":\"lv-LV\",\"@id\":\"https:\/\/metaltale.com\/lv\/produkts\/rozete-mebelu-pogai-decorative-50x130mm\/#primaryimage\",\"url\":\"https:\/\/metaltale.com\/wp-content\/uploads\/2023\/10\/Dekoratyvinx117-rozetx117-50x130-plienas-scaled.jpg\",\"contentUrl\":\"https:\/\/metaltale.com\/wp-content\/uploads\/2023\/10\/Dekoratyvinx117-rozetx117-50x130-plienas-scaled.jpg\",\"width\":2560,\"height\":2560,\"caption\":\"Rozete m\u0113be\u013cu pogai DECORATIVE 50x130mm\"},{\"@type\":\"BreadcrumbList\",\"@id\":\"https:\/\/metaltale.com\/lv\/produkts\/rozete-mebelu-pogai-decorative-50x130mm\/#breadcrumb\",\"itemListElement\":[{\"@type\":\"ListItem\",\"position\":1,\"name\":\"Home\",\"item\":\"https:\/\/metaltale.com\/lv\/majas\/\"},{\"@type\":\"ListItem\",\"position\":2,\"name\":\"Veikals\",\"item\":\"https:\/\/metaltale.com\/lv\/shop\/\"},{\"@type\":\"ListItem\",\"position\":3,\"name\":\"Rozete m\u0113be\u013cu pogai DECORATIVE 50x130mm\"}]},{\"@type\":\"WebSite\",\"@id\":\"https:\/\/metaltale.com\/lv\/#website\",\"url\":\"https:\/\/metaltale.com\/lv\/\",\"name\":\"Metaltale.com\",\"description\":\"\",\"potentialAction\":[{\"@type\":\"SearchAction\",\"target\":{\"@type\":\"EntryPoint\",\"urlTemplate\":\"https:\/\/metaltale.com\/lv\/?s={search_term_string}\"},\"query-input\":{\"@type\":\"PropertyValueSpecification\",\"valueRequired\":true,\"valueName\":\"search_term_string\"}}],\"inLanguage\":\"lv-LV\"}]}<\/script>\n<!-- \/ Yoast SEO plugin. -->","yoast_head_json":{"title":"Rozete m\u0113be\u013cu pogai DECORATIVE 50x130mm - MetalTale.com","robots":{"index":"index","follow":"follow","max-snippet":"max-snippet:-1","max-image-preview":"max-image-preview:large","max-video-preview":"max-video-preview:-1"},"canonical":"https:\/\/metaltale.com\/lv\/produkts\/rozete-mebelu-pogai-decorative-50x130mm\/","og_locale":"lv_LV","og_type":"article","og_title":"Rozete m\u0113be\u013cu pogai DECORATIVE 50x130mm - MetalTale.com","og_description":"Modelis 49.089F. AI.75 EAN. 5905369919695 Materi\u0101ls Ketus Biezums (cm ) 0,4 Kop\u0113jais augstums (cm ) 5 Kop\u0113jais platums (cm )","og_url":"https:\/\/metaltale.com\/lv\/produkts\/rozete-mebelu-pogai-decorative-50x130mm\/","og_site_name":"MetalTale.com","twitter_card":"summary_large_image","twitter_misc":{"Est. reading time":"1 minute"},"schema":{"@context":"https:\/\/schema.org","@graph":[{"@type":"WebPage","@id":"https:\/\/metaltale.com\/lv\/produkts\/rozete-mebelu-pogai-decorative-50x130mm\/","url":"https:\/\/metaltale.com\/lv\/produkts\/rozete-mebelu-pogai-decorative-50x130mm\/","name":"Rozete m\u0113be\u013cu pogai DECORATIVE 50x130mm - MetalTale.com","isPartOf":{"@id":"https:\/\/metaltale.com\/lv\/#website"},"primaryImageOfPage":{"@id":"https:\/\/metaltale.com\/lv\/produkts\/rozete-mebelu-pogai-decorative-50x130mm\/#primaryimage"},"image":{"@id":"https:\/\/metaltale.com\/lv\/produkts\/rozete-mebelu-pogai-decorative-50x130mm\/#primaryimage"},"thumbnailUrl":"https:\/\/metaltale.com\/wp-content\/uploads\/2023\/10\/Dekoratyvinx117-rozetx117-50x130-plienas-scaled.jpg","datePublished":"2024-02-13T12:05:41+00:00","breadcrumb":{"@id":"https:\/\/metaltale.com\/lv\/produkts\/rozete-mebelu-pogai-decorative-50x130mm\/#breadcrumb"},"inLanguage":"lv-LV","potentialAction":[{"@type":"ReadAction","target":["https:\/\/metaltale.com\/lv\/produkts\/rozete-mebelu-pogai-decorative-50x130mm\/"]}]},{"@type":"ImageObject","inLanguage":"lv-LV","@id":"https:\/\/metaltale.com\/lv\/produkts\/rozete-mebelu-pogai-decorative-50x130mm\/#primaryimage","url":"https:\/\/metaltale.com\/wp-content\/uploads\/2023\/10\/Dekoratyvinx117-rozetx117-50x130-plienas-scaled.jpg","contentUrl":"https:\/\/metaltale.com\/wp-content\/uploads\/2023\/10\/Dekoratyvinx117-rozetx117-50x130-plienas-scaled.jpg","width":2560,"height":2560,"caption":"Rozete m\u0113be\u013cu pogai DECORATIVE 50x130mm"},{"@type":"BreadcrumbList","@id":"https:\/\/metaltale.com\/lv\/produkts\/rozete-mebelu-pogai-decorative-50x130mm\/#breadcrumb","itemListElement":[{"@type":"ListItem","position":1,"name":"Home","item":"https:\/\/metaltale.com\/lv\/majas\/"},{"@type":"ListItem","position":2,"name":"Veikals","item":"https:\/\/metaltale.com\/lv\/shop\/"},{"@type":"ListItem","position":3,"name":"Rozete m\u0113be\u013cu pogai DECORATIVE 50x130mm"}]},{"@type":"WebSite","@id":"https:\/\/metaltale.com\/lv\/#website","url":"https:\/\/metaltale.com\/lv\/","name":"Metaltale.com","description":"","potentialAction":[{"@type":"SearchAction","target":{"@type":"EntryPoint","urlTemplate":"https:\/\/metaltale.com\/lv\/?s={search_term_string}"},"query-input":{"@type":"PropertyValueSpecification","valueRequired":true,"valueName":"search_term_string"}}],"inLanguage":"lv-LV"}]}},"_links":{"self":[{"href":"https:\/\/metaltale.com\/lv\/wp-json\/wp\/v2\/product\/134934","targetHints":{"allow":["GET"]}}],"collection":[{"href":"https:\/\/metaltale.com\/lv\/wp-json\/wp\/v2\/product"}],"about":[{"href":"https:\/\/metaltale.com\/lv\/wp-json\/wp\/v2\/types\/product"}],"replies":[{"embeddable":true,"href":"https:\/\/metaltale.com\/lv\/wp-json\/wp\/v2\/comments?post=134934"}],"version-history":[{"count":0,"href":"https:\/\/metaltale.com\/lv\/wp-json\/wp\/v2\/product\/134934\/revisions"}],"wp:featuredmedia":[{"embeddable":true,"href":"https:\/\/metaltale.com\/lv\/wp-json\/wp\/v2\/media\/85472"}],"wp:attachment":[{"href":"https:\/\/metaltale.com\/lv\/wp-json\/wp\/v2\/media?parent=134934"}],"wp:term":[{"taxonomy":"product_brand","embeddable":true,"href":"https:\/\/metaltale.com\/lv\/wp-json\/wp\/v2\/product_brand?post=134934"},{"taxonomy":"product_cat","embeddable":true,"href":"https:\/\/metaltale.com\/lv\/wp-json\/wp\/v2\/product_cat?post=134934"},{"taxonomy":"product_tag","embeddable":true,"href":"https:\/\/metaltale.com\/lv\/wp-json\/wp\/v2\/product_tag?post=134934"}],"curies":[{"name":"wp","href":"https:\/\/api.w.org\/{rel}","templated":true}]}}