{"id":134928,"date":"2024-02-13T13:39:42","date_gmt":"2024-02-13T11:39:42","guid":{"rendered":"https:\/\/metaltale.com\/produktas\/spoles-ar-skerem-ketaus-ar-jiutu\/"},"modified":"2024-02-13T13:39:42","modified_gmt":"2024-02-13T11:39:42","slug":"spoles-ar-skerem-ketaus-ar-jiutu","status":"publish","type":"product","link":"https:\/\/metaltale.com\/lv\/produkts\/spoles-ar-skerem-ketaus-ar-jiutu\/","title":{"rendered":"Spoles ar \u0161\u0137\u0113r\u0113m KETAUS AR JIUTU"},"content":{"rendered":"<div class=\"prod_data\"><strong>Modelis<\/strong> AF.794.591.60  <br \/><strong>EAN.<\/strong>  5905369923692  <br \/><strong>Materi\u0101ls<\/strong> Ketus  <br \/><strong> [cm]Kop\u0113jais garums<\/strong> 10 <strong> <\/strong> <br \/>Kop\u0113jais augstums (cm ) 25 <br \/><strong>Kop\u0113jais platums (cm<\/strong> ) 18  <br \/>T\u0113rauda kr\u0101sa <\/p>\n<p>Uz \u010duguna pamatnes ar \u0161\u0137\u0113r\u0113m uz\u0161uj rustik\u0101lu rulli.<\/p>\n<p>Komplekt\u0101 ietilpst: \u010duguna rullis, d\u017eutas un grie\u0161anas \u0161\u0137\u0113res.  <\/p>\n<p>Ilgsto\u0161a mitruma iedarb\u012bba var izrais\u012bt \u0161\u0137\u0113ru patin\u0101cijas veido\u0161anos.  <\/p>\n<p>\u0160\u0137\u0113ru izm\u0113rs: 12&#215;6,5 cm.<\/p>\n<div class=\"orbitvu-viewer\" style=\"width: 100%;height: 100%;\">\n<div id=\"ovContent-AxRPmX6Xn5fXQ9Ac5eBjTH\"><\/div>\n<\/div>\n<\/div>\n","protected":false},"excerpt":{"rendered":"<p>Modelis AF.794.591.60 EAN. 5905369923692 Materi\u0101ls Ketus [cm]Kop\u0113jais garums 10 Kop\u0113jais augstums (cm ) 25 Kop\u0113jais platums (cm ) 18 T\u0113rauda<\/p>\n","protected":false},"featured_media":79543,"comment_status":"open","ping_status":"closed","template":"","meta":{"_acf_changed":false,"pmpro_default_level":""},"product_brand":[],"product_cat":[24068],"product_tag":[],"class_list":{"0":"post-134928","1":"product","2":"type-product","3":"status-publish","4":"has-post-thumbnail","6":"product_cat-neparasti-rotajumi","7":"pmpro-has-access","9":"first","10":"instock","11":"shipping-taxable","12":"purchasable","13":"product-type-simple"},"acf":[],"yoast_head":"<!-- This site is optimized with the Yoast SEO plugin v24.9 - https:\/\/yoast.com\/wordpress\/plugins\/seo\/ -->\n<title>Spoles ar \u0161\u0137\u0113r\u0113m KETAUS AR JIUTU - MetalTale.com<\/title>\n<meta name=\"robots\" content=\"index, follow, max-snippet:-1, max-image-preview:large, max-video-preview:-1\" \/>\n<link rel=\"canonical\" href=\"https:\/\/metaltale.com\/lv\/produkts\/spoles-ar-skerem-ketaus-ar-jiutu\/\" \/>\n<meta property=\"og:locale\" content=\"lv_LV\" \/>\n<meta property=\"og:type\" content=\"article\" \/>\n<meta property=\"og:title\" content=\"Spoles ar \u0161\u0137\u0113r\u0113m KETAUS AR JIUTU - MetalTale.com\" \/>\n<meta property=\"og:description\" content=\"Modelis AF.794.591.60 EAN. 5905369923692 Materi\u0101ls Ketus [cm]Kop\u0113jais garums 10 Kop\u0113jais augstums (cm ) 25 Kop\u0113jais platums (cm ) 18 T\u0113rauda\" \/>\n<meta property=\"og:url\" content=\"https:\/\/metaltale.com\/lv\/produkts\/spoles-ar-skerem-ketaus-ar-jiutu\/\" \/>\n<meta property=\"og:site_name\" content=\"MetalTale.com\" \/>\n<meta name=\"twitter:card\" content=\"summary_large_image\" \/>\n<script type=\"application\/ld+json\" class=\"yoast-schema-graph\">{\"@context\":\"https:\/\/schema.org\",\"@graph\":[{\"@type\":\"WebPage\",\"@id\":\"https:\/\/metaltale.com\/lv\/produkts\/spoles-ar-skerem-ketaus-ar-jiutu\/\",\"url\":\"https:\/\/metaltale.com\/lv\/produkts\/spoles-ar-skerem-ketaus-ar-jiutu\/\",\"name\":\"Spoles ar \u0161\u0137\u0113r\u0113m KETAUS AR JIUTU - MetalTale.com\",\"isPartOf\":{\"@id\":\"https:\/\/metaltale.com\/lv\/#website\"},\"primaryImageOfPage\":{\"@id\":\"https:\/\/metaltale.com\/lv\/produkts\/spoles-ar-skerem-ketaus-ar-jiutu\/#primaryimage\"},\"image\":{\"@id\":\"https:\/\/metaltale.com\/lv\/produkts\/spoles-ar-skerem-ketaus-ar-jiutu\/#primaryimage\"},\"thumbnailUrl\":\"https:\/\/metaltale.com\/wp-content\/uploads\/2023\/10\/Ritx117-su-x17Eirklx117mis-KETAUS-SU-Dx17DIUTU.jpg\",\"datePublished\":\"2024-02-13T11:39:42+00:00\",\"breadcrumb\":{\"@id\":\"https:\/\/metaltale.com\/lv\/produkts\/spoles-ar-skerem-ketaus-ar-jiutu\/#breadcrumb\"},\"inLanguage\":\"lv-LV\",\"potentialAction\":[{\"@type\":\"ReadAction\",\"target\":[\"https:\/\/metaltale.com\/lv\/produkts\/spoles-ar-skerem-ketaus-ar-jiutu\/\"]}]},{\"@type\":\"ImageObject\",\"inLanguage\":\"lv-LV\",\"@id\":\"https:\/\/metaltale.com\/lv\/produkts\/spoles-ar-skerem-ketaus-ar-jiutu\/#primaryimage\",\"url\":\"https:\/\/metaltale.com\/wp-content\/uploads\/2023\/10\/Ritx117-su-x17Eirklx117mis-KETAUS-SU-Dx17DIUTU.jpg\",\"contentUrl\":\"https:\/\/metaltale.com\/wp-content\/uploads\/2023\/10\/Ritx117-su-x17Eirklx117mis-KETAUS-SU-Dx17DIUTU.jpg\",\"width\":800,\"height\":800},{\"@type\":\"BreadcrumbList\",\"@id\":\"https:\/\/metaltale.com\/lv\/produkts\/spoles-ar-skerem-ketaus-ar-jiutu\/#breadcrumb\",\"itemListElement\":[{\"@type\":\"ListItem\",\"position\":1,\"name\":\"Home\",\"item\":\"https:\/\/metaltale.com\/lv\/majas\/\"},{\"@type\":\"ListItem\",\"position\":2,\"name\":\"Veikals\",\"item\":\"https:\/\/metaltale.com\/lv\/shop\/\"},{\"@type\":\"ListItem\",\"position\":3,\"name\":\"Spoles ar \u0161\u0137\u0113r\u0113m KETAUS AR JIUTU\"}]},{\"@type\":\"WebSite\",\"@id\":\"https:\/\/metaltale.com\/lv\/#website\",\"url\":\"https:\/\/metaltale.com\/lv\/\",\"name\":\"Metaltale.com\",\"description\":\"\",\"potentialAction\":[{\"@type\":\"SearchAction\",\"target\":{\"@type\":\"EntryPoint\",\"urlTemplate\":\"https:\/\/metaltale.com\/lv\/?s={search_term_string}\"},\"query-input\":{\"@type\":\"PropertyValueSpecification\",\"valueRequired\":true,\"valueName\":\"search_term_string\"}}],\"inLanguage\":\"lv-LV\"}]}<\/script>\n<!-- \/ Yoast SEO plugin. -->","yoast_head_json":{"title":"Spoles ar \u0161\u0137\u0113r\u0113m KETAUS AR JIUTU - MetalTale.com","robots":{"index":"index","follow":"follow","max-snippet":"max-snippet:-1","max-image-preview":"max-image-preview:large","max-video-preview":"max-video-preview:-1"},"canonical":"https:\/\/metaltale.com\/lv\/produkts\/spoles-ar-skerem-ketaus-ar-jiutu\/","og_locale":"lv_LV","og_type":"article","og_title":"Spoles ar \u0161\u0137\u0113r\u0113m KETAUS AR JIUTU - MetalTale.com","og_description":"Modelis AF.794.591.60 EAN. 5905369923692 Materi\u0101ls Ketus [cm]Kop\u0113jais garums 10 Kop\u0113jais augstums (cm ) 25 Kop\u0113jais platums (cm ) 18 T\u0113rauda","og_url":"https:\/\/metaltale.com\/lv\/produkts\/spoles-ar-skerem-ketaus-ar-jiutu\/","og_site_name":"MetalTale.com","twitter_card":"summary_large_image","schema":{"@context":"https:\/\/schema.org","@graph":[{"@type":"WebPage","@id":"https:\/\/metaltale.com\/lv\/produkts\/spoles-ar-skerem-ketaus-ar-jiutu\/","url":"https:\/\/metaltale.com\/lv\/produkts\/spoles-ar-skerem-ketaus-ar-jiutu\/","name":"Spoles ar \u0161\u0137\u0113r\u0113m KETAUS AR JIUTU - MetalTale.com","isPartOf":{"@id":"https:\/\/metaltale.com\/lv\/#website"},"primaryImageOfPage":{"@id":"https:\/\/metaltale.com\/lv\/produkts\/spoles-ar-skerem-ketaus-ar-jiutu\/#primaryimage"},"image":{"@id":"https:\/\/metaltale.com\/lv\/produkts\/spoles-ar-skerem-ketaus-ar-jiutu\/#primaryimage"},"thumbnailUrl":"https:\/\/metaltale.com\/wp-content\/uploads\/2023\/10\/Ritx117-su-x17Eirklx117mis-KETAUS-SU-Dx17DIUTU.jpg","datePublished":"2024-02-13T11:39:42+00:00","breadcrumb":{"@id":"https:\/\/metaltale.com\/lv\/produkts\/spoles-ar-skerem-ketaus-ar-jiutu\/#breadcrumb"},"inLanguage":"lv-LV","potentialAction":[{"@type":"ReadAction","target":["https:\/\/metaltale.com\/lv\/produkts\/spoles-ar-skerem-ketaus-ar-jiutu\/"]}]},{"@type":"ImageObject","inLanguage":"lv-LV","@id":"https:\/\/metaltale.com\/lv\/produkts\/spoles-ar-skerem-ketaus-ar-jiutu\/#primaryimage","url":"https:\/\/metaltale.com\/wp-content\/uploads\/2023\/10\/Ritx117-su-x17Eirklx117mis-KETAUS-SU-Dx17DIUTU.jpg","contentUrl":"https:\/\/metaltale.com\/wp-content\/uploads\/2023\/10\/Ritx117-su-x17Eirklx117mis-KETAUS-SU-Dx17DIUTU.jpg","width":800,"height":800},{"@type":"BreadcrumbList","@id":"https:\/\/metaltale.com\/lv\/produkts\/spoles-ar-skerem-ketaus-ar-jiutu\/#breadcrumb","itemListElement":[{"@type":"ListItem","position":1,"name":"Home","item":"https:\/\/metaltale.com\/lv\/majas\/"},{"@type":"ListItem","position":2,"name":"Veikals","item":"https:\/\/metaltale.com\/lv\/shop\/"},{"@type":"ListItem","position":3,"name":"Spoles ar \u0161\u0137\u0113r\u0113m KETAUS AR JIUTU"}]},{"@type":"WebSite","@id":"https:\/\/metaltale.com\/lv\/#website","url":"https:\/\/metaltale.com\/lv\/","name":"Metaltale.com","description":"","potentialAction":[{"@type":"SearchAction","target":{"@type":"EntryPoint","urlTemplate":"https:\/\/metaltale.com\/lv\/?s={search_term_string}"},"query-input":{"@type":"PropertyValueSpecification","valueRequired":true,"valueName":"search_term_string"}}],"inLanguage":"lv-LV"}]}},"_links":{"self":[{"href":"https:\/\/metaltale.com\/lv\/wp-json\/wp\/v2\/product\/134928","targetHints":{"allow":["GET"]}}],"collection":[{"href":"https:\/\/metaltale.com\/lv\/wp-json\/wp\/v2\/product"}],"about":[{"href":"https:\/\/metaltale.com\/lv\/wp-json\/wp\/v2\/types\/product"}],"replies":[{"embeddable":true,"href":"https:\/\/metaltale.com\/lv\/wp-json\/wp\/v2\/comments?post=134928"}],"version-history":[{"count":0,"href":"https:\/\/metaltale.com\/lv\/wp-json\/wp\/v2\/product\/134928\/revisions"}],"wp:featuredmedia":[{"embeddable":true,"href":"https:\/\/metaltale.com\/lv\/wp-json\/wp\/v2\/media\/79543"}],"wp:attachment":[{"href":"https:\/\/metaltale.com\/lv\/wp-json\/wp\/v2\/media?parent=134928"}],"wp:term":[{"taxonomy":"product_brand","embeddable":true,"href":"https:\/\/metaltale.com\/lv\/wp-json\/wp\/v2\/product_brand?post=134928"},{"taxonomy":"product_cat","embeddable":true,"href":"https:\/\/metaltale.com\/lv\/wp-json\/wp\/v2\/product_cat?post=134928"},{"taxonomy":"product_tag","embeddable":true,"href":"https:\/\/metaltale.com\/lv\/wp-json\/wp\/v2\/product_tag?post=134928"}],"curies":[{"name":"wp","href":"https:\/\/api.w.org\/{rel}","templated":true}]}}