{"id":134829,"date":"2024-02-13T14:11:05","date_gmt":"2024-02-13T12:11:05","guid":{"rendered":"https:\/\/metaltale.com\/produktas\/retro-durvju-rokturi-barcelona-90-mm-ar-sledzeni\/"},"modified":"2024-02-13T14:11:05","modified_gmt":"2024-02-13T12:11:05","slug":"retro-durvju-rokturi-barcelona-90-mm-ar-sledzeni","status":"publish","type":"product","link":"https:\/\/metaltale.com\/lv\/produkts\/retro-durvju-rokturi-barcelona-90-mm-ar-sledzeni\/","title":{"rendered":"Retro durvju rokturi BARCELONA 90 mm ar sl\u0113dzeni"},"content":{"rendered":"<div class=\"prod_data\">\n<p><strong>Modelis<\/strong> AG.100P.PRGR<br \/>\n<strong>Materi\u0101ls<\/strong> T\u0113rauds<br \/>\nKop\u0113jais augstums (cm ) 28<br \/>\n<strong>Kop\u0113jais platums (cm<\/strong> ) 12,5<br \/>\n<strong>Kop\u0113j\u0101 projekcija (cm<\/strong> ) 7,5<br \/>\n<strong>Pamatnes izm\u0113ri (cm)<\/strong> 4,5&#215;28<br \/>\n<strong>Att\u0101lums starp rokturi un atsl\u0113gas caurumu (mm <\/strong>) 90 mm<br \/>\n<strong>Atbalsts<\/strong> J\u0101<br \/>\nMont\u0101\u017eas skr\u016bves J\u0101<br \/>\nKr\u0101sa Melna<br \/>\nVirsmas tips Nevienm\u0113r\u012bga<br \/>\n<strong>Skaits komplekt\u0101<\/strong> 2 x rokturis\/rokturis + serde + stiprin\u0101juma skr\u016bves<\/p>\n<p>&#8211; Komplekt\u0101 ietilpst divi rokturi (l\u012bdz 1 durvju v\u0113rtnei), serde un mont\u0101\u017eas elementi.<br \/>\n&#8211; Roktura atsitiena meh\u0101nisms<\/p>\n<hr>\n<p>\u012apa\u0161i rakstur\u012bgs un neaizmirstams durvju rokturis ir lielisks veids, k\u0101 atdz\u012bvin\u0101t parastas koka iek\u0161durvis. Modelis ir pieejams ar z\u012bmi vai rozeti. Redzamas \u0101mura p\u0113das un unik\u0101la roktura forma savieno\u0161anai, kas b\u016bs \u012bpa\u0161i skaista retro stila interjer\u0101.<\/p>\n<hr>\n<\/div>\n","protected":false},"excerpt":{"rendered":"<p>Modelis AG.100P.PRGR Materi\u0101ls T\u0113rauds Kop\u0113jais augstums (cm ) 28 Kop\u0113jais platums (cm ) 12,5 Kop\u0113j\u0101 projekcija (cm ) 7,5 Pamatnes<\/p>\n","protected":false},"featured_media":86629,"comment_status":"open","ping_status":"closed","template":"","meta":{"_acf_changed":false,"pmpro_default_level":""},"product_brand":[],"product_cat":[24134,24081,23837],"product_tag":[],"class_list":{"0":"post-134829","1":"product","2":"type-product","3":"status-publish","4":"has-post-thumbnail","6":"product_cat-durvju-rokturi","7":"product_cat-rokturi","8":"product_cat-mebeles-piederumi","9":"pmpro-has-access","11":"first","12":"instock","13":"shipping-taxable","14":"purchasable","15":"product-type-simple"},"acf":[],"yoast_head":"<!-- This site is optimized with the Yoast SEO plugin v24.9 - https:\/\/yoast.com\/wordpress\/plugins\/seo\/ -->\n<title>Retro durvju rokturi BARCELONA 90 mm ar sl\u0113dzeni - MetalTale.com<\/title>\n<meta name=\"robots\" content=\"index, follow, max-snippet:-1, max-image-preview:large, max-video-preview:-1\" \/>\n<link rel=\"canonical\" href=\"https:\/\/metaltale.com\/lv\/produkts\/retro-durvju-rokturi-barcelona-90-mm-ar-sledzeni\/\" \/>\n<meta property=\"og:locale\" content=\"lv_LV\" \/>\n<meta property=\"og:type\" content=\"article\" \/>\n<meta property=\"og:title\" content=\"Retro durvju rokturi BARCELONA 90 mm ar sl\u0113dzeni - MetalTale.com\" \/>\n<meta property=\"og:description\" content=\"Modelis AG.100P.PRGR Materi\u0101ls T\u0113rauds Kop\u0113jais augstums (cm ) 28 Kop\u0113jais platums (cm ) 12,5 Kop\u0113j\u0101 projekcija (cm ) 7,5 Pamatnes\" \/>\n<meta property=\"og:url\" content=\"https:\/\/metaltale.com\/lv\/produkts\/retro-durvju-rokturi-barcelona-90-mm-ar-sledzeni\/\" \/>\n<meta property=\"og:site_name\" content=\"MetalTale.com\" \/>\n<meta property=\"og:image\" content=\"https:\/\/metaltale.com\/wp-content\/uploads\/2023\/10\/BARSELONOS-rankena-su-dekoratyvine-ix161kaba.jpg\" \/>\n\t<meta property=\"og:image:width\" content=\"800\" \/>\n\t<meta property=\"og:image:height\" content=\"800\" \/>\n\t<meta property=\"og:image:type\" content=\"image\/jpeg\" \/>\n<meta name=\"twitter:card\" content=\"summary_large_image\" \/>\n<meta name=\"twitter:label1\" content=\"Est. reading time\" \/>\n\t<meta name=\"twitter:data1\" content=\"1 minute\" \/>\n<script type=\"application\/ld+json\" class=\"yoast-schema-graph\">{\"@context\":\"https:\/\/schema.org\",\"@graph\":[{\"@type\":\"WebPage\",\"@id\":\"https:\/\/metaltale.com\/lv\/produkts\/retro-durvju-rokturi-barcelona-90-mm-ar-sledzeni\/\",\"url\":\"https:\/\/metaltale.com\/lv\/produkts\/retro-durvju-rokturi-barcelona-90-mm-ar-sledzeni\/\",\"name\":\"Retro durvju rokturi BARCELONA 90 mm ar sl\u0113dzeni - MetalTale.com\",\"isPartOf\":{\"@id\":\"https:\/\/metaltale.com\/lv\/#website\"},\"primaryImageOfPage\":{\"@id\":\"https:\/\/metaltale.com\/lv\/produkts\/retro-durvju-rokturi-barcelona-90-mm-ar-sledzeni\/#primaryimage\"},\"image\":{\"@id\":\"https:\/\/metaltale.com\/lv\/produkts\/retro-durvju-rokturi-barcelona-90-mm-ar-sledzeni\/#primaryimage\"},\"thumbnailUrl\":\"https:\/\/metaltale.com\/wp-content\/uploads\/2023\/10\/BARSELONOS-rankena-su-dekoratyvine-ix161kaba.jpg\",\"datePublished\":\"2024-02-13T12:11:05+00:00\",\"breadcrumb\":{\"@id\":\"https:\/\/metaltale.com\/lv\/produkts\/retro-durvju-rokturi-barcelona-90-mm-ar-sledzeni\/#breadcrumb\"},\"inLanguage\":\"lv-LV\",\"potentialAction\":[{\"@type\":\"ReadAction\",\"target\":[\"https:\/\/metaltale.com\/lv\/produkts\/retro-durvju-rokturi-barcelona-90-mm-ar-sledzeni\/\"]}]},{\"@type\":\"ImageObject\",\"inLanguage\":\"lv-LV\",\"@id\":\"https:\/\/metaltale.com\/lv\/produkts\/retro-durvju-rokturi-barcelona-90-mm-ar-sledzeni\/#primaryimage\",\"url\":\"https:\/\/metaltale.com\/wp-content\/uploads\/2023\/10\/BARSELONOS-rankena-su-dekoratyvine-ix161kaba.jpg\",\"contentUrl\":\"https:\/\/metaltale.com\/wp-content\/uploads\/2023\/10\/BARSELONOS-rankena-su-dekoratyvine-ix161kaba.jpg\",\"width\":800,\"height\":800,\"caption\":\"Retro durvju rokturi BARCELONA 72 mm ar sl\u0113dzeni\"},{\"@type\":\"BreadcrumbList\",\"@id\":\"https:\/\/metaltale.com\/lv\/produkts\/retro-durvju-rokturi-barcelona-90-mm-ar-sledzeni\/#breadcrumb\",\"itemListElement\":[{\"@type\":\"ListItem\",\"position\":1,\"name\":\"Home\",\"item\":\"https:\/\/metaltale.com\/lv\/majas\/\"},{\"@type\":\"ListItem\",\"position\":2,\"name\":\"Veikals\",\"item\":\"https:\/\/metaltale.com\/lv\/shop\/\"},{\"@type\":\"ListItem\",\"position\":3,\"name\":\"Retro durvju rokturi BARCELONA 90 mm ar sl\u0113dzeni\"}]},{\"@type\":\"WebSite\",\"@id\":\"https:\/\/metaltale.com\/lv\/#website\",\"url\":\"https:\/\/metaltale.com\/lv\/\",\"name\":\"Metaltale.com\",\"description\":\"\",\"potentialAction\":[{\"@type\":\"SearchAction\",\"target\":{\"@type\":\"EntryPoint\",\"urlTemplate\":\"https:\/\/metaltale.com\/lv\/?s={search_term_string}\"},\"query-input\":{\"@type\":\"PropertyValueSpecification\",\"valueRequired\":true,\"valueName\":\"search_term_string\"}}],\"inLanguage\":\"lv-LV\"}]}<\/script>\n<!-- \/ Yoast SEO plugin. -->","yoast_head_json":{"title":"Retro durvju rokturi BARCELONA 90 mm ar sl\u0113dzeni - MetalTale.com","robots":{"index":"index","follow":"follow","max-snippet":"max-snippet:-1","max-image-preview":"max-image-preview:large","max-video-preview":"max-video-preview:-1"},"canonical":"https:\/\/metaltale.com\/lv\/produkts\/retro-durvju-rokturi-barcelona-90-mm-ar-sledzeni\/","og_locale":"lv_LV","og_type":"article","og_title":"Retro durvju rokturi BARCELONA 90 mm ar sl\u0113dzeni - MetalTale.com","og_description":"Modelis AG.100P.PRGR Materi\u0101ls T\u0113rauds Kop\u0113jais augstums (cm ) 28 Kop\u0113jais platums (cm ) 12,5 Kop\u0113j\u0101 projekcija (cm ) 7,5 Pamatnes","og_url":"https:\/\/metaltale.com\/lv\/produkts\/retro-durvju-rokturi-barcelona-90-mm-ar-sledzeni\/","og_site_name":"MetalTale.com","og_image":[{"width":800,"height":800,"url":"https:\/\/metaltale.com\/wp-content\/uploads\/2023\/10\/BARSELONOS-rankena-su-dekoratyvine-ix161kaba.jpg","type":"image\/jpeg"}],"twitter_card":"summary_large_image","twitter_misc":{"Est. reading time":"1 minute"},"schema":{"@context":"https:\/\/schema.org","@graph":[{"@type":"WebPage","@id":"https:\/\/metaltale.com\/lv\/produkts\/retro-durvju-rokturi-barcelona-90-mm-ar-sledzeni\/","url":"https:\/\/metaltale.com\/lv\/produkts\/retro-durvju-rokturi-barcelona-90-mm-ar-sledzeni\/","name":"Retro durvju rokturi BARCELONA 90 mm ar sl\u0113dzeni - MetalTale.com","isPartOf":{"@id":"https:\/\/metaltale.com\/lv\/#website"},"primaryImageOfPage":{"@id":"https:\/\/metaltale.com\/lv\/produkts\/retro-durvju-rokturi-barcelona-90-mm-ar-sledzeni\/#primaryimage"},"image":{"@id":"https:\/\/metaltale.com\/lv\/produkts\/retro-durvju-rokturi-barcelona-90-mm-ar-sledzeni\/#primaryimage"},"thumbnailUrl":"https:\/\/metaltale.com\/wp-content\/uploads\/2023\/10\/BARSELONOS-rankena-su-dekoratyvine-ix161kaba.jpg","datePublished":"2024-02-13T12:11:05+00:00","breadcrumb":{"@id":"https:\/\/metaltale.com\/lv\/produkts\/retro-durvju-rokturi-barcelona-90-mm-ar-sledzeni\/#breadcrumb"},"inLanguage":"lv-LV","potentialAction":[{"@type":"ReadAction","target":["https:\/\/metaltale.com\/lv\/produkts\/retro-durvju-rokturi-barcelona-90-mm-ar-sledzeni\/"]}]},{"@type":"ImageObject","inLanguage":"lv-LV","@id":"https:\/\/metaltale.com\/lv\/produkts\/retro-durvju-rokturi-barcelona-90-mm-ar-sledzeni\/#primaryimage","url":"https:\/\/metaltale.com\/wp-content\/uploads\/2023\/10\/BARSELONOS-rankena-su-dekoratyvine-ix161kaba.jpg","contentUrl":"https:\/\/metaltale.com\/wp-content\/uploads\/2023\/10\/BARSELONOS-rankena-su-dekoratyvine-ix161kaba.jpg","width":800,"height":800,"caption":"Retro durvju rokturi BARCELONA 72 mm ar sl\u0113dzeni"},{"@type":"BreadcrumbList","@id":"https:\/\/metaltale.com\/lv\/produkts\/retro-durvju-rokturi-barcelona-90-mm-ar-sledzeni\/#breadcrumb","itemListElement":[{"@type":"ListItem","position":1,"name":"Home","item":"https:\/\/metaltale.com\/lv\/majas\/"},{"@type":"ListItem","position":2,"name":"Veikals","item":"https:\/\/metaltale.com\/lv\/shop\/"},{"@type":"ListItem","position":3,"name":"Retro durvju rokturi BARCELONA 90 mm ar sl\u0113dzeni"}]},{"@type":"WebSite","@id":"https:\/\/metaltale.com\/lv\/#website","url":"https:\/\/metaltale.com\/lv\/","name":"Metaltale.com","description":"","potentialAction":[{"@type":"SearchAction","target":{"@type":"EntryPoint","urlTemplate":"https:\/\/metaltale.com\/lv\/?s={search_term_string}"},"query-input":{"@type":"PropertyValueSpecification","valueRequired":true,"valueName":"search_term_string"}}],"inLanguage":"lv-LV"}]}},"_links":{"self":[{"href":"https:\/\/metaltale.com\/lv\/wp-json\/wp\/v2\/product\/134829","targetHints":{"allow":["GET"]}}],"collection":[{"href":"https:\/\/metaltale.com\/lv\/wp-json\/wp\/v2\/product"}],"about":[{"href":"https:\/\/metaltale.com\/lv\/wp-json\/wp\/v2\/types\/product"}],"replies":[{"embeddable":true,"href":"https:\/\/metaltale.com\/lv\/wp-json\/wp\/v2\/comments?post=134829"}],"version-history":[{"count":0,"href":"https:\/\/metaltale.com\/lv\/wp-json\/wp\/v2\/product\/134829\/revisions"}],"wp:featuredmedia":[{"embeddable":true,"href":"https:\/\/metaltale.com\/lv\/wp-json\/wp\/v2\/media\/86629"}],"wp:attachment":[{"href":"https:\/\/metaltale.com\/lv\/wp-json\/wp\/v2\/media?parent=134829"}],"wp:term":[{"taxonomy":"product_brand","embeddable":true,"href":"https:\/\/metaltale.com\/lv\/wp-json\/wp\/v2\/product_brand?post=134829"},{"taxonomy":"product_cat","embeddable":true,"href":"https:\/\/metaltale.com\/lv\/wp-json\/wp\/v2\/product_cat?post=134829"},{"taxonomy":"product_tag","embeddable":true,"href":"https:\/\/metaltale.com\/lv\/wp-json\/wp\/v2\/product_tag?post=134829"}],"curies":[{"name":"wp","href":"https:\/\/api.w.org\/{rel}","templated":true}]}}