{"id":134789,"date":"2024-02-13T13:41:39","date_gmt":"2024-02-13T11:41:39","guid":{"rendered":"https:\/\/metaltale.com\/produktas\/manualais-pudelu-atverejs-papuga\/"},"modified":"2025-01-26T13:11:14","modified_gmt":"2025-01-26T11:11:14","slug":"manualais-pudelu-atverejs-papuga","status":"publish","type":"product","link":"https:\/\/metaltale.com\/lv\/produkts\/manualais-pudelu-atverejs-papuga\/","title":{"rendered":"Manu\u0101lais pude\u013cu atv\u0113r\u0113js PAPUGA"},"content":{"rendered":"<div class=\"prod_data\">\n<p><strong>Modelis<\/strong> 01.412.AI. PAR<br \/>\n<strong>EAN.<\/strong>  5905369919336<br \/>\nMateri\u0101ls Ketus<br \/>\n<strong>Biezums (cm<\/strong> ) 7<br \/>\n<strong>Kop\u0113jais augstums (cm<\/strong> ) 13<br \/>\n<strong>Kop\u0113jais platums (cm<\/strong> ) 5<br \/>\nT\u0113rauda <strong>kr\u0101sa<\/strong> <\/p>\n<p>\u010cuguna rokas pude\u013cu atv\u0113r\u0113js ar papagai\u013ca mot\u012bvu ir lielisks veids, k\u0101 atv\u0113rt savu iecien\u012bt\u0101ko dz\u0113rienu pudel\u0113s.<\/p>\n<p>Pude\u013cu atv\u0113r\u0113js b\u016bs ne tikai praktisks, bet ar\u012b interesants uz galda.<\/p>\n<p>Produkts ir izgatavots no augst\u0101k\u0101s kvalit\u0101tes \u010duguna.<\/p>\n<\/div>\n","protected":false},"excerpt":{"rendered":"<p>Modelis 01.412.AI. PAR EAN. 5905369919336 Materi\u0101ls Ketus Biezums (cm ) 7 Kop\u0113jais augstums (cm ) 13 Kop\u0113jais platums (cm )<\/p>\n","protected":false},"featured_media":67723,"comment_status":"open","ping_status":"closed","template":"","meta":{"_acf_changed":false,"pmpro_default_level":""},"product_brand":[],"product_cat":[24126,24069],"product_tag":[],"class_list":{"0":"post-134789","1":"product","2":"type-product","3":"status-publish","4":"has-post-thumbnail","6":"product_cat-pudelu-atvereji","7":"product_cat-virtuves-rotajumi","8":"pmpro-has-access","10":"first","11":"instock","12":"shipping-taxable","13":"purchasable","14":"product-type-simple"},"acf":[],"yoast_head":"<!-- This site is optimized with the Yoast SEO plugin v24.9 - https:\/\/yoast.com\/wordpress\/plugins\/seo\/ -->\n<title>Manu\u0101lais pude\u013cu atv\u0113r\u0113js PAPUGA - MetalTale.com<\/title>\n<meta name=\"robots\" content=\"index, follow, max-snippet:-1, max-image-preview:large, max-video-preview:-1\" \/>\n<link rel=\"canonical\" href=\"https:\/\/metaltale.com\/lv\/produkts\/manualais-pudelu-atverejs-papuga\/\" \/>\n<meta property=\"og:locale\" content=\"lv_LV\" \/>\n<meta property=\"og:type\" content=\"article\" \/>\n<meta property=\"og:title\" content=\"Manu\u0101lais pude\u013cu atv\u0113r\u0113js PAPUGA - MetalTale.com\" \/>\n<meta property=\"og:description\" content=\"Modelis 01.412.AI. PAR EAN. 5905369919336 Materi\u0101ls Ketus Biezums (cm ) 7 Kop\u0113jais augstums (cm ) 13 Kop\u0113jais platums (cm )\" \/>\n<meta property=\"og:url\" content=\"https:\/\/metaltale.com\/lv\/produkts\/manualais-pudelu-atverejs-papuga\/\" \/>\n<meta property=\"og:site_name\" content=\"MetalTale.com\" \/>\n<meta property=\"article:modified_time\" content=\"2025-01-26T11:11:14+00:00\" \/>\n<meta property=\"og:image\" content=\"https:\/\/metaltale.com\/wp-content\/uploads\/2023\/09\/PAPUGA-atidarytuvas.jpg\" \/>\n\t<meta property=\"og:image:width\" content=\"800\" \/>\n\t<meta property=\"og:image:height\" content=\"800\" \/>\n\t<meta property=\"og:image:type\" content=\"image\/jpeg\" \/>\n<meta name=\"twitter:card\" content=\"summary_large_image\" \/>\n<script type=\"application\/ld+json\" class=\"yoast-schema-graph\">{\"@context\":\"https:\/\/schema.org\",\"@graph\":[{\"@type\":\"WebPage\",\"@id\":\"https:\/\/metaltale.com\/lv\/produkts\/manualais-pudelu-atverejs-papuga\/\",\"url\":\"https:\/\/metaltale.com\/lv\/produkts\/manualais-pudelu-atverejs-papuga\/\",\"name\":\"Manu\u0101lais pude\u013cu atv\u0113r\u0113js PAPUGA - MetalTale.com\",\"isPartOf\":{\"@id\":\"https:\/\/metaltale.com\/lv\/#website\"},\"primaryImageOfPage\":{\"@id\":\"https:\/\/metaltale.com\/lv\/produkts\/manualais-pudelu-atverejs-papuga\/#primaryimage\"},\"image\":{\"@id\":\"https:\/\/metaltale.com\/lv\/produkts\/manualais-pudelu-atverejs-papuga\/#primaryimage\"},\"thumbnailUrl\":\"https:\/\/metaltale.com\/wp-content\/uploads\/2023\/09\/PAPUGA-atidarytuvas.jpg\",\"datePublished\":\"2024-02-13T11:41:39+00:00\",\"dateModified\":\"2025-01-26T11:11:14+00:00\",\"breadcrumb\":{\"@id\":\"https:\/\/metaltale.com\/lv\/produkts\/manualais-pudelu-atverejs-papuga\/#breadcrumb\"},\"inLanguage\":\"lv-LV\",\"potentialAction\":[{\"@type\":\"ReadAction\",\"target\":[\"https:\/\/metaltale.com\/lv\/produkts\/manualais-pudelu-atverejs-papuga\/\"]}]},{\"@type\":\"ImageObject\",\"inLanguage\":\"lv-LV\",\"@id\":\"https:\/\/metaltale.com\/lv\/produkts\/manualais-pudelu-atverejs-papuga\/#primaryimage\",\"url\":\"https:\/\/metaltale.com\/wp-content\/uploads\/2023\/09\/PAPUGA-atidarytuvas.jpg\",\"contentUrl\":\"https:\/\/metaltale.com\/wp-content\/uploads\/2023\/09\/PAPUGA-atidarytuvas.jpg\",\"width\":800,\"height\":800},{\"@type\":\"BreadcrumbList\",\"@id\":\"https:\/\/metaltale.com\/lv\/produkts\/manualais-pudelu-atverejs-papuga\/#breadcrumb\",\"itemListElement\":[{\"@type\":\"ListItem\",\"position\":1,\"name\":\"Home\",\"item\":\"https:\/\/metaltale.com\/lv\/majas\/\"},{\"@type\":\"ListItem\",\"position\":2,\"name\":\"Veikals\",\"item\":\"https:\/\/metaltale.com\/lv\/shop\/\"},{\"@type\":\"ListItem\",\"position\":3,\"name\":\"Manu\u0101lais pude\u013cu atv\u0113r\u0113js PAPUGA\"}]},{\"@type\":\"WebSite\",\"@id\":\"https:\/\/metaltale.com\/lv\/#website\",\"url\":\"https:\/\/metaltale.com\/lv\/\",\"name\":\"Metaltale.com\",\"description\":\"\",\"potentialAction\":[{\"@type\":\"SearchAction\",\"target\":{\"@type\":\"EntryPoint\",\"urlTemplate\":\"https:\/\/metaltale.com\/lv\/?s={search_term_string}\"},\"query-input\":{\"@type\":\"PropertyValueSpecification\",\"valueRequired\":true,\"valueName\":\"search_term_string\"}}],\"inLanguage\":\"lv-LV\"}]}<\/script>\n<!-- \/ Yoast SEO plugin. -->","yoast_head_json":{"title":"Manu\u0101lais pude\u013cu atv\u0113r\u0113js PAPUGA - MetalTale.com","robots":{"index":"index","follow":"follow","max-snippet":"max-snippet:-1","max-image-preview":"max-image-preview:large","max-video-preview":"max-video-preview:-1"},"canonical":"https:\/\/metaltale.com\/lv\/produkts\/manualais-pudelu-atverejs-papuga\/","og_locale":"lv_LV","og_type":"article","og_title":"Manu\u0101lais pude\u013cu atv\u0113r\u0113js PAPUGA - MetalTale.com","og_description":"Modelis 01.412.AI. PAR EAN. 5905369919336 Materi\u0101ls Ketus Biezums (cm ) 7 Kop\u0113jais augstums (cm ) 13 Kop\u0113jais platums (cm )","og_url":"https:\/\/metaltale.com\/lv\/produkts\/manualais-pudelu-atverejs-papuga\/","og_site_name":"MetalTale.com","article_modified_time":"2025-01-26T11:11:14+00:00","og_image":[{"width":800,"height":800,"url":"https:\/\/metaltale.com\/wp-content\/uploads\/2023\/09\/PAPUGA-atidarytuvas.jpg","type":"image\/jpeg"}],"twitter_card":"summary_large_image","schema":{"@context":"https:\/\/schema.org","@graph":[{"@type":"WebPage","@id":"https:\/\/metaltale.com\/lv\/produkts\/manualais-pudelu-atverejs-papuga\/","url":"https:\/\/metaltale.com\/lv\/produkts\/manualais-pudelu-atverejs-papuga\/","name":"Manu\u0101lais pude\u013cu atv\u0113r\u0113js PAPUGA - MetalTale.com","isPartOf":{"@id":"https:\/\/metaltale.com\/lv\/#website"},"primaryImageOfPage":{"@id":"https:\/\/metaltale.com\/lv\/produkts\/manualais-pudelu-atverejs-papuga\/#primaryimage"},"image":{"@id":"https:\/\/metaltale.com\/lv\/produkts\/manualais-pudelu-atverejs-papuga\/#primaryimage"},"thumbnailUrl":"https:\/\/metaltale.com\/wp-content\/uploads\/2023\/09\/PAPUGA-atidarytuvas.jpg","datePublished":"2024-02-13T11:41:39+00:00","dateModified":"2025-01-26T11:11:14+00:00","breadcrumb":{"@id":"https:\/\/metaltale.com\/lv\/produkts\/manualais-pudelu-atverejs-papuga\/#breadcrumb"},"inLanguage":"lv-LV","potentialAction":[{"@type":"ReadAction","target":["https:\/\/metaltale.com\/lv\/produkts\/manualais-pudelu-atverejs-papuga\/"]}]},{"@type":"ImageObject","inLanguage":"lv-LV","@id":"https:\/\/metaltale.com\/lv\/produkts\/manualais-pudelu-atverejs-papuga\/#primaryimage","url":"https:\/\/metaltale.com\/wp-content\/uploads\/2023\/09\/PAPUGA-atidarytuvas.jpg","contentUrl":"https:\/\/metaltale.com\/wp-content\/uploads\/2023\/09\/PAPUGA-atidarytuvas.jpg","width":800,"height":800},{"@type":"BreadcrumbList","@id":"https:\/\/metaltale.com\/lv\/produkts\/manualais-pudelu-atverejs-papuga\/#breadcrumb","itemListElement":[{"@type":"ListItem","position":1,"name":"Home","item":"https:\/\/metaltale.com\/lv\/majas\/"},{"@type":"ListItem","position":2,"name":"Veikals","item":"https:\/\/metaltale.com\/lv\/shop\/"},{"@type":"ListItem","position":3,"name":"Manu\u0101lais pude\u013cu atv\u0113r\u0113js PAPUGA"}]},{"@type":"WebSite","@id":"https:\/\/metaltale.com\/lv\/#website","url":"https:\/\/metaltale.com\/lv\/","name":"Metaltale.com","description":"","potentialAction":[{"@type":"SearchAction","target":{"@type":"EntryPoint","urlTemplate":"https:\/\/metaltale.com\/lv\/?s={search_term_string}"},"query-input":{"@type":"PropertyValueSpecification","valueRequired":true,"valueName":"search_term_string"}}],"inLanguage":"lv-LV"}]}},"_links":{"self":[{"href":"https:\/\/metaltale.com\/lv\/wp-json\/wp\/v2\/product\/134789","targetHints":{"allow":["GET"]}}],"collection":[{"href":"https:\/\/metaltale.com\/lv\/wp-json\/wp\/v2\/product"}],"about":[{"href":"https:\/\/metaltale.com\/lv\/wp-json\/wp\/v2\/types\/product"}],"replies":[{"embeddable":true,"href":"https:\/\/metaltale.com\/lv\/wp-json\/wp\/v2\/comments?post=134789"}],"version-history":[{"count":0,"href":"https:\/\/metaltale.com\/lv\/wp-json\/wp\/v2\/product\/134789\/revisions"}],"wp:featuredmedia":[{"embeddable":true,"href":"https:\/\/metaltale.com\/lv\/wp-json\/wp\/v2\/media\/67723"}],"wp:attachment":[{"href":"https:\/\/metaltale.com\/lv\/wp-json\/wp\/v2\/media?parent=134789"}],"wp:term":[{"taxonomy":"product_brand","embeddable":true,"href":"https:\/\/metaltale.com\/lv\/wp-json\/wp\/v2\/product_brand?post=134789"},{"taxonomy":"product_cat","embeddable":true,"href":"https:\/\/metaltale.com\/lv\/wp-json\/wp\/v2\/product_cat?post=134789"},{"taxonomy":"product_tag","embeddable":true,"href":"https:\/\/metaltale.com\/lv\/wp-json\/wp\/v2\/product_tag?post=134789"}],"curies":[{"name":"wp","href":"https:\/\/api.w.org\/{rel}","templated":true}]}}