{"id":134748,"date":"2024-02-13T14:51:46","date_gmt":"2024-02-13T12:51:46","guid":{"rendered":"https:\/\/metaltale.com\/produktas\/dekorativa-metala-plaksnite-pink-floyd-empire-pool\/"},"modified":"2024-02-13T14:51:46","modified_gmt":"2024-02-13T12:51:46","slug":"dekorativa-metala-plaksnite-pink-floyd-empire-pool","status":"publish","type":"product","link":"https:\/\/metaltale.com\/lv\/produkts\/dekorativa-metala-plaksnite-pink-floyd-empire-pool\/","title":{"rendered":"Dekorat\u012bva met\u0101la pl\u0101ksn\u012bte PINK FLOYD EMPIRE POOL"},"content":{"rendered":"<div class=\"prod_data\"><strong>Modelis<\/strong> IN.40538  <br \/><strong>EAN.<\/strong>  5907772079133  <br \/><strong>Orient\u0101cija<\/strong> Vertik\u0101l\u0101  <br \/><strong>Istaba<\/strong> B\u0101rs, restor\u0101ns  <br \/><strong>Motiv M\u016bzika<\/strong>  <br \/><strong>Materi\u0101ls<\/strong> T\u0113rauds  <br \/><strong>Platums (cm<\/strong> ) 20  <br \/><strong>Augstums (cm<\/strong> ) 30  <br \/><strong>Formas<\/strong> Taisnst\u016bra <strong>formas<\/strong>  <\/p>\n<p>Dekorat\u012bvs taisnst\u016bra formas panelis. Plak\u0101ts ir izgatavots no augst\u0101k\u0101s kvalit\u0101tes materi\u0101la un papildus p\u0101rkl\u0101ts ar pret skr\u0101p\u0113jumiem iztur\u012bgu laku. Uz t\u0113rauda pl\u0101ksnes virsmas redzam\u0101s noveco\u0161anas paz\u012bmes pie\u0161\u0137ir tai autentisku retro raksturu. Turkl\u0101t nedaudz dzeltenais fons pastiprina noveco\u0161anas efektu. Odere ir nostiprin\u0101ta, pateicoties smalkiem stiprin\u0101juma caurumiem.<\/p>\n<p>Produkts satur plak\u0101tu, kas v\u0113sta par PINK FLOYD uzst\u0101\u0161anos.<\/p>\n<p>Panelis b\u016bs piem\u0113rots gan retro, gan vintage interjeriem. Tas b\u016bs ori\u0123in\u0101ls dekors kafejn\u012bc\u0101s, restor\u0101nos vai b\u0101ros.<br \/>Met\u0101la plak\u0101ts ar\u012b ir lieliska d\u0101vin\u0101juma ideja, \u012bpa\u0161i grupas faniem.<\/p>\n<\/div>\n","protected":false},"excerpt":{"rendered":"<p>Modelis IN.40538 EAN. 5907772079133 Orient\u0101cija Vertik\u0101l\u0101 Istaba B\u0101rs, restor\u0101ns Motiv M\u016bzika Materi\u0101ls T\u0113rauds Platums (cm ) 20 Augstums (cm )<\/p>\n","protected":false},"featured_media":72988,"comment_status":"open","ping_status":"closed","template":"","meta":{"_acf_changed":false,"pmpro_default_level":""},"product_brand":[],"product_cat":[24055],"product_tag":[],"class_list":{"0":"post-134748","1":"product","2":"type-product","3":"status-publish","4":"has-post-thumbnail","6":"product_cat-rotajumi","7":"pmpro-has-access","9":"first","10":"instock","11":"shipping-taxable","12":"purchasable","13":"product-type-simple"},"acf":[],"yoast_head":"<!-- This site is optimized with the Yoast SEO plugin v24.9 - https:\/\/yoast.com\/wordpress\/plugins\/seo\/ -->\n<title>Dekorat\u012bva met\u0101la pl\u0101ksn\u012bte PINK FLOYD EMPIRE POOL - MetalTale.com<\/title>\n<meta name=\"robots\" content=\"index, follow, max-snippet:-1, max-image-preview:large, max-video-preview:-1\" \/>\n<link rel=\"canonical\" href=\"https:\/\/metaltale.com\/lv\/produkts\/dekorativa-metala-plaksnite-pink-floyd-empire-pool\/\" \/>\n<meta property=\"og:locale\" content=\"lv_LV\" \/>\n<meta property=\"og:type\" content=\"article\" \/>\n<meta property=\"og:title\" content=\"Dekorat\u012bva met\u0101la pl\u0101ksn\u012bte PINK FLOYD EMPIRE POOL - MetalTale.com\" \/>\n<meta property=\"og:description\" content=\"Modelis IN.40538 EAN. 5907772079133 Orient\u0101cija Vertik\u0101l\u0101 Istaba B\u0101rs, restor\u0101ns Motiv M\u016bzika Materi\u0101ls T\u0113rauds Platums (cm ) 20 Augstums (cm )\" \/>\n<meta property=\"og:url\" content=\"https:\/\/metaltale.com\/lv\/produkts\/dekorativa-metala-plaksnite-pink-floyd-empire-pool\/\" \/>\n<meta property=\"og:site_name\" content=\"MetalTale.com\" \/>\n<meta name=\"twitter:card\" content=\"summary_large_image\" \/>\n<meta name=\"twitter:label1\" content=\"Est. reading time\" \/>\n\t<meta name=\"twitter:data1\" content=\"1 minute\" \/>\n<script type=\"application\/ld+json\" class=\"yoast-schema-graph\">{\"@context\":\"https:\/\/schema.org\",\"@graph\":[{\"@type\":\"WebPage\",\"@id\":\"https:\/\/metaltale.com\/lv\/produkts\/dekorativa-metala-plaksnite-pink-floyd-empire-pool\/\",\"url\":\"https:\/\/metaltale.com\/lv\/produkts\/dekorativa-metala-plaksnite-pink-floyd-empire-pool\/\",\"name\":\"Dekorat\u012bva met\u0101la pl\u0101ksn\u012bte PINK FLOYD EMPIRE POOL - MetalTale.com\",\"isPartOf\":{\"@id\":\"https:\/\/metaltale.com\/lv\/#website\"},\"primaryImageOfPage\":{\"@id\":\"https:\/\/metaltale.com\/lv\/produkts\/dekorativa-metala-plaksnite-pink-floyd-empire-pool\/#primaryimage\"},\"image\":{\"@id\":\"https:\/\/metaltale.com\/lv\/produkts\/dekorativa-metala-plaksnite-pink-floyd-empire-pool\/#primaryimage\"},\"thumbnailUrl\":\"https:\/\/metaltale.com\/wp-content\/uploads\/2023\/09\/Tabliczka-dekoracyjna-metalowa-PINK-FLOYD-EMPIRE-POOL.jpg\",\"datePublished\":\"2024-02-13T12:51:46+00:00\",\"breadcrumb\":{\"@id\":\"https:\/\/metaltale.com\/lv\/produkts\/dekorativa-metala-plaksnite-pink-floyd-empire-pool\/#breadcrumb\"},\"inLanguage\":\"lv-LV\",\"potentialAction\":[{\"@type\":\"ReadAction\",\"target\":[\"https:\/\/metaltale.com\/lv\/produkts\/dekorativa-metala-plaksnite-pink-floyd-empire-pool\/\"]}]},{\"@type\":\"ImageObject\",\"inLanguage\":\"lv-LV\",\"@id\":\"https:\/\/metaltale.com\/lv\/produkts\/dekorativa-metala-plaksnite-pink-floyd-empire-pool\/#primaryimage\",\"url\":\"https:\/\/metaltale.com\/wp-content\/uploads\/2023\/09\/Tabliczka-dekoracyjna-metalowa-PINK-FLOYD-EMPIRE-POOL.jpg\",\"contentUrl\":\"https:\/\/metaltale.com\/wp-content\/uploads\/2023\/09\/Tabliczka-dekoracyjna-metalowa-PINK-FLOYD-EMPIRE-POOL.jpg\",\"width\":800,\"height\":800},{\"@type\":\"BreadcrumbList\",\"@id\":\"https:\/\/metaltale.com\/lv\/produkts\/dekorativa-metala-plaksnite-pink-floyd-empire-pool\/#breadcrumb\",\"itemListElement\":[{\"@type\":\"ListItem\",\"position\":1,\"name\":\"Home\",\"item\":\"https:\/\/metaltale.com\/lv\/majas\/\"},{\"@type\":\"ListItem\",\"position\":2,\"name\":\"Veikals\",\"item\":\"https:\/\/metaltale.com\/lv\/shop\/\"},{\"@type\":\"ListItem\",\"position\":3,\"name\":\"Dekorat\u012bva met\u0101la pl\u0101ksn\u012bte PINK FLOYD EMPIRE POOL\"}]},{\"@type\":\"WebSite\",\"@id\":\"https:\/\/metaltale.com\/lv\/#website\",\"url\":\"https:\/\/metaltale.com\/lv\/\",\"name\":\"Metaltale.com\",\"description\":\"\",\"potentialAction\":[{\"@type\":\"SearchAction\",\"target\":{\"@type\":\"EntryPoint\",\"urlTemplate\":\"https:\/\/metaltale.com\/lv\/?s={search_term_string}\"},\"query-input\":{\"@type\":\"PropertyValueSpecification\",\"valueRequired\":true,\"valueName\":\"search_term_string\"}}],\"inLanguage\":\"lv-LV\"}]}<\/script>\n<!-- \/ Yoast SEO plugin. -->","yoast_head_json":{"title":"Dekorat\u012bva met\u0101la pl\u0101ksn\u012bte PINK FLOYD EMPIRE POOL - MetalTale.com","robots":{"index":"index","follow":"follow","max-snippet":"max-snippet:-1","max-image-preview":"max-image-preview:large","max-video-preview":"max-video-preview:-1"},"canonical":"https:\/\/metaltale.com\/lv\/produkts\/dekorativa-metala-plaksnite-pink-floyd-empire-pool\/","og_locale":"lv_LV","og_type":"article","og_title":"Dekorat\u012bva met\u0101la pl\u0101ksn\u012bte PINK FLOYD EMPIRE POOL - MetalTale.com","og_description":"Modelis IN.40538 EAN. 5907772079133 Orient\u0101cija Vertik\u0101l\u0101 Istaba B\u0101rs, restor\u0101ns Motiv M\u016bzika Materi\u0101ls T\u0113rauds Platums (cm ) 20 Augstums (cm )","og_url":"https:\/\/metaltale.com\/lv\/produkts\/dekorativa-metala-plaksnite-pink-floyd-empire-pool\/","og_site_name":"MetalTale.com","twitter_card":"summary_large_image","twitter_misc":{"Est. reading time":"1 minute"},"schema":{"@context":"https:\/\/schema.org","@graph":[{"@type":"WebPage","@id":"https:\/\/metaltale.com\/lv\/produkts\/dekorativa-metala-plaksnite-pink-floyd-empire-pool\/","url":"https:\/\/metaltale.com\/lv\/produkts\/dekorativa-metala-plaksnite-pink-floyd-empire-pool\/","name":"Dekorat\u012bva met\u0101la pl\u0101ksn\u012bte PINK FLOYD EMPIRE POOL - MetalTale.com","isPartOf":{"@id":"https:\/\/metaltale.com\/lv\/#website"},"primaryImageOfPage":{"@id":"https:\/\/metaltale.com\/lv\/produkts\/dekorativa-metala-plaksnite-pink-floyd-empire-pool\/#primaryimage"},"image":{"@id":"https:\/\/metaltale.com\/lv\/produkts\/dekorativa-metala-plaksnite-pink-floyd-empire-pool\/#primaryimage"},"thumbnailUrl":"https:\/\/metaltale.com\/wp-content\/uploads\/2023\/09\/Tabliczka-dekoracyjna-metalowa-PINK-FLOYD-EMPIRE-POOL.jpg","datePublished":"2024-02-13T12:51:46+00:00","breadcrumb":{"@id":"https:\/\/metaltale.com\/lv\/produkts\/dekorativa-metala-plaksnite-pink-floyd-empire-pool\/#breadcrumb"},"inLanguage":"lv-LV","potentialAction":[{"@type":"ReadAction","target":["https:\/\/metaltale.com\/lv\/produkts\/dekorativa-metala-plaksnite-pink-floyd-empire-pool\/"]}]},{"@type":"ImageObject","inLanguage":"lv-LV","@id":"https:\/\/metaltale.com\/lv\/produkts\/dekorativa-metala-plaksnite-pink-floyd-empire-pool\/#primaryimage","url":"https:\/\/metaltale.com\/wp-content\/uploads\/2023\/09\/Tabliczka-dekoracyjna-metalowa-PINK-FLOYD-EMPIRE-POOL.jpg","contentUrl":"https:\/\/metaltale.com\/wp-content\/uploads\/2023\/09\/Tabliczka-dekoracyjna-metalowa-PINK-FLOYD-EMPIRE-POOL.jpg","width":800,"height":800},{"@type":"BreadcrumbList","@id":"https:\/\/metaltale.com\/lv\/produkts\/dekorativa-metala-plaksnite-pink-floyd-empire-pool\/#breadcrumb","itemListElement":[{"@type":"ListItem","position":1,"name":"Home","item":"https:\/\/metaltale.com\/lv\/majas\/"},{"@type":"ListItem","position":2,"name":"Veikals","item":"https:\/\/metaltale.com\/lv\/shop\/"},{"@type":"ListItem","position":3,"name":"Dekorat\u012bva met\u0101la pl\u0101ksn\u012bte PINK FLOYD EMPIRE POOL"}]},{"@type":"WebSite","@id":"https:\/\/metaltale.com\/lv\/#website","url":"https:\/\/metaltale.com\/lv\/","name":"Metaltale.com","description":"","potentialAction":[{"@type":"SearchAction","target":{"@type":"EntryPoint","urlTemplate":"https:\/\/metaltale.com\/lv\/?s={search_term_string}"},"query-input":{"@type":"PropertyValueSpecification","valueRequired":true,"valueName":"search_term_string"}}],"inLanguage":"lv-LV"}]}},"_links":{"self":[{"href":"https:\/\/metaltale.com\/lv\/wp-json\/wp\/v2\/product\/134748","targetHints":{"allow":["GET"]}}],"collection":[{"href":"https:\/\/metaltale.com\/lv\/wp-json\/wp\/v2\/product"}],"about":[{"href":"https:\/\/metaltale.com\/lv\/wp-json\/wp\/v2\/types\/product"}],"replies":[{"embeddable":true,"href":"https:\/\/metaltale.com\/lv\/wp-json\/wp\/v2\/comments?post=134748"}],"version-history":[{"count":0,"href":"https:\/\/metaltale.com\/lv\/wp-json\/wp\/v2\/product\/134748\/revisions"}],"wp:featuredmedia":[{"embeddable":true,"href":"https:\/\/metaltale.com\/lv\/wp-json\/wp\/v2\/media\/72988"}],"wp:attachment":[{"href":"https:\/\/metaltale.com\/lv\/wp-json\/wp\/v2\/media?parent=134748"}],"wp:term":[{"taxonomy":"product_brand","embeddable":true,"href":"https:\/\/metaltale.com\/lv\/wp-json\/wp\/v2\/product_brand?post=134748"},{"taxonomy":"product_cat","embeddable":true,"href":"https:\/\/metaltale.com\/lv\/wp-json\/wp\/v2\/product_cat?post=134748"},{"taxonomy":"product_tag","embeddable":true,"href":"https:\/\/metaltale.com\/lv\/wp-json\/wp\/v2\/product_tag?post=134748"}],"curies":[{"name":"wp","href":"https:\/\/api.w.org\/{rel}","templated":true}]}}