{"id":134741,"date":"2024-02-13T15:11:48","date_gmt":"2024-02-13T13:11:48","guid":{"rendered":"https:\/\/metaltale.com\/produktas\/dekorativa-metala-plaksnite-pasaulio-alus\/"},"modified":"2024-02-13T15:11:48","modified_gmt":"2024-02-13T13:11:48","slug":"dekorativa-metala-plaksnite-pasaulio-alus","status":"publish","type":"product","link":"https:\/\/metaltale.com\/lv\/produkts\/dekorativa-metala-plaksnite-pasaulio-alus\/","title":{"rendered":"Dekorat\u012bva met\u0101la pl\u0101ksn\u012bte PASAULIO ALUS"},"content":{"rendered":"<div class=\"prod_data\"><strong>Modelis<\/strong> IN.10227  <br \/><strong>EAN.<\/strong>  5905369930126  <br \/><strong>Orient\u0101cija<\/strong> Vertik\u0101l\u0101  <br \/><strong>Istabas<\/strong> b\u0101rs  <br \/><strong>Motif<\/strong> dz\u0113rieni  <br \/><strong>Materi\u0101ls<\/strong> T\u0113rauds  <br \/><strong>Platums (cm<\/strong> ) 20  <br \/><strong>Augstums (cm<\/strong> ) 30  <br \/><strong>Formas<\/strong> Taisnst\u016bra <strong>formas<\/strong>  <\/p>\n<p>Taisnst\u016bra formas met\u0101la dekorat\u012bv\u0101 pl\u0101ksne. Plak\u0101ts ir p\u0101rkl\u0101ts ar augstas nodilumiztur\u012bbas kr\u0101s\u0101m un aizsarg\u0101ts ar laku, lai pasarg\u0101tu to no skr\u0101p\u0113jumiem. Stabilu pane\u013ca nostiprin\u0101\u0161anu nodro\u0161ina nelielie caurumi katr\u0101 izstr\u0101d\u0101juma st\u016br\u012b. Z\u012bmei ir skr\u0101p\u0113jumi un kr\u0101sas izmai\u0146as, kas pie\u0161\u0137ir tai \u012bpa\u0161u retro raksturu. Tum\u0161\u0101 fona izmanto\u0161ana labi atspogu\u013co uzr\u0101d\u012bt\u0101s pudeles.<\/p>\n<p>Produkt\u0101 ir uzskait\u012bti alus veidi no visas pasaules.<\/p>\n<p>Met\u0101la plak\u0101ts ir lieliski piem\u0113rots vintage un retro interjeriem. Tas b\u016bs ori\u0123in\u0101ls rot\u0101jums b\u0101ros un restor\u0101nos. T\u0101 ir ar\u012b ori\u0123in\u0101la d\u0101vin\u0101juma ideja.<\/p>\n<\/div>\n","protected":false},"excerpt":{"rendered":"<p>Modelis IN.10227 EAN. 5905369930126 Orient\u0101cija Vertik\u0101l\u0101 Istabas b\u0101rs Motif dz\u0113rieni Materi\u0101ls T\u0113rauds Platums (cm ) 20 Augstums (cm ) 30<\/p>\n","protected":false},"featured_media":93840,"comment_status":"open","ping_status":"closed","template":"","meta":{"_acf_changed":false,"pmpro_default_level":""},"product_brand":[],"product_cat":[24085],"product_tag":[],"class_list":{"0":"post-134741","1":"product","2":"type-product","3":"status-publish","4":"has-post-thumbnail","6":"product_cat-metala-dekorativas-plaksnes","7":"pmpro-has-access","9":"first","10":"instock","11":"shipping-taxable","12":"purchasable","13":"product-type-simple"},"acf":[],"yoast_head":"<!-- This site is optimized with the Yoast SEO plugin v24.9 - https:\/\/yoast.com\/wordpress\/plugins\/seo\/ -->\n<title>Dekorat\u012bva met\u0101la pl\u0101ksn\u012bte PASAULIO ALUS - MetalTale.com<\/title>\n<meta name=\"robots\" content=\"index, follow, max-snippet:-1, max-image-preview:large, max-video-preview:-1\" \/>\n<link rel=\"canonical\" href=\"https:\/\/metaltale.com\/lv\/produkts\/dekorativa-metala-plaksnite-pasaulio-alus\/\" \/>\n<meta property=\"og:locale\" content=\"lv_LV\" \/>\n<meta property=\"og:type\" content=\"article\" \/>\n<meta property=\"og:title\" content=\"Dekorat\u012bva met\u0101la pl\u0101ksn\u012bte PASAULIO ALUS - MetalTale.com\" \/>\n<meta property=\"og:description\" content=\"Modelis IN.10227 EAN. 5905369930126 Orient\u0101cija Vertik\u0101l\u0101 Istabas b\u0101rs Motif dz\u0113rieni Materi\u0101ls T\u0113rauds Platums (cm ) 20 Augstums (cm ) 30\" \/>\n<meta property=\"og:url\" content=\"https:\/\/metaltale.com\/lv\/produkts\/dekorativa-metala-plaksnite-pasaulio-alus\/\" \/>\n<meta property=\"og:site_name\" content=\"MetalTale.com\" \/>\n<meta name=\"twitter:card\" content=\"summary_large_image\" \/>\n<meta name=\"twitter:label1\" content=\"Est. reading time\" \/>\n\t<meta name=\"twitter:data1\" content=\"1 minute\" \/>\n<script type=\"application\/ld+json\" class=\"yoast-schema-graph\">{\"@context\":\"https:\/\/schema.org\",\"@graph\":[{\"@type\":\"WebPage\",\"@id\":\"https:\/\/metaltale.com\/lv\/produkts\/dekorativa-metala-plaksnite-pasaulio-alus\/\",\"url\":\"https:\/\/metaltale.com\/lv\/produkts\/dekorativa-metala-plaksnite-pasaulio-alus\/\",\"name\":\"Dekorat\u012bva met\u0101la pl\u0101ksn\u012bte PASAULIO ALUS - MetalTale.com\",\"isPartOf\":{\"@id\":\"https:\/\/metaltale.com\/lv\/#website\"},\"primaryImageOfPage\":{\"@id\":\"https:\/\/metaltale.com\/lv\/produkts\/dekorativa-metala-plaksnite-pasaulio-alus\/#primaryimage\"},\"image\":{\"@id\":\"https:\/\/metaltale.com\/lv\/produkts\/dekorativa-metala-plaksnite-pasaulio-alus\/#primaryimage\"},\"thumbnailUrl\":\"https:\/\/metaltale.com\/wp-content\/uploads\/2023\/10\/Tabliczka-dekoracyjna-metalowa-PASAULIO-ALUS.jpg\",\"datePublished\":\"2024-02-13T13:11:48+00:00\",\"breadcrumb\":{\"@id\":\"https:\/\/metaltale.com\/lv\/produkts\/dekorativa-metala-plaksnite-pasaulio-alus\/#breadcrumb\"},\"inLanguage\":\"lv-LV\",\"potentialAction\":[{\"@type\":\"ReadAction\",\"target\":[\"https:\/\/metaltale.com\/lv\/produkts\/dekorativa-metala-plaksnite-pasaulio-alus\/\"]}]},{\"@type\":\"ImageObject\",\"inLanguage\":\"lv-LV\",\"@id\":\"https:\/\/metaltale.com\/lv\/produkts\/dekorativa-metala-plaksnite-pasaulio-alus\/#primaryimage\",\"url\":\"https:\/\/metaltale.com\/wp-content\/uploads\/2023\/10\/Tabliczka-dekoracyjna-metalowa-PASAULIO-ALUS.jpg\",\"contentUrl\":\"https:\/\/metaltale.com\/wp-content\/uploads\/2023\/10\/Tabliczka-dekoracyjna-metalowa-PASAULIO-ALUS.jpg\",\"width\":800,\"height\":800},{\"@type\":\"BreadcrumbList\",\"@id\":\"https:\/\/metaltale.com\/lv\/produkts\/dekorativa-metala-plaksnite-pasaulio-alus\/#breadcrumb\",\"itemListElement\":[{\"@type\":\"ListItem\",\"position\":1,\"name\":\"Home\",\"item\":\"https:\/\/metaltale.com\/lv\/majas\/\"},{\"@type\":\"ListItem\",\"position\":2,\"name\":\"Veikals\",\"item\":\"https:\/\/metaltale.com\/lv\/shop\/\"},{\"@type\":\"ListItem\",\"position\":3,\"name\":\"Dekorat\u012bva met\u0101la pl\u0101ksn\u012bte PASAULIO ALUS\"}]},{\"@type\":\"WebSite\",\"@id\":\"https:\/\/metaltale.com\/lv\/#website\",\"url\":\"https:\/\/metaltale.com\/lv\/\",\"name\":\"Metaltale.com\",\"description\":\"\",\"potentialAction\":[{\"@type\":\"SearchAction\",\"target\":{\"@type\":\"EntryPoint\",\"urlTemplate\":\"https:\/\/metaltale.com\/lv\/?s={search_term_string}\"},\"query-input\":{\"@type\":\"PropertyValueSpecification\",\"valueRequired\":true,\"valueName\":\"search_term_string\"}}],\"inLanguage\":\"lv-LV\"}]}<\/script>\n<!-- \/ Yoast SEO plugin. -->","yoast_head_json":{"title":"Dekorat\u012bva met\u0101la pl\u0101ksn\u012bte PASAULIO ALUS - MetalTale.com","robots":{"index":"index","follow":"follow","max-snippet":"max-snippet:-1","max-image-preview":"max-image-preview:large","max-video-preview":"max-video-preview:-1"},"canonical":"https:\/\/metaltale.com\/lv\/produkts\/dekorativa-metala-plaksnite-pasaulio-alus\/","og_locale":"lv_LV","og_type":"article","og_title":"Dekorat\u012bva met\u0101la pl\u0101ksn\u012bte PASAULIO ALUS - MetalTale.com","og_description":"Modelis IN.10227 EAN. 5905369930126 Orient\u0101cija Vertik\u0101l\u0101 Istabas b\u0101rs Motif dz\u0113rieni Materi\u0101ls T\u0113rauds Platums (cm ) 20 Augstums (cm ) 30","og_url":"https:\/\/metaltale.com\/lv\/produkts\/dekorativa-metala-plaksnite-pasaulio-alus\/","og_site_name":"MetalTale.com","twitter_card":"summary_large_image","twitter_misc":{"Est. reading time":"1 minute"},"schema":{"@context":"https:\/\/schema.org","@graph":[{"@type":"WebPage","@id":"https:\/\/metaltale.com\/lv\/produkts\/dekorativa-metala-plaksnite-pasaulio-alus\/","url":"https:\/\/metaltale.com\/lv\/produkts\/dekorativa-metala-plaksnite-pasaulio-alus\/","name":"Dekorat\u012bva met\u0101la pl\u0101ksn\u012bte PASAULIO ALUS - MetalTale.com","isPartOf":{"@id":"https:\/\/metaltale.com\/lv\/#website"},"primaryImageOfPage":{"@id":"https:\/\/metaltale.com\/lv\/produkts\/dekorativa-metala-plaksnite-pasaulio-alus\/#primaryimage"},"image":{"@id":"https:\/\/metaltale.com\/lv\/produkts\/dekorativa-metala-plaksnite-pasaulio-alus\/#primaryimage"},"thumbnailUrl":"https:\/\/metaltale.com\/wp-content\/uploads\/2023\/10\/Tabliczka-dekoracyjna-metalowa-PASAULIO-ALUS.jpg","datePublished":"2024-02-13T13:11:48+00:00","breadcrumb":{"@id":"https:\/\/metaltale.com\/lv\/produkts\/dekorativa-metala-plaksnite-pasaulio-alus\/#breadcrumb"},"inLanguage":"lv-LV","potentialAction":[{"@type":"ReadAction","target":["https:\/\/metaltale.com\/lv\/produkts\/dekorativa-metala-plaksnite-pasaulio-alus\/"]}]},{"@type":"ImageObject","inLanguage":"lv-LV","@id":"https:\/\/metaltale.com\/lv\/produkts\/dekorativa-metala-plaksnite-pasaulio-alus\/#primaryimage","url":"https:\/\/metaltale.com\/wp-content\/uploads\/2023\/10\/Tabliczka-dekoracyjna-metalowa-PASAULIO-ALUS.jpg","contentUrl":"https:\/\/metaltale.com\/wp-content\/uploads\/2023\/10\/Tabliczka-dekoracyjna-metalowa-PASAULIO-ALUS.jpg","width":800,"height":800},{"@type":"BreadcrumbList","@id":"https:\/\/metaltale.com\/lv\/produkts\/dekorativa-metala-plaksnite-pasaulio-alus\/#breadcrumb","itemListElement":[{"@type":"ListItem","position":1,"name":"Home","item":"https:\/\/metaltale.com\/lv\/majas\/"},{"@type":"ListItem","position":2,"name":"Veikals","item":"https:\/\/metaltale.com\/lv\/shop\/"},{"@type":"ListItem","position":3,"name":"Dekorat\u012bva met\u0101la pl\u0101ksn\u012bte PASAULIO ALUS"}]},{"@type":"WebSite","@id":"https:\/\/metaltale.com\/lv\/#website","url":"https:\/\/metaltale.com\/lv\/","name":"Metaltale.com","description":"","potentialAction":[{"@type":"SearchAction","target":{"@type":"EntryPoint","urlTemplate":"https:\/\/metaltale.com\/lv\/?s={search_term_string}"},"query-input":{"@type":"PropertyValueSpecification","valueRequired":true,"valueName":"search_term_string"}}],"inLanguage":"lv-LV"}]}},"_links":{"self":[{"href":"https:\/\/metaltale.com\/lv\/wp-json\/wp\/v2\/product\/134741","targetHints":{"allow":["GET"]}}],"collection":[{"href":"https:\/\/metaltale.com\/lv\/wp-json\/wp\/v2\/product"}],"about":[{"href":"https:\/\/metaltale.com\/lv\/wp-json\/wp\/v2\/types\/product"}],"replies":[{"embeddable":true,"href":"https:\/\/metaltale.com\/lv\/wp-json\/wp\/v2\/comments?post=134741"}],"version-history":[{"count":0,"href":"https:\/\/metaltale.com\/lv\/wp-json\/wp\/v2\/product\/134741\/revisions"}],"wp:featuredmedia":[{"embeddable":true,"href":"https:\/\/metaltale.com\/lv\/wp-json\/wp\/v2\/media\/93840"}],"wp:attachment":[{"href":"https:\/\/metaltale.com\/lv\/wp-json\/wp\/v2\/media?parent=134741"}],"wp:term":[{"taxonomy":"product_brand","embeddable":true,"href":"https:\/\/metaltale.com\/lv\/wp-json\/wp\/v2\/product_brand?post=134741"},{"taxonomy":"product_cat","embeddable":true,"href":"https:\/\/metaltale.com\/lv\/wp-json\/wp\/v2\/product_cat?post=134741"},{"taxonomy":"product_tag","embeddable":true,"href":"https:\/\/metaltale.com\/lv\/wp-json\/wp\/v2\/product_tag?post=134741"}],"curies":[{"name":"wp","href":"https:\/\/api.w.org\/{rel}","templated":true}]}}