{"id":134685,"date":"2024-02-13T13:19:42","date_gmt":"2024-02-13T11:19:42","guid":{"rendered":"https:\/\/metaltale.com\/produktas\/bidamo-durvju-aizverejs-single-01\/"},"modified":"2024-02-13T13:19:42","modified_gmt":"2024-02-13T11:19:42","slug":"bidamo-durvju-aizverejs-single-01","status":"publish","type":"product","link":"https:\/\/metaltale.com\/lv\/produkts\/bidamo-durvju-aizverejs-single-01\/","title":{"rendered":"B\u012bd\u0101mo durvju aizv\u0113r\u0113js SINGLE 01"},"content":{"rendered":"<div class=\"prod_data\">SAVE <strong>modelis<\/strong>. SCS. PR01  <br \/><strong>EAN.<\/strong>  5907772071489  <br \/><strong>Materi\u0101ls<\/strong> Polim\u0113rs  <br \/><strong>Kr\u0101sa<\/strong> Melna  <br \/><strong>Uzst\u0101d\u012b\u0161anas nor\u0101d\u012bjumi<\/strong> Lejupiel\u0101d\u0113t  <\/p>\n<p>Autom\u0101tiskais b\u012bd\u0101mo durvju aizv\u0113r\u0113js.<br \/>\u0161is durvju aizv\u0113r\u0113ja modelis nav savienots ar b\u012bd\u0101m\u0101s sist\u0113mas sliedi un ir uzst\u0101d\u012bts tie\u0161i pie sienas.  <br \/>pa\u0161aizv\u0113r\u0161an\u0101s ier\u012bce ir univers\u0101la (pa labi, pa kreisi), un to var izmantot vis\u0101m durv\u012bm, kuru svars nep\u0101rsniedz 120 kg.<\/p>\n<p>Izmantojot \u0161\u0101du durvju aizv\u0113r\u0113ju vai pa\u0161aizv\u0113r\u0161an\u0101s ier\u012bci, m\u0113s varam izveidot b\u012bd\u0101mo sist\u0113mu, kas pal\u0113nina kust\u012bbu, kad durvis tiek p\u0101rvietotas uz aizv\u0113r\u0161anas poz\u012bciju, k\u0101 ar\u012b autom\u0101tiski nospriego durvis, l\u012bdz t\u0101s piln\u012bb\u0101 aizveras.<\/p>\n<p>sist\u0113mu veido:<br \/>1 \u0101truma samazin\u0101\u0161anas elements<br \/>1 gab. pie durv\u012bm piestiprin\u0101ts vilk\u0161anas stienis.<br \/>1 gab. stiprin\u0101juma skr\u016bves<\/p>\n<p><strong>Ieg\u0101d\u0101joties jebkuras durvis un jebkuru durvju vadotni, durvju aizv\u0113r\u0113js ir iek\u013cauts bez maksas.<\/strong><\/p>\n<\/div>\n","protected":false},"excerpt":{"rendered":"<p>SAVE modelis. SCS. PR01 EAN. 5907772071489 Materi\u0101ls Polim\u0113rs Kr\u0101sa Melna Uzst\u0101d\u012b\u0161anas nor\u0101d\u012bjumi Lejupiel\u0101d\u0113t Autom\u0101tiskais b\u012bd\u0101mo durvju aizv\u0113r\u0113js.\u0161is durvju aizv\u0113r\u0113ja modelis<\/p>\n","protected":false},"featured_media":65719,"comment_status":"open","ping_status":"closed","template":"","meta":{"_acf_changed":false,"pmpro_default_level":""},"product_brand":[],"product_cat":[24124,24059],"product_tag":[],"class_list":{"0":"post-134685","1":"product","2":"type-product","3":"status-publish","4":"has-post-thumbnail","6":"product_cat-bidamo-durvju-piederumi","7":"product_cat-bidamo-durvju-sistemas","8":"pmpro-has-access","10":"first","11":"outofstock","12":"shipping-taxable","13":"purchasable","14":"product-type-simple"},"acf":[],"yoast_head":"<!-- This site is optimized with the Yoast SEO plugin v24.9 - https:\/\/yoast.com\/wordpress\/plugins\/seo\/ -->\n<title>B\u012bd\u0101mo durvju aizv\u0113r\u0113js SINGLE 01 - MetalTale.com<\/title>\n<meta name=\"robots\" content=\"index, follow, max-snippet:-1, max-image-preview:large, max-video-preview:-1\" \/>\n<link rel=\"canonical\" href=\"https:\/\/metaltale.com\/lv\/produkts\/bidamo-durvju-aizverejs-single-01\/\" \/>\n<meta property=\"og:locale\" content=\"lv_LV\" \/>\n<meta property=\"og:type\" content=\"article\" \/>\n<meta property=\"og:title\" content=\"B\u012bd\u0101mo durvju aizv\u0113r\u0113js SINGLE 01 - MetalTale.com\" \/>\n<meta property=\"og:description\" content=\"SAVE modelis. SCS. PR01 EAN. 5907772071489 Materi\u0101ls Polim\u0113rs Kr\u0101sa Melna Uzst\u0101d\u012b\u0161anas nor\u0101d\u012bjumi Lejupiel\u0101d\u0113t Autom\u0101tiskais b\u012bd\u0101mo durvju aizv\u0113r\u0113js.\u0161is durvju aizv\u0113r\u0113ja modelis\" \/>\n<meta property=\"og:url\" content=\"https:\/\/metaltale.com\/lv\/produkts\/bidamo-durvju-aizverejs-single-01\/\" \/>\n<meta property=\"og:site_name\" content=\"MetalTale.com\" \/>\n<meta property=\"og:image\" content=\"http:\/\/metaltale.com\/wp-content\/uploads\/2023\/09\/Savaime-ux17Esidaranti-max161ina-SINGLE-01.jpg\" \/>\n\t<meta property=\"og:image:width\" content=\"800\" \/>\n\t<meta property=\"og:image:height\" content=\"800\" \/>\n\t<meta property=\"og:image:type\" content=\"image\/jpeg\" \/>\n<meta name=\"twitter:card\" content=\"summary_large_image\" \/>\n<meta name=\"twitter:label1\" content=\"Est. reading time\" \/>\n\t<meta name=\"twitter:data1\" content=\"1 minute\" \/>\n<script type=\"application\/ld+json\" class=\"yoast-schema-graph\">{\"@context\":\"https:\/\/schema.org\",\"@graph\":[{\"@type\":\"WebPage\",\"@id\":\"https:\/\/metaltale.com\/lv\/produkts\/bidamo-durvju-aizverejs-single-01\/\",\"url\":\"https:\/\/metaltale.com\/lv\/produkts\/bidamo-durvju-aizverejs-single-01\/\",\"name\":\"B\u012bd\u0101mo durvju aizv\u0113r\u0113js SINGLE 01 - MetalTale.com\",\"isPartOf\":{\"@id\":\"https:\/\/metaltale.com\/lv\/#website\"},\"primaryImageOfPage\":{\"@id\":\"https:\/\/metaltale.com\/lv\/produkts\/bidamo-durvju-aizverejs-single-01\/#primaryimage\"},\"image\":{\"@id\":\"https:\/\/metaltale.com\/lv\/produkts\/bidamo-durvju-aizverejs-single-01\/#primaryimage\"},\"thumbnailUrl\":\"https:\/\/metaltale.com\/wp-content\/uploads\/2023\/09\/Savaime-ux17Esidaranti-max161ina-SINGLE-01.jpg\",\"datePublished\":\"2024-02-13T11:19:42+00:00\",\"breadcrumb\":{\"@id\":\"https:\/\/metaltale.com\/lv\/produkts\/bidamo-durvju-aizverejs-single-01\/#breadcrumb\"},\"inLanguage\":\"lv-LV\",\"potentialAction\":[{\"@type\":\"ReadAction\",\"target\":[\"https:\/\/metaltale.com\/lv\/produkts\/bidamo-durvju-aizverejs-single-01\/\"]}]},{\"@type\":\"ImageObject\",\"inLanguage\":\"lv-LV\",\"@id\":\"https:\/\/metaltale.com\/lv\/produkts\/bidamo-durvju-aizverejs-single-01\/#primaryimage\",\"url\":\"https:\/\/metaltale.com\/wp-content\/uploads\/2023\/09\/Savaime-ux17Esidaranti-max161ina-SINGLE-01.jpg\",\"contentUrl\":\"https:\/\/metaltale.com\/wp-content\/uploads\/2023\/09\/Savaime-ux17Esidaranti-max161ina-SINGLE-01.jpg\",\"width\":800,\"height\":800,\"caption\":\"Stumdom\u0173 dur\u0173 pritrauk\u0117jas SINGLE 01\"},{\"@type\":\"BreadcrumbList\",\"@id\":\"https:\/\/metaltale.com\/lv\/produkts\/bidamo-durvju-aizverejs-single-01\/#breadcrumb\",\"itemListElement\":[{\"@type\":\"ListItem\",\"position\":1,\"name\":\"Home\",\"item\":\"https:\/\/metaltale.com\/lv\/majas\/\"},{\"@type\":\"ListItem\",\"position\":2,\"name\":\"Veikals\",\"item\":\"https:\/\/metaltale.com\/lv\/shop\/\"},{\"@type\":\"ListItem\",\"position\":3,\"name\":\"B\u012bd\u0101mo durvju aizv\u0113r\u0113js SINGLE 01\"}]},{\"@type\":\"WebSite\",\"@id\":\"https:\/\/metaltale.com\/lv\/#website\",\"url\":\"https:\/\/metaltale.com\/lv\/\",\"name\":\"Metaltale.com\",\"description\":\"\",\"potentialAction\":[{\"@type\":\"SearchAction\",\"target\":{\"@type\":\"EntryPoint\",\"urlTemplate\":\"https:\/\/metaltale.com\/lv\/?s={search_term_string}\"},\"query-input\":{\"@type\":\"PropertyValueSpecification\",\"valueRequired\":true,\"valueName\":\"search_term_string\"}}],\"inLanguage\":\"lv-LV\"}]}<\/script>\n<!-- \/ Yoast SEO plugin. -->","yoast_head_json":{"title":"B\u012bd\u0101mo durvju aizv\u0113r\u0113js SINGLE 01 - MetalTale.com","robots":{"index":"index","follow":"follow","max-snippet":"max-snippet:-1","max-image-preview":"max-image-preview:large","max-video-preview":"max-video-preview:-1"},"canonical":"https:\/\/metaltale.com\/lv\/produkts\/bidamo-durvju-aizverejs-single-01\/","og_locale":"lv_LV","og_type":"article","og_title":"B\u012bd\u0101mo durvju aizv\u0113r\u0113js SINGLE 01 - MetalTale.com","og_description":"SAVE modelis. SCS. PR01 EAN. 5907772071489 Materi\u0101ls Polim\u0113rs Kr\u0101sa Melna Uzst\u0101d\u012b\u0161anas nor\u0101d\u012bjumi Lejupiel\u0101d\u0113t Autom\u0101tiskais b\u012bd\u0101mo durvju aizv\u0113r\u0113js.\u0161is durvju aizv\u0113r\u0113ja modelis","og_url":"https:\/\/metaltale.com\/lv\/produkts\/bidamo-durvju-aizverejs-single-01\/","og_site_name":"MetalTale.com","og_image":[{"width":800,"height":800,"url":"http:\/\/metaltale.com\/wp-content\/uploads\/2023\/09\/Savaime-ux17Esidaranti-max161ina-SINGLE-01.jpg","type":"image\/jpeg"}],"twitter_card":"summary_large_image","twitter_misc":{"Est. reading time":"1 minute"},"schema":{"@context":"https:\/\/schema.org","@graph":[{"@type":"WebPage","@id":"https:\/\/metaltale.com\/lv\/produkts\/bidamo-durvju-aizverejs-single-01\/","url":"https:\/\/metaltale.com\/lv\/produkts\/bidamo-durvju-aizverejs-single-01\/","name":"B\u012bd\u0101mo durvju aizv\u0113r\u0113js SINGLE 01 - MetalTale.com","isPartOf":{"@id":"https:\/\/metaltale.com\/lv\/#website"},"primaryImageOfPage":{"@id":"https:\/\/metaltale.com\/lv\/produkts\/bidamo-durvju-aizverejs-single-01\/#primaryimage"},"image":{"@id":"https:\/\/metaltale.com\/lv\/produkts\/bidamo-durvju-aizverejs-single-01\/#primaryimage"},"thumbnailUrl":"https:\/\/metaltale.com\/wp-content\/uploads\/2023\/09\/Savaime-ux17Esidaranti-max161ina-SINGLE-01.jpg","datePublished":"2024-02-13T11:19:42+00:00","breadcrumb":{"@id":"https:\/\/metaltale.com\/lv\/produkts\/bidamo-durvju-aizverejs-single-01\/#breadcrumb"},"inLanguage":"lv-LV","potentialAction":[{"@type":"ReadAction","target":["https:\/\/metaltale.com\/lv\/produkts\/bidamo-durvju-aizverejs-single-01\/"]}]},{"@type":"ImageObject","inLanguage":"lv-LV","@id":"https:\/\/metaltale.com\/lv\/produkts\/bidamo-durvju-aizverejs-single-01\/#primaryimage","url":"https:\/\/metaltale.com\/wp-content\/uploads\/2023\/09\/Savaime-ux17Esidaranti-max161ina-SINGLE-01.jpg","contentUrl":"https:\/\/metaltale.com\/wp-content\/uploads\/2023\/09\/Savaime-ux17Esidaranti-max161ina-SINGLE-01.jpg","width":800,"height":800,"caption":"Stumdom\u0173 dur\u0173 pritrauk\u0117jas SINGLE 01"},{"@type":"BreadcrumbList","@id":"https:\/\/metaltale.com\/lv\/produkts\/bidamo-durvju-aizverejs-single-01\/#breadcrumb","itemListElement":[{"@type":"ListItem","position":1,"name":"Home","item":"https:\/\/metaltale.com\/lv\/majas\/"},{"@type":"ListItem","position":2,"name":"Veikals","item":"https:\/\/metaltale.com\/lv\/shop\/"},{"@type":"ListItem","position":3,"name":"B\u012bd\u0101mo durvju aizv\u0113r\u0113js SINGLE 01"}]},{"@type":"WebSite","@id":"https:\/\/metaltale.com\/lv\/#website","url":"https:\/\/metaltale.com\/lv\/","name":"Metaltale.com","description":"","potentialAction":[{"@type":"SearchAction","target":{"@type":"EntryPoint","urlTemplate":"https:\/\/metaltale.com\/lv\/?s={search_term_string}"},"query-input":{"@type":"PropertyValueSpecification","valueRequired":true,"valueName":"search_term_string"}}],"inLanguage":"lv-LV"}]}},"_links":{"self":[{"href":"https:\/\/metaltale.com\/lv\/wp-json\/wp\/v2\/product\/134685","targetHints":{"allow":["GET"]}}],"collection":[{"href":"https:\/\/metaltale.com\/lv\/wp-json\/wp\/v2\/product"}],"about":[{"href":"https:\/\/metaltale.com\/lv\/wp-json\/wp\/v2\/types\/product"}],"replies":[{"embeddable":true,"href":"https:\/\/metaltale.com\/lv\/wp-json\/wp\/v2\/comments?post=134685"}],"version-history":[{"count":0,"href":"https:\/\/metaltale.com\/lv\/wp-json\/wp\/v2\/product\/134685\/revisions"}],"wp:featuredmedia":[{"embeddable":true,"href":"https:\/\/metaltale.com\/lv\/wp-json\/wp\/v2\/media\/65719"}],"wp:attachment":[{"href":"https:\/\/metaltale.com\/lv\/wp-json\/wp\/v2\/media?parent=134685"}],"wp:term":[{"taxonomy":"product_brand","embeddable":true,"href":"https:\/\/metaltale.com\/lv\/wp-json\/wp\/v2\/product_brand?post=134685"},{"taxonomy":"product_cat","embeddable":true,"href":"https:\/\/metaltale.com\/lv\/wp-json\/wp\/v2\/product_cat?post=134685"},{"taxonomy":"product_tag","embeddable":true,"href":"https:\/\/metaltale.com\/lv\/wp-json\/wp\/v2\/product_tag?post=134685"}],"curies":[{"name":"wp","href":"https:\/\/api.w.org\/{rel}","templated":true}]}}