{"id":134679,"date":"2024-02-13T13:19:42","date_gmt":"2024-02-13T11:19:42","guid":{"rendered":"https:\/\/metaltale.com\/produktas\/bidamo-durvju-aizverejs-double-03\/"},"modified":"2024-02-13T13:19:42","modified_gmt":"2024-02-13T11:19:42","slug":"bidamo-durvju-aizverejs-double-03","status":"publish","type":"product","link":"https:\/\/metaltale.com\/lv\/produkts\/bidamo-durvju-aizverejs-double-03\/","title":{"rendered":"B\u012bd\u0101mo durvju aizv\u0113r\u0113js DOUBLE 03"},"content":{"rendered":"<div class=\"prod_data\">\n<p>SAVE <strong>modelis<\/strong>. SCS. PR 03<br \/>\n<strong>EAN.<\/strong>  5907772071465<br \/>\n<strong>Materi\u0101ls<\/strong> Polim\u0113rs<br \/>\nKr\u0101sa Melna<br \/>\nUzst\u0101d\u012b\u0161anas nor\u0101d\u012bjumi Lejupiel\u0101d\u0113t<\/p>\n<p>&#8211; mont\u0101\u017ea uz sienas sliedes puses, neinvaz\u012bva &#8211; nav nepiecie\u0161ams urb\u0161ana.<br \/>\n&#8211; Komplekt\u0101 ietilpst: kreisais un labais retarders, 2 stie\u0146i uzst\u0101d\u012b\u0161anai uz durv\u012bm, 2 stiprin\u0101juma skr\u016bvju komplekti.<br \/>\n&#8211; vadotnes sliedes ir plakana josla.<br \/>\n&#8211; Maksim\u0101lais durvju v\u0113rtnes svars: 120 kg<br \/>\n&#8211; pied\u0101v\u0101tais modelis <strong>nav sader<\/strong> \u012bgs ar liel\u0101m rull\u012b\u0161u vadotn\u0113m (RITE\u0145\u0160 UZ PACKAGE, MAINSAIL, RITE\u0145\u0160).<\/p>\n<hr>\n<p>Pied\u0101v\u0101jum\u0101 ir iek\u013cauta autom\u0101tisk\u0101 dubult\u0101 pa\u0161aizv\u0113r\u0161an\u0101s ma\u0161\u012bna b\u012bd\u0101maj\u0101m durv\u012bm. Izmantojot tikai vienu piln\u012bgu sist\u0113mu, var rasties vair\u0101kas tehnisk\u0101s iesp\u0113jas:<\/p>\n<p>&#8211; pal\u0113nin\u0101\u0161anas un aizv\u0113r\u0161anas sist\u0113ma vienai durvju klipai aizv\u0113r\u0161anas poz\u012bcij\u0101 (izmantojot tikai vienu pal\u0113nin\u0101t\u0101ju).<br \/>\n&#8211; pal\u0113nin\u0101\u0161anas un aizv\u0113r\u0161anas sist\u0113ma viendurvju klip\u0161iem, kas darbojas abos virzienos: atv\u0113rtas un aizv\u0113rtas (izmantojot divus komplekt\u0101 iek\u013cautos pal\u0113nin\u0101t\u0101jus).<br \/>\n&#8211; bremz\u0113\u0161anas un aizv\u0113r\u0161anas sist\u0113ma dubultkontakta b\u012bd\u0101maj\u0101m durv\u012bm, kas paredz\u0113tas aizv\u0113r\u0161anai vai atv\u0113r\u0161anai,<br \/>\n&#8211; divviru durvju pal\u0113nin\u0101\u0161anas un aizv\u0113r\u0161anas sist\u0113ma aizv\u0113rt\u0101 st\u0101vokl\u012b<\/p>\n<hr>\n<\/div>\n","protected":false},"excerpt":{"rendered":"<p>SAVE modelis. SCS. PR 03 EAN. 5907772071465 Materi\u0101ls Polim\u0113rs Kr\u0101sa Melna Uzst\u0101d\u012b\u0161anas nor\u0101d\u012bjumi Lejupiel\u0101d\u0113t &#8211; mont\u0101\u017ea uz sienas sliedes puses,<\/p>\n","protected":false},"featured_media":65701,"comment_status":"open","ping_status":"closed","template":"","meta":{"_acf_changed":false,"pmpro_default_level":""},"product_brand":[],"product_cat":[24124,24059],"product_tag":[],"class_list":{"0":"post-134679","1":"product","2":"type-product","3":"status-publish","4":"has-post-thumbnail","6":"product_cat-bidamo-durvju-piederumi","7":"product_cat-bidamo-durvju-sistemas","8":"pmpro-has-access","10":"first","11":"instock","12":"shipping-taxable","13":"purchasable","14":"product-type-simple"},"acf":[],"yoast_head":"<!-- This site is optimized with the Yoast SEO plugin v24.9 - https:\/\/yoast.com\/wordpress\/plugins\/seo\/ -->\n<title>B\u012bd\u0101mo durvju aizv\u0113r\u0113js DOUBLE 03 - MetalTale.com<\/title>\n<meta name=\"robots\" content=\"index, follow, max-snippet:-1, max-image-preview:large, max-video-preview:-1\" \/>\n<link rel=\"canonical\" href=\"https:\/\/metaltale.com\/lv\/produkts\/bidamo-durvju-aizverejs-double-03\/\" \/>\n<meta property=\"og:locale\" content=\"lv_LV\" \/>\n<meta property=\"og:type\" content=\"article\" \/>\n<meta property=\"og:title\" content=\"B\u012bd\u0101mo durvju aizv\u0113r\u0113js DOUBLE 03 - MetalTale.com\" \/>\n<meta property=\"og:description\" content=\"SAVE modelis. SCS. PR 03 EAN. 5907772071465 Materi\u0101ls Polim\u0113rs Kr\u0101sa Melna Uzst\u0101d\u012b\u0161anas nor\u0101d\u012bjumi Lejupiel\u0101d\u0113t &#8211; mont\u0101\u017ea uz sienas sliedes puses,\" \/>\n<meta property=\"og:url\" content=\"https:\/\/metaltale.com\/lv\/produkts\/bidamo-durvju-aizverejs-double-03\/\" \/>\n<meta property=\"og:site_name\" content=\"MetalTale.com\" \/>\n<meta property=\"og:image\" content=\"http:\/\/metaltale.com\/wp-content\/uploads\/2023\/09\/Savaime-ux17Esidaranti-max161ina-DOUBLE-03.jpg\" \/>\n\t<meta property=\"og:image:width\" content=\"800\" \/>\n\t<meta property=\"og:image:height\" content=\"800\" \/>\n\t<meta property=\"og:image:type\" content=\"image\/jpeg\" \/>\n<meta name=\"twitter:card\" content=\"summary_large_image\" \/>\n<meta name=\"twitter:label1\" content=\"Est. reading time\" \/>\n\t<meta name=\"twitter:data1\" content=\"1 minute\" \/>\n<script type=\"application\/ld+json\" class=\"yoast-schema-graph\">{\"@context\":\"https:\/\/schema.org\",\"@graph\":[{\"@type\":\"WebPage\",\"@id\":\"https:\/\/metaltale.com\/lv\/produkts\/bidamo-durvju-aizverejs-double-03\/\",\"url\":\"https:\/\/metaltale.com\/lv\/produkts\/bidamo-durvju-aizverejs-double-03\/\",\"name\":\"B\u012bd\u0101mo durvju aizv\u0113r\u0113js DOUBLE 03 - MetalTale.com\",\"isPartOf\":{\"@id\":\"https:\/\/metaltale.com\/lv\/#website\"},\"primaryImageOfPage\":{\"@id\":\"https:\/\/metaltale.com\/lv\/produkts\/bidamo-durvju-aizverejs-double-03\/#primaryimage\"},\"image\":{\"@id\":\"https:\/\/metaltale.com\/lv\/produkts\/bidamo-durvju-aizverejs-double-03\/#primaryimage\"},\"thumbnailUrl\":\"https:\/\/metaltale.com\/wp-content\/uploads\/2023\/09\/Savaime-ux17Esidaranti-max161ina-DOUBLE-03.jpg\",\"datePublished\":\"2024-02-13T11:19:42+00:00\",\"breadcrumb\":{\"@id\":\"https:\/\/metaltale.com\/lv\/produkts\/bidamo-durvju-aizverejs-double-03\/#breadcrumb\"},\"inLanguage\":\"lv-LV\",\"potentialAction\":[{\"@type\":\"ReadAction\",\"target\":[\"https:\/\/metaltale.com\/lv\/produkts\/bidamo-durvju-aizverejs-double-03\/\"]}]},{\"@type\":\"ImageObject\",\"inLanguage\":\"lv-LV\",\"@id\":\"https:\/\/metaltale.com\/lv\/produkts\/bidamo-durvju-aizverejs-double-03\/#primaryimage\",\"url\":\"https:\/\/metaltale.com\/wp-content\/uploads\/2023\/09\/Savaime-ux17Esidaranti-max161ina-DOUBLE-03.jpg\",\"contentUrl\":\"https:\/\/metaltale.com\/wp-content\/uploads\/2023\/09\/Savaime-ux17Esidaranti-max161ina-DOUBLE-03.jpg\",\"width\":800,\"height\":800,\"caption\":\"Stumdom\u0173j\u0173 dur\u0173 pritrauk\u0117jas DOUBLE 03\"},{\"@type\":\"BreadcrumbList\",\"@id\":\"https:\/\/metaltale.com\/lv\/produkts\/bidamo-durvju-aizverejs-double-03\/#breadcrumb\",\"itemListElement\":[{\"@type\":\"ListItem\",\"position\":1,\"name\":\"Home\",\"item\":\"https:\/\/metaltale.com\/lv\/majas\/\"},{\"@type\":\"ListItem\",\"position\":2,\"name\":\"Veikals\",\"item\":\"https:\/\/metaltale.com\/lv\/shop\/\"},{\"@type\":\"ListItem\",\"position\":3,\"name\":\"B\u012bd\u0101mo durvju aizv\u0113r\u0113js DOUBLE 03\"}]},{\"@type\":\"WebSite\",\"@id\":\"https:\/\/metaltale.com\/lv\/#website\",\"url\":\"https:\/\/metaltale.com\/lv\/\",\"name\":\"Metaltale.com\",\"description\":\"\",\"potentialAction\":[{\"@type\":\"SearchAction\",\"target\":{\"@type\":\"EntryPoint\",\"urlTemplate\":\"https:\/\/metaltale.com\/lv\/?s={search_term_string}\"},\"query-input\":{\"@type\":\"PropertyValueSpecification\",\"valueRequired\":true,\"valueName\":\"search_term_string\"}}],\"inLanguage\":\"lv-LV\"}]}<\/script>\n<!-- \/ Yoast SEO plugin. -->","yoast_head_json":{"title":"B\u012bd\u0101mo durvju aizv\u0113r\u0113js DOUBLE 03 - MetalTale.com","robots":{"index":"index","follow":"follow","max-snippet":"max-snippet:-1","max-image-preview":"max-image-preview:large","max-video-preview":"max-video-preview:-1"},"canonical":"https:\/\/metaltale.com\/lv\/produkts\/bidamo-durvju-aizverejs-double-03\/","og_locale":"lv_LV","og_type":"article","og_title":"B\u012bd\u0101mo durvju aizv\u0113r\u0113js DOUBLE 03 - MetalTale.com","og_description":"SAVE modelis. SCS. PR 03 EAN. 5907772071465 Materi\u0101ls Polim\u0113rs Kr\u0101sa Melna Uzst\u0101d\u012b\u0161anas nor\u0101d\u012bjumi Lejupiel\u0101d\u0113t &#8211; mont\u0101\u017ea uz sienas sliedes puses,","og_url":"https:\/\/metaltale.com\/lv\/produkts\/bidamo-durvju-aizverejs-double-03\/","og_site_name":"MetalTale.com","og_image":[{"width":800,"height":800,"url":"http:\/\/metaltale.com\/wp-content\/uploads\/2023\/09\/Savaime-ux17Esidaranti-max161ina-DOUBLE-03.jpg","type":"image\/jpeg"}],"twitter_card":"summary_large_image","twitter_misc":{"Est. reading time":"1 minute"},"schema":{"@context":"https:\/\/schema.org","@graph":[{"@type":"WebPage","@id":"https:\/\/metaltale.com\/lv\/produkts\/bidamo-durvju-aizverejs-double-03\/","url":"https:\/\/metaltale.com\/lv\/produkts\/bidamo-durvju-aizverejs-double-03\/","name":"B\u012bd\u0101mo durvju aizv\u0113r\u0113js DOUBLE 03 - MetalTale.com","isPartOf":{"@id":"https:\/\/metaltale.com\/lv\/#website"},"primaryImageOfPage":{"@id":"https:\/\/metaltale.com\/lv\/produkts\/bidamo-durvju-aizverejs-double-03\/#primaryimage"},"image":{"@id":"https:\/\/metaltale.com\/lv\/produkts\/bidamo-durvju-aizverejs-double-03\/#primaryimage"},"thumbnailUrl":"https:\/\/metaltale.com\/wp-content\/uploads\/2023\/09\/Savaime-ux17Esidaranti-max161ina-DOUBLE-03.jpg","datePublished":"2024-02-13T11:19:42+00:00","breadcrumb":{"@id":"https:\/\/metaltale.com\/lv\/produkts\/bidamo-durvju-aizverejs-double-03\/#breadcrumb"},"inLanguage":"lv-LV","potentialAction":[{"@type":"ReadAction","target":["https:\/\/metaltale.com\/lv\/produkts\/bidamo-durvju-aizverejs-double-03\/"]}]},{"@type":"ImageObject","inLanguage":"lv-LV","@id":"https:\/\/metaltale.com\/lv\/produkts\/bidamo-durvju-aizverejs-double-03\/#primaryimage","url":"https:\/\/metaltale.com\/wp-content\/uploads\/2023\/09\/Savaime-ux17Esidaranti-max161ina-DOUBLE-03.jpg","contentUrl":"https:\/\/metaltale.com\/wp-content\/uploads\/2023\/09\/Savaime-ux17Esidaranti-max161ina-DOUBLE-03.jpg","width":800,"height":800,"caption":"Stumdom\u0173j\u0173 dur\u0173 pritrauk\u0117jas DOUBLE 03"},{"@type":"BreadcrumbList","@id":"https:\/\/metaltale.com\/lv\/produkts\/bidamo-durvju-aizverejs-double-03\/#breadcrumb","itemListElement":[{"@type":"ListItem","position":1,"name":"Home","item":"https:\/\/metaltale.com\/lv\/majas\/"},{"@type":"ListItem","position":2,"name":"Veikals","item":"https:\/\/metaltale.com\/lv\/shop\/"},{"@type":"ListItem","position":3,"name":"B\u012bd\u0101mo durvju aizv\u0113r\u0113js DOUBLE 03"}]},{"@type":"WebSite","@id":"https:\/\/metaltale.com\/lv\/#website","url":"https:\/\/metaltale.com\/lv\/","name":"Metaltale.com","description":"","potentialAction":[{"@type":"SearchAction","target":{"@type":"EntryPoint","urlTemplate":"https:\/\/metaltale.com\/lv\/?s={search_term_string}"},"query-input":{"@type":"PropertyValueSpecification","valueRequired":true,"valueName":"search_term_string"}}],"inLanguage":"lv-LV"}]}},"_links":{"self":[{"href":"https:\/\/metaltale.com\/lv\/wp-json\/wp\/v2\/product\/134679","targetHints":{"allow":["GET"]}}],"collection":[{"href":"https:\/\/metaltale.com\/lv\/wp-json\/wp\/v2\/product"}],"about":[{"href":"https:\/\/metaltale.com\/lv\/wp-json\/wp\/v2\/types\/product"}],"replies":[{"embeddable":true,"href":"https:\/\/metaltale.com\/lv\/wp-json\/wp\/v2\/comments?post=134679"}],"version-history":[{"count":0,"href":"https:\/\/metaltale.com\/lv\/wp-json\/wp\/v2\/product\/134679\/revisions"}],"wp:featuredmedia":[{"embeddable":true,"href":"https:\/\/metaltale.com\/lv\/wp-json\/wp\/v2\/media\/65701"}],"wp:attachment":[{"href":"https:\/\/metaltale.com\/lv\/wp-json\/wp\/v2\/media?parent=134679"}],"wp:term":[{"taxonomy":"product_brand","embeddable":true,"href":"https:\/\/metaltale.com\/lv\/wp-json\/wp\/v2\/product_brand?post=134679"},{"taxonomy":"product_cat","embeddable":true,"href":"https:\/\/metaltale.com\/lv\/wp-json\/wp\/v2\/product_cat?post=134679"},{"taxonomy":"product_tag","embeddable":true,"href":"https:\/\/metaltale.com\/lv\/wp-json\/wp\/v2\/product_tag?post=134679"}],"curies":[{"name":"wp","href":"https:\/\/api.w.org\/{rel}","templated":true}]}}