{"id":134666,"date":"2024-02-13T13:19:42","date_gmt":"2024-02-13T11:19:42","guid":{"rendered":"https:\/\/metaltale.com\/produktas\/bidamo-durvju-apakseja-vadotne-a-011-terauds-plastmasa\/"},"modified":"2024-02-13T13:19:42","modified_gmt":"2024-02-13T11:19:42","slug":"bidamo-durvju-apakseja-vadotne-a-011-terauds-plastmasa","status":"publish","type":"product","link":"https:\/\/metaltale.com\/lv\/produkts\/bidamo-durvju-apakseja-vadotne-a-011-terauds-plastmasa\/","title":{"rendered":"B\u012bd\u0101mo durvju apak\u0161\u0113j\u0101 vadotne A-011 t\u0113rauds\/plastmasa"},"content":{"rendered":"<div class=\"prod_data\">\n<p>SAVE <strong>modelis<\/strong>. FG.011.MTK<br \/>\n<strong>EAN.<\/strong>  5907772071441<br \/>\n<strong>Materi\u0101ls<\/strong> T\u0113rauds<br \/>\n<strong>Kop\u0113jais augstums (cm<\/strong> ) 6,5<br \/>\n<strong>Kop\u0113jais platums (cm<\/strong> ) 5<br \/>\nDzi\u013cums (cm ) 12<br \/>\n<strong>Kop\u0113jais diametrs (cm<\/strong> ) 5<br \/>\nKr\u0101sa Melna<\/p>\n<p>&#8211; regul\u0113jama rull\u012b\u0161u sienu vadotne<br \/>\n&#8211; rull\u012btis uz gult\u0146a<br \/>\n&#8211; izstr\u0101d\u0101jumu uz pie sienas piestiprin\u0101tas str\u0113les.<br \/>\n&#8211; \u0137\u0113de stabiliz\u0113 b\u012bd\u0101m\u0101s durvis priek\u0161\u0113j\u0101 plakn\u0113, garant\u0113jot dro\u0161u lieto\u0161anu.<br \/>\n&#8211; izstr\u0101d\u0101jums, pateicoties rull\u012btim, garant\u0113, ka durvju apak\u0161\u0113j\u0101 da\u013c\u0101 nav nek\u0101du sl\u012bd\u0113\u0161anas paz\u012bmju.<br \/>\n&#8211; izgatavots no augstas kvalit\u0101tes t\u0113rauda materi\u0101la ilgam kalpo\u0161anas laikam.<br \/>\n&#8211; vadotni var izmantot durv\u012bm ar vai bez apak\u0161\u0113j\u0101 griez\u0113ja.<br \/>\n&#8211; produktam ir vienk\u0101r\u0161a un intuit\u012bva mont\u0101\u017ea<br \/>\n&#8211; mont\u0101\u017ea pie sienas<br \/>\n&#8211; var izmantot jebkura veida b\u012bd\u0101maj\u0101m durv\u012bm, kas izgatavotas no dab\u012bg\u0101 koka, pl\u0101tnes vai t\u0113rauda.<br \/>\n&#8211; durvju biezums l\u012bdz 55 mm<\/p>\n<hr>\n<p>Mas\u012bv\u0101, klus\u0101 un praktisk\u0101 apak\u0161\u0113j\u0101 \u0137\u0113de garant\u0113 piln\u012bgu komfortu. Pateicoties konstrukcijai, tas ir \u013coti univers\u0101ls un piem\u0113rots durv\u012bm ar biezumu l\u012bdz 55 mm. Tas ir ide\u0101li piem\u0113rots durv\u012bm pla\u0161\u0101s r\u016bpniec\u012bbas telp\u0101s. Tas ir piem\u0113rots ar\u012b b\u0113ni\u0146u, lauku un modernajiem interjeriem.<\/p>\n<p>&nbsp;<\/p>\n<\/div>\n","protected":false},"excerpt":{"rendered":"<p>SAVE modelis. FG.011.MTK EAN. 5907772071441 Materi\u0101ls T\u0113rauds Kop\u0113jais augstums (cm ) 6,5 Kop\u0113jais platums (cm ) 5 Dzi\u013cums (cm )<\/p>\n","protected":false},"featured_media":65521,"comment_status":"open","ping_status":"closed","template":"","meta":{"_acf_changed":false,"pmpro_default_level":""},"product_brand":[],"product_cat":[24059],"product_tag":[],"class_list":{"0":"post-134666","1":"product","2":"type-product","3":"status-publish","4":"has-post-thumbnail","6":"product_cat-bidamo-durvju-sistemas","7":"pmpro-has-access","9":"first","10":"instock","11":"shipping-taxable","12":"purchasable","13":"product-type-simple"},"acf":[],"yoast_head":"<!-- This site is optimized with the Yoast SEO plugin v24.9 - https:\/\/yoast.com\/wordpress\/plugins\/seo\/ -->\n<title>B\u012bd\u0101mo durvju apak\u0161\u0113j\u0101 vadotne A-011 t\u0113rauds\/plastmasa - MetalTale.com<\/title>\n<meta name=\"robots\" content=\"index, follow, max-snippet:-1, max-image-preview:large, max-video-preview:-1\" \/>\n<link rel=\"canonical\" href=\"https:\/\/metaltale.com\/lv\/produkts\/bidamo-durvju-apakseja-vadotne-a-011-terauds-plastmasa\/\" \/>\n<meta property=\"og:locale\" content=\"lv_LV\" \/>\n<meta property=\"og:type\" content=\"article\" \/>\n<meta property=\"og:title\" content=\"B\u012bd\u0101mo durvju apak\u0161\u0113j\u0101 vadotne A-011 t\u0113rauds\/plastmasa - MetalTale.com\" \/>\n<meta property=\"og:description\" content=\"SAVE modelis. FG.011.MTK EAN. 5907772071441 Materi\u0101ls T\u0113rauds Kop\u0113jais augstums (cm ) 6,5 Kop\u0113jais platums (cm ) 5 Dzi\u013cums (cm )\" \/>\n<meta property=\"og:url\" content=\"https:\/\/metaltale.com\/lv\/produkts\/bidamo-durvju-apakseja-vadotne-a-011-terauds-plastmasa\/\" \/>\n<meta property=\"og:site_name\" content=\"MetalTale.com\" \/>\n<meta property=\"og:image\" content=\"http:\/\/metaltale.com\/wp-content\/uploads\/2023\/09\/Prowadnik-A-011.jpg\" \/>\n\t<meta property=\"og:image:width\" content=\"800\" \/>\n\t<meta property=\"og:image:height\" content=\"800\" \/>\n\t<meta property=\"og:image:type\" content=\"image\/jpeg\" \/>\n<meta name=\"twitter:card\" content=\"summary_large_image\" \/>\n<meta name=\"twitter:label1\" content=\"Est. reading time\" \/>\n\t<meta name=\"twitter:data1\" content=\"1 minute\" \/>\n<script type=\"application\/ld+json\" class=\"yoast-schema-graph\">{\"@context\":\"https:\/\/schema.org\",\"@graph\":[{\"@type\":\"WebPage\",\"@id\":\"https:\/\/metaltale.com\/lv\/produkts\/bidamo-durvju-apakseja-vadotne-a-011-terauds-plastmasa\/\",\"url\":\"https:\/\/metaltale.com\/lv\/produkts\/bidamo-durvju-apakseja-vadotne-a-011-terauds-plastmasa\/\",\"name\":\"B\u012bd\u0101mo durvju apak\u0161\u0113j\u0101 vadotne A-011 t\u0113rauds\/plastmasa - MetalTale.com\",\"isPartOf\":{\"@id\":\"https:\/\/metaltale.com\/lv\/#website\"},\"primaryImageOfPage\":{\"@id\":\"https:\/\/metaltale.com\/lv\/produkts\/bidamo-durvju-apakseja-vadotne-a-011-terauds-plastmasa\/#primaryimage\"},\"image\":{\"@id\":\"https:\/\/metaltale.com\/lv\/produkts\/bidamo-durvju-apakseja-vadotne-a-011-terauds-plastmasa\/#primaryimage\"},\"thumbnailUrl\":\"https:\/\/metaltale.com\/wp-content\/uploads\/2023\/09\/Prowadnik-A-011.jpg\",\"datePublished\":\"2024-02-13T11:19:42+00:00\",\"breadcrumb\":{\"@id\":\"https:\/\/metaltale.com\/lv\/produkts\/bidamo-durvju-apakseja-vadotne-a-011-terauds-plastmasa\/#breadcrumb\"},\"inLanguage\":\"lv-LV\",\"potentialAction\":[{\"@type\":\"ReadAction\",\"target\":[\"https:\/\/metaltale.com\/lv\/produkts\/bidamo-durvju-apakseja-vadotne-a-011-terauds-plastmasa\/\"]}]},{\"@type\":\"ImageObject\",\"inLanguage\":\"lv-LV\",\"@id\":\"https:\/\/metaltale.com\/lv\/produkts\/bidamo-durvju-apakseja-vadotne-a-011-terauds-plastmasa\/#primaryimage\",\"url\":\"https:\/\/metaltale.com\/wp-content\/uploads\/2023\/09\/Prowadnik-A-011.jpg\",\"contentUrl\":\"https:\/\/metaltale.com\/wp-content\/uploads\/2023\/09\/Prowadnik-A-011.jpg\",\"width\":800,\"height\":800,\"caption\":\"B\u012bd\u0101mo durvju apak\u0161\u0113j\u0101 vadotne A-011 t\u0113rauds\/plastmasa\"},{\"@type\":\"BreadcrumbList\",\"@id\":\"https:\/\/metaltale.com\/lv\/produkts\/bidamo-durvju-apakseja-vadotne-a-011-terauds-plastmasa\/#breadcrumb\",\"itemListElement\":[{\"@type\":\"ListItem\",\"position\":1,\"name\":\"Home\",\"item\":\"https:\/\/metaltale.com\/lv\/majas\/\"},{\"@type\":\"ListItem\",\"position\":2,\"name\":\"Veikals\",\"item\":\"https:\/\/metaltale.com\/lv\/shop\/\"},{\"@type\":\"ListItem\",\"position\":3,\"name\":\"B\u012bd\u0101mo durvju apak\u0161\u0113j\u0101 vadotne A-011 t\u0113rauds\/plastmasa\"}]},{\"@type\":\"WebSite\",\"@id\":\"https:\/\/metaltale.com\/lv\/#website\",\"url\":\"https:\/\/metaltale.com\/lv\/\",\"name\":\"Metaltale.com\",\"description\":\"\",\"potentialAction\":[{\"@type\":\"SearchAction\",\"target\":{\"@type\":\"EntryPoint\",\"urlTemplate\":\"https:\/\/metaltale.com\/lv\/?s={search_term_string}\"},\"query-input\":{\"@type\":\"PropertyValueSpecification\",\"valueRequired\":true,\"valueName\":\"search_term_string\"}}],\"inLanguage\":\"lv-LV\"}]}<\/script>\n<!-- \/ Yoast SEO plugin. -->","yoast_head_json":{"title":"B\u012bd\u0101mo durvju apak\u0161\u0113j\u0101 vadotne A-011 t\u0113rauds\/plastmasa - MetalTale.com","robots":{"index":"index","follow":"follow","max-snippet":"max-snippet:-1","max-image-preview":"max-image-preview:large","max-video-preview":"max-video-preview:-1"},"canonical":"https:\/\/metaltale.com\/lv\/produkts\/bidamo-durvju-apakseja-vadotne-a-011-terauds-plastmasa\/","og_locale":"lv_LV","og_type":"article","og_title":"B\u012bd\u0101mo durvju apak\u0161\u0113j\u0101 vadotne A-011 t\u0113rauds\/plastmasa - MetalTale.com","og_description":"SAVE modelis. FG.011.MTK EAN. 5907772071441 Materi\u0101ls T\u0113rauds Kop\u0113jais augstums (cm ) 6,5 Kop\u0113jais platums (cm ) 5 Dzi\u013cums (cm )","og_url":"https:\/\/metaltale.com\/lv\/produkts\/bidamo-durvju-apakseja-vadotne-a-011-terauds-plastmasa\/","og_site_name":"MetalTale.com","og_image":[{"width":800,"height":800,"url":"http:\/\/metaltale.com\/wp-content\/uploads\/2023\/09\/Prowadnik-A-011.jpg","type":"image\/jpeg"}],"twitter_card":"summary_large_image","twitter_misc":{"Est. reading time":"1 minute"},"schema":{"@context":"https:\/\/schema.org","@graph":[{"@type":"WebPage","@id":"https:\/\/metaltale.com\/lv\/produkts\/bidamo-durvju-apakseja-vadotne-a-011-terauds-plastmasa\/","url":"https:\/\/metaltale.com\/lv\/produkts\/bidamo-durvju-apakseja-vadotne-a-011-terauds-plastmasa\/","name":"B\u012bd\u0101mo durvju apak\u0161\u0113j\u0101 vadotne A-011 t\u0113rauds\/plastmasa - MetalTale.com","isPartOf":{"@id":"https:\/\/metaltale.com\/lv\/#website"},"primaryImageOfPage":{"@id":"https:\/\/metaltale.com\/lv\/produkts\/bidamo-durvju-apakseja-vadotne-a-011-terauds-plastmasa\/#primaryimage"},"image":{"@id":"https:\/\/metaltale.com\/lv\/produkts\/bidamo-durvju-apakseja-vadotne-a-011-terauds-plastmasa\/#primaryimage"},"thumbnailUrl":"https:\/\/metaltale.com\/wp-content\/uploads\/2023\/09\/Prowadnik-A-011.jpg","datePublished":"2024-02-13T11:19:42+00:00","breadcrumb":{"@id":"https:\/\/metaltale.com\/lv\/produkts\/bidamo-durvju-apakseja-vadotne-a-011-terauds-plastmasa\/#breadcrumb"},"inLanguage":"lv-LV","potentialAction":[{"@type":"ReadAction","target":["https:\/\/metaltale.com\/lv\/produkts\/bidamo-durvju-apakseja-vadotne-a-011-terauds-plastmasa\/"]}]},{"@type":"ImageObject","inLanguage":"lv-LV","@id":"https:\/\/metaltale.com\/lv\/produkts\/bidamo-durvju-apakseja-vadotne-a-011-terauds-plastmasa\/#primaryimage","url":"https:\/\/metaltale.com\/wp-content\/uploads\/2023\/09\/Prowadnik-A-011.jpg","contentUrl":"https:\/\/metaltale.com\/wp-content\/uploads\/2023\/09\/Prowadnik-A-011.jpg","width":800,"height":800,"caption":"B\u012bd\u0101mo durvju apak\u0161\u0113j\u0101 vadotne A-011 t\u0113rauds\/plastmasa"},{"@type":"BreadcrumbList","@id":"https:\/\/metaltale.com\/lv\/produkts\/bidamo-durvju-apakseja-vadotne-a-011-terauds-plastmasa\/#breadcrumb","itemListElement":[{"@type":"ListItem","position":1,"name":"Home","item":"https:\/\/metaltale.com\/lv\/majas\/"},{"@type":"ListItem","position":2,"name":"Veikals","item":"https:\/\/metaltale.com\/lv\/shop\/"},{"@type":"ListItem","position":3,"name":"B\u012bd\u0101mo durvju apak\u0161\u0113j\u0101 vadotne A-011 t\u0113rauds\/plastmasa"}]},{"@type":"WebSite","@id":"https:\/\/metaltale.com\/lv\/#website","url":"https:\/\/metaltale.com\/lv\/","name":"Metaltale.com","description":"","potentialAction":[{"@type":"SearchAction","target":{"@type":"EntryPoint","urlTemplate":"https:\/\/metaltale.com\/lv\/?s={search_term_string}"},"query-input":{"@type":"PropertyValueSpecification","valueRequired":true,"valueName":"search_term_string"}}],"inLanguage":"lv-LV"}]}},"_links":{"self":[{"href":"https:\/\/metaltale.com\/lv\/wp-json\/wp\/v2\/product\/134666","targetHints":{"allow":["GET"]}}],"collection":[{"href":"https:\/\/metaltale.com\/lv\/wp-json\/wp\/v2\/product"}],"about":[{"href":"https:\/\/metaltale.com\/lv\/wp-json\/wp\/v2\/types\/product"}],"replies":[{"embeddable":true,"href":"https:\/\/metaltale.com\/lv\/wp-json\/wp\/v2\/comments?post=134666"}],"version-history":[{"count":0,"href":"https:\/\/metaltale.com\/lv\/wp-json\/wp\/v2\/product\/134666\/revisions"}],"wp:featuredmedia":[{"embeddable":true,"href":"https:\/\/metaltale.com\/lv\/wp-json\/wp\/v2\/media\/65521"}],"wp:attachment":[{"href":"https:\/\/metaltale.com\/lv\/wp-json\/wp\/v2\/media?parent=134666"}],"wp:term":[{"taxonomy":"product_brand","embeddable":true,"href":"https:\/\/metaltale.com\/lv\/wp-json\/wp\/v2\/product_brand?post=134666"},{"taxonomy":"product_cat","embeddable":true,"href":"https:\/\/metaltale.com\/lv\/wp-json\/wp\/v2\/product_cat?post=134666"},{"taxonomy":"product_tag","embeddable":true,"href":"https:\/\/metaltale.com\/lv\/wp-json\/wp\/v2\/product_tag?post=134666"}],"curies":[{"name":"wp","href":"https:\/\/api.w.org\/{rel}","templated":true}]}}