{"id":134659,"date":"2024-02-13T13:19:42","date_gmt":"2024-02-13T11:19:42","guid":{"rendered":"https:\/\/metaltale.com\/produktas\/bidamo-durvju-apakseja-sliede-b-002-grp\/"},"modified":"2024-02-13T13:19:42","modified_gmt":"2024-02-13T11:19:42","slug":"bidamo-durvju-apakseja-sliede-b-002-grp","status":"publish","type":"product","link":"https:\/\/metaltale.com\/lv\/produkts\/bidamo-durvju-apakseja-sliede-b-002-grp\/","title":{"rendered":"B\u012bd\u0101mo durvju apak\u0161\u0113j\u0101 sliede B-002 GRP"},"content":{"rendered":"<div class=\"prod_data\">SAVE <strong>modelis<\/strong>. FG-002. NGB  <br \/><strong>EAN.<\/strong>  5905369906381  <br \/><strong>Materi\u0101ls<\/strong> Polim\u0113rs  <br \/><strong>Kr\u0101sa<\/strong> Melna  <br \/><strong>Daudzums komplekt\u0101<\/strong> 1 gab.  <\/p>\n<p>&#8211; &#8220;T&#8221; tipa gr\u012bdas vadotne apgrieztas T veida stie\u0146a form\u0101<br \/>&#8211; izstr\u0101d\u0101jums stabiliz\u0113 b\u012bd\u0101m\u0101s durvis front\u0101laj\u0101 plakn\u0113, garant\u0113jot dro\u0161u lieto\u0161anu.<br \/>&#8211; paredz\u0113ti uzst\u0101d\u012b\u0161anai tie\u0161i zem durv\u012bm, paliekot lietot\u0101jiem neredzami.<br \/>&#8211; izgatavots no augstas kvalit\u0101tes plastmasas, kas nodro\u0161ina ilgu kalpo\u0161anas laiku.<br \/>&#8211; rokasgr\u0101mata durv\u012bm ar apak\u0161\u0113jo griez\u0113ju<br \/>&#8211; tiek pied\u0101v\u0101ta \u0137\u0113de ar fiks\u0101cijas tap\u0101m<br \/>&#8211; produktam ir vienk\u0101r\u0161a un intuit\u012bva mont\u0101\u017ea<br \/>&#8211; iesp\u0113ja regul\u0113t \u0137\u0113des att\u0101lumu no sienas (noteikt\u0101 diapazon\u0101) ar\u012b p\u0113c t\u0101s nostiprin\u0101\u0161anas.<br \/>&#8211; var izmantot jebkura veida b\u012bd\u0101maj\u0101m durv\u012bm: koka vai pane\u013cu.<\/p>\n<hr>\n<p>\u013boti vienk\u0101r\u0161a, bet \u013coti praktiska apak\u0161\u0113j\u0101 \u0137\u0113de. T\u0101 mazais izm\u0113rs padara to gandr\u012bz neman\u0101mu lieto\u0161anas laik\u0101. To var izmantot visu veidu durv\u012bm, gan b\u0113ni\u0146u durv\u012bm, gan modern\u0101m durv\u012bm ar apak\u0161\u0113jo fr\u0113zi.<\/p>\n<p><\/p>\n<\/p>\n<\/div>\n","protected":false},"excerpt":{"rendered":"<p>SAVE modelis. FG-002. NGB EAN. 5905369906381 Materi\u0101ls Polim\u0113rs Kr\u0101sa Melna Daudzums komplekt\u0101 1 gab. &#8211; &#8220;T&#8221; tipa gr\u012bdas vadotne apgrieztas<\/p>\n","protected":false},"featured_media":65557,"comment_status":"open","ping_status":"closed","template":"","meta":{"_acf_changed":false,"pmpro_default_level":""},"product_brand":[],"product_cat":[24059],"product_tag":[],"class_list":{"0":"post-134659","1":"product","2":"type-product","3":"status-publish","4":"has-post-thumbnail","6":"product_cat-bidamo-durvju-sistemas","7":"pmpro-has-access","9":"first","10":"instock","11":"shipping-taxable","12":"purchasable","13":"product-type-simple"},"acf":[],"yoast_head":"<!-- This site is optimized with the Yoast SEO plugin v24.9 - https:\/\/yoast.com\/wordpress\/plugins\/seo\/ -->\n<title>B\u012bd\u0101mo durvju apak\u0161\u0113j\u0101 sliede B-002 GRP - MetalTale.com<\/title>\n<meta name=\"robots\" content=\"index, follow, max-snippet:-1, max-image-preview:large, max-video-preview:-1\" \/>\n<link rel=\"canonical\" href=\"https:\/\/metaltale.com\/lv\/produkts\/bidamo-durvju-apakseja-sliede-b-002-grp\/\" \/>\n<meta property=\"og:locale\" content=\"lv_LV\" \/>\n<meta property=\"og:type\" content=\"article\" \/>\n<meta property=\"og:title\" content=\"B\u012bd\u0101mo durvju apak\u0161\u0113j\u0101 sliede B-002 GRP - MetalTale.com\" \/>\n<meta property=\"og:description\" content=\"SAVE modelis. FG-002. NGB EAN. 5905369906381 Materi\u0101ls Polim\u0113rs Kr\u0101sa Melna Daudzums komplekt\u0101 1 gab. &#8211; &#8220;T&#8221; tipa gr\u012bdas vadotne apgrieztas\" \/>\n<meta property=\"og:url\" content=\"https:\/\/metaltale.com\/lv\/produkts\/bidamo-durvju-apakseja-sliede-b-002-grp\/\" \/>\n<meta property=\"og:site_name\" content=\"MetalTale.com\" \/>\n<meta property=\"og:image\" content=\"http:\/\/metaltale.com\/wp-content\/uploads\/2023\/09\/Prowadnik-A-002.jpg\" \/>\n\t<meta property=\"og:image:width\" content=\"800\" \/>\n\t<meta property=\"og:image:height\" content=\"800\" \/>\n\t<meta property=\"og:image:type\" content=\"image\/jpeg\" \/>\n<meta name=\"twitter:card\" content=\"summary_large_image\" \/>\n<meta name=\"twitter:label1\" content=\"Est. reading time\" \/>\n\t<meta name=\"twitter:data1\" content=\"1 minute\" \/>\n<script type=\"application\/ld+json\" class=\"yoast-schema-graph\">{\"@context\":\"https:\/\/schema.org\",\"@graph\":[{\"@type\":\"WebPage\",\"@id\":\"https:\/\/metaltale.com\/lv\/produkts\/bidamo-durvju-apakseja-sliede-b-002-grp\/\",\"url\":\"https:\/\/metaltale.com\/lv\/produkts\/bidamo-durvju-apakseja-sliede-b-002-grp\/\",\"name\":\"B\u012bd\u0101mo durvju apak\u0161\u0113j\u0101 sliede B-002 GRP - MetalTale.com\",\"isPartOf\":{\"@id\":\"https:\/\/metaltale.com\/lv\/#website\"},\"primaryImageOfPage\":{\"@id\":\"https:\/\/metaltale.com\/lv\/produkts\/bidamo-durvju-apakseja-sliede-b-002-grp\/#primaryimage\"},\"image\":{\"@id\":\"https:\/\/metaltale.com\/lv\/produkts\/bidamo-durvju-apakseja-sliede-b-002-grp\/#primaryimage\"},\"thumbnailUrl\":\"https:\/\/metaltale.com\/wp-content\/uploads\/2023\/09\/Prowadnik-A-002.jpg\",\"datePublished\":\"2024-02-13T11:19:42+00:00\",\"breadcrumb\":{\"@id\":\"https:\/\/metaltale.com\/lv\/produkts\/bidamo-durvju-apakseja-sliede-b-002-grp\/#breadcrumb\"},\"inLanguage\":\"lv-LV\",\"potentialAction\":[{\"@type\":\"ReadAction\",\"target\":[\"https:\/\/metaltale.com\/lv\/produkts\/bidamo-durvju-apakseja-sliede-b-002-grp\/\"]}]},{\"@type\":\"ImageObject\",\"inLanguage\":\"lv-LV\",\"@id\":\"https:\/\/metaltale.com\/lv\/produkts\/bidamo-durvju-apakseja-sliede-b-002-grp\/#primaryimage\",\"url\":\"https:\/\/metaltale.com\/wp-content\/uploads\/2023\/09\/Prowadnik-A-002.jpg\",\"contentUrl\":\"https:\/\/metaltale.com\/wp-content\/uploads\/2023\/09\/Prowadnik-A-002.jpg\",\"width\":800,\"height\":800},{\"@type\":\"BreadcrumbList\",\"@id\":\"https:\/\/metaltale.com\/lv\/produkts\/bidamo-durvju-apakseja-sliede-b-002-grp\/#breadcrumb\",\"itemListElement\":[{\"@type\":\"ListItem\",\"position\":1,\"name\":\"Home\",\"item\":\"https:\/\/metaltale.com\/lv\/majas\/\"},{\"@type\":\"ListItem\",\"position\":2,\"name\":\"Veikals\",\"item\":\"https:\/\/metaltale.com\/lv\/shop\/\"},{\"@type\":\"ListItem\",\"position\":3,\"name\":\"B\u012bd\u0101mo durvju apak\u0161\u0113j\u0101 sliede B-002 GRP\"}]},{\"@type\":\"WebSite\",\"@id\":\"https:\/\/metaltale.com\/lv\/#website\",\"url\":\"https:\/\/metaltale.com\/lv\/\",\"name\":\"Metaltale.com\",\"description\":\"\",\"potentialAction\":[{\"@type\":\"SearchAction\",\"target\":{\"@type\":\"EntryPoint\",\"urlTemplate\":\"https:\/\/metaltale.com\/lv\/?s={search_term_string}\"},\"query-input\":{\"@type\":\"PropertyValueSpecification\",\"valueRequired\":true,\"valueName\":\"search_term_string\"}}],\"inLanguage\":\"lv-LV\"}]}<\/script>\n<!-- \/ Yoast SEO plugin. -->","yoast_head_json":{"title":"B\u012bd\u0101mo durvju apak\u0161\u0113j\u0101 sliede B-002 GRP - MetalTale.com","robots":{"index":"index","follow":"follow","max-snippet":"max-snippet:-1","max-image-preview":"max-image-preview:large","max-video-preview":"max-video-preview:-1"},"canonical":"https:\/\/metaltale.com\/lv\/produkts\/bidamo-durvju-apakseja-sliede-b-002-grp\/","og_locale":"lv_LV","og_type":"article","og_title":"B\u012bd\u0101mo durvju apak\u0161\u0113j\u0101 sliede B-002 GRP - MetalTale.com","og_description":"SAVE modelis. FG-002. NGB EAN. 5905369906381 Materi\u0101ls Polim\u0113rs Kr\u0101sa Melna Daudzums komplekt\u0101 1 gab. &#8211; &#8220;T&#8221; tipa gr\u012bdas vadotne apgrieztas","og_url":"https:\/\/metaltale.com\/lv\/produkts\/bidamo-durvju-apakseja-sliede-b-002-grp\/","og_site_name":"MetalTale.com","og_image":[{"width":800,"height":800,"url":"http:\/\/metaltale.com\/wp-content\/uploads\/2023\/09\/Prowadnik-A-002.jpg","type":"image\/jpeg"}],"twitter_card":"summary_large_image","twitter_misc":{"Est. reading time":"1 minute"},"schema":{"@context":"https:\/\/schema.org","@graph":[{"@type":"WebPage","@id":"https:\/\/metaltale.com\/lv\/produkts\/bidamo-durvju-apakseja-sliede-b-002-grp\/","url":"https:\/\/metaltale.com\/lv\/produkts\/bidamo-durvju-apakseja-sliede-b-002-grp\/","name":"B\u012bd\u0101mo durvju apak\u0161\u0113j\u0101 sliede B-002 GRP - MetalTale.com","isPartOf":{"@id":"https:\/\/metaltale.com\/lv\/#website"},"primaryImageOfPage":{"@id":"https:\/\/metaltale.com\/lv\/produkts\/bidamo-durvju-apakseja-sliede-b-002-grp\/#primaryimage"},"image":{"@id":"https:\/\/metaltale.com\/lv\/produkts\/bidamo-durvju-apakseja-sliede-b-002-grp\/#primaryimage"},"thumbnailUrl":"https:\/\/metaltale.com\/wp-content\/uploads\/2023\/09\/Prowadnik-A-002.jpg","datePublished":"2024-02-13T11:19:42+00:00","breadcrumb":{"@id":"https:\/\/metaltale.com\/lv\/produkts\/bidamo-durvju-apakseja-sliede-b-002-grp\/#breadcrumb"},"inLanguage":"lv-LV","potentialAction":[{"@type":"ReadAction","target":["https:\/\/metaltale.com\/lv\/produkts\/bidamo-durvju-apakseja-sliede-b-002-grp\/"]}]},{"@type":"ImageObject","inLanguage":"lv-LV","@id":"https:\/\/metaltale.com\/lv\/produkts\/bidamo-durvju-apakseja-sliede-b-002-grp\/#primaryimage","url":"https:\/\/metaltale.com\/wp-content\/uploads\/2023\/09\/Prowadnik-A-002.jpg","contentUrl":"https:\/\/metaltale.com\/wp-content\/uploads\/2023\/09\/Prowadnik-A-002.jpg","width":800,"height":800},{"@type":"BreadcrumbList","@id":"https:\/\/metaltale.com\/lv\/produkts\/bidamo-durvju-apakseja-sliede-b-002-grp\/#breadcrumb","itemListElement":[{"@type":"ListItem","position":1,"name":"Home","item":"https:\/\/metaltale.com\/lv\/majas\/"},{"@type":"ListItem","position":2,"name":"Veikals","item":"https:\/\/metaltale.com\/lv\/shop\/"},{"@type":"ListItem","position":3,"name":"B\u012bd\u0101mo durvju apak\u0161\u0113j\u0101 sliede B-002 GRP"}]},{"@type":"WebSite","@id":"https:\/\/metaltale.com\/lv\/#website","url":"https:\/\/metaltale.com\/lv\/","name":"Metaltale.com","description":"","potentialAction":[{"@type":"SearchAction","target":{"@type":"EntryPoint","urlTemplate":"https:\/\/metaltale.com\/lv\/?s={search_term_string}"},"query-input":{"@type":"PropertyValueSpecification","valueRequired":true,"valueName":"search_term_string"}}],"inLanguage":"lv-LV"}]}},"_links":{"self":[{"href":"https:\/\/metaltale.com\/lv\/wp-json\/wp\/v2\/product\/134659","targetHints":{"allow":["GET"]}}],"collection":[{"href":"https:\/\/metaltale.com\/lv\/wp-json\/wp\/v2\/product"}],"about":[{"href":"https:\/\/metaltale.com\/lv\/wp-json\/wp\/v2\/types\/product"}],"replies":[{"embeddable":true,"href":"https:\/\/metaltale.com\/lv\/wp-json\/wp\/v2\/comments?post=134659"}],"version-history":[{"count":0,"href":"https:\/\/metaltale.com\/lv\/wp-json\/wp\/v2\/product\/134659\/revisions"}],"wp:featuredmedia":[{"embeddable":true,"href":"https:\/\/metaltale.com\/lv\/wp-json\/wp\/v2\/media\/65557"}],"wp:attachment":[{"href":"https:\/\/metaltale.com\/lv\/wp-json\/wp\/v2\/media?parent=134659"}],"wp:term":[{"taxonomy":"product_brand","embeddable":true,"href":"https:\/\/metaltale.com\/lv\/wp-json\/wp\/v2\/product_brand?post=134659"},{"taxonomy":"product_cat","embeddable":true,"href":"https:\/\/metaltale.com\/lv\/wp-json\/wp\/v2\/product_cat?post=134659"},{"taxonomy":"product_tag","embeddable":true,"href":"https:\/\/metaltale.com\/lv\/wp-json\/wp\/v2\/product_tag?post=134659"}],"curies":[{"name":"wp","href":"https:\/\/api.w.org\/{rel}","templated":true}]}}