{"id":134638,"date":"2024-02-13T13:19:42","date_gmt":"2024-02-13T11:19:42","guid":{"rendered":"https:\/\/metaltale.com\/produktas\/bidamo-durvju-apakseja-vadotne-a-012-stal\/"},"modified":"2024-02-13T13:19:42","modified_gmt":"2024-02-13T11:19:42","slug":"bidamo-durvju-apakseja-vadotne-a-012-stal","status":"publish","type":"product","link":"https:\/\/metaltale.com\/lv\/produkts\/bidamo-durvju-apakseja-vadotne-a-012-stal\/","title":{"rendered":"B\u012bd\u0101mo durvju apak\u0161\u0113j\u0101 vadotne A-012 STAL"},"content":{"rendered":"<div class=\"prod_data\">SAVE <strong>modelis<\/strong>. FG.012.MTK  <br \/><strong>EAN.<\/strong>  5907772071458  <br \/><strong>Materi\u0101ls<\/strong> T\u0113rauds  <br \/>Kop\u0113jais augstums (cm ) 6,5 <br \/>Kop\u0113jais platums (cm ) 5 <br \/><strong>Dzi\u013cums (cm<\/strong> ) 12  <br \/><strong>Kop\u0113jais diametrs (cm<\/strong> ) 2  <br \/><strong>Kr\u0101sa<\/strong> Melna  <\/p>\n<p><span style=\"font-size: medium;\">&#8211; regul\u0113jama rull\u012b\u0161u sienu vadotne<br \/>&#8211; divi rull\u012b\u0161i uz gult\u0146a<\/span><br \/><span style=\"font-size: medium;\">&#8211; uz str\u0113les mont\u0113jams izstr\u0101d\u0101jums ar sienas stiprin\u0101jumu<\/span><br \/><span style=\"font-size: medium;\">&#8211; \u0137\u0113de stabiliz\u0113 b\u012bd\u0101m\u0101s durvis priek\u0161\u0113j\u0101 plakn\u0113, garant\u0113jot dro\u0161u lieto\u0161anu.<\/span><br \/><span style=\"font-size: medium;\">&#8211; pateicoties diviem rull\u012b\u0161iem, izstr\u0101d\u0101jums garant\u0113, ka durvju apak\u0161\u0113j\u0101 da\u013c\u0101 nav nek\u0101du sl\u012bd\u0113\u0161anas paz\u012bmju.<\/span><br \/><span style=\"font-size: medium;\">&#8211; izgatavots no augstas kvalit\u0101tes plastmasas un t\u0113rauda, kas nodro\u0161ina dro\u0161u un ilgu kalpo\u0161anas laiku.<\/span><br \/><span style=\"font-size: medium;\">&#8211; vadotni var izmantot durv\u012bm ar vai bez apak\u0161\u0113j\u0101 griez\u0113ja.<\/span><br \/><span style=\"font-size: medium;\">&#8211; produktam ir vienk\u0101r\u0161a un intuit\u012bva mont\u0101\u017ea<\/span><br \/><span style=\"font-size: medium;\">&#8211; sienas stiprin\u0101jums nov\u0113r\u0161 nepiecie\u0161am\u012bbu iejaukties pane\u013cos, gr\u012bdas sij\u0101s vai fl\u012bz\u0113s.<\/span><br \/><span style=\"font-size: medium;\">&#8211; var izmantot jebkura veida b\u012bd\u0101maj\u0101m durv\u012bm, kas izgatavotas no dab\u012bg\u0101 koka, pl\u0101tnes vai t\u0113rauda.<br \/>&#8211; durvju biezums l\u012bdz 55 mm<br \/><\/span><\/p>\n<hr>\n<p><span style=\"font-size: medium;\">Mas\u012bv\u0101, klus\u0101 un praktisk\u0101 apak\u0161\u0113j\u0101 \u0137\u0113de garant\u0113 piln\u012bgu komfortu. Pateicoties konstrukcijai, tas ir \u013coti univers\u0101ls un piem\u0113rots durv\u012bm ar biezumu l\u012bdz 55 mm. Tas ir ide\u0101li piem\u0113rots durv\u012bm pla\u0161\u0101s r\u016bpniec\u012bbas telp\u0101s. Tas ir piem\u0113rots ar\u012b b\u0113ni\u0146u, lauku un modernajiem interjeriem.<\/span><\/p>\n<hr>\n<p><span style=\"font-size: medium;\"><span style=\"color: #993300;\">*Izmantojot \u0161o \u0137\u0113di, main\u012bsies durvju att\u0101lums l\u012bdz gr\u012bdai.<\/span><\/span><br \/><span style=\"color: #993300; font-size: medium;\">*Durvju rokturi nedr\u012bkst izmantot durv\u012bm ar t\u0113rauda r\u0101mjiem.<\/span><\/p>\n<\/div>\n","protected":false},"excerpt":{"rendered":"<p>SAVE modelis. FG.012.MTK EAN. 5907772071458 Materi\u0101ls T\u0113rauds Kop\u0113jais augstums (cm ) 6,5 Kop\u0113jais platums (cm ) 5 Dzi\u013cums (cm )<\/p>\n","protected":false},"featured_media":65539,"comment_status":"open","ping_status":"closed","template":"","meta":{"_acf_changed":false,"pmpro_default_level":""},"product_brand":[],"product_cat":[24059],"product_tag":[],"class_list":{"0":"post-134638","1":"product","2":"type-product","3":"status-publish","4":"has-post-thumbnail","6":"product_cat-bidamo-durvju-sistemas","7":"pmpro-has-access","9":"first","10":"instock","11":"shipping-taxable","12":"purchasable","13":"product-type-simple"},"acf":[],"yoast_head":"<!-- This site is optimized with the Yoast SEO plugin v24.9 - https:\/\/yoast.com\/wordpress\/plugins\/seo\/ -->\n<title>B\u012bd\u0101mo durvju apak\u0161\u0113j\u0101 vadotne A-012 STAL - MetalTale.com<\/title>\n<meta name=\"robots\" content=\"index, follow, max-snippet:-1, max-image-preview:large, max-video-preview:-1\" \/>\n<link rel=\"canonical\" href=\"https:\/\/metaltale.com\/lv\/produkts\/bidamo-durvju-apakseja-vadotne-a-012-stal\/\" \/>\n<meta property=\"og:locale\" content=\"lv_LV\" \/>\n<meta property=\"og:type\" content=\"article\" \/>\n<meta property=\"og:title\" content=\"B\u012bd\u0101mo durvju apak\u0161\u0113j\u0101 vadotne A-012 STAL - MetalTale.com\" \/>\n<meta property=\"og:description\" content=\"SAVE modelis. FG.012.MTK EAN. 5907772071458 Materi\u0101ls T\u0113rauds Kop\u0113jais augstums (cm ) 6,5 Kop\u0113jais platums (cm ) 5 Dzi\u013cums (cm )\" \/>\n<meta property=\"og:url\" content=\"https:\/\/metaltale.com\/lv\/produkts\/bidamo-durvju-apakseja-vadotne-a-012-stal\/\" \/>\n<meta property=\"og:site_name\" content=\"MetalTale.com\" \/>\n<meta property=\"og:image\" content=\"http:\/\/metaltale.com\/wp-content\/uploads\/2023\/09\/Prowadnik-A-012.jpg\" \/>\n\t<meta property=\"og:image:width\" content=\"800\" \/>\n\t<meta property=\"og:image:height\" content=\"800\" \/>\n\t<meta property=\"og:image:type\" content=\"image\/jpeg\" \/>\n<meta name=\"twitter:card\" content=\"summary_large_image\" \/>\n<meta name=\"twitter:label1\" content=\"Est. reading time\" \/>\n\t<meta name=\"twitter:data1\" content=\"1 minute\" \/>\n<script type=\"application\/ld+json\" class=\"yoast-schema-graph\">{\"@context\":\"https:\/\/schema.org\",\"@graph\":[{\"@type\":\"WebPage\",\"@id\":\"https:\/\/metaltale.com\/lv\/produkts\/bidamo-durvju-apakseja-vadotne-a-012-stal\/\",\"url\":\"https:\/\/metaltale.com\/lv\/produkts\/bidamo-durvju-apakseja-vadotne-a-012-stal\/\",\"name\":\"B\u012bd\u0101mo durvju apak\u0161\u0113j\u0101 vadotne A-012 STAL - MetalTale.com\",\"isPartOf\":{\"@id\":\"https:\/\/metaltale.com\/lv\/#website\"},\"primaryImageOfPage\":{\"@id\":\"https:\/\/metaltale.com\/lv\/produkts\/bidamo-durvju-apakseja-vadotne-a-012-stal\/#primaryimage\"},\"image\":{\"@id\":\"https:\/\/metaltale.com\/lv\/produkts\/bidamo-durvju-apakseja-vadotne-a-012-stal\/#primaryimage\"},\"thumbnailUrl\":\"https:\/\/metaltale.com\/wp-content\/uploads\/2023\/09\/Prowadnik-A-012.jpg\",\"datePublished\":\"2024-02-13T11:19:42+00:00\",\"breadcrumb\":{\"@id\":\"https:\/\/metaltale.com\/lv\/produkts\/bidamo-durvju-apakseja-vadotne-a-012-stal\/#breadcrumb\"},\"inLanguage\":\"lv-LV\",\"potentialAction\":[{\"@type\":\"ReadAction\",\"target\":[\"https:\/\/metaltale.com\/lv\/produkts\/bidamo-durvju-apakseja-vadotne-a-012-stal\/\"]}]},{\"@type\":\"ImageObject\",\"inLanguage\":\"lv-LV\",\"@id\":\"https:\/\/metaltale.com\/lv\/produkts\/bidamo-durvju-apakseja-vadotne-a-012-stal\/#primaryimage\",\"url\":\"https:\/\/metaltale.com\/wp-content\/uploads\/2023\/09\/Prowadnik-A-012.jpg\",\"contentUrl\":\"https:\/\/metaltale.com\/wp-content\/uploads\/2023\/09\/Prowadnik-A-012.jpg\",\"width\":800,\"height\":800},{\"@type\":\"BreadcrumbList\",\"@id\":\"https:\/\/metaltale.com\/lv\/produkts\/bidamo-durvju-apakseja-vadotne-a-012-stal\/#breadcrumb\",\"itemListElement\":[{\"@type\":\"ListItem\",\"position\":1,\"name\":\"Home\",\"item\":\"https:\/\/metaltale.com\/lv\/majas\/\"},{\"@type\":\"ListItem\",\"position\":2,\"name\":\"Veikals\",\"item\":\"https:\/\/metaltale.com\/lv\/shop\/\"},{\"@type\":\"ListItem\",\"position\":3,\"name\":\"B\u012bd\u0101mo durvju apak\u0161\u0113j\u0101 vadotne A-012 STAL\"}]},{\"@type\":\"WebSite\",\"@id\":\"https:\/\/metaltale.com\/lv\/#website\",\"url\":\"https:\/\/metaltale.com\/lv\/\",\"name\":\"Metaltale.com\",\"description\":\"\",\"potentialAction\":[{\"@type\":\"SearchAction\",\"target\":{\"@type\":\"EntryPoint\",\"urlTemplate\":\"https:\/\/metaltale.com\/lv\/?s={search_term_string}\"},\"query-input\":{\"@type\":\"PropertyValueSpecification\",\"valueRequired\":true,\"valueName\":\"search_term_string\"}}],\"inLanguage\":\"lv-LV\"}]}<\/script>\n<!-- \/ Yoast SEO plugin. -->","yoast_head_json":{"title":"B\u012bd\u0101mo durvju apak\u0161\u0113j\u0101 vadotne A-012 STAL - MetalTale.com","robots":{"index":"index","follow":"follow","max-snippet":"max-snippet:-1","max-image-preview":"max-image-preview:large","max-video-preview":"max-video-preview:-1"},"canonical":"https:\/\/metaltale.com\/lv\/produkts\/bidamo-durvju-apakseja-vadotne-a-012-stal\/","og_locale":"lv_LV","og_type":"article","og_title":"B\u012bd\u0101mo durvju apak\u0161\u0113j\u0101 vadotne A-012 STAL - MetalTale.com","og_description":"SAVE modelis. FG.012.MTK EAN. 5907772071458 Materi\u0101ls T\u0113rauds Kop\u0113jais augstums (cm ) 6,5 Kop\u0113jais platums (cm ) 5 Dzi\u013cums (cm )","og_url":"https:\/\/metaltale.com\/lv\/produkts\/bidamo-durvju-apakseja-vadotne-a-012-stal\/","og_site_name":"MetalTale.com","og_image":[{"width":800,"height":800,"url":"http:\/\/metaltale.com\/wp-content\/uploads\/2023\/09\/Prowadnik-A-012.jpg","type":"image\/jpeg"}],"twitter_card":"summary_large_image","twitter_misc":{"Est. reading time":"1 minute"},"schema":{"@context":"https:\/\/schema.org","@graph":[{"@type":"WebPage","@id":"https:\/\/metaltale.com\/lv\/produkts\/bidamo-durvju-apakseja-vadotne-a-012-stal\/","url":"https:\/\/metaltale.com\/lv\/produkts\/bidamo-durvju-apakseja-vadotne-a-012-stal\/","name":"B\u012bd\u0101mo durvju apak\u0161\u0113j\u0101 vadotne A-012 STAL - MetalTale.com","isPartOf":{"@id":"https:\/\/metaltale.com\/lv\/#website"},"primaryImageOfPage":{"@id":"https:\/\/metaltale.com\/lv\/produkts\/bidamo-durvju-apakseja-vadotne-a-012-stal\/#primaryimage"},"image":{"@id":"https:\/\/metaltale.com\/lv\/produkts\/bidamo-durvju-apakseja-vadotne-a-012-stal\/#primaryimage"},"thumbnailUrl":"https:\/\/metaltale.com\/wp-content\/uploads\/2023\/09\/Prowadnik-A-012.jpg","datePublished":"2024-02-13T11:19:42+00:00","breadcrumb":{"@id":"https:\/\/metaltale.com\/lv\/produkts\/bidamo-durvju-apakseja-vadotne-a-012-stal\/#breadcrumb"},"inLanguage":"lv-LV","potentialAction":[{"@type":"ReadAction","target":["https:\/\/metaltale.com\/lv\/produkts\/bidamo-durvju-apakseja-vadotne-a-012-stal\/"]}]},{"@type":"ImageObject","inLanguage":"lv-LV","@id":"https:\/\/metaltale.com\/lv\/produkts\/bidamo-durvju-apakseja-vadotne-a-012-stal\/#primaryimage","url":"https:\/\/metaltale.com\/wp-content\/uploads\/2023\/09\/Prowadnik-A-012.jpg","contentUrl":"https:\/\/metaltale.com\/wp-content\/uploads\/2023\/09\/Prowadnik-A-012.jpg","width":800,"height":800},{"@type":"BreadcrumbList","@id":"https:\/\/metaltale.com\/lv\/produkts\/bidamo-durvju-apakseja-vadotne-a-012-stal\/#breadcrumb","itemListElement":[{"@type":"ListItem","position":1,"name":"Home","item":"https:\/\/metaltale.com\/lv\/majas\/"},{"@type":"ListItem","position":2,"name":"Veikals","item":"https:\/\/metaltale.com\/lv\/shop\/"},{"@type":"ListItem","position":3,"name":"B\u012bd\u0101mo durvju apak\u0161\u0113j\u0101 vadotne A-012 STAL"}]},{"@type":"WebSite","@id":"https:\/\/metaltale.com\/lv\/#website","url":"https:\/\/metaltale.com\/lv\/","name":"Metaltale.com","description":"","potentialAction":[{"@type":"SearchAction","target":{"@type":"EntryPoint","urlTemplate":"https:\/\/metaltale.com\/lv\/?s={search_term_string}"},"query-input":{"@type":"PropertyValueSpecification","valueRequired":true,"valueName":"search_term_string"}}],"inLanguage":"lv-LV"}]}},"_links":{"self":[{"href":"https:\/\/metaltale.com\/lv\/wp-json\/wp\/v2\/product\/134638","targetHints":{"allow":["GET"]}}],"collection":[{"href":"https:\/\/metaltale.com\/lv\/wp-json\/wp\/v2\/product"}],"about":[{"href":"https:\/\/metaltale.com\/lv\/wp-json\/wp\/v2\/types\/product"}],"replies":[{"embeddable":true,"href":"https:\/\/metaltale.com\/lv\/wp-json\/wp\/v2\/comments?post=134638"}],"version-history":[{"count":0,"href":"https:\/\/metaltale.com\/lv\/wp-json\/wp\/v2\/product\/134638\/revisions"}],"wp:featuredmedia":[{"embeddable":true,"href":"https:\/\/metaltale.com\/lv\/wp-json\/wp\/v2\/media\/65539"}],"wp:attachment":[{"href":"https:\/\/metaltale.com\/lv\/wp-json\/wp\/v2\/media?parent=134638"}],"wp:term":[{"taxonomy":"product_brand","embeddable":true,"href":"https:\/\/metaltale.com\/lv\/wp-json\/wp\/v2\/product_brand?post=134638"},{"taxonomy":"product_cat","embeddable":true,"href":"https:\/\/metaltale.com\/lv\/wp-json\/wp\/v2\/product_cat?post=134638"},{"taxonomy":"product_tag","embeddable":true,"href":"https:\/\/metaltale.com\/lv\/wp-json\/wp\/v2\/product_tag?post=134638"}],"curies":[{"name":"wp","href":"https:\/\/api.w.org\/{rel}","templated":true}]}}