{"id":134629,"date":"2024-02-13T15:05:46","date_gmt":"2024-02-13T13:05:46","guid":{"rendered":"https:\/\/metaltale.com\/produktas\/bidamo-durvju-sledzene-ngb\/"},"modified":"2024-02-13T15:05:46","modified_gmt":"2024-02-13T13:05:46","slug":"bidamo-durvju-sledzene-ngb","status":"publish","type":"product","link":"https:\/\/metaltale.com\/lv\/produkts\/bidamo-durvju-sledzene-ngb\/","title":{"rendered":"B\u012bd\u0101mo durvju sl\u0113dzene NGB"},"content":{"rendered":"<div class=\"prod_data\">\n<p><strong>Modelis<\/strong> SE. L01-NGB<br \/>\n<strong>Materi\u0101ls<\/strong> T\u0113rauds<br \/>\n<strong>Kop\u0113jais augstums (cm<\/strong> ) 8<br \/>\n<strong>Kop\u0113jais platums (cm<\/strong> ) 6,2<br \/>\n<strong>Kop\u0113j\u0101 projekcija (cm<\/strong> ) 3<br \/>\n<strong>Pamatnes izm\u0113ri (cm)<\/strong> 2 x 7,5<br \/>\nMont\u0101\u017eas skr\u016bves J\u0101<br \/>\nT\u0113rauda <strong>kr\u0101sa<\/strong><br \/>\nDaudzums komplekt\u0101 1 gab.<\/p>\n<p>B\u012bd\u0101mo durvju izmanto\u0161ana tualet\u0113 vai vannas istab\u0101&#8230; ir iesp\u0113jama. B\u012bd\u0101mo durvju sl\u0113dzene noteikti b\u016bs atvieglojums. Liels un iztur\u012bgs, tom\u0113r smalks, izstr\u0101d\u0101jums nenov\u0113r\u0161 uzman\u012bbu no pa\u0161a sp\u0101rna, jo tas ir tikai funkcion\u0101ls aksesu\u0101rs. Kr\u0101su izv\u0113le \u013cauj saska\u0146ot sl\u0113dzeni ar interjeru un durv\u012bm.<\/p>\n<\/div>\n","protected":false},"excerpt":{"rendered":"<p>Modelis SE. L01-NGB Materi\u0101ls T\u0113rauds Kop\u0113jais augstums (cm ) 8 Kop\u0113jais platums (cm ) 6,2 Kop\u0113j\u0101 projekcija (cm ) 3<\/p>\n","protected":false},"featured_media":131240,"comment_status":"open","ping_status":"closed","template":"","meta":{"_acf_changed":false,"pmpro_default_level":""},"product_brand":[],"product_cat":[24124,24059],"product_tag":[],"class_list":{"0":"post-134629","1":"product","2":"type-product","3":"status-publish","4":"has-post-thumbnail","6":"product_cat-bidamo-durvju-piederumi","7":"product_cat-bidamo-durvju-sistemas","8":"pmpro-has-access","10":"first","11":"instock","12":"shipping-taxable","13":"purchasable","14":"product-type-simple"},"acf":[],"yoast_head":"<!-- This site is optimized with the Yoast SEO plugin v24.9 - https:\/\/yoast.com\/wordpress\/plugins\/seo\/ -->\n<title>B\u012bd\u0101mo durvju sl\u0113dzene NGB - MetalTale.com<\/title>\n<meta name=\"robots\" content=\"index, follow, max-snippet:-1, max-image-preview:large, max-video-preview:-1\" \/>\n<link rel=\"canonical\" href=\"https:\/\/metaltale.com\/lv\/produkts\/bidamo-durvju-sledzene-ngb\/\" \/>\n<meta property=\"og:locale\" content=\"lv_LV\" \/>\n<meta property=\"og:type\" content=\"article\" \/>\n<meta property=\"og:title\" content=\"B\u012bd\u0101mo durvju sl\u0113dzene NGB - MetalTale.com\" \/>\n<meta property=\"og:description\" content=\"Modelis SE. L01-NGB Materi\u0101ls T\u0113rauds Kop\u0113jais augstums (cm ) 8 Kop\u0113jais platums (cm ) 6,2 Kop\u0113j\u0101 projekcija (cm ) 3\" \/>\n<meta property=\"og:url\" content=\"https:\/\/metaltale.com\/lv\/produkts\/bidamo-durvju-sledzene-ngb\/\" \/>\n<meta property=\"og:site_name\" content=\"MetalTale.com\" \/>\n<meta property=\"og:image\" content=\"https:\/\/metaltale.com\/wp-content\/uploads\/2024\/02\/Stumdomu-duru-spyna-NGB.jpg\" \/>\n\t<meta property=\"og:image:width\" content=\"800\" \/>\n\t<meta property=\"og:image:height\" content=\"800\" \/>\n\t<meta property=\"og:image:type\" content=\"image\/jpeg\" \/>\n<meta name=\"twitter:card\" content=\"summary_large_image\" \/>\n<meta name=\"twitter:label1\" content=\"Est. reading time\" \/>\n\t<meta name=\"twitter:data1\" content=\"1 minute\" \/>\n<script type=\"application\/ld+json\" class=\"yoast-schema-graph\">{\"@context\":\"https:\/\/schema.org\",\"@graph\":[{\"@type\":\"WebPage\",\"@id\":\"https:\/\/metaltale.com\/lv\/produkts\/bidamo-durvju-sledzene-ngb\/\",\"url\":\"https:\/\/metaltale.com\/lv\/produkts\/bidamo-durvju-sledzene-ngb\/\",\"name\":\"B\u012bd\u0101mo durvju sl\u0113dzene NGB - MetalTale.com\",\"isPartOf\":{\"@id\":\"https:\/\/metaltale.com\/lv\/#website\"},\"primaryImageOfPage\":{\"@id\":\"https:\/\/metaltale.com\/lv\/produkts\/bidamo-durvju-sledzene-ngb\/#primaryimage\"},\"image\":{\"@id\":\"https:\/\/metaltale.com\/lv\/produkts\/bidamo-durvju-sledzene-ngb\/#primaryimage\"},\"thumbnailUrl\":\"https:\/\/metaltale.com\/wp-content\/uploads\/2024\/02\/Stumdomu-duru-spyna-NGB.jpg\",\"datePublished\":\"2024-02-13T13:05:46+00:00\",\"breadcrumb\":{\"@id\":\"https:\/\/metaltale.com\/lv\/produkts\/bidamo-durvju-sledzene-ngb\/#breadcrumb\"},\"inLanguage\":\"lv-LV\",\"potentialAction\":[{\"@type\":\"ReadAction\",\"target\":[\"https:\/\/metaltale.com\/lv\/produkts\/bidamo-durvju-sledzene-ngb\/\"]}]},{\"@type\":\"ImageObject\",\"inLanguage\":\"lv-LV\",\"@id\":\"https:\/\/metaltale.com\/lv\/produkts\/bidamo-durvju-sledzene-ngb\/#primaryimage\",\"url\":\"https:\/\/metaltale.com\/wp-content\/uploads\/2024\/02\/Stumdomu-duru-spyna-NGB.jpg\",\"contentUrl\":\"https:\/\/metaltale.com\/wp-content\/uploads\/2024\/02\/Stumdomu-duru-spyna-NGB.jpg\",\"width\":800,\"height\":800,\"caption\":\"B\u012bd\u0101mo durvju sl\u0113dzene NGB\"},{\"@type\":\"BreadcrumbList\",\"@id\":\"https:\/\/metaltale.com\/lv\/produkts\/bidamo-durvju-sledzene-ngb\/#breadcrumb\",\"itemListElement\":[{\"@type\":\"ListItem\",\"position\":1,\"name\":\"Home\",\"item\":\"https:\/\/metaltale.com\/lv\/majas\/\"},{\"@type\":\"ListItem\",\"position\":2,\"name\":\"Veikals\",\"item\":\"https:\/\/metaltale.com\/lv\/shop\/\"},{\"@type\":\"ListItem\",\"position\":3,\"name\":\"B\u012bd\u0101mo durvju sl\u0113dzene NGB\"}]},{\"@type\":\"WebSite\",\"@id\":\"https:\/\/metaltale.com\/lv\/#website\",\"url\":\"https:\/\/metaltale.com\/lv\/\",\"name\":\"Metaltale.com\",\"description\":\"\",\"potentialAction\":[{\"@type\":\"SearchAction\",\"target\":{\"@type\":\"EntryPoint\",\"urlTemplate\":\"https:\/\/metaltale.com\/lv\/?s={search_term_string}\"},\"query-input\":{\"@type\":\"PropertyValueSpecification\",\"valueRequired\":true,\"valueName\":\"search_term_string\"}}],\"inLanguage\":\"lv-LV\"}]}<\/script>\n<!-- \/ Yoast SEO plugin. -->","yoast_head_json":{"title":"B\u012bd\u0101mo durvju sl\u0113dzene NGB - MetalTale.com","robots":{"index":"index","follow":"follow","max-snippet":"max-snippet:-1","max-image-preview":"max-image-preview:large","max-video-preview":"max-video-preview:-1"},"canonical":"https:\/\/metaltale.com\/lv\/produkts\/bidamo-durvju-sledzene-ngb\/","og_locale":"lv_LV","og_type":"article","og_title":"B\u012bd\u0101mo durvju sl\u0113dzene NGB - MetalTale.com","og_description":"Modelis SE. L01-NGB Materi\u0101ls T\u0113rauds Kop\u0113jais augstums (cm ) 8 Kop\u0113jais platums (cm ) 6,2 Kop\u0113j\u0101 projekcija (cm ) 3","og_url":"https:\/\/metaltale.com\/lv\/produkts\/bidamo-durvju-sledzene-ngb\/","og_site_name":"MetalTale.com","og_image":[{"width":800,"height":800,"url":"https:\/\/metaltale.com\/wp-content\/uploads\/2024\/02\/Stumdomu-duru-spyna-NGB.jpg","type":"image\/jpeg"}],"twitter_card":"summary_large_image","twitter_misc":{"Est. reading time":"1 minute"},"schema":{"@context":"https:\/\/schema.org","@graph":[{"@type":"WebPage","@id":"https:\/\/metaltale.com\/lv\/produkts\/bidamo-durvju-sledzene-ngb\/","url":"https:\/\/metaltale.com\/lv\/produkts\/bidamo-durvju-sledzene-ngb\/","name":"B\u012bd\u0101mo durvju sl\u0113dzene NGB - MetalTale.com","isPartOf":{"@id":"https:\/\/metaltale.com\/lv\/#website"},"primaryImageOfPage":{"@id":"https:\/\/metaltale.com\/lv\/produkts\/bidamo-durvju-sledzene-ngb\/#primaryimage"},"image":{"@id":"https:\/\/metaltale.com\/lv\/produkts\/bidamo-durvju-sledzene-ngb\/#primaryimage"},"thumbnailUrl":"https:\/\/metaltale.com\/wp-content\/uploads\/2024\/02\/Stumdomu-duru-spyna-NGB.jpg","datePublished":"2024-02-13T13:05:46+00:00","breadcrumb":{"@id":"https:\/\/metaltale.com\/lv\/produkts\/bidamo-durvju-sledzene-ngb\/#breadcrumb"},"inLanguage":"lv-LV","potentialAction":[{"@type":"ReadAction","target":["https:\/\/metaltale.com\/lv\/produkts\/bidamo-durvju-sledzene-ngb\/"]}]},{"@type":"ImageObject","inLanguage":"lv-LV","@id":"https:\/\/metaltale.com\/lv\/produkts\/bidamo-durvju-sledzene-ngb\/#primaryimage","url":"https:\/\/metaltale.com\/wp-content\/uploads\/2024\/02\/Stumdomu-duru-spyna-NGB.jpg","contentUrl":"https:\/\/metaltale.com\/wp-content\/uploads\/2024\/02\/Stumdomu-duru-spyna-NGB.jpg","width":800,"height":800,"caption":"B\u012bd\u0101mo durvju sl\u0113dzene NGB"},{"@type":"BreadcrumbList","@id":"https:\/\/metaltale.com\/lv\/produkts\/bidamo-durvju-sledzene-ngb\/#breadcrumb","itemListElement":[{"@type":"ListItem","position":1,"name":"Home","item":"https:\/\/metaltale.com\/lv\/majas\/"},{"@type":"ListItem","position":2,"name":"Veikals","item":"https:\/\/metaltale.com\/lv\/shop\/"},{"@type":"ListItem","position":3,"name":"B\u012bd\u0101mo durvju sl\u0113dzene NGB"}]},{"@type":"WebSite","@id":"https:\/\/metaltale.com\/lv\/#website","url":"https:\/\/metaltale.com\/lv\/","name":"Metaltale.com","description":"","potentialAction":[{"@type":"SearchAction","target":{"@type":"EntryPoint","urlTemplate":"https:\/\/metaltale.com\/lv\/?s={search_term_string}"},"query-input":{"@type":"PropertyValueSpecification","valueRequired":true,"valueName":"search_term_string"}}],"inLanguage":"lv-LV"}]}},"_links":{"self":[{"href":"https:\/\/metaltale.com\/lv\/wp-json\/wp\/v2\/product\/134629","targetHints":{"allow":["GET"]}}],"collection":[{"href":"https:\/\/metaltale.com\/lv\/wp-json\/wp\/v2\/product"}],"about":[{"href":"https:\/\/metaltale.com\/lv\/wp-json\/wp\/v2\/types\/product"}],"replies":[{"embeddable":true,"href":"https:\/\/metaltale.com\/lv\/wp-json\/wp\/v2\/comments?post=134629"}],"version-history":[{"count":0,"href":"https:\/\/metaltale.com\/lv\/wp-json\/wp\/v2\/product\/134629\/revisions"}],"wp:featuredmedia":[{"embeddable":true,"href":"https:\/\/metaltale.com\/lv\/wp-json\/wp\/v2\/media\/131240"}],"wp:attachment":[{"href":"https:\/\/metaltale.com\/lv\/wp-json\/wp\/v2\/media?parent=134629"}],"wp:term":[{"taxonomy":"product_brand","embeddable":true,"href":"https:\/\/metaltale.com\/lv\/wp-json\/wp\/v2\/product_brand?post=134629"},{"taxonomy":"product_cat","embeddable":true,"href":"https:\/\/metaltale.com\/lv\/wp-json\/wp\/v2\/product_cat?post=134629"},{"taxonomy":"product_tag","embeddable":true,"href":"https:\/\/metaltale.com\/lv\/wp-json\/wp\/v2\/product_tag?post=134629"}],"curies":[{"name":"wp","href":"https:\/\/api.w.org\/{rel}","templated":true}]}}