{"id":134623,"date":"2024-02-13T13:19:04","date_gmt":"2024-02-13T11:19:04","guid":{"rendered":"https:\/\/metaltale.com\/produktas\/bidamo-durvju-rokturis-massive-265-mm-melns\/"},"modified":"2024-02-13T13:19:04","modified_gmt":"2024-02-13T11:19:04","slug":"bidamo-durvju-rokturis-massive-265-mm-melns","status":"publish","type":"product","link":"https:\/\/metaltale.com\/lv\/produkts\/bidamo-durvju-rokturis-massive-265-mm-melns\/","title":{"rendered":"B\u012bd\u0101mo durvju rokturis MASSIVE 265 mm melns"},"content":{"rendered":"<div class=\"prod_data\">\n<p><strong>Modelis<\/strong> 49.083XUX<br \/>\nMateri\u0101ls Ketus<br \/>\n<strong>Kop\u0113jais platums (cm<\/strong> ) 26,5<br \/>\n<strong>Kop\u0113j\u0101 projekcija (cm<\/strong> ) 7<br \/>\n<strong>Pamatnes izm\u0113ri (cm)<\/strong> 7 x 4,6<br \/>\n<strong>Kr\u0101sa<\/strong> Melna<\/p>\n<p>&#8211; rokturis ir izgatavots no augst\u0101k\u0101s kvalit\u0101tes \u010duguna, lai garant\u0113tu lieto\u0161anas dro\u0161\u012bbu.<br \/>\n&#8211; darba precizit\u0101te, piev\u0113r\u0161ot uzman\u012bbu katrai deta\u013cai, ir piln\u012bga komforta garantija.<br \/>\n&#8211; Roktura univers\u0101lais raksturs \u013cauj uzst\u0101d\u012bt b\u012bd\u0101m\u0101s durvis, m\u0113be\u013cu durvis un atvilkt\u0146u frontes.<br \/>\n&#8211; izstr\u0101d\u0101jumu var veiksm\u012bgi izmantot k\u0101 praktisku v\u0101rtu tur\u0113t\u0101ju.<br \/>\n&#8211; margu vienk\u0101r\u0161\u0101 arhitekt\u016bra padara t\u0101s ide\u0101li piem\u0113rotas jebkuram interjeram neatkar\u012bgi no stila.<\/p>\n<hr>\n<p>Arvien popul\u0101r\u0101kas k\u013c\u016bst rustik\u0101l\u0101s kompoz\u012bcijas, un interjera dizaineru v\u0113lmes prasa arvien izsmalcin\u0101t\u0101kus m\u0113be\u013cu aksesu\u0101rus, kas ir b\u016btiski kop\u0113jo dizaina virsmu izteiksm\u0113.<\/p>\n<p>\u0160eit redzamie <strong>durvju rokturi<\/strong> priec\u0113 ar savu neapstr\u0101d\u0101to un mas\u012bvo izskatu, vizu\u0101li uzlabojot visa interjera raksturu. Roktura virsmai ir vair\u0101ki skr\u0101p\u0113jumi, kas to kopum\u0101 padara par perfektu <strong>retro stila<\/strong> atspogu\u013cojumu. \u0160\u012bs formas daudzpus\u012bba nodro\u0161ina pla\u0161as uzst\u0101d\u012b\u0161anas iesp\u0113jas gan horizont\u0101li, gan vertik\u0101li.<\/p>\n<\/div>\n","protected":false},"excerpt":{"rendered":"<p>Modelis 49.083XUX Materi\u0101ls Ketus Kop\u0113jais platums (cm ) 26,5 Kop\u0113j\u0101 projekcija (cm ) 7 Pamatnes izm\u0113ri (cm) 7 x 4,6<\/p>\n","protected":false},"featured_media":130799,"comment_status":"open","ping_status":"closed","template":"","meta":{"_acf_changed":false,"pmpro_default_level":""},"product_brand":[],"product_cat":[24063,23837,23838,23843],"product_tag":[],"class_list":{"0":"post-134623","1":"product","2":"type-product","3":"status-publish","4":"has-post-thumbnail","6":"product_cat-bidamo-durvju-rokturi","7":"product_cat-mebeles-piederumi","8":"product_cat-mebelu-rokturi","9":"product_cat-skapju-rokturi","10":"pmpro-has-access","12":"first","13":"instock","14":"shipping-taxable","15":"purchasable","16":"product-type-simple"},"acf":[],"yoast_head":"<!-- This site is optimized with the Yoast SEO plugin v24.9 - https:\/\/yoast.com\/wordpress\/plugins\/seo\/ -->\n<title>B\u012bd\u0101mo durvju rokturis MASSIVE 265 mm melns - MetalTale.com<\/title>\n<meta name=\"robots\" content=\"index, follow, max-snippet:-1, max-image-preview:large, max-video-preview:-1\" \/>\n<link rel=\"canonical\" href=\"https:\/\/metaltale.com\/lv\/produkts\/bidamo-durvju-rokturis-massive-265-mm-melns\/\" \/>\n<meta property=\"og:locale\" content=\"lv_LV\" \/>\n<meta property=\"og:type\" content=\"article\" \/>\n<meta property=\"og:title\" content=\"B\u012bd\u0101mo durvju rokturis MASSIVE 265 mm melns - MetalTale.com\" \/>\n<meta property=\"og:description\" content=\"Modelis 49.083XUX Materi\u0101ls Ketus Kop\u0113jais platums (cm ) 26,5 Kop\u0113j\u0101 projekcija (cm ) 7 Pamatnes izm\u0113ri (cm) 7 x 4,6\" \/>\n<meta property=\"og:url\" content=\"https:\/\/metaltale.com\/lv\/produkts\/bidamo-durvju-rokturis-massive-265-mm-melns\/\" \/>\n<meta property=\"og:site_name\" content=\"MetalTale.com\" \/>\n<meta name=\"twitter:card\" content=\"summary_large_image\" \/>\n<meta name=\"twitter:label1\" content=\"Est. reading time\" \/>\n\t<meta name=\"twitter:data1\" content=\"1 minute\" \/>\n<script type=\"application\/ld+json\" class=\"yoast-schema-graph\">{\"@context\":\"https:\/\/schema.org\",\"@graph\":[{\"@type\":\"WebPage\",\"@id\":\"https:\/\/metaltale.com\/lv\/produkts\/bidamo-durvju-rokturis-massive-265-mm-melns\/\",\"url\":\"https:\/\/metaltale.com\/lv\/produkts\/bidamo-durvju-rokturis-massive-265-mm-melns\/\",\"name\":\"B\u012bd\u0101mo durvju rokturis MASSIVE 265 mm melns - MetalTale.com\",\"isPartOf\":{\"@id\":\"https:\/\/metaltale.com\/lv\/#website\"},\"primaryImageOfPage\":{\"@id\":\"https:\/\/metaltale.com\/lv\/produkts\/bidamo-durvju-rokturis-massive-265-mm-melns\/#primaryimage\"},\"image\":{\"@id\":\"https:\/\/metaltale.com\/lv\/produkts\/bidamo-durvju-rokturis-massive-265-mm-melns\/#primaryimage\"},\"thumbnailUrl\":\"https:\/\/metaltale.com\/wp-content\/uploads\/2024\/01\/Stumdomu-duru-rankenos-MASSIVE-265-mm-juoda.jpg\",\"datePublished\":\"2024-02-13T11:19:04+00:00\",\"breadcrumb\":{\"@id\":\"https:\/\/metaltale.com\/lv\/produkts\/bidamo-durvju-rokturis-massive-265-mm-melns\/#breadcrumb\"},\"inLanguage\":\"lv-LV\",\"potentialAction\":[{\"@type\":\"ReadAction\",\"target\":[\"https:\/\/metaltale.com\/lv\/produkts\/bidamo-durvju-rokturis-massive-265-mm-melns\/\"]}]},{\"@type\":\"ImageObject\",\"inLanguage\":\"lv-LV\",\"@id\":\"https:\/\/metaltale.com\/lv\/produkts\/bidamo-durvju-rokturis-massive-265-mm-melns\/#primaryimage\",\"url\":\"https:\/\/metaltale.com\/wp-content\/uploads\/2024\/01\/Stumdomu-duru-rankenos-MASSIVE-265-mm-juoda.jpg\",\"contentUrl\":\"https:\/\/metaltale.com\/wp-content\/uploads\/2024\/01\/Stumdomu-duru-rankenos-MASSIVE-265-mm-juoda.jpg\",\"width\":800,\"height\":800,\"caption\":\"B\u012bd\u0101mo durvju rokturi MASSIVE 265 mm melni\"},{\"@type\":\"BreadcrumbList\",\"@id\":\"https:\/\/metaltale.com\/lv\/produkts\/bidamo-durvju-rokturis-massive-265-mm-melns\/#breadcrumb\",\"itemListElement\":[{\"@type\":\"ListItem\",\"position\":1,\"name\":\"Home\",\"item\":\"https:\/\/metaltale.com\/lv\/majas\/\"},{\"@type\":\"ListItem\",\"position\":2,\"name\":\"Veikals\",\"item\":\"https:\/\/metaltale.com\/lv\/shop\/\"},{\"@type\":\"ListItem\",\"position\":3,\"name\":\"B\u012bd\u0101mo durvju rokturis MASSIVE 265 mm melns\"}]},{\"@type\":\"WebSite\",\"@id\":\"https:\/\/metaltale.com\/lv\/#website\",\"url\":\"https:\/\/metaltale.com\/lv\/\",\"name\":\"Metaltale.com\",\"description\":\"\",\"potentialAction\":[{\"@type\":\"SearchAction\",\"target\":{\"@type\":\"EntryPoint\",\"urlTemplate\":\"https:\/\/metaltale.com\/lv\/?s={search_term_string}\"},\"query-input\":{\"@type\":\"PropertyValueSpecification\",\"valueRequired\":true,\"valueName\":\"search_term_string\"}}],\"inLanguage\":\"lv-LV\"}]}<\/script>\n<!-- \/ Yoast SEO plugin. -->","yoast_head_json":{"title":"B\u012bd\u0101mo durvju rokturis MASSIVE 265 mm melns - MetalTale.com","robots":{"index":"index","follow":"follow","max-snippet":"max-snippet:-1","max-image-preview":"max-image-preview:large","max-video-preview":"max-video-preview:-1"},"canonical":"https:\/\/metaltale.com\/lv\/produkts\/bidamo-durvju-rokturis-massive-265-mm-melns\/","og_locale":"lv_LV","og_type":"article","og_title":"B\u012bd\u0101mo durvju rokturis MASSIVE 265 mm melns - MetalTale.com","og_description":"Modelis 49.083XUX Materi\u0101ls Ketus Kop\u0113jais platums (cm ) 26,5 Kop\u0113j\u0101 projekcija (cm ) 7 Pamatnes izm\u0113ri (cm) 7 x 4,6","og_url":"https:\/\/metaltale.com\/lv\/produkts\/bidamo-durvju-rokturis-massive-265-mm-melns\/","og_site_name":"MetalTale.com","twitter_card":"summary_large_image","twitter_misc":{"Est. reading time":"1 minute"},"schema":{"@context":"https:\/\/schema.org","@graph":[{"@type":"WebPage","@id":"https:\/\/metaltale.com\/lv\/produkts\/bidamo-durvju-rokturis-massive-265-mm-melns\/","url":"https:\/\/metaltale.com\/lv\/produkts\/bidamo-durvju-rokturis-massive-265-mm-melns\/","name":"B\u012bd\u0101mo durvju rokturis MASSIVE 265 mm melns - MetalTale.com","isPartOf":{"@id":"https:\/\/metaltale.com\/lv\/#website"},"primaryImageOfPage":{"@id":"https:\/\/metaltale.com\/lv\/produkts\/bidamo-durvju-rokturis-massive-265-mm-melns\/#primaryimage"},"image":{"@id":"https:\/\/metaltale.com\/lv\/produkts\/bidamo-durvju-rokturis-massive-265-mm-melns\/#primaryimage"},"thumbnailUrl":"https:\/\/metaltale.com\/wp-content\/uploads\/2024\/01\/Stumdomu-duru-rankenos-MASSIVE-265-mm-juoda.jpg","datePublished":"2024-02-13T11:19:04+00:00","breadcrumb":{"@id":"https:\/\/metaltale.com\/lv\/produkts\/bidamo-durvju-rokturis-massive-265-mm-melns\/#breadcrumb"},"inLanguage":"lv-LV","potentialAction":[{"@type":"ReadAction","target":["https:\/\/metaltale.com\/lv\/produkts\/bidamo-durvju-rokturis-massive-265-mm-melns\/"]}]},{"@type":"ImageObject","inLanguage":"lv-LV","@id":"https:\/\/metaltale.com\/lv\/produkts\/bidamo-durvju-rokturis-massive-265-mm-melns\/#primaryimage","url":"https:\/\/metaltale.com\/wp-content\/uploads\/2024\/01\/Stumdomu-duru-rankenos-MASSIVE-265-mm-juoda.jpg","contentUrl":"https:\/\/metaltale.com\/wp-content\/uploads\/2024\/01\/Stumdomu-duru-rankenos-MASSIVE-265-mm-juoda.jpg","width":800,"height":800,"caption":"B\u012bd\u0101mo durvju rokturi MASSIVE 265 mm melni"},{"@type":"BreadcrumbList","@id":"https:\/\/metaltale.com\/lv\/produkts\/bidamo-durvju-rokturis-massive-265-mm-melns\/#breadcrumb","itemListElement":[{"@type":"ListItem","position":1,"name":"Home","item":"https:\/\/metaltale.com\/lv\/majas\/"},{"@type":"ListItem","position":2,"name":"Veikals","item":"https:\/\/metaltale.com\/lv\/shop\/"},{"@type":"ListItem","position":3,"name":"B\u012bd\u0101mo durvju rokturis MASSIVE 265 mm melns"}]},{"@type":"WebSite","@id":"https:\/\/metaltale.com\/lv\/#website","url":"https:\/\/metaltale.com\/lv\/","name":"Metaltale.com","description":"","potentialAction":[{"@type":"SearchAction","target":{"@type":"EntryPoint","urlTemplate":"https:\/\/metaltale.com\/lv\/?s={search_term_string}"},"query-input":{"@type":"PropertyValueSpecification","valueRequired":true,"valueName":"search_term_string"}}],"inLanguage":"lv-LV"}]}},"_links":{"self":[{"href":"https:\/\/metaltale.com\/lv\/wp-json\/wp\/v2\/product\/134623","targetHints":{"allow":["GET"]}}],"collection":[{"href":"https:\/\/metaltale.com\/lv\/wp-json\/wp\/v2\/product"}],"about":[{"href":"https:\/\/metaltale.com\/lv\/wp-json\/wp\/v2\/types\/product"}],"replies":[{"embeddable":true,"href":"https:\/\/metaltale.com\/lv\/wp-json\/wp\/v2\/comments?post=134623"}],"version-history":[{"count":0,"href":"https:\/\/metaltale.com\/lv\/wp-json\/wp\/v2\/product\/134623\/revisions"}],"wp:featuredmedia":[{"embeddable":true,"href":"https:\/\/metaltale.com\/lv\/wp-json\/wp\/v2\/media\/130799"}],"wp:attachment":[{"href":"https:\/\/metaltale.com\/lv\/wp-json\/wp\/v2\/media?parent=134623"}],"wp:term":[{"taxonomy":"product_brand","embeddable":true,"href":"https:\/\/metaltale.com\/lv\/wp-json\/wp\/v2\/product_brand?post=134623"},{"taxonomy":"product_cat","embeddable":true,"href":"https:\/\/metaltale.com\/lv\/wp-json\/wp\/v2\/product_cat?post=134623"},{"taxonomy":"product_tag","embeddable":true,"href":"https:\/\/metaltale.com\/lv\/wp-json\/wp\/v2\/product_tag?post=134623"}],"curies":[{"name":"wp","href":"https:\/\/api.w.org\/{rel}","templated":true}]}}