{"id":134606,"date":"2024-02-13T14:27:05","date_gmt":"2024-02-13T12:27:05","guid":{"rendered":"https:\/\/metaltale.com\/produktas\/bidamo-durvju-rokturis-melns-pik\/"},"modified":"2024-02-13T14:27:05","modified_gmt":"2024-02-13T12:27:05","slug":"bidamo-durvju-rokturis-melns-pik","status":"publish","type":"product","link":"https:\/\/metaltale.com\/lv\/produkts\/bidamo-durvju-rokturis-melns-pik\/","title":{"rendered":"B\u012bd\u0101mo durvju rokturis melns PIK"},"content":{"rendered":"<div class=\"prod_data\">SAVE <strong>modelis<\/strong>. BA012  <br \/><strong>EAN.<\/strong>  5907772071526  <br \/><strong>Materi\u0101ls<\/strong> T\u0113rauds  <br \/><strong>Att\u0101lums starp<\/strong> caurumiem <strong>(cm<\/strong> ) Vertik\u0101li: 21 \/ l\u012bmenis 3,5  <br \/><strong>Kr\u0101sa<\/strong> Melna  <br \/>PIK t\u0113rauda tur\u0113t\u0101js<\/p>\n<p>Kop\u0113jais garums 26 cm +\/- 1 mm<\/p>\n<p>Aug\u0161\u0113jais platums ar 3 caurumiem 5,4 cm +\/- 1 mm<\/p>\n<p>Apak\u0161da\u013cas platums ar 1 caurumu 3,8 cm +\/- 1 mm<\/p>\n<p>Rokturis izvirz\u0101s no durv\u012bm vist\u0101l\u0101kaj\u0101 viet\u0101 3,9 +\/- 1 mm.<\/p>\n<\/p>\n<\/div>\n","protected":false},"excerpt":{"rendered":"<p>SAVE modelis. BA012 EAN. 5907772071526 Materi\u0101ls T\u0113rauds Att\u0101lums starp caurumiem (cm ) Vertik\u0101li: 21 \/ l\u012bmenis 3,5 Kr\u0101sa Melna PIK<\/p>\n","protected":false},"featured_media":69337,"comment_status":"open","ping_status":"closed","template":"","meta":{"_acf_changed":false,"pmpro_default_level":""},"product_brand":[],"product_cat":[24063],"product_tag":[],"class_list":{"0":"post-134606","1":"product","2":"type-product","3":"status-publish","4":"has-post-thumbnail","6":"product_cat-bidamo-durvju-rokturi","7":"pmpro-has-access","9":"first","10":"instock","11":"shipping-taxable","12":"purchasable","13":"product-type-simple"},"acf":[],"yoast_head":"<!-- This site is optimized with the Yoast SEO plugin v24.9 - https:\/\/yoast.com\/wordpress\/plugins\/seo\/ -->\n<title>B\u012bd\u0101mo durvju rokturis melns PIK - MetalTale.com<\/title>\n<meta name=\"robots\" content=\"index, follow, max-snippet:-1, max-image-preview:large, max-video-preview:-1\" \/>\n<link rel=\"canonical\" href=\"https:\/\/metaltale.com\/lv\/produkts\/bidamo-durvju-rokturis-melns-pik\/\" \/>\n<meta property=\"og:locale\" content=\"lv_LV\" \/>\n<meta property=\"og:type\" content=\"article\" \/>\n<meta property=\"og:title\" content=\"B\u012bd\u0101mo durvju rokturis melns PIK - MetalTale.com\" \/>\n<meta property=\"og:description\" content=\"SAVE modelis. BA012 EAN. 5907772071526 Materi\u0101ls T\u0113rauds Att\u0101lums starp caurumiem (cm ) Vertik\u0101li: 21 \/ l\u012bmenis 3,5 Kr\u0101sa Melna PIK\" \/>\n<meta property=\"og:url\" content=\"https:\/\/metaltale.com\/lv\/produkts\/bidamo-durvju-rokturis-melns-pik\/\" \/>\n<meta property=\"og:site_name\" content=\"MetalTale.com\" \/>\n<meta name=\"twitter:card\" content=\"summary_large_image\" \/>\n<script type=\"application\/ld+json\" class=\"yoast-schema-graph\">{\"@context\":\"https:\/\/schema.org\",\"@graph\":[{\"@type\":\"WebPage\",\"@id\":\"https:\/\/metaltale.com\/lv\/produkts\/bidamo-durvju-rokturis-melns-pik\/\",\"url\":\"https:\/\/metaltale.com\/lv\/produkts\/bidamo-durvju-rokturis-melns-pik\/\",\"name\":\"B\u012bd\u0101mo durvju rokturis melns PIK - MetalTale.com\",\"isPartOf\":{\"@id\":\"https:\/\/metaltale.com\/lv\/#website\"},\"primaryImageOfPage\":{\"@id\":\"https:\/\/metaltale.com\/lv\/produkts\/bidamo-durvju-rokturis-melns-pik\/#primaryimage\"},\"image\":{\"@id\":\"https:\/\/metaltale.com\/lv\/produkts\/bidamo-durvju-rokturis-melns-pik\/#primaryimage\"},\"thumbnailUrl\":\"https:\/\/metaltale.com\/wp-content\/uploads\/2023\/09\/PIK-laikiklis.jpg\",\"datePublished\":\"2024-02-13T12:27:05+00:00\",\"breadcrumb\":{\"@id\":\"https:\/\/metaltale.com\/lv\/produkts\/bidamo-durvju-rokturis-melns-pik\/#breadcrumb\"},\"inLanguage\":\"lv-LV\",\"potentialAction\":[{\"@type\":\"ReadAction\",\"target\":[\"https:\/\/metaltale.com\/lv\/produkts\/bidamo-durvju-rokturis-melns-pik\/\"]}]},{\"@type\":\"ImageObject\",\"inLanguage\":\"lv-LV\",\"@id\":\"https:\/\/metaltale.com\/lv\/produkts\/bidamo-durvju-rokturis-melns-pik\/#primaryimage\",\"url\":\"https:\/\/metaltale.com\/wp-content\/uploads\/2023\/09\/PIK-laikiklis.jpg\",\"contentUrl\":\"https:\/\/metaltale.com\/wp-content\/uploads\/2023\/09\/PIK-laikiklis.jpg\",\"width\":800,\"height\":800},{\"@type\":\"BreadcrumbList\",\"@id\":\"https:\/\/metaltale.com\/lv\/produkts\/bidamo-durvju-rokturis-melns-pik\/#breadcrumb\",\"itemListElement\":[{\"@type\":\"ListItem\",\"position\":1,\"name\":\"Home\",\"item\":\"https:\/\/metaltale.com\/lv\/majas\/\"},{\"@type\":\"ListItem\",\"position\":2,\"name\":\"Veikals\",\"item\":\"https:\/\/metaltale.com\/lv\/shop\/\"},{\"@type\":\"ListItem\",\"position\":3,\"name\":\"B\u012bd\u0101mo durvju rokturis melns PIK\"}]},{\"@type\":\"WebSite\",\"@id\":\"https:\/\/metaltale.com\/lv\/#website\",\"url\":\"https:\/\/metaltale.com\/lv\/\",\"name\":\"Metaltale.com\",\"description\":\"\",\"potentialAction\":[{\"@type\":\"SearchAction\",\"target\":{\"@type\":\"EntryPoint\",\"urlTemplate\":\"https:\/\/metaltale.com\/lv\/?s={search_term_string}\"},\"query-input\":{\"@type\":\"PropertyValueSpecification\",\"valueRequired\":true,\"valueName\":\"search_term_string\"}}],\"inLanguage\":\"lv-LV\"}]}<\/script>\n<!-- \/ Yoast SEO plugin. -->","yoast_head_json":{"title":"B\u012bd\u0101mo durvju rokturis melns PIK - MetalTale.com","robots":{"index":"index","follow":"follow","max-snippet":"max-snippet:-1","max-image-preview":"max-image-preview:large","max-video-preview":"max-video-preview:-1"},"canonical":"https:\/\/metaltale.com\/lv\/produkts\/bidamo-durvju-rokturis-melns-pik\/","og_locale":"lv_LV","og_type":"article","og_title":"B\u012bd\u0101mo durvju rokturis melns PIK - MetalTale.com","og_description":"SAVE modelis. BA012 EAN. 5907772071526 Materi\u0101ls T\u0113rauds Att\u0101lums starp caurumiem (cm ) Vertik\u0101li: 21 \/ l\u012bmenis 3,5 Kr\u0101sa Melna PIK","og_url":"https:\/\/metaltale.com\/lv\/produkts\/bidamo-durvju-rokturis-melns-pik\/","og_site_name":"MetalTale.com","twitter_card":"summary_large_image","schema":{"@context":"https:\/\/schema.org","@graph":[{"@type":"WebPage","@id":"https:\/\/metaltale.com\/lv\/produkts\/bidamo-durvju-rokturis-melns-pik\/","url":"https:\/\/metaltale.com\/lv\/produkts\/bidamo-durvju-rokturis-melns-pik\/","name":"B\u012bd\u0101mo durvju rokturis melns PIK - MetalTale.com","isPartOf":{"@id":"https:\/\/metaltale.com\/lv\/#website"},"primaryImageOfPage":{"@id":"https:\/\/metaltale.com\/lv\/produkts\/bidamo-durvju-rokturis-melns-pik\/#primaryimage"},"image":{"@id":"https:\/\/metaltale.com\/lv\/produkts\/bidamo-durvju-rokturis-melns-pik\/#primaryimage"},"thumbnailUrl":"https:\/\/metaltale.com\/wp-content\/uploads\/2023\/09\/PIK-laikiklis.jpg","datePublished":"2024-02-13T12:27:05+00:00","breadcrumb":{"@id":"https:\/\/metaltale.com\/lv\/produkts\/bidamo-durvju-rokturis-melns-pik\/#breadcrumb"},"inLanguage":"lv-LV","potentialAction":[{"@type":"ReadAction","target":["https:\/\/metaltale.com\/lv\/produkts\/bidamo-durvju-rokturis-melns-pik\/"]}]},{"@type":"ImageObject","inLanguage":"lv-LV","@id":"https:\/\/metaltale.com\/lv\/produkts\/bidamo-durvju-rokturis-melns-pik\/#primaryimage","url":"https:\/\/metaltale.com\/wp-content\/uploads\/2023\/09\/PIK-laikiklis.jpg","contentUrl":"https:\/\/metaltale.com\/wp-content\/uploads\/2023\/09\/PIK-laikiklis.jpg","width":800,"height":800},{"@type":"BreadcrumbList","@id":"https:\/\/metaltale.com\/lv\/produkts\/bidamo-durvju-rokturis-melns-pik\/#breadcrumb","itemListElement":[{"@type":"ListItem","position":1,"name":"Home","item":"https:\/\/metaltale.com\/lv\/majas\/"},{"@type":"ListItem","position":2,"name":"Veikals","item":"https:\/\/metaltale.com\/lv\/shop\/"},{"@type":"ListItem","position":3,"name":"B\u012bd\u0101mo durvju rokturis melns PIK"}]},{"@type":"WebSite","@id":"https:\/\/metaltale.com\/lv\/#website","url":"https:\/\/metaltale.com\/lv\/","name":"Metaltale.com","description":"","potentialAction":[{"@type":"SearchAction","target":{"@type":"EntryPoint","urlTemplate":"https:\/\/metaltale.com\/lv\/?s={search_term_string}"},"query-input":{"@type":"PropertyValueSpecification","valueRequired":true,"valueName":"search_term_string"}}],"inLanguage":"lv-LV"}]}},"_links":{"self":[{"href":"https:\/\/metaltale.com\/lv\/wp-json\/wp\/v2\/product\/134606","targetHints":{"allow":["GET"]}}],"collection":[{"href":"https:\/\/metaltale.com\/lv\/wp-json\/wp\/v2\/product"}],"about":[{"href":"https:\/\/metaltale.com\/lv\/wp-json\/wp\/v2\/types\/product"}],"replies":[{"embeddable":true,"href":"https:\/\/metaltale.com\/lv\/wp-json\/wp\/v2\/comments?post=134606"}],"version-history":[{"count":0,"href":"https:\/\/metaltale.com\/lv\/wp-json\/wp\/v2\/product\/134606\/revisions"}],"wp:featuredmedia":[{"embeddable":true,"href":"https:\/\/metaltale.com\/lv\/wp-json\/wp\/v2\/media\/69337"}],"wp:attachment":[{"href":"https:\/\/metaltale.com\/lv\/wp-json\/wp\/v2\/media?parent=134606"}],"wp:term":[{"taxonomy":"product_brand","embeddable":true,"href":"https:\/\/metaltale.com\/lv\/wp-json\/wp\/v2\/product_brand?post=134606"},{"taxonomy":"product_cat","embeddable":true,"href":"https:\/\/metaltale.com\/lv\/wp-json\/wp\/v2\/product_cat?post=134606"},{"taxonomy":"product_tag","embeddable":true,"href":"https:\/\/metaltale.com\/lv\/wp-json\/wp\/v2\/product_tag?post=134606"}],"curies":[{"name":"wp","href":"https:\/\/api.w.org\/{rel}","templated":true}]}}