{"id":134603,"date":"2024-01-12T16:02:05","date_gmt":"2024-01-12T14:02:05","guid":{"rendered":"https:\/\/metaltale.com\/produktas\/bidamo-durvju-rokturis-melns-klaus\/"},"modified":"2024-01-12T16:02:05","modified_gmt":"2024-01-12T14:02:05","slug":"bidamo-durvju-rokturis-melns-klaus","status":"publish","type":"product","link":"https:\/\/metaltale.com\/lv\/produkts\/bidamo-durvju-rokturis-melns-klaus\/","title":{"rendered":"B\u012bd\u0101mo durvju rokturis melns KLAUS"},"content":{"rendered":"<div class=\"prod_data\">SAVE <strong>modelis<\/strong>. TY-25. NGB  <br \/><strong>Materi\u0101ls<\/strong> T\u0113rauds  <br \/><strong> [cm]Kop\u0113jais garums<\/strong> 23,2 <strong> <\/strong> <br \/><strong>Kop\u0113jais platums (cm<\/strong> ) 5,15  <br \/><strong>Kop\u0113j\u0101 projekcija (cm<\/strong> ) 5,44  <br \/><strong>Att\u0101lums starp<\/strong> caurumiem (<strong>cm<\/strong> ) 18,8  <br \/><strong>Mont\u0101\u017eas skr\u016bves<\/strong> J\u0101  <br \/><strong>Kr\u0101sa<\/strong> Melna  <br \/><strong>Daudzums komplekt\u0101<\/strong> 1 gab.  <\/p>\n<p>&#8211; Rokturis izgatavots no augst\u0101k\u0101s kvalit\u0101tes t\u0113rauda, kas garant\u0113 lieto\u0161anas dro\u0161\u012bbu<br \/>&#8211; Pulvera p\u0101rkl\u0101jums nodro\u0161ina virs vid\u0113j\u0101 l\u012bme\u0146a iztur\u012bbu<br \/>&#8211; margu kr\u0101sa lieliski sader ar vis\u0101m melnaj\u0101m vadl\u012bnij\u0101m, kas atrodamas Rustykalneuchwyty.pl veikala pied\u0101v\u0101jum\u0101.<br \/>&#8211; prec\u012bza apstr\u0101de, piev\u0113r\u0161ot uzman\u012bbu katrai deta\u013cai, garant\u0113 piln\u012bgu lieto\u0161anas komfortu.<br \/>&#8211; Roktura univers\u0101lais raksturs \u013cauj uzst\u0101d\u012bt b\u012bd\u0101m\u0101s durvis, m\u0113be\u013cu durvis un atvilkt\u0146u frontes.<br \/>&#8211; izstr\u0101d\u0101jumu var veiksm\u012bgi izmantot k\u0101 praktisku v\u0101rtu tur\u0113t\u0101ju.<br \/>&#8211; margu vienk\u0101r\u0161\u0101 arhitekt\u016bra padara t\u0101s ide\u0101li piem\u0113rotas jebkuram interjeram neatkar\u012bgi no stila.<\/p>\n<hr>\n<p>Pla\u0161aj\u0101 Rustykalneuchwyty.pl b\u012bd\u0101mo durvju rokturu kl\u0101st\u0101 ir gan vienk\u0101r\u0161as arhitekt\u016bras, gan dekor\u0113ti, sare\u017e\u0123\u012bt\u0101ki mode\u013ci. M\u016bsu pied\u0101v\u0101tie b\u012bd\u0101mo durvju rokturi ir izgatavoti, piev\u0113r\u0161ot uzman\u012bbu katrai deta\u013cai, kas garant\u0113 \u0113rtu un uzticamu lieto\u0161anu. \u0160\u012bs kategorijas izstr\u0101d\u0101jumi izce\u013c visas b\u012bd\u0101m\u0101s sist\u0113mas raksturu un skaistumu. Uzst\u0101dot divus at\u0161\u0137ir\u012bgus margu margas vienam durvju modelim, var piln\u012bb\u0101 main\u012bt durvju stilu. Atkar\u012bb\u0101 no izv\u0113l\u0113t\u0101 mode\u013ca par\u0101d\u012btie rokturi pie\u0161\u0137ir sp\u0113c\u012bgu vai maigu akcentu m\u016bsdienu, lauku un b\u0113ni\u0146u interjeriem.<\/p>\n<\/div>\n","protected":false},"excerpt":{"rendered":"<p>SAVE modelis. TY-25. NGB Materi\u0101ls T\u0113rauds [cm]Kop\u0113jais garums 23,2 Kop\u0113jais platums (cm ) 5,15 Kop\u0113j\u0101 projekcija (cm ) 5,44 Att\u0101lums<\/p>\n","protected":false},"featured_media":75763,"comment_status":"open","ping_status":"closed","template":"","meta":{"_acf_changed":false,"pmpro_default_level":""},"product_brand":[],"product_cat":[24063],"product_tag":[],"class_list":{"0":"post-134603","1":"product","2":"type-product","3":"status-publish","4":"has-post-thumbnail","6":"product_cat-bidamo-durvju-rokturi","7":"pmpro-has-access","9":"first","10":"instock","11":"shipping-taxable","12":"purchasable","13":"product-type-simple"},"acf":[],"yoast_head":"<!-- This site is optimized with the Yoast SEO plugin v24.9 - https:\/\/yoast.com\/wordpress\/plugins\/seo\/ -->\n<title>B\u012bd\u0101mo durvju rokturis melns KLAUS - MetalTale.com<\/title>\n<meta name=\"robots\" content=\"index, follow, max-snippet:-1, max-image-preview:large, max-video-preview:-1\" \/>\n<link rel=\"canonical\" href=\"https:\/\/metaltale.com\/lv\/produkts\/bidamo-durvju-rokturis-melns-klaus\/\" \/>\n<meta property=\"og:locale\" content=\"lv_LV\" \/>\n<meta property=\"og:type\" content=\"article\" \/>\n<meta property=\"og:title\" content=\"B\u012bd\u0101mo durvju rokturis melns KLAUS - MetalTale.com\" \/>\n<meta property=\"og:description\" content=\"SAVE modelis. TY-25. NGB Materi\u0101ls T\u0113rauds [cm]Kop\u0113jais garums 23,2 Kop\u0113jais platums (cm ) 5,15 Kop\u0113j\u0101 projekcija (cm ) 5,44 Att\u0101lums\" \/>\n<meta property=\"og:url\" content=\"https:\/\/metaltale.com\/lv\/produkts\/bidamo-durvju-rokturis-melns-klaus\/\" \/>\n<meta property=\"og:site_name\" content=\"MetalTale.com\" \/>\n<meta name=\"twitter:card\" content=\"summary_large_image\" \/>\n<meta name=\"twitter:label1\" content=\"Est. reading time\" \/>\n\t<meta name=\"twitter:data1\" content=\"1 minute\" \/>\n<script type=\"application\/ld+json\" class=\"yoast-schema-graph\">{\"@context\":\"https:\/\/schema.org\",\"@graph\":[{\"@type\":\"WebPage\",\"@id\":\"https:\/\/metaltale.com\/lv\/produkts\/bidamo-durvju-rokturis-melns-klaus\/\",\"url\":\"https:\/\/metaltale.com\/lv\/produkts\/bidamo-durvju-rokturis-melns-klaus\/\",\"name\":\"B\u012bd\u0101mo durvju rokturis melns KLAUS - MetalTale.com\",\"isPartOf\":{\"@id\":\"https:\/\/metaltale.com\/lv\/#website\"},\"primaryImageOfPage\":{\"@id\":\"https:\/\/metaltale.com\/lv\/produkts\/bidamo-durvju-rokturis-melns-klaus\/#primaryimage\"},\"image\":{\"@id\":\"https:\/\/metaltale.com\/lv\/produkts\/bidamo-durvju-rokturis-melns-klaus\/#primaryimage\"},\"thumbnailUrl\":\"https:\/\/metaltale.com\/wp-content\/uploads\/2023\/10\/KLAUS-rankena.jpg\",\"datePublished\":\"2024-01-12T14:02:05+00:00\",\"breadcrumb\":{\"@id\":\"https:\/\/metaltale.com\/lv\/produkts\/bidamo-durvju-rokturis-melns-klaus\/#breadcrumb\"},\"inLanguage\":\"lv-LV\",\"potentialAction\":[{\"@type\":\"ReadAction\",\"target\":[\"https:\/\/metaltale.com\/lv\/produkts\/bidamo-durvju-rokturis-melns-klaus\/\"]}]},{\"@type\":\"ImageObject\",\"inLanguage\":\"lv-LV\",\"@id\":\"https:\/\/metaltale.com\/lv\/produkts\/bidamo-durvju-rokturis-melns-klaus\/#primaryimage\",\"url\":\"https:\/\/metaltale.com\/wp-content\/uploads\/2023\/10\/KLAUS-rankena.jpg\",\"contentUrl\":\"https:\/\/metaltale.com\/wp-content\/uploads\/2023\/10\/KLAUS-rankena.jpg\",\"width\":800,\"height\":800},{\"@type\":\"BreadcrumbList\",\"@id\":\"https:\/\/metaltale.com\/lv\/produkts\/bidamo-durvju-rokturis-melns-klaus\/#breadcrumb\",\"itemListElement\":[{\"@type\":\"ListItem\",\"position\":1,\"name\":\"Home\",\"item\":\"https:\/\/metaltale.com\/lv\/majas\/\"},{\"@type\":\"ListItem\",\"position\":2,\"name\":\"Veikals\",\"item\":\"https:\/\/metaltale.com\/lv\/shop\/\"},{\"@type\":\"ListItem\",\"position\":3,\"name\":\"B\u012bd\u0101mo durvju rokturis melns KLAUS\"}]},{\"@type\":\"WebSite\",\"@id\":\"https:\/\/metaltale.com\/lv\/#website\",\"url\":\"https:\/\/metaltale.com\/lv\/\",\"name\":\"Metaltale.com\",\"description\":\"\",\"potentialAction\":[{\"@type\":\"SearchAction\",\"target\":{\"@type\":\"EntryPoint\",\"urlTemplate\":\"https:\/\/metaltale.com\/lv\/?s={search_term_string}\"},\"query-input\":{\"@type\":\"PropertyValueSpecification\",\"valueRequired\":true,\"valueName\":\"search_term_string\"}}],\"inLanguage\":\"lv-LV\"}]}<\/script>\n<!-- \/ Yoast SEO plugin. -->","yoast_head_json":{"title":"B\u012bd\u0101mo durvju rokturis melns KLAUS - MetalTale.com","robots":{"index":"index","follow":"follow","max-snippet":"max-snippet:-1","max-image-preview":"max-image-preview:large","max-video-preview":"max-video-preview:-1"},"canonical":"https:\/\/metaltale.com\/lv\/produkts\/bidamo-durvju-rokturis-melns-klaus\/","og_locale":"lv_LV","og_type":"article","og_title":"B\u012bd\u0101mo durvju rokturis melns KLAUS - MetalTale.com","og_description":"SAVE modelis. TY-25. NGB Materi\u0101ls T\u0113rauds [cm]Kop\u0113jais garums 23,2 Kop\u0113jais platums (cm ) 5,15 Kop\u0113j\u0101 projekcija (cm ) 5,44 Att\u0101lums","og_url":"https:\/\/metaltale.com\/lv\/produkts\/bidamo-durvju-rokturis-melns-klaus\/","og_site_name":"MetalTale.com","twitter_card":"summary_large_image","twitter_misc":{"Est. reading time":"1 minute"},"schema":{"@context":"https:\/\/schema.org","@graph":[{"@type":"WebPage","@id":"https:\/\/metaltale.com\/lv\/produkts\/bidamo-durvju-rokturis-melns-klaus\/","url":"https:\/\/metaltale.com\/lv\/produkts\/bidamo-durvju-rokturis-melns-klaus\/","name":"B\u012bd\u0101mo durvju rokturis melns KLAUS - MetalTale.com","isPartOf":{"@id":"https:\/\/metaltale.com\/lv\/#website"},"primaryImageOfPage":{"@id":"https:\/\/metaltale.com\/lv\/produkts\/bidamo-durvju-rokturis-melns-klaus\/#primaryimage"},"image":{"@id":"https:\/\/metaltale.com\/lv\/produkts\/bidamo-durvju-rokturis-melns-klaus\/#primaryimage"},"thumbnailUrl":"https:\/\/metaltale.com\/wp-content\/uploads\/2023\/10\/KLAUS-rankena.jpg","datePublished":"2024-01-12T14:02:05+00:00","breadcrumb":{"@id":"https:\/\/metaltale.com\/lv\/produkts\/bidamo-durvju-rokturis-melns-klaus\/#breadcrumb"},"inLanguage":"lv-LV","potentialAction":[{"@type":"ReadAction","target":["https:\/\/metaltale.com\/lv\/produkts\/bidamo-durvju-rokturis-melns-klaus\/"]}]},{"@type":"ImageObject","inLanguage":"lv-LV","@id":"https:\/\/metaltale.com\/lv\/produkts\/bidamo-durvju-rokturis-melns-klaus\/#primaryimage","url":"https:\/\/metaltale.com\/wp-content\/uploads\/2023\/10\/KLAUS-rankena.jpg","contentUrl":"https:\/\/metaltale.com\/wp-content\/uploads\/2023\/10\/KLAUS-rankena.jpg","width":800,"height":800},{"@type":"BreadcrumbList","@id":"https:\/\/metaltale.com\/lv\/produkts\/bidamo-durvju-rokturis-melns-klaus\/#breadcrumb","itemListElement":[{"@type":"ListItem","position":1,"name":"Home","item":"https:\/\/metaltale.com\/lv\/majas\/"},{"@type":"ListItem","position":2,"name":"Veikals","item":"https:\/\/metaltale.com\/lv\/shop\/"},{"@type":"ListItem","position":3,"name":"B\u012bd\u0101mo durvju rokturis melns KLAUS"}]},{"@type":"WebSite","@id":"https:\/\/metaltale.com\/lv\/#website","url":"https:\/\/metaltale.com\/lv\/","name":"Metaltale.com","description":"","potentialAction":[{"@type":"SearchAction","target":{"@type":"EntryPoint","urlTemplate":"https:\/\/metaltale.com\/lv\/?s={search_term_string}"},"query-input":{"@type":"PropertyValueSpecification","valueRequired":true,"valueName":"search_term_string"}}],"inLanguage":"lv-LV"}]}},"_links":{"self":[{"href":"https:\/\/metaltale.com\/lv\/wp-json\/wp\/v2\/product\/134603","targetHints":{"allow":["GET"]}}],"collection":[{"href":"https:\/\/metaltale.com\/lv\/wp-json\/wp\/v2\/product"}],"about":[{"href":"https:\/\/metaltale.com\/lv\/wp-json\/wp\/v2\/types\/product"}],"replies":[{"embeddable":true,"href":"https:\/\/metaltale.com\/lv\/wp-json\/wp\/v2\/comments?post=134603"}],"version-history":[{"count":0,"href":"https:\/\/metaltale.com\/lv\/wp-json\/wp\/v2\/product\/134603\/revisions"}],"wp:featuredmedia":[{"embeddable":true,"href":"https:\/\/metaltale.com\/lv\/wp-json\/wp\/v2\/media\/75763"}],"wp:attachment":[{"href":"https:\/\/metaltale.com\/lv\/wp-json\/wp\/v2\/media?parent=134603"}],"wp:term":[{"taxonomy":"product_brand","embeddable":true,"href":"https:\/\/metaltale.com\/lv\/wp-json\/wp\/v2\/product_brand?post=134603"},{"taxonomy":"product_cat","embeddable":true,"href":"https:\/\/metaltale.com\/lv\/wp-json\/wp\/v2\/product_cat?post=134603"},{"taxonomy":"product_tag","embeddable":true,"href":"https:\/\/metaltale.com\/lv\/wp-json\/wp\/v2\/product_tag?post=134603"}],"curies":[{"name":"wp","href":"https:\/\/api.w.org\/{rel}","templated":true}]}}