{"id":134600,"date":"2024-02-13T15:07:04","date_gmt":"2024-02-13T13:07:04","guid":{"rendered":"https:\/\/metaltale.com\/produktas\/bidamo-durvju-rokturis-melns-mark\/"},"modified":"2024-02-13T15:07:04","modified_gmt":"2024-02-13T13:07:04","slug":"bidamo-durvju-rokturis-melns-mark","status":"publish","type":"product","link":"https:\/\/metaltale.com\/lv\/produkts\/bidamo-durvju-rokturis-melns-mark\/","title":{"rendered":"B\u012bd\u0101mo durvju rokturis melns MARK"},"content":{"rendered":"<div class=\"prod_data\"><strong>Modelis<\/strong> ZA.007-C10-150  <br \/><strong>Materi\u0101ls<\/strong> T\u0113rauds  <br \/><strong>Kop\u0113jais augstums (cm<\/strong> ) 15,2  <br \/><strong>Kop\u0113jais platums (cm<\/strong> ) 3,1  <br \/><strong>Kop\u0113j\u0101 projekcija (cm<\/strong> ) 1,5  <br \/><strong>Att\u0101lums starp<\/strong> caurumiem (<strong>cm<\/strong> ) 13  <br \/><strong>Mont\u0101\u017eas skr\u016bves<\/strong> J\u0101  <br \/><strong>Kr\u0101sa<\/strong> Melna  <br \/>Apdare Pulvera p\u0101rkl\u0101jums <\/p>\n<p>Rokturis izgatavots no augst\u0101k\u0101s kvalit\u0101tes t\u0113rauda dro\u0161ai lieto\u0161anai<\/p>\n<p>Pulvera p\u0101rkl\u0101jums nodro\u0161ina virs vid\u0113j\u0101 l\u012bme\u0146a iztur\u012bbu<\/p>\n<p>Margu kr\u0101sa lieliski sader ar vis\u0101m melnaj\u0101m vadl\u012bnij\u0101m no veikala Rustykalneuchwyty.pl.<\/p>\n<p>Precizit\u0101te, piev\u0113r\u0161ot uzman\u012bbu katrai deta\u013cai, garant\u0113 piln\u012bgu komfortu.<\/p>\n<p>Roktura univers\u0101lais raksturs \u013cauj to izmantot gan koka, gan stikla durv\u012bm met\u0101la r\u0101m\u012b.<\/p>\n<hr>\n<p>Ierosin\u0101tais m\u0113be\u013cu rokturis ir p\u0101rkl\u0101ts ar pulverkr\u0101sas p\u0101rkl\u0101jumu, padarot to iztur\u012bgu pret skr\u0101p\u0113jumiem un pie\u0161\u0137irot tam pies\u0101tin\u0101ti melnu kr\u0101su. T\u0101 ir izgatavota no augst\u0101k\u0101s kvalit\u0101tes t\u0113rauda, kas noz\u012bm\u0113, ka t\u0101 kalpos mums daudzus gadus. Papildu priek\u0161roc\u012bba ir roktura \u0113rt\u0101 lieto\u0161ana, pateicoties t\u0101 izvirz\u012btajai slaidajai da\u013cai. Mont\u0101\u017eas caurumi \u013cauj \u0101tri un viegli piestiprin\u0101t. Rokturis ir piem\u0113rots gan koka, gan stikla durv\u012bm ar t\u0113rauda r\u0101mi. Kron\u0161teins mont\u0101\u017eai durvju \u0101rpus\u0113.<\/p>\n<\/div>\n","protected":false},"excerpt":{"rendered":"<p>Modelis ZA.007-C10-150 Materi\u0101ls T\u0113rauds Kop\u0113jais augstums (cm ) 15,2 Kop\u0113jais platums (cm ) 3,1 Kop\u0113j\u0101 projekcija (cm ) 1,5 Att\u0101lums<\/p>\n","protected":false},"featured_media":92016,"comment_status":"open","ping_status":"closed","template":"","meta":{"_acf_changed":false,"pmpro_default_level":""},"product_brand":[],"product_cat":[24063],"product_tag":[],"class_list":{"0":"post-134600","1":"product","2":"type-product","3":"status-publish","4":"has-post-thumbnail","6":"product_cat-bidamo-durvju-rokturi","7":"pmpro-has-access","9":"first","10":"instock","11":"shipping-taxable","12":"purchasable","13":"product-type-simple"},"acf":[],"yoast_head":"<!-- This site is optimized with the Yoast SEO plugin v24.9 - https:\/\/yoast.com\/wordpress\/plugins\/seo\/ -->\n<title>B\u012bd\u0101mo durvju rokturis melns MARK - MetalTale.com<\/title>\n<meta name=\"robots\" content=\"index, follow, max-snippet:-1, max-image-preview:large, max-video-preview:-1\" \/>\n<link rel=\"canonical\" href=\"https:\/\/metaltale.com\/lv\/produkts\/bidamo-durvju-rokturis-melns-mark\/\" \/>\n<meta property=\"og:locale\" content=\"lv_LV\" \/>\n<meta property=\"og:type\" content=\"article\" \/>\n<meta property=\"og:title\" content=\"B\u012bd\u0101mo durvju rokturis melns MARK - MetalTale.com\" \/>\n<meta property=\"og:description\" content=\"Modelis ZA.007-C10-150 Materi\u0101ls T\u0113rauds Kop\u0113jais augstums (cm ) 15,2 Kop\u0113jais platums (cm ) 3,1 Kop\u0113j\u0101 projekcija (cm ) 1,5 Att\u0101lums\" \/>\n<meta property=\"og:url\" content=\"https:\/\/metaltale.com\/lv\/produkts\/bidamo-durvju-rokturis-melns-mark\/\" \/>\n<meta property=\"og:site_name\" content=\"MetalTale.com\" \/>\n<meta name=\"twitter:card\" content=\"summary_large_image\" \/>\n<meta name=\"twitter:label1\" content=\"Est. reading time\" \/>\n\t<meta name=\"twitter:data1\" content=\"1 minute\" \/>\n<script type=\"application\/ld+json\" class=\"yoast-schema-graph\">{\"@context\":\"https:\/\/schema.org\",\"@graph\":[{\"@type\":\"WebPage\",\"@id\":\"https:\/\/metaltale.com\/lv\/produkts\/bidamo-durvju-rokturis-melns-mark\/\",\"url\":\"https:\/\/metaltale.com\/lv\/produkts\/bidamo-durvju-rokturis-melns-mark\/\",\"name\":\"B\u012bd\u0101mo durvju rokturis melns MARK - MetalTale.com\",\"isPartOf\":{\"@id\":\"https:\/\/metaltale.com\/lv\/#website\"},\"primaryImageOfPage\":{\"@id\":\"https:\/\/metaltale.com\/lv\/produkts\/bidamo-durvju-rokturis-melns-mark\/#primaryimage\"},\"image\":{\"@id\":\"https:\/\/metaltale.com\/lv\/produkts\/bidamo-durvju-rokturis-melns-mark\/#primaryimage\"},\"thumbnailUrl\":\"https:\/\/metaltale.com\/wp-content\/uploads\/2023\/10\/MARK-laikiklis.jpg\",\"datePublished\":\"2024-02-13T13:07:04+00:00\",\"breadcrumb\":{\"@id\":\"https:\/\/metaltale.com\/lv\/produkts\/bidamo-durvju-rokturis-melns-mark\/#breadcrumb\"},\"inLanguage\":\"lv-LV\",\"potentialAction\":[{\"@type\":\"ReadAction\",\"target\":[\"https:\/\/metaltale.com\/lv\/produkts\/bidamo-durvju-rokturis-melns-mark\/\"]}]},{\"@type\":\"ImageObject\",\"inLanguage\":\"lv-LV\",\"@id\":\"https:\/\/metaltale.com\/lv\/produkts\/bidamo-durvju-rokturis-melns-mark\/#primaryimage\",\"url\":\"https:\/\/metaltale.com\/wp-content\/uploads\/2023\/10\/MARK-laikiklis.jpg\",\"contentUrl\":\"https:\/\/metaltale.com\/wp-content\/uploads\/2023\/10\/MARK-laikiklis.jpg\",\"width\":800,\"height\":800},{\"@type\":\"BreadcrumbList\",\"@id\":\"https:\/\/metaltale.com\/lv\/produkts\/bidamo-durvju-rokturis-melns-mark\/#breadcrumb\",\"itemListElement\":[{\"@type\":\"ListItem\",\"position\":1,\"name\":\"Home\",\"item\":\"https:\/\/metaltale.com\/lv\/majas\/\"},{\"@type\":\"ListItem\",\"position\":2,\"name\":\"Veikals\",\"item\":\"https:\/\/metaltale.com\/lv\/shop\/\"},{\"@type\":\"ListItem\",\"position\":3,\"name\":\"B\u012bd\u0101mo durvju rokturis melns MARK\"}]},{\"@type\":\"WebSite\",\"@id\":\"https:\/\/metaltale.com\/lv\/#website\",\"url\":\"https:\/\/metaltale.com\/lv\/\",\"name\":\"Metaltale.com\",\"description\":\"\",\"potentialAction\":[{\"@type\":\"SearchAction\",\"target\":{\"@type\":\"EntryPoint\",\"urlTemplate\":\"https:\/\/metaltale.com\/lv\/?s={search_term_string}\"},\"query-input\":{\"@type\":\"PropertyValueSpecification\",\"valueRequired\":true,\"valueName\":\"search_term_string\"}}],\"inLanguage\":\"lv-LV\"}]}<\/script>\n<!-- \/ Yoast SEO plugin. -->","yoast_head_json":{"title":"B\u012bd\u0101mo durvju rokturis melns MARK - MetalTale.com","robots":{"index":"index","follow":"follow","max-snippet":"max-snippet:-1","max-image-preview":"max-image-preview:large","max-video-preview":"max-video-preview:-1"},"canonical":"https:\/\/metaltale.com\/lv\/produkts\/bidamo-durvju-rokturis-melns-mark\/","og_locale":"lv_LV","og_type":"article","og_title":"B\u012bd\u0101mo durvju rokturis melns MARK - MetalTale.com","og_description":"Modelis ZA.007-C10-150 Materi\u0101ls T\u0113rauds Kop\u0113jais augstums (cm ) 15,2 Kop\u0113jais platums (cm ) 3,1 Kop\u0113j\u0101 projekcija (cm ) 1,5 Att\u0101lums","og_url":"https:\/\/metaltale.com\/lv\/produkts\/bidamo-durvju-rokturis-melns-mark\/","og_site_name":"MetalTale.com","twitter_card":"summary_large_image","twitter_misc":{"Est. reading time":"1 minute"},"schema":{"@context":"https:\/\/schema.org","@graph":[{"@type":"WebPage","@id":"https:\/\/metaltale.com\/lv\/produkts\/bidamo-durvju-rokturis-melns-mark\/","url":"https:\/\/metaltale.com\/lv\/produkts\/bidamo-durvju-rokturis-melns-mark\/","name":"B\u012bd\u0101mo durvju rokturis melns MARK - MetalTale.com","isPartOf":{"@id":"https:\/\/metaltale.com\/lv\/#website"},"primaryImageOfPage":{"@id":"https:\/\/metaltale.com\/lv\/produkts\/bidamo-durvju-rokturis-melns-mark\/#primaryimage"},"image":{"@id":"https:\/\/metaltale.com\/lv\/produkts\/bidamo-durvju-rokturis-melns-mark\/#primaryimage"},"thumbnailUrl":"https:\/\/metaltale.com\/wp-content\/uploads\/2023\/10\/MARK-laikiklis.jpg","datePublished":"2024-02-13T13:07:04+00:00","breadcrumb":{"@id":"https:\/\/metaltale.com\/lv\/produkts\/bidamo-durvju-rokturis-melns-mark\/#breadcrumb"},"inLanguage":"lv-LV","potentialAction":[{"@type":"ReadAction","target":["https:\/\/metaltale.com\/lv\/produkts\/bidamo-durvju-rokturis-melns-mark\/"]}]},{"@type":"ImageObject","inLanguage":"lv-LV","@id":"https:\/\/metaltale.com\/lv\/produkts\/bidamo-durvju-rokturis-melns-mark\/#primaryimage","url":"https:\/\/metaltale.com\/wp-content\/uploads\/2023\/10\/MARK-laikiklis.jpg","contentUrl":"https:\/\/metaltale.com\/wp-content\/uploads\/2023\/10\/MARK-laikiklis.jpg","width":800,"height":800},{"@type":"BreadcrumbList","@id":"https:\/\/metaltale.com\/lv\/produkts\/bidamo-durvju-rokturis-melns-mark\/#breadcrumb","itemListElement":[{"@type":"ListItem","position":1,"name":"Home","item":"https:\/\/metaltale.com\/lv\/majas\/"},{"@type":"ListItem","position":2,"name":"Veikals","item":"https:\/\/metaltale.com\/lv\/shop\/"},{"@type":"ListItem","position":3,"name":"B\u012bd\u0101mo durvju rokturis melns MARK"}]},{"@type":"WebSite","@id":"https:\/\/metaltale.com\/lv\/#website","url":"https:\/\/metaltale.com\/lv\/","name":"Metaltale.com","description":"","potentialAction":[{"@type":"SearchAction","target":{"@type":"EntryPoint","urlTemplate":"https:\/\/metaltale.com\/lv\/?s={search_term_string}"},"query-input":{"@type":"PropertyValueSpecification","valueRequired":true,"valueName":"search_term_string"}}],"inLanguage":"lv-LV"}]}},"_links":{"self":[{"href":"https:\/\/metaltale.com\/lv\/wp-json\/wp\/v2\/product\/134600","targetHints":{"allow":["GET"]}}],"collection":[{"href":"https:\/\/metaltale.com\/lv\/wp-json\/wp\/v2\/product"}],"about":[{"href":"https:\/\/metaltale.com\/lv\/wp-json\/wp\/v2\/types\/product"}],"replies":[{"embeddable":true,"href":"https:\/\/metaltale.com\/lv\/wp-json\/wp\/v2\/comments?post=134600"}],"version-history":[{"count":0,"href":"https:\/\/metaltale.com\/lv\/wp-json\/wp\/v2\/product\/134600\/revisions"}],"wp:featuredmedia":[{"embeddable":true,"href":"https:\/\/metaltale.com\/lv\/wp-json\/wp\/v2\/media\/92016"}],"wp:attachment":[{"href":"https:\/\/metaltale.com\/lv\/wp-json\/wp\/v2\/media?parent=134600"}],"wp:term":[{"taxonomy":"product_brand","embeddable":true,"href":"https:\/\/metaltale.com\/lv\/wp-json\/wp\/v2\/product_brand?post=134600"},{"taxonomy":"product_cat","embeddable":true,"href":"https:\/\/metaltale.com\/lv\/wp-json\/wp\/v2\/product_cat?post=134600"},{"taxonomy":"product_tag","embeddable":true,"href":"https:\/\/metaltale.com\/lv\/wp-json\/wp\/v2\/product_tag?post=134600"}],"curies":[{"name":"wp","href":"https:\/\/api.w.org\/{rel}","templated":true}]}}