{"id":134583,"date":"2024-02-13T13:27:05","date_gmt":"2024-02-13T11:27:05","guid":{"rendered":"https:\/\/metaltale.com\/produktas\/apala-ozolkoka-galda-virsma-rotunda-dabiga-ella\/"},"modified":"2024-02-13T13:27:05","modified_gmt":"2024-02-13T11:27:05","slug":"apala-ozolkoka-galda-virsma-rotunda-dabiga-ella","status":"publish","type":"product","link":"https:\/\/metaltale.com\/lv\/produkts\/apala-ozolkoka-galda-virsma-rotunda-dabiga-ella\/","title":{"rendered":"Apa\u013ca ozolkoka galda virsma ROTUNDA dab\u012bg\u0101 e\u013c\u013c\u0101"},"content":{"rendered":"<div class=\"prod_data\"><strong>Modelis<\/strong> VIDURIO OL  <br \/><strong>Materi\u0101ls<\/strong> Ozolkoka koks  <br \/>Biezums (cm ) 4 <br \/><strong>Kr\u0101sa<\/strong> Koks &#8211; dab\u012bg\u0101 e\u013c\u013ca  <br \/><strong>Apdare<\/strong> ar e\u013c\u013cas audumu  <\/p>\n<table align=\"center\" border=\"0\" style=\"width: 100%;\">\n<tbody>\n<tr>\n<td><\/td>\n<td><\/td>\n<td><\/td>\n<\/tr>\n<\/tbody>\n<\/table>\n<p>&#8211; apa\u013cas ozolkoka mas\u012bvkoka virsmas<br \/>&#8211; virsma ir aizsarg\u0101ta ar dab\u012bgo e\u013c\u013cu<br \/>&#8211; viegli mezgli, seklas plaisas.<br \/>&#8211; R\u016bp\u012bga izv\u0113le \u013cauj izmantot l\u012bdz\u012bgas kr\u0101sas materi\u0101lus ar maz\u0101ku nebaltumu.<br \/>&#8211; p\u0101rmai\u0146us \u0161\u0137iedru izvietojums nodro\u0161ina darba virsmas ilgm\u016b\u017e\u012bbu.<br \/>&#8211; tiek saglab\u0101ta koksnes dabisk\u0101 arhitekt\u016bra &#8211; kr\u0101sas izmai\u0146as, relat\u012bvi nelielas plaisas, mezgli.<br \/>&#8211; bez plais\u0101m vis\u0101 biezum\u0101 un bez loc\u012btav\u0101m.<br \/>&#8211; skat\u012bt. citi ROTUNDA mode\u013cu varianti<br \/>&#8211; iesp\u0113ja pas\u016bt\u012bt nestandarta izm\u0113ra galda virsmu.<br \/>&#8211; pied\u0101v\u0101jums attiecas tikai uz darba virsmu, un tas neattiecas uz m\u0113be\u013cu k\u0101j\u0101m.<\/p>\n<hr>\n<p>Koka pusdienu galdiem, \u012bpa\u0161i neliel\u0101s telp\u0101s, nav j\u0101b\u016bt taisnst\u016bra formas. Apa\u013c\u0101 ozolkoka galda virsma \u013cauj izveidot klasisku galdu, kas lieliski izskat\u012bsies virtuv\u0113s vai&#8230; dz\u012bvojam\u0101s istab\u0101s k\u0101 kafijas galdi\u0146\u0161. ROTUNDA ir maigs raksturs ar viegliem mezgliem un neliel\u0101m plais\u0101m. Dab\u012bg\u0101 e\u013c\u013cas impregn\u0113\u0161ana maigi izce\u013c ozolkoka unik\u0101l\u0101s tekst\u016bras skaistumu. T\u0101 ir daudzpus\u012bga kr\u0101sa, kas ieder\u0113sies visda\u017e\u0101d\u0101kajos interjeros &#8211; no \u0113damistabas l\u012bdz viesistabai, no avangarda l\u012bdz industri\u0101lam un minim\u0101lisma interjeram. Apa\u013cais koka galds ir klasisks un m\u016b\u017e\u012bgs izstr\u0101d\u0101jums, kas ieg\u016bst pavisam jaunu dimensiju, kad koka galda virsma tiek kombin\u0113ta ar t\u0113rauda k\u0101ju.<\/p>\n<\/div>\n","protected":false},"excerpt":{"rendered":"<p>Modelis VIDURIO OL Materi\u0101ls Ozolkoka koks Biezums (cm ) 4 Kr\u0101sa Koks &#8211; dab\u012bg\u0101 e\u013c\u013ca Apdare ar e\u013c\u013cas audumu &#8211;<\/p>\n","protected":false},"featured_media":66535,"comment_status":"open","ping_status":"closed","template":"","meta":{"_acf_changed":false,"pmpro_default_level":""},"product_brand":[],"product_cat":[24058],"product_tag":[],"class_list":{"0":"post-134583","1":"product","2":"type-product","3":"status-publish","4":"has-post-thumbnail","6":"product_cat-koka-darba-virsmas","7":"pmpro-has-access","9":"first","10":"instock","11":"shipping-taxable","12":"purchasable","13":"product-type-simple"},"acf":[],"yoast_head":"<!-- This site is optimized with the Yoast SEO plugin v24.9 - https:\/\/yoast.com\/wordpress\/plugins\/seo\/ -->\n<title>Apa\u013ca ozolkoka galda virsma ROTUNDA dab\u012bg\u0101 e\u013c\u013c\u0101 - MetalTale.com<\/title>\n<meta name=\"robots\" content=\"index, follow, max-snippet:-1, max-image-preview:large, max-video-preview:-1\" \/>\n<link rel=\"canonical\" href=\"https:\/\/metaltale.com\/lv\/produkts\/apala-ozolkoka-galda-virsma-rotunda-dabiga-ella\/\" \/>\n<meta property=\"og:locale\" content=\"lv_LV\" \/>\n<meta property=\"og:type\" content=\"article\" \/>\n<meta property=\"og:title\" content=\"Apa\u013ca ozolkoka galda virsma ROTUNDA dab\u012bg\u0101 e\u013c\u013c\u0101 - MetalTale.com\" \/>\n<meta property=\"og:description\" content=\"Modelis VIDURIO OL Materi\u0101ls Ozolkoka koks Biezums (cm ) 4 Kr\u0101sa Koks &#8211; dab\u012bg\u0101 e\u013c\u013ca Apdare ar e\u013c\u013cas audumu &#8211;\" \/>\n<meta property=\"og:url\" content=\"https:\/\/metaltale.com\/lv\/produkts\/apala-ozolkoka-galda-virsma-rotunda-dabiga-ella\/\" \/>\n<meta property=\"og:site_name\" content=\"MetalTale.com\" \/>\n<meta name=\"twitter:card\" content=\"summary_large_image\" \/>\n<meta name=\"twitter:label1\" content=\"Est. reading time\" \/>\n\t<meta name=\"twitter:data1\" content=\"1 minute\" \/>\n<script type=\"application\/ld+json\" class=\"yoast-schema-graph\">{\"@context\":\"https:\/\/schema.org\",\"@graph\":[{\"@type\":\"WebPage\",\"@id\":\"https:\/\/metaltale.com\/lv\/produkts\/apala-ozolkoka-galda-virsma-rotunda-dabiga-ella\/\",\"url\":\"https:\/\/metaltale.com\/lv\/produkts\/apala-ozolkoka-galda-virsma-rotunda-dabiga-ella\/\",\"name\":\"Apa\u013ca ozolkoka galda virsma ROTUNDA dab\u012bg\u0101 e\u013c\u013c\u0101 - MetalTale.com\",\"isPartOf\":{\"@id\":\"https:\/\/metaltale.com\/lv\/#website\"},\"primaryImageOfPage\":{\"@id\":\"https:\/\/metaltale.com\/lv\/produkts\/apala-ozolkoka-galda-virsma-rotunda-dabiga-ella\/#primaryimage\"},\"image\":{\"@id\":\"https:\/\/metaltale.com\/lv\/produkts\/apala-ozolkoka-galda-virsma-rotunda-dabiga-ella\/#primaryimage\"},\"thumbnailUrl\":\"https:\/\/metaltale.com\/wp-content\/uploads\/2023\/09\/Stalvirx161is-ROTUNDA-60-raw.jpg\",\"datePublished\":\"2024-02-13T11:27:05+00:00\",\"breadcrumb\":{\"@id\":\"https:\/\/metaltale.com\/lv\/produkts\/apala-ozolkoka-galda-virsma-rotunda-dabiga-ella\/#breadcrumb\"},\"inLanguage\":\"lv-LV\",\"potentialAction\":[{\"@type\":\"ReadAction\",\"target\":[\"https:\/\/metaltale.com\/lv\/produkts\/apala-ozolkoka-galda-virsma-rotunda-dabiga-ella\/\"]}]},{\"@type\":\"ImageObject\",\"inLanguage\":\"lv-LV\",\"@id\":\"https:\/\/metaltale.com\/lv\/produkts\/apala-ozolkoka-galda-virsma-rotunda-dabiga-ella\/#primaryimage\",\"url\":\"https:\/\/metaltale.com\/wp-content\/uploads\/2023\/09\/Stalvirx161is-ROTUNDA-60-raw.jpg\",\"contentUrl\":\"https:\/\/metaltale.com\/wp-content\/uploads\/2023\/09\/Stalvirx161is-ROTUNDA-60-raw.jpg\",\"width\":800,\"height\":800},{\"@type\":\"BreadcrumbList\",\"@id\":\"https:\/\/metaltale.com\/lv\/produkts\/apala-ozolkoka-galda-virsma-rotunda-dabiga-ella\/#breadcrumb\",\"itemListElement\":[{\"@type\":\"ListItem\",\"position\":1,\"name\":\"Home\",\"item\":\"https:\/\/metaltale.com\/lv\/majas\/\"},{\"@type\":\"ListItem\",\"position\":2,\"name\":\"Veikals\",\"item\":\"https:\/\/metaltale.com\/lv\/shop\/\"},{\"@type\":\"ListItem\",\"position\":3,\"name\":\"Apa\u013ca ozolkoka galda virsma ROTUNDA dab\u012bg\u0101 e\u013c\u013c\u0101\"}]},{\"@type\":\"WebSite\",\"@id\":\"https:\/\/metaltale.com\/lv\/#website\",\"url\":\"https:\/\/metaltale.com\/lv\/\",\"name\":\"Metaltale.com\",\"description\":\"\",\"potentialAction\":[{\"@type\":\"SearchAction\",\"target\":{\"@type\":\"EntryPoint\",\"urlTemplate\":\"https:\/\/metaltale.com\/lv\/?s={search_term_string}\"},\"query-input\":{\"@type\":\"PropertyValueSpecification\",\"valueRequired\":true,\"valueName\":\"search_term_string\"}}],\"inLanguage\":\"lv-LV\"}]}<\/script>\n<!-- \/ Yoast SEO plugin. -->","yoast_head_json":{"title":"Apa\u013ca ozolkoka galda virsma ROTUNDA dab\u012bg\u0101 e\u013c\u013c\u0101 - MetalTale.com","robots":{"index":"index","follow":"follow","max-snippet":"max-snippet:-1","max-image-preview":"max-image-preview:large","max-video-preview":"max-video-preview:-1"},"canonical":"https:\/\/metaltale.com\/lv\/produkts\/apala-ozolkoka-galda-virsma-rotunda-dabiga-ella\/","og_locale":"lv_LV","og_type":"article","og_title":"Apa\u013ca ozolkoka galda virsma ROTUNDA dab\u012bg\u0101 e\u013c\u013c\u0101 - MetalTale.com","og_description":"Modelis VIDURIO OL Materi\u0101ls Ozolkoka koks Biezums (cm ) 4 Kr\u0101sa Koks &#8211; dab\u012bg\u0101 e\u013c\u013ca Apdare ar e\u013c\u013cas audumu &#8211;","og_url":"https:\/\/metaltale.com\/lv\/produkts\/apala-ozolkoka-galda-virsma-rotunda-dabiga-ella\/","og_site_name":"MetalTale.com","twitter_card":"summary_large_image","twitter_misc":{"Est. reading time":"1 minute"},"schema":{"@context":"https:\/\/schema.org","@graph":[{"@type":"WebPage","@id":"https:\/\/metaltale.com\/lv\/produkts\/apala-ozolkoka-galda-virsma-rotunda-dabiga-ella\/","url":"https:\/\/metaltale.com\/lv\/produkts\/apala-ozolkoka-galda-virsma-rotunda-dabiga-ella\/","name":"Apa\u013ca ozolkoka galda virsma ROTUNDA dab\u012bg\u0101 e\u013c\u013c\u0101 - MetalTale.com","isPartOf":{"@id":"https:\/\/metaltale.com\/lv\/#website"},"primaryImageOfPage":{"@id":"https:\/\/metaltale.com\/lv\/produkts\/apala-ozolkoka-galda-virsma-rotunda-dabiga-ella\/#primaryimage"},"image":{"@id":"https:\/\/metaltale.com\/lv\/produkts\/apala-ozolkoka-galda-virsma-rotunda-dabiga-ella\/#primaryimage"},"thumbnailUrl":"https:\/\/metaltale.com\/wp-content\/uploads\/2023\/09\/Stalvirx161is-ROTUNDA-60-raw.jpg","datePublished":"2024-02-13T11:27:05+00:00","breadcrumb":{"@id":"https:\/\/metaltale.com\/lv\/produkts\/apala-ozolkoka-galda-virsma-rotunda-dabiga-ella\/#breadcrumb"},"inLanguage":"lv-LV","potentialAction":[{"@type":"ReadAction","target":["https:\/\/metaltale.com\/lv\/produkts\/apala-ozolkoka-galda-virsma-rotunda-dabiga-ella\/"]}]},{"@type":"ImageObject","inLanguage":"lv-LV","@id":"https:\/\/metaltale.com\/lv\/produkts\/apala-ozolkoka-galda-virsma-rotunda-dabiga-ella\/#primaryimage","url":"https:\/\/metaltale.com\/wp-content\/uploads\/2023\/09\/Stalvirx161is-ROTUNDA-60-raw.jpg","contentUrl":"https:\/\/metaltale.com\/wp-content\/uploads\/2023\/09\/Stalvirx161is-ROTUNDA-60-raw.jpg","width":800,"height":800},{"@type":"BreadcrumbList","@id":"https:\/\/metaltale.com\/lv\/produkts\/apala-ozolkoka-galda-virsma-rotunda-dabiga-ella\/#breadcrumb","itemListElement":[{"@type":"ListItem","position":1,"name":"Home","item":"https:\/\/metaltale.com\/lv\/majas\/"},{"@type":"ListItem","position":2,"name":"Veikals","item":"https:\/\/metaltale.com\/lv\/shop\/"},{"@type":"ListItem","position":3,"name":"Apa\u013ca ozolkoka galda virsma ROTUNDA dab\u012bg\u0101 e\u013c\u013c\u0101"}]},{"@type":"WebSite","@id":"https:\/\/metaltale.com\/lv\/#website","url":"https:\/\/metaltale.com\/lv\/","name":"Metaltale.com","description":"","potentialAction":[{"@type":"SearchAction","target":{"@type":"EntryPoint","urlTemplate":"https:\/\/metaltale.com\/lv\/?s={search_term_string}"},"query-input":{"@type":"PropertyValueSpecification","valueRequired":true,"valueName":"search_term_string"}}],"inLanguage":"lv-LV"}]}},"_links":{"self":[{"href":"https:\/\/metaltale.com\/lv\/wp-json\/wp\/v2\/product\/134583","targetHints":{"allow":["GET"]}}],"collection":[{"href":"https:\/\/metaltale.com\/lv\/wp-json\/wp\/v2\/product"}],"about":[{"href":"https:\/\/metaltale.com\/lv\/wp-json\/wp\/v2\/types\/product"}],"replies":[{"embeddable":true,"href":"https:\/\/metaltale.com\/lv\/wp-json\/wp\/v2\/comments?post=134583"}],"version-history":[{"count":0,"href":"https:\/\/metaltale.com\/lv\/wp-json\/wp\/v2\/product\/134583\/revisions"}],"wp:featuredmedia":[{"embeddable":true,"href":"https:\/\/metaltale.com\/lv\/wp-json\/wp\/v2\/media\/66535"}],"wp:attachment":[{"href":"https:\/\/metaltale.com\/lv\/wp-json\/wp\/v2\/media?parent=134583"}],"wp:term":[{"taxonomy":"product_brand","embeddable":true,"href":"https:\/\/metaltale.com\/lv\/wp-json\/wp\/v2\/product_brand?post=134583"},{"taxonomy":"product_cat","embeddable":true,"href":"https:\/\/metaltale.com\/lv\/wp-json\/wp\/v2\/product_cat?post=134583"},{"taxonomy":"product_tag","embeddable":true,"href":"https:\/\/metaltale.com\/lv\/wp-json\/wp\/v2\/product_tag?post=134583"}],"curies":[{"name":"wp","href":"https:\/\/api.w.org\/{rel}","templated":true}]}}