{"id":134569,"date":"2024-02-13T13:47:43","date_gmt":"2024-02-13T11:47:43","guid":{"rendered":"https:\/\/metaltale.com\/produktas\/virtuves-krans-stav-melns-salford-augsts\/"},"modified":"2024-02-13T13:47:43","modified_gmt":"2024-02-13T11:47:43","slug":"virtuves-krans-stav-melns-salford-augsts","status":"publish","type":"product","link":"https:\/\/metaltale.com\/lv\/produkts\/virtuves-krans-stav-melns-salford-augsts\/","title":{"rendered":"Virtuves kr\u0101ns st\u0101v melns SALFORD augsts"},"content":{"rendered":"<div class=\"prod_data\">WX <strong>modelis<\/strong>. B622. BLA  <br \/><strong>Sav\u0101k\u0161anas<\/strong> caurules  <br \/><strong>EAN.<\/strong>  5905369900112  <br \/><strong>Izsmidzin\u0101t\u0101ja garums (cm<\/strong> ) 15,5  <br \/>Materi\u0101ls Misi\u0146\u0161 <br \/>Uzst\u0101d\u012b\u0161anas atveres diametrs 3,2 <br \/>Kop\u0113jais augstums (cm ) 30 <br \/>Perlators (aerators ) J\u0101 <br \/>Rot\u0113jo\u0161s izsmidzin\u0101t\u0101js N\u0113 <br \/><strong>Kr\u0101sa<\/strong> Melna  <br \/><strong>Apdare<\/strong> mat\u0113ta  <br \/>Papildus inform\u0101cija \u0160\u013c\u016btene M8x3\/8&#8243; kr\u0101na garumam 50cm <\/p>\n<p>&#8211; misi\u0146a akumulators<br \/>&#8211; fiks\u0113ts izpl\u016bdes<br \/>&#8211; keramikas galva &#8211; elements, kas nodro\u0161ina pareizu \u016bdens sadali. <br \/>&#8211; aerators &#8211; aerators, kas nodro\u0161ina maz\u0101ku \u016bdens pat\u0113ri\u0146u.<br \/>&#8211; Ar vienu pogu var regul\u0113t \u016bdens pl\u016bsmu un temperat\u016bru (bulti\u0146\u0101 nor\u0101d\u012btaj\u0101 virzien\u0101 no auksta uz karstu).<br \/>&#8211; visi mont\u0101\u017eai nepiecie\u0161amie elementi komplekt\u0101 (\u0161\u013c\u016btenes, skr\u016bve pie galda virsmas, bl\u012bves pie skr\u016bves).<br \/>&#8211; viegla apkope &#8211; silts \u016bdens un PH neitr\u0101las ziepes.<br \/>&#8211; skatiet citus kolekcijas Tubes mode\u013cus<\/p>\n<hr>\n<p>Melnais misi\u0146a kr\u0101ns ir stil\u012bgs un daudzpus\u012bgs virtuves vai vannas istabas papildin\u0101jums. Hidrantam l\u012bdz\u012bgais kr\u0101ns izskat\u0101s unik\u0101li kombin\u0101cij\u0101 ar koku, akmeni un betonu. Vienk\u0101r\u0161s retro dizains ieder\u0113sies gandr\u012bz jebkura stila interjeros &#8211; minim\u0101lisma, modern\u0101, industri\u0101l\u0101, vintage -, pievienojot interesantu izk\u0101rtojuma akcentu. Garais un augstais izsmidzin\u0101t\u0101js ir praktisks virtuv\u0113, bet vannas istab\u0101 to var apr\u012bkot ar galda izlietni. &#8220;Tubes&#8221; misi\u0146a kr\u0101nu kolekcija ir stil\u012bgi un praktiski izstr\u0101d\u0101jumi, kas apmierin\u0101s vispras\u012bg\u0101ko pat\u0113r\u0113t\u0101ju v\u0113lmes.<\/p>\n<hr>\n<\/div>\n","protected":false},"excerpt":{"rendered":"<p>WX modelis. B622. BLA Sav\u0101k\u0161anas caurules EAN. 5905369900112 Izsmidzin\u0101t\u0101ja garums (cm ) 15,5 Materi\u0101ls Misi\u0146\u0161 Uzst\u0101d\u012b\u0161anas atveres diametrs 3,2 Kop\u0113jais<\/p>\n","protected":false},"featured_media":80188,"comment_status":"open","ping_status":"closed","template":"","meta":{"_acf_changed":false,"pmpro_default_level":""},"product_brand":[],"product_cat":[24097],"product_tag":[],"class_list":{"0":"post-134569","1":"product","2":"type-product","3":"status-publish","4":"has-post-thumbnail","6":"product_cat-brivi-stavosi-virtuves-maisitaji","7":"pmpro-has-access","9":"first","10":"instock","11":"shipping-taxable","12":"purchasable","13":"product-type-simple"},"acf":[],"yoast_head":"<!-- This site is optimized with the Yoast SEO plugin v24.9 - https:\/\/yoast.com\/wordpress\/plugins\/seo\/ -->\n<title>Virtuves kr\u0101ns st\u0101v melns SALFORD augsts - MetalTale.com<\/title>\n<meta name=\"robots\" content=\"index, follow, max-snippet:-1, max-image-preview:large, max-video-preview:-1\" \/>\n<link rel=\"canonical\" href=\"https:\/\/metaltale.com\/lv\/produkts\/virtuves-krans-stav-melns-salford-augsts\/\" \/>\n<meta property=\"og:locale\" content=\"lv_LV\" \/>\n<meta property=\"og:type\" content=\"article\" \/>\n<meta property=\"og:title\" content=\"Virtuves kr\u0101ns st\u0101v melns SALFORD augsts - MetalTale.com\" \/>\n<meta property=\"og:description\" content=\"WX modelis. B622. BLA Sav\u0101k\u0161anas caurules EAN. 5905369900112 Izsmidzin\u0101t\u0101ja garums (cm ) 15,5 Materi\u0101ls Misi\u0146\u0161 Uzst\u0101d\u012b\u0161anas atveres diametrs 3,2 Kop\u0113jais\" \/>\n<meta property=\"og:url\" content=\"https:\/\/metaltale.com\/lv\/produkts\/virtuves-krans-stav-melns-salford-augsts\/\" \/>\n<meta property=\"og:site_name\" content=\"MetalTale.com\" \/>\n<meta name=\"twitter:card\" content=\"summary_large_image\" \/>\n<meta name=\"twitter:label1\" content=\"Est. reading time\" \/>\n\t<meta name=\"twitter:data1\" content=\"1 minute\" \/>\n<script type=\"application\/ld+json\" class=\"yoast-schema-graph\">{\"@context\":\"https:\/\/schema.org\",\"@graph\":[{\"@type\":\"WebPage\",\"@id\":\"https:\/\/metaltale.com\/lv\/produkts\/virtuves-krans-stav-melns-salford-augsts\/\",\"url\":\"https:\/\/metaltale.com\/lv\/produkts\/virtuves-krans-stav-melns-salford-augsts\/\",\"name\":\"Virtuves kr\u0101ns st\u0101v melns SALFORD augsts - MetalTale.com\",\"isPartOf\":{\"@id\":\"https:\/\/metaltale.com\/lv\/#website\"},\"primaryImageOfPage\":{\"@id\":\"https:\/\/metaltale.com\/lv\/produkts\/virtuves-krans-stav-melns-salford-augsts\/#primaryimage\"},\"image\":{\"@id\":\"https:\/\/metaltale.com\/lv\/produkts\/virtuves-krans-stav-melns-salford-augsts\/#primaryimage\"},\"thumbnailUrl\":\"https:\/\/metaltale.com\/wp-content\/uploads\/2023\/10\/Virtuvx117s-maix161ytuvas-stovi-juodas-SALFORD-aukx161tai.jpg\",\"datePublished\":\"2024-02-13T11:47:43+00:00\",\"breadcrumb\":{\"@id\":\"https:\/\/metaltale.com\/lv\/produkts\/virtuves-krans-stav-melns-salford-augsts\/#breadcrumb\"},\"inLanguage\":\"lv-LV\",\"potentialAction\":[{\"@type\":\"ReadAction\",\"target\":[\"https:\/\/metaltale.com\/lv\/produkts\/virtuves-krans-stav-melns-salford-augsts\/\"]}]},{\"@type\":\"ImageObject\",\"inLanguage\":\"lv-LV\",\"@id\":\"https:\/\/metaltale.com\/lv\/produkts\/virtuves-krans-stav-melns-salford-augsts\/#primaryimage\",\"url\":\"https:\/\/metaltale.com\/wp-content\/uploads\/2023\/10\/Virtuvx117s-maix161ytuvas-stovi-juodas-SALFORD-aukx161tai.jpg\",\"contentUrl\":\"https:\/\/metaltale.com\/wp-content\/uploads\/2023\/10\/Virtuvx117s-maix161ytuvas-stovi-juodas-SALFORD-aukx161tai.jpg\",\"width\":800,\"height\":800},{\"@type\":\"BreadcrumbList\",\"@id\":\"https:\/\/metaltale.com\/lv\/produkts\/virtuves-krans-stav-melns-salford-augsts\/#breadcrumb\",\"itemListElement\":[{\"@type\":\"ListItem\",\"position\":1,\"name\":\"Home\",\"item\":\"https:\/\/metaltale.com\/lv\/majas\/\"},{\"@type\":\"ListItem\",\"position\":2,\"name\":\"Veikals\",\"item\":\"https:\/\/metaltale.com\/lv\/shop\/\"},{\"@type\":\"ListItem\",\"position\":3,\"name\":\"Virtuves kr\u0101ns st\u0101v melns SALFORD augsts\"}]},{\"@type\":\"WebSite\",\"@id\":\"https:\/\/metaltale.com\/lv\/#website\",\"url\":\"https:\/\/metaltale.com\/lv\/\",\"name\":\"Metaltale.com\",\"description\":\"\",\"potentialAction\":[{\"@type\":\"SearchAction\",\"target\":{\"@type\":\"EntryPoint\",\"urlTemplate\":\"https:\/\/metaltale.com\/lv\/?s={search_term_string}\"},\"query-input\":{\"@type\":\"PropertyValueSpecification\",\"valueRequired\":true,\"valueName\":\"search_term_string\"}}],\"inLanguage\":\"lv-LV\"}]}<\/script>\n<!-- \/ Yoast SEO plugin. -->","yoast_head_json":{"title":"Virtuves kr\u0101ns st\u0101v melns SALFORD augsts - MetalTale.com","robots":{"index":"index","follow":"follow","max-snippet":"max-snippet:-1","max-image-preview":"max-image-preview:large","max-video-preview":"max-video-preview:-1"},"canonical":"https:\/\/metaltale.com\/lv\/produkts\/virtuves-krans-stav-melns-salford-augsts\/","og_locale":"lv_LV","og_type":"article","og_title":"Virtuves kr\u0101ns st\u0101v melns SALFORD augsts - MetalTale.com","og_description":"WX modelis. B622. BLA Sav\u0101k\u0161anas caurules EAN. 5905369900112 Izsmidzin\u0101t\u0101ja garums (cm ) 15,5 Materi\u0101ls Misi\u0146\u0161 Uzst\u0101d\u012b\u0161anas atveres diametrs 3,2 Kop\u0113jais","og_url":"https:\/\/metaltale.com\/lv\/produkts\/virtuves-krans-stav-melns-salford-augsts\/","og_site_name":"MetalTale.com","twitter_card":"summary_large_image","twitter_misc":{"Est. reading time":"1 minute"},"schema":{"@context":"https:\/\/schema.org","@graph":[{"@type":"WebPage","@id":"https:\/\/metaltale.com\/lv\/produkts\/virtuves-krans-stav-melns-salford-augsts\/","url":"https:\/\/metaltale.com\/lv\/produkts\/virtuves-krans-stav-melns-salford-augsts\/","name":"Virtuves kr\u0101ns st\u0101v melns SALFORD augsts - MetalTale.com","isPartOf":{"@id":"https:\/\/metaltale.com\/lv\/#website"},"primaryImageOfPage":{"@id":"https:\/\/metaltale.com\/lv\/produkts\/virtuves-krans-stav-melns-salford-augsts\/#primaryimage"},"image":{"@id":"https:\/\/metaltale.com\/lv\/produkts\/virtuves-krans-stav-melns-salford-augsts\/#primaryimage"},"thumbnailUrl":"https:\/\/metaltale.com\/wp-content\/uploads\/2023\/10\/Virtuvx117s-maix161ytuvas-stovi-juodas-SALFORD-aukx161tai.jpg","datePublished":"2024-02-13T11:47:43+00:00","breadcrumb":{"@id":"https:\/\/metaltale.com\/lv\/produkts\/virtuves-krans-stav-melns-salford-augsts\/#breadcrumb"},"inLanguage":"lv-LV","potentialAction":[{"@type":"ReadAction","target":["https:\/\/metaltale.com\/lv\/produkts\/virtuves-krans-stav-melns-salford-augsts\/"]}]},{"@type":"ImageObject","inLanguage":"lv-LV","@id":"https:\/\/metaltale.com\/lv\/produkts\/virtuves-krans-stav-melns-salford-augsts\/#primaryimage","url":"https:\/\/metaltale.com\/wp-content\/uploads\/2023\/10\/Virtuvx117s-maix161ytuvas-stovi-juodas-SALFORD-aukx161tai.jpg","contentUrl":"https:\/\/metaltale.com\/wp-content\/uploads\/2023\/10\/Virtuvx117s-maix161ytuvas-stovi-juodas-SALFORD-aukx161tai.jpg","width":800,"height":800},{"@type":"BreadcrumbList","@id":"https:\/\/metaltale.com\/lv\/produkts\/virtuves-krans-stav-melns-salford-augsts\/#breadcrumb","itemListElement":[{"@type":"ListItem","position":1,"name":"Home","item":"https:\/\/metaltale.com\/lv\/majas\/"},{"@type":"ListItem","position":2,"name":"Veikals","item":"https:\/\/metaltale.com\/lv\/shop\/"},{"@type":"ListItem","position":3,"name":"Virtuves kr\u0101ns st\u0101v melns SALFORD augsts"}]},{"@type":"WebSite","@id":"https:\/\/metaltale.com\/lv\/#website","url":"https:\/\/metaltale.com\/lv\/","name":"Metaltale.com","description":"","potentialAction":[{"@type":"SearchAction","target":{"@type":"EntryPoint","urlTemplate":"https:\/\/metaltale.com\/lv\/?s={search_term_string}"},"query-input":{"@type":"PropertyValueSpecification","valueRequired":true,"valueName":"search_term_string"}}],"inLanguage":"lv-LV"}]}},"_links":{"self":[{"href":"https:\/\/metaltale.com\/lv\/wp-json\/wp\/v2\/product\/134569","targetHints":{"allow":["GET"]}}],"collection":[{"href":"https:\/\/metaltale.com\/lv\/wp-json\/wp\/v2\/product"}],"about":[{"href":"https:\/\/metaltale.com\/lv\/wp-json\/wp\/v2\/types\/product"}],"replies":[{"embeddable":true,"href":"https:\/\/metaltale.com\/lv\/wp-json\/wp\/v2\/comments?post=134569"}],"version-history":[{"count":0,"href":"https:\/\/metaltale.com\/lv\/wp-json\/wp\/v2\/product\/134569\/revisions"}],"wp:featuredmedia":[{"embeddable":true,"href":"https:\/\/metaltale.com\/lv\/wp-json\/wp\/v2\/media\/80188"}],"wp:attachment":[{"href":"https:\/\/metaltale.com\/lv\/wp-json\/wp\/v2\/media?parent=134569"}],"wp:term":[{"taxonomy":"product_brand","embeddable":true,"href":"https:\/\/metaltale.com\/lv\/wp-json\/wp\/v2\/product_brand?post=134569"},{"taxonomy":"product_cat","embeddable":true,"href":"https:\/\/metaltale.com\/lv\/wp-json\/wp\/v2\/product_cat?post=134569"},{"taxonomy":"product_tag","embeddable":true,"href":"https:\/\/metaltale.com\/lv\/wp-json\/wp\/v2\/product_tag?post=134569"}],"curies":[{"name":"wp","href":"https:\/\/api.w.org\/{rel}","templated":true}]}}