{"id":134564,"date":"2024-01-19T20:48:48","date_gmt":"2024-01-19T18:48:48","guid":{"rendered":"https:\/\/metaltale.com\/produktas\/bidamo-durvju-komplekts-old-black\/"},"modified":"2025-08-01T16:42:35","modified_gmt":"2025-08-01T14:42:35","slug":"bidamo-durvju-komplekts-old-black","status":"publish","type":"product","link":"https:\/\/metaltale.com\/lv\/produkts\/bidamo-durvju-komplekts-old-black\/","title":{"rendered":"B\u012bd\u0101mo durvju komplekts OLD BLACK"},"content":{"rendered":"<p><strong>Modelis<\/strong> SE.A01<br \/>\n<strong>EAN.<\/strong>  5907772071298<br \/>\n<strong>Materi\u0101ls<\/strong> T\u0113rauds<br \/>\n<strong> [cm]Kop\u0113jais garums<\/strong> 200<strong> <\/strong><br \/>\nSienas <strong>mont\u0101\u017ea<\/strong><br \/>\n<strong>Kr\u0101sa<\/strong> Melna<\/p>\n<p><strong>Komplekt\u0101 ietilpst:<\/strong><\/p>\n<ul class=\"pkt\">\n<li>met\u0101la sliedes 200 cm (2&#215;100 cm)<\/li>\n<li>dekorat\u012bvie gult\u0146u rull\u012b\u0161i (2 gab.)<\/li>\n<li>distances uzmavas (5 gab.)<\/li>\n<li>horizont\u0101li (2 vien\u012bbas) un vertik\u0101li (2 vien\u012bbas)<\/li>\n<li>Gr\u012bdas rokasgr\u0101mata (1 gab.)<\/li>\n<li>Stiprin\u0101juma komplekts: skr\u016bves, bultskr\u016bves un papl\u0101ksnes<\/li>\n<\/ul>\n<p><strong>Produkta \u012bpa\u0161\u012bbas:<\/strong><\/p>\n<p>pied\u0101v\u0101jum\u0101 ietilpst b\u012bd\u0101m\u0101 sist\u0113ma vienviru durvju un sienu uzst\u0101d\u012b\u0161anai.<\/p>\n<p>pied\u0101v\u0101tais modelis ir paredz\u0113ts koka b\u012bd\u0101maj\u0101m durv\u012bm, kas izgatavotas no pl\u0101tnes un t\u0113rauda r\u0101mja, kuru svars nep\u0101rsniedz 130 kg un biezums ir 30-45 mm.<\/p>\n<p>Pas\u012bv\u0101s slodzes testi (200 kg) un dinamisk\u0101s slodzes testi (130 kg) apstiprin\u0101ja augst\u0101ko kvalit\u0101ti un dro\u0161\u012bbu.<\/p>\n<p>lod\u012b\u0161u gult\u0146u ritenis \u0113rtai un klusai kust\u012bbai.<\/p>\n<p>Horizont\u0101l\u0101s bremzes sliedes galos, apak\u0161\u0113j\u0101 vadotne un vertik\u0101lie balsti zem sliedes stabiliz\u0113 durvis un ne\u013cauj t\u0101m nokrist no sliedes.<\/p>\n<p>Komplekt\u0101 ietilpst apak\u0161\u0113j\u0101 rokasgr\u0101mata, uz gr\u012bdas stiprin\u0101ms p\u0101rsegs, ko var izmantot uz durv\u012bm ar vai bez griez\u0113ja.<\/p>\n<p>pieci stiprin\u0101juma punkti garant\u0113 stabilit\u0101ti, dro\u0161\u012bbu un iztur\u012bbu.<\/p>\n<p>Komplekt\u0101 ietilpst skr\u016bves uzst\u0101d\u012b\u0161anai gan uz koka konstrukcij\u0101m, gan \u0137ie\u0123e\u013cu sien\u0101m.<\/p>\n<p>sist\u0113mas iestat\u012b\u0161ana ir \u013coti vienk\u0101r\u0161a un intuit\u012bva.<\/p>\n<hr>\n<p>\u0160\u012b komplekta meln\u0101 kr\u0101sa padara to univers\u0101lu dizainu, ko var izmantot jebkura veida interjer\u0101. B\u012bd\u0101mo durvju sist\u0113mas ir m\u016bsdien\u012bgi risin\u0101jumi, kas veido perfektu harmoniju ar tradicion\u0101lo un stil\u012bgo interjera dizainu. \u0160is komplekts ir dom\u0101ts ne tikai industri\u0101l\u0101 un b\u0113ni\u0146u stila cien\u012bt\u0101jiem, bet ar\u012b modern\u0101 dizaina cien\u012bt\u0101jiem. Produkts apvieno stabilit\u0101ti un stabilit\u0101ti ar vienk\u0101r\u0161u un p\u0101rbaud\u012btu dizainu. B\u012bd\u0101mo durvju vadotnes ir ide\u0101ls praktiska risin\u0101juma un pievilc\u012bga dizaina apvienojums.<\/p>\n","protected":false},"excerpt":{"rendered":"<p>Modelis SE.A01 EAN. 5907772071298 Materi\u0101ls T\u0113rauds [cm]Kop\u0113jais garums 200 Sienas mont\u0101\u017ea Kr\u0101sa Melna Komplekt\u0101 ietilpst: met\u0101la sliedes 200 cm (2&#215;100<\/p>\n","protected":false},"featured_media":132033,"comment_status":"open","ping_status":"closed","template":"","meta":{"_acf_changed":false,"pmpro_default_level":""},"product_brand":[],"product_cat":[24059,24089],"product_tag":[],"class_list":{"0":"post-134564","1":"product","2":"type-product","3":"status-publish","4":"has-post-thumbnail","6":"product_cat-bidamo-durvju-sistemas","7":"product_cat-bidamo-durvju-vadotnes","8":"pmpro-has-access","10":"first","11":"instock","12":"shipping-taxable","13":"purchasable","14":"product-type-simple"},"acf":[],"yoast_head":"<!-- This site is optimized with the Yoast SEO plugin v24.9 - https:\/\/yoast.com\/wordpress\/plugins\/seo\/ -->\n<title>B\u012bd\u0101mo durvju komplekts OLD BLACK - MetalTale.com<\/title>\n<meta name=\"robots\" content=\"index, follow, max-snippet:-1, max-image-preview:large, max-video-preview:-1\" \/>\n<link rel=\"canonical\" href=\"https:\/\/metaltale.com\/lv\/produkts\/bidamo-durvju-komplekts-old-black\/\" \/>\n<meta property=\"og:locale\" content=\"lv_LV\" \/>\n<meta property=\"og:type\" content=\"article\" \/>\n<meta property=\"og:title\" content=\"B\u012bd\u0101mo durvju komplekts OLD BLACK - MetalTale.com\" \/>\n<meta property=\"og:description\" content=\"Modelis SE.A01 EAN. 5907772071298 Materi\u0101ls T\u0113rauds [cm]Kop\u0113jais garums 200 Sienas mont\u0101\u017ea Kr\u0101sa Melna Komplekt\u0101 ietilpst: met\u0101la sliedes 200 cm (2&#215;100\" \/>\n<meta property=\"og:url\" content=\"https:\/\/metaltale.com\/lv\/produkts\/bidamo-durvju-komplekts-old-black\/\" \/>\n<meta property=\"og:site_name\" content=\"MetalTale.com\" \/>\n<meta property=\"article:modified_time\" content=\"2025-08-01T14:42:35+00:00\" \/>\n<meta property=\"og:image\" content=\"http:\/\/metaltale.com\/wp-content\/uploads\/2024\/01\/Stumdomu-duru-apkaustai-OLD-BLACK.jpg\" \/>\n\t<meta property=\"og:image:width\" content=\"800\" \/>\n\t<meta property=\"og:image:height\" content=\"800\" \/>\n\t<meta property=\"og:image:type\" content=\"image\/jpeg\" \/>\n<meta name=\"twitter:card\" content=\"summary_large_image\" \/>\n<meta name=\"twitter:label1\" content=\"Est. reading time\" \/>\n\t<meta name=\"twitter:data1\" content=\"2 minutes\" \/>\n<script type=\"application\/ld+json\" class=\"yoast-schema-graph\">{\"@context\":\"https:\/\/schema.org\",\"@graph\":[{\"@type\":\"WebPage\",\"@id\":\"https:\/\/metaltale.com\/lv\/produkts\/bidamo-durvju-komplekts-old-black\/\",\"url\":\"https:\/\/metaltale.com\/lv\/produkts\/bidamo-durvju-komplekts-old-black\/\",\"name\":\"B\u012bd\u0101mo durvju komplekts OLD BLACK - MetalTale.com\",\"isPartOf\":{\"@id\":\"https:\/\/metaltale.com\/lv\/#website\"},\"primaryImageOfPage\":{\"@id\":\"https:\/\/metaltale.com\/lv\/produkts\/bidamo-durvju-komplekts-old-black\/#primaryimage\"},\"image\":{\"@id\":\"https:\/\/metaltale.com\/lv\/produkts\/bidamo-durvju-komplekts-old-black\/#primaryimage\"},\"thumbnailUrl\":\"https:\/\/metaltale.com\/wp-content\/uploads\/2024\/01\/Stumdomu-duru-apkaustai-OLD-BLACK.jpg\",\"datePublished\":\"2024-01-19T18:48:48+00:00\",\"dateModified\":\"2025-08-01T14:42:35+00:00\",\"breadcrumb\":{\"@id\":\"https:\/\/metaltale.com\/lv\/produkts\/bidamo-durvju-komplekts-old-black\/#breadcrumb\"},\"inLanguage\":\"lv-LV\",\"potentialAction\":[{\"@type\":\"ReadAction\",\"target\":[\"https:\/\/metaltale.com\/lv\/produkts\/bidamo-durvju-komplekts-old-black\/\"]}]},{\"@type\":\"ImageObject\",\"inLanguage\":\"lv-LV\",\"@id\":\"https:\/\/metaltale.com\/lv\/produkts\/bidamo-durvju-komplekts-old-black\/#primaryimage\",\"url\":\"https:\/\/metaltale.com\/wp-content\/uploads\/2024\/01\/Stumdomu-duru-apkaustai-OLD-BLACK.jpg\",\"contentUrl\":\"https:\/\/metaltale.com\/wp-content\/uploads\/2024\/01\/Stumdomu-duru-apkaustai-OLD-BLACK.jpg\",\"width\":800,\"height\":800,\"caption\":\"B\u012bd\u0101mo durvju furnit\u016bra OLD BLACK\"},{\"@type\":\"BreadcrumbList\",\"@id\":\"https:\/\/metaltale.com\/lv\/produkts\/bidamo-durvju-komplekts-old-black\/#breadcrumb\",\"itemListElement\":[{\"@type\":\"ListItem\",\"position\":1,\"name\":\"Home\",\"item\":\"https:\/\/metaltale.com\/lv\/majas\/\"},{\"@type\":\"ListItem\",\"position\":2,\"name\":\"Veikals\",\"item\":\"https:\/\/metaltale.com\/lv\/shop\/\"},{\"@type\":\"ListItem\",\"position\":3,\"name\":\"B\u012bd\u0101mo durvju komplekts OLD BLACK\"}]},{\"@type\":\"WebSite\",\"@id\":\"https:\/\/metaltale.com\/lv\/#website\",\"url\":\"https:\/\/metaltale.com\/lv\/\",\"name\":\"Metaltale.com\",\"description\":\"\",\"potentialAction\":[{\"@type\":\"SearchAction\",\"target\":{\"@type\":\"EntryPoint\",\"urlTemplate\":\"https:\/\/metaltale.com\/lv\/?s={search_term_string}\"},\"query-input\":{\"@type\":\"PropertyValueSpecification\",\"valueRequired\":true,\"valueName\":\"search_term_string\"}}],\"inLanguage\":\"lv-LV\"}]}<\/script>\n<!-- \/ Yoast SEO plugin. -->","yoast_head_json":{"title":"B\u012bd\u0101mo durvju komplekts OLD BLACK - MetalTale.com","robots":{"index":"index","follow":"follow","max-snippet":"max-snippet:-1","max-image-preview":"max-image-preview:large","max-video-preview":"max-video-preview:-1"},"canonical":"https:\/\/metaltale.com\/lv\/produkts\/bidamo-durvju-komplekts-old-black\/","og_locale":"lv_LV","og_type":"article","og_title":"B\u012bd\u0101mo durvju komplekts OLD BLACK - MetalTale.com","og_description":"Modelis SE.A01 EAN. 5907772071298 Materi\u0101ls T\u0113rauds [cm]Kop\u0113jais garums 200 Sienas mont\u0101\u017ea Kr\u0101sa Melna Komplekt\u0101 ietilpst: met\u0101la sliedes 200 cm (2&#215;100","og_url":"https:\/\/metaltale.com\/lv\/produkts\/bidamo-durvju-komplekts-old-black\/","og_site_name":"MetalTale.com","article_modified_time":"2025-08-01T14:42:35+00:00","og_image":[{"width":800,"height":800,"url":"http:\/\/metaltale.com\/wp-content\/uploads\/2024\/01\/Stumdomu-duru-apkaustai-OLD-BLACK.jpg","type":"image\/jpeg"}],"twitter_card":"summary_large_image","twitter_misc":{"Est. reading time":"2 minutes"},"schema":{"@context":"https:\/\/schema.org","@graph":[{"@type":"WebPage","@id":"https:\/\/metaltale.com\/lv\/produkts\/bidamo-durvju-komplekts-old-black\/","url":"https:\/\/metaltale.com\/lv\/produkts\/bidamo-durvju-komplekts-old-black\/","name":"B\u012bd\u0101mo durvju komplekts OLD BLACK - MetalTale.com","isPartOf":{"@id":"https:\/\/metaltale.com\/lv\/#website"},"primaryImageOfPage":{"@id":"https:\/\/metaltale.com\/lv\/produkts\/bidamo-durvju-komplekts-old-black\/#primaryimage"},"image":{"@id":"https:\/\/metaltale.com\/lv\/produkts\/bidamo-durvju-komplekts-old-black\/#primaryimage"},"thumbnailUrl":"https:\/\/metaltale.com\/wp-content\/uploads\/2024\/01\/Stumdomu-duru-apkaustai-OLD-BLACK.jpg","datePublished":"2024-01-19T18:48:48+00:00","dateModified":"2025-08-01T14:42:35+00:00","breadcrumb":{"@id":"https:\/\/metaltale.com\/lv\/produkts\/bidamo-durvju-komplekts-old-black\/#breadcrumb"},"inLanguage":"lv-LV","potentialAction":[{"@type":"ReadAction","target":["https:\/\/metaltale.com\/lv\/produkts\/bidamo-durvju-komplekts-old-black\/"]}]},{"@type":"ImageObject","inLanguage":"lv-LV","@id":"https:\/\/metaltale.com\/lv\/produkts\/bidamo-durvju-komplekts-old-black\/#primaryimage","url":"https:\/\/metaltale.com\/wp-content\/uploads\/2024\/01\/Stumdomu-duru-apkaustai-OLD-BLACK.jpg","contentUrl":"https:\/\/metaltale.com\/wp-content\/uploads\/2024\/01\/Stumdomu-duru-apkaustai-OLD-BLACK.jpg","width":800,"height":800,"caption":"B\u012bd\u0101mo durvju furnit\u016bra OLD BLACK"},{"@type":"BreadcrumbList","@id":"https:\/\/metaltale.com\/lv\/produkts\/bidamo-durvju-komplekts-old-black\/#breadcrumb","itemListElement":[{"@type":"ListItem","position":1,"name":"Home","item":"https:\/\/metaltale.com\/lv\/majas\/"},{"@type":"ListItem","position":2,"name":"Veikals","item":"https:\/\/metaltale.com\/lv\/shop\/"},{"@type":"ListItem","position":3,"name":"B\u012bd\u0101mo durvju komplekts OLD BLACK"}]},{"@type":"WebSite","@id":"https:\/\/metaltale.com\/lv\/#website","url":"https:\/\/metaltale.com\/lv\/","name":"Metaltale.com","description":"","potentialAction":[{"@type":"SearchAction","target":{"@type":"EntryPoint","urlTemplate":"https:\/\/metaltale.com\/lv\/?s={search_term_string}"},"query-input":{"@type":"PropertyValueSpecification","valueRequired":true,"valueName":"search_term_string"}}],"inLanguage":"lv-LV"}]}},"_links":{"self":[{"href":"https:\/\/metaltale.com\/lv\/wp-json\/wp\/v2\/product\/134564","targetHints":{"allow":["GET"]}}],"collection":[{"href":"https:\/\/metaltale.com\/lv\/wp-json\/wp\/v2\/product"}],"about":[{"href":"https:\/\/metaltale.com\/lv\/wp-json\/wp\/v2\/types\/product"}],"replies":[{"embeddable":true,"href":"https:\/\/metaltale.com\/lv\/wp-json\/wp\/v2\/comments?post=134564"}],"version-history":[{"count":0,"href":"https:\/\/metaltale.com\/lv\/wp-json\/wp\/v2\/product\/134564\/revisions"}],"wp:featuredmedia":[{"embeddable":true,"href":"https:\/\/metaltale.com\/lv\/wp-json\/wp\/v2\/media\/132033"}],"wp:attachment":[{"href":"https:\/\/metaltale.com\/lv\/wp-json\/wp\/v2\/media?parent=134564"}],"wp:term":[{"taxonomy":"product_brand","embeddable":true,"href":"https:\/\/metaltale.com\/lv\/wp-json\/wp\/v2\/product_brand?post=134564"},{"taxonomy":"product_cat","embeddable":true,"href":"https:\/\/metaltale.com\/lv\/wp-json\/wp\/v2\/product_cat?post=134564"},{"taxonomy":"product_tag","embeddable":true,"href":"https:\/\/metaltale.com\/lv\/wp-json\/wp\/v2\/product_tag?post=134564"}],"curies":[{"name":"wp","href":"https:\/\/api.w.org\/{rel}","templated":true}]}}