{"id":134558,"date":"2024-01-12T16:40:06","date_gmt":"2024-01-12T14:40:06","guid":{"rendered":"https:\/\/metaltale.com\/produktas\/bidamas-durvis-rusty-metal-100x210-cm\/"},"modified":"2024-01-12T16:40:06","modified_gmt":"2024-01-12T14:40:06","slug":"bidamas-durvis-rusty-metal-100x210-cm","status":"publish","type":"product","link":"https:\/\/metaltale.com\/lv\/produkts\/bidamas-durvis-rusty-metal-100x210-cm\/","title":{"rendered":"B\u012bd\u0101m\u0101s durvis RUSTY METAL 100&#215;210 cm"},"content":{"rendered":"<div class=\"prod_data\">\n<p><strong>Modelis<\/strong> RUS-100X210<br \/>\n<strong>EAN.<\/strong>  5907772071120<br \/>\n<strong>Materi\u0101ls<\/strong> T\u0113rauds<br \/>\n<strong>Biezums (cm<\/strong> ) 3<br \/>\n<strong>Kop\u0113jais augstums (cm<\/strong> ) 210<br \/>\n<strong>Kop\u0113jais platums (cm<\/strong> ) 100<br \/>\n<strong>Svars (kg<\/strong> ) 50<br \/>\nR\u016bsva <strong>kr\u0101sa<\/strong><br \/>\n<strong>PAPILDU INFORM\u0100CIJA<\/strong> Pied\u0101v\u0101jums attiecas tikai uz vienu durvju paneli un neietver b\u012bd\u0101mo sist\u0113mu un citus piederumus.<\/p>\n<hr>\n<p>&#8220;R\u016bsganas met\u0101la durvis ir dom\u0101tas tiem, kam pat\u012bk p\u0101rsteigt un nov\u0113rt\u0113t ori\u0123inalit\u0101ti. Durvis ir \u013coti vienk\u0101r\u0161as, bet iespaid\u012bgas.<\/p>\n<p>R\u016bsgan\u0101 met\u0101la b\u012bd\u0101mo durvju galvenais elements ir apzin\u0101ti novecojusi met\u0101la loksne. R\u016bsas, kas redzamas uz lok\u0161\u0146u met\u0101la, ir dabisk\u0101 korozijas procesa rezult\u0101ts. R\u016bsgan\u0101m met\u0101la durv\u012bm ir rakstur\u012bgs nevienm\u0113r\u012bgs kr\u0101sojums un apzin\u0101ts nodilums, kas rada interesantas kr\u0101sas. Durvju virs\u0113j\u0101 sl\u0101\u0146a sk\u0101rds ir nedaudz raupj\u0161, kas pastiprina iespaidu, ka durvis ir laika gait\u0101 nolietotas. Uz virsmas var veidoties ar\u012b br\u016bni plankumi, kas imit\u0113 pastiprin\u0101tu r\u016bsas uzbrukumu, padarot katru sar\u016bs\u0113ju\u0161u met\u0101la durvju individu\u0101lu un unik\u0101lu. Viss ir lakots, kas ar\u012b nodro\u0161ina lieto\u0161anas dro\u0161\u012bbu.<\/p>\n<p>Rusty Metal b\u012bd\u0101mo durvju r\u0101mis sast\u0101v no sl\u0113gta profila, kur\u0101 ievietota lok\u0161\u0146u met\u0101la pl\u0101ksne. Viss ir savienots ar X veida plakaniem stie\u0146iem, kas piestiprin\u0101ti ar knied\u0113m. T\u0113rauda r\u0101mis, kas veido durvju konstrukciju, un plakan\u0101s stie\u0146i ir t\u0113rauda kr\u0101s\u0101 ar redzam\u0101m \u0161uv\u0113m un skr\u0101p\u0113jumiem, t\u0101d\u0113j\u0101di saglab\u0101jot durvju neapstr\u0101d\u0101to raksturu. Iek\u0161puse ir aizpild\u012bta ar d\u0113\u013ciem, kas iestiprin\u0101ti starp r\u0101mja profiliem.<br \/>\nM\u0113s pied\u0101v\u0101jam ar\u012b Rusty Metal Duo b\u012bd\u0101m\u0101s durvis ar sk\u0101rda pl\u0101ksni ab\u0101s pus\u0113s.<\/p>\n<p>R\u016bsganas met\u0101la b\u012bd\u0101m\u0101s durvis ir ide\u0101li piem\u0113rotas b\u0113ni\u0146u un industri\u0101lam interjeram.<\/p>\n<hr>\n<p>*Rusty Metal durvis nevar izmantot ar \u0161arn\u012brveida b\u012bd\u0101mo durvju sist\u0113m\u0101m (Vintage, Wheel On Hanger).<br \/>\n* Iesniegtaj\u0101 pied\u0101v\u0101jum\u0101 ir iek\u013cautas tikai durvis, bet nav iek\u013cauta b\u012bd\u0101m\u0101 sist\u0113ma un citi piederumi.<\/p>\n<hr>\n<p>&nbsp;<\/p>\n<\/div>\n","protected":false},"excerpt":{"rendered":"<p>Modelis RUS-100X210 EAN. 5907772071120 Materi\u0101ls T\u0113rauds Biezums (cm ) 3 Kop\u0113jais augstums (cm ) 210 Kop\u0113jais platums (cm ) 100<\/p>\n","protected":false},"featured_media":82242,"comment_status":"open","ping_status":"closed","template":"","meta":{"_acf_changed":false,"pmpro_default_level":""},"product_brand":[],"product_cat":[24064,24059,24078],"product_tag":[],"class_list":{"0":"post-134558","1":"product","2":"type-product","3":"status-publish","4":"has-post-thumbnail","6":"product_cat-bidamas-durvis-lv","7":"product_cat-bidamo-durvju-sistemas","8":"product_cat-metala-bidamas-durvis","9":"pmpro-has-access","11":"first","12":"instock","13":"shipping-taxable","14":"purchasable","15":"product-type-simple"},"acf":[],"yoast_head":"<!-- This site is optimized with the Yoast SEO plugin v24.9 - https:\/\/yoast.com\/wordpress\/plugins\/seo\/ -->\n<title>B\u012bd\u0101m\u0101s durvis RUSTY METAL 100x210 cm - MetalTale.com<\/title>\n<meta name=\"robots\" content=\"index, follow, max-snippet:-1, max-image-preview:large, max-video-preview:-1\" \/>\n<link rel=\"canonical\" href=\"https:\/\/metaltale.com\/lv\/produkts\/bidamas-durvis-rusty-metal-100x210-cm\/\" \/>\n<meta property=\"og:locale\" content=\"lv_LV\" \/>\n<meta property=\"og:type\" content=\"article\" \/>\n<meta property=\"og:title\" content=\"B\u012bd\u0101m\u0101s durvis RUSTY METAL 100x210 cm - MetalTale.com\" \/>\n<meta property=\"og:description\" content=\"Modelis RUS-100X210 EAN. 5907772071120 Materi\u0101ls T\u0113rauds Biezums (cm ) 3 Kop\u0113jais augstums (cm ) 210 Kop\u0113jais platums (cm ) 100\" \/>\n<meta property=\"og:url\" content=\"https:\/\/metaltale.com\/lv\/produkts\/bidamas-durvis-rusty-metal-100x210-cm\/\" \/>\n<meta property=\"og:site_name\" content=\"MetalTale.com\" \/>\n<meta property=\"og:image\" content=\"https:\/\/metaltale.com\/wp-content\/uploads\/2023\/10\/RUSTY-METAL-durys.jpg\" \/>\n\t<meta property=\"og:image:width\" content=\"800\" \/>\n\t<meta property=\"og:image:height\" content=\"800\" \/>\n\t<meta property=\"og:image:type\" content=\"image\/jpeg\" \/>\n<meta name=\"twitter:card\" content=\"summary_large_image\" \/>\n<meta name=\"twitter:label1\" content=\"Est. reading time\" \/>\n\t<meta name=\"twitter:data1\" content=\"2 minutes\" \/>\n<script type=\"application\/ld+json\" class=\"yoast-schema-graph\">{\"@context\":\"https:\/\/schema.org\",\"@graph\":[{\"@type\":\"WebPage\",\"@id\":\"https:\/\/metaltale.com\/lv\/produkts\/bidamas-durvis-rusty-metal-100x210-cm\/\",\"url\":\"https:\/\/metaltale.com\/lv\/produkts\/bidamas-durvis-rusty-metal-100x210-cm\/\",\"name\":\"B\u012bd\u0101m\u0101s durvis RUSTY METAL 100x210 cm - MetalTale.com\",\"isPartOf\":{\"@id\":\"https:\/\/metaltale.com\/lv\/#website\"},\"primaryImageOfPage\":{\"@id\":\"https:\/\/metaltale.com\/lv\/produkts\/bidamas-durvis-rusty-metal-100x210-cm\/#primaryimage\"},\"image\":{\"@id\":\"https:\/\/metaltale.com\/lv\/produkts\/bidamas-durvis-rusty-metal-100x210-cm\/#primaryimage\"},\"thumbnailUrl\":\"https:\/\/metaltale.com\/wp-content\/uploads\/2023\/10\/RUSTY-METAL-durys.jpg\",\"datePublished\":\"2024-01-12T14:40:06+00:00\",\"breadcrumb\":{\"@id\":\"https:\/\/metaltale.com\/lv\/produkts\/bidamas-durvis-rusty-metal-100x210-cm\/#breadcrumb\"},\"inLanguage\":\"lv-LV\",\"potentialAction\":[{\"@type\":\"ReadAction\",\"target\":[\"https:\/\/metaltale.com\/lv\/produkts\/bidamas-durvis-rusty-metal-100x210-cm\/\"]}]},{\"@type\":\"ImageObject\",\"inLanguage\":\"lv-LV\",\"@id\":\"https:\/\/metaltale.com\/lv\/produkts\/bidamas-durvis-rusty-metal-100x210-cm\/#primaryimage\",\"url\":\"https:\/\/metaltale.com\/wp-content\/uploads\/2023\/10\/RUSTY-METAL-durys.jpg\",\"contentUrl\":\"https:\/\/metaltale.com\/wp-content\/uploads\/2023\/10\/RUSTY-METAL-durys.jpg\",\"width\":800,\"height\":800,\"caption\":\"B\u012bd\u0101m\u0101s durvis RUSTY METAL 100x210 cm\"},{\"@type\":\"BreadcrumbList\",\"@id\":\"https:\/\/metaltale.com\/lv\/produkts\/bidamas-durvis-rusty-metal-100x210-cm\/#breadcrumb\",\"itemListElement\":[{\"@type\":\"ListItem\",\"position\":1,\"name\":\"Home\",\"item\":\"https:\/\/metaltale.com\/lv\/majas\/\"},{\"@type\":\"ListItem\",\"position\":2,\"name\":\"Veikals\",\"item\":\"https:\/\/metaltale.com\/lv\/shop\/\"},{\"@type\":\"ListItem\",\"position\":3,\"name\":\"B\u012bd\u0101m\u0101s durvis RUSTY METAL 100&#215;210 cm\"}]},{\"@type\":\"WebSite\",\"@id\":\"https:\/\/metaltale.com\/lv\/#website\",\"url\":\"https:\/\/metaltale.com\/lv\/\",\"name\":\"Metaltale.com\",\"description\":\"\",\"potentialAction\":[{\"@type\":\"SearchAction\",\"target\":{\"@type\":\"EntryPoint\",\"urlTemplate\":\"https:\/\/metaltale.com\/lv\/?s={search_term_string}\"},\"query-input\":{\"@type\":\"PropertyValueSpecification\",\"valueRequired\":true,\"valueName\":\"search_term_string\"}}],\"inLanguage\":\"lv-LV\"}]}<\/script>\n<!-- \/ Yoast SEO plugin. -->","yoast_head_json":{"title":"B\u012bd\u0101m\u0101s durvis RUSTY METAL 100x210 cm - MetalTale.com","robots":{"index":"index","follow":"follow","max-snippet":"max-snippet:-1","max-image-preview":"max-image-preview:large","max-video-preview":"max-video-preview:-1"},"canonical":"https:\/\/metaltale.com\/lv\/produkts\/bidamas-durvis-rusty-metal-100x210-cm\/","og_locale":"lv_LV","og_type":"article","og_title":"B\u012bd\u0101m\u0101s durvis RUSTY METAL 100x210 cm - MetalTale.com","og_description":"Modelis RUS-100X210 EAN. 5907772071120 Materi\u0101ls T\u0113rauds Biezums (cm ) 3 Kop\u0113jais augstums (cm ) 210 Kop\u0113jais platums (cm ) 100","og_url":"https:\/\/metaltale.com\/lv\/produkts\/bidamas-durvis-rusty-metal-100x210-cm\/","og_site_name":"MetalTale.com","og_image":[{"width":800,"height":800,"url":"https:\/\/metaltale.com\/wp-content\/uploads\/2023\/10\/RUSTY-METAL-durys.jpg","type":"image\/jpeg"}],"twitter_card":"summary_large_image","twitter_misc":{"Est. reading time":"2 minutes"},"schema":{"@context":"https:\/\/schema.org","@graph":[{"@type":"WebPage","@id":"https:\/\/metaltale.com\/lv\/produkts\/bidamas-durvis-rusty-metal-100x210-cm\/","url":"https:\/\/metaltale.com\/lv\/produkts\/bidamas-durvis-rusty-metal-100x210-cm\/","name":"B\u012bd\u0101m\u0101s durvis RUSTY METAL 100x210 cm - MetalTale.com","isPartOf":{"@id":"https:\/\/metaltale.com\/lv\/#website"},"primaryImageOfPage":{"@id":"https:\/\/metaltale.com\/lv\/produkts\/bidamas-durvis-rusty-metal-100x210-cm\/#primaryimage"},"image":{"@id":"https:\/\/metaltale.com\/lv\/produkts\/bidamas-durvis-rusty-metal-100x210-cm\/#primaryimage"},"thumbnailUrl":"https:\/\/metaltale.com\/wp-content\/uploads\/2023\/10\/RUSTY-METAL-durys.jpg","datePublished":"2024-01-12T14:40:06+00:00","breadcrumb":{"@id":"https:\/\/metaltale.com\/lv\/produkts\/bidamas-durvis-rusty-metal-100x210-cm\/#breadcrumb"},"inLanguage":"lv-LV","potentialAction":[{"@type":"ReadAction","target":["https:\/\/metaltale.com\/lv\/produkts\/bidamas-durvis-rusty-metal-100x210-cm\/"]}]},{"@type":"ImageObject","inLanguage":"lv-LV","@id":"https:\/\/metaltale.com\/lv\/produkts\/bidamas-durvis-rusty-metal-100x210-cm\/#primaryimage","url":"https:\/\/metaltale.com\/wp-content\/uploads\/2023\/10\/RUSTY-METAL-durys.jpg","contentUrl":"https:\/\/metaltale.com\/wp-content\/uploads\/2023\/10\/RUSTY-METAL-durys.jpg","width":800,"height":800,"caption":"B\u012bd\u0101m\u0101s durvis RUSTY METAL 100x210 cm"},{"@type":"BreadcrumbList","@id":"https:\/\/metaltale.com\/lv\/produkts\/bidamas-durvis-rusty-metal-100x210-cm\/#breadcrumb","itemListElement":[{"@type":"ListItem","position":1,"name":"Home","item":"https:\/\/metaltale.com\/lv\/majas\/"},{"@type":"ListItem","position":2,"name":"Veikals","item":"https:\/\/metaltale.com\/lv\/shop\/"},{"@type":"ListItem","position":3,"name":"B\u012bd\u0101m\u0101s durvis RUSTY METAL 100&#215;210 cm"}]},{"@type":"WebSite","@id":"https:\/\/metaltale.com\/lv\/#website","url":"https:\/\/metaltale.com\/lv\/","name":"Metaltale.com","description":"","potentialAction":[{"@type":"SearchAction","target":{"@type":"EntryPoint","urlTemplate":"https:\/\/metaltale.com\/lv\/?s={search_term_string}"},"query-input":{"@type":"PropertyValueSpecification","valueRequired":true,"valueName":"search_term_string"}}],"inLanguage":"lv-LV"}]}},"_links":{"self":[{"href":"https:\/\/metaltale.com\/lv\/wp-json\/wp\/v2\/product\/134558","targetHints":{"allow":["GET"]}}],"collection":[{"href":"https:\/\/metaltale.com\/lv\/wp-json\/wp\/v2\/product"}],"about":[{"href":"https:\/\/metaltale.com\/lv\/wp-json\/wp\/v2\/types\/product"}],"replies":[{"embeddable":true,"href":"https:\/\/metaltale.com\/lv\/wp-json\/wp\/v2\/comments?post=134558"}],"version-history":[{"count":0,"href":"https:\/\/metaltale.com\/lv\/wp-json\/wp\/v2\/product\/134558\/revisions"}],"wp:featuredmedia":[{"embeddable":true,"href":"https:\/\/metaltale.com\/lv\/wp-json\/wp\/v2\/media\/82242"}],"wp:attachment":[{"href":"https:\/\/metaltale.com\/lv\/wp-json\/wp\/v2\/media?parent=134558"}],"wp:term":[{"taxonomy":"product_brand","embeddable":true,"href":"https:\/\/metaltale.com\/lv\/wp-json\/wp\/v2\/product_brand?post=134558"},{"taxonomy":"product_cat","embeddable":true,"href":"https:\/\/metaltale.com\/lv\/wp-json\/wp\/v2\/product_cat?post=134558"},{"taxonomy":"product_tag","embeddable":true,"href":"https:\/\/metaltale.com\/lv\/wp-json\/wp\/v2\/product_tag?post=134558"}],"curies":[{"name":"wp","href":"https:\/\/api.w.org\/{rel}","templated":true}]}}