{"id":134550,"date":"2024-02-13T14:39:55","date_gmt":"2024-02-13T12:39:55","guid":{"rendered":"https:\/\/metaltale.com\/produktas\/cylinder-metala-svecturis\/"},"modified":"2024-02-13T14:39:55","modified_gmt":"2024-02-13T12:39:55","slug":"cylinder-metala-svecturis","status":"publish","type":"product","link":"https:\/\/metaltale.com\/lv\/produkts\/cylinder-metala-svecturis\/","title":{"rendered":"CYLINDER met\u0101la sve\u010dturis"},"content":{"rendered":"<div class=\"prod_data\"><strong>Modelis<\/strong> AF.797.648.60  <br \/><strong>EAN.<\/strong>  5905369923753  <br \/><strong>Materi\u0101ls<\/strong> Met\u0101ls  <br \/>Kop\u0113jais augstums (cm ) 7 <br \/><strong>Kop\u0113jais diametrs (cm<\/strong> ) 12  <br \/>T\u0113rauda kr\u0101sa <\/p>\n<p>&#8211; met\u0101la st\u0101v sve\u010dturi  <br \/>&#8211; Novecojus\u012b virsma izce\u013c izstr\u0101d\u0101juma retro raksturu.  <br \/>&#8211; vienas \u0161auras sveces modelis<br \/>&#8211; pak\u0101penisks korozijas process mitruma iedarb\u012bbas d\u0113\u013c;<\/p>\n<hr>\n<p>Cilindrs ir izstr\u0101d\u0101jums, kas p\u0113c formas at\u0161\u0137iras no tradicion\u0101lajiem sve\u010dturiem. Vienk\u0101r\u0161\u012bba apvienojum\u0101 ar \u012bpatn\u0113jo, novecoju\u0161o virsmu ir ori\u0123in\u0101ls duets, kas atsauc atmi\u0146\u0101 gadsimtiem senus klasiskos sve\u010du pamatus. Cilindra sve\u010du tur\u0113t\u0101ju var izmantot, lai izveidotu unik\u0101lu lauku galda dekoru. T\u0101 ir ar\u012b lieliska alternat\u012bva dekorat\u012bviem nieci\u0146iem uz kumodes.<\/p>\n<\/div>\n","protected":false},"excerpt":{"rendered":"<p>Modelis AF.797.648.60 EAN. 5905369923753 Materi\u0101ls Met\u0101ls Kop\u0113jais augstums (cm ) 7 Kop\u0113jais diametrs (cm ) 12 T\u0113rauda kr\u0101sa &#8211; met\u0101la<\/p>\n","protected":false},"featured_media":89079,"comment_status":"open","ping_status":"closed","template":"","meta":{"_acf_changed":false,"pmpro_default_level":""},"product_brand":[],"product_cat":[24105],"product_tag":[],"class_list":{"0":"post-134550","1":"product","2":"type-product","3":"status-publish","4":"has-post-thumbnail","6":"product_cat-uzcelamie-svecturi","7":"pmpro-has-access","9":"first","10":"instock","11":"shipping-taxable","12":"purchasable","13":"product-type-simple"},"acf":[],"yoast_head":"<!-- This site is optimized with the Yoast SEO plugin v24.9 - https:\/\/yoast.com\/wordpress\/plugins\/seo\/ -->\n<title>CYLINDER met\u0101la sve\u010dturis - MetalTale.com<\/title>\n<meta name=\"robots\" content=\"index, follow, max-snippet:-1, max-image-preview:large, max-video-preview:-1\" \/>\n<link rel=\"canonical\" href=\"https:\/\/metaltale.com\/lv\/produkts\/cylinder-metala-svecturis\/\" \/>\n<meta property=\"og:locale\" content=\"lv_LV\" \/>\n<meta property=\"og:type\" content=\"article\" \/>\n<meta property=\"og:title\" content=\"CYLINDER met\u0101la sve\u010dturis - MetalTale.com\" \/>\n<meta property=\"og:description\" content=\"Modelis AF.797.648.60 EAN. 5905369923753 Materi\u0101ls Met\u0101ls Kop\u0113jais augstums (cm ) 7 Kop\u0113jais diametrs (cm ) 12 T\u0113rauda kr\u0101sa &#8211; met\u0101la\" \/>\n<meta property=\"og:url\" content=\"https:\/\/metaltale.com\/lv\/produkts\/cylinder-metala-svecturis\/\" \/>\n<meta property=\"og:site_name\" content=\"MetalTale.com\" \/>\n<meta name=\"twitter:card\" content=\"summary_large_image\" \/>\n<meta name=\"twitter:label1\" content=\"Est. reading time\" \/>\n\t<meta name=\"twitter:data1\" content=\"1 minute\" \/>\n<script type=\"application\/ld+json\" class=\"yoast-schema-graph\">{\"@context\":\"https:\/\/schema.org\",\"@graph\":[{\"@type\":\"WebPage\",\"@id\":\"https:\/\/metaltale.com\/lv\/produkts\/cylinder-metala-svecturis\/\",\"url\":\"https:\/\/metaltale.com\/lv\/produkts\/cylinder-metala-svecturis\/\",\"name\":\"CYLINDER met\u0101la sve\u010dturis - MetalTale.com\",\"isPartOf\":{\"@id\":\"https:\/\/metaltale.com\/lv\/#website\"},\"primaryImageOfPage\":{\"@id\":\"https:\/\/metaltale.com\/lv\/produkts\/cylinder-metala-svecturis\/#primaryimage\"},\"image\":{\"@id\":\"https:\/\/metaltale.com\/lv\/produkts\/cylinder-metala-svecturis\/#primaryimage\"},\"thumbnailUrl\":\"https:\/\/metaltale.com\/wp-content\/uploads\/2023\/10\/x17Dvakidx117s-CILINDRAS.jpg\",\"datePublished\":\"2024-02-13T12:39:55+00:00\",\"breadcrumb\":{\"@id\":\"https:\/\/metaltale.com\/lv\/produkts\/cylinder-metala-svecturis\/#breadcrumb\"},\"inLanguage\":\"lv-LV\",\"potentialAction\":[{\"@type\":\"ReadAction\",\"target\":[\"https:\/\/metaltale.com\/lv\/produkts\/cylinder-metala-svecturis\/\"]}]},{\"@type\":\"ImageObject\",\"inLanguage\":\"lv-LV\",\"@id\":\"https:\/\/metaltale.com\/lv\/produkts\/cylinder-metala-svecturis\/#primaryimage\",\"url\":\"https:\/\/metaltale.com\/wp-content\/uploads\/2023\/10\/x17Dvakidx117s-CILINDRAS.jpg\",\"contentUrl\":\"https:\/\/metaltale.com\/wp-content\/uploads\/2023\/10\/x17Dvakidx117s-CILINDRAS.jpg\",\"width\":800,\"height\":800},{\"@type\":\"BreadcrumbList\",\"@id\":\"https:\/\/metaltale.com\/lv\/produkts\/cylinder-metala-svecturis\/#breadcrumb\",\"itemListElement\":[{\"@type\":\"ListItem\",\"position\":1,\"name\":\"Home\",\"item\":\"https:\/\/metaltale.com\/lv\/majas\/\"},{\"@type\":\"ListItem\",\"position\":2,\"name\":\"Veikals\",\"item\":\"https:\/\/metaltale.com\/lv\/shop\/\"},{\"@type\":\"ListItem\",\"position\":3,\"name\":\"CYLINDER met\u0101la sve\u010dturis\"}]},{\"@type\":\"WebSite\",\"@id\":\"https:\/\/metaltale.com\/lv\/#website\",\"url\":\"https:\/\/metaltale.com\/lv\/\",\"name\":\"Metaltale.com\",\"description\":\"\",\"potentialAction\":[{\"@type\":\"SearchAction\",\"target\":{\"@type\":\"EntryPoint\",\"urlTemplate\":\"https:\/\/metaltale.com\/lv\/?s={search_term_string}\"},\"query-input\":{\"@type\":\"PropertyValueSpecification\",\"valueRequired\":true,\"valueName\":\"search_term_string\"}}],\"inLanguage\":\"lv-LV\"}]}<\/script>\n<!-- \/ Yoast SEO plugin. -->","yoast_head_json":{"title":"CYLINDER met\u0101la sve\u010dturis - MetalTale.com","robots":{"index":"index","follow":"follow","max-snippet":"max-snippet:-1","max-image-preview":"max-image-preview:large","max-video-preview":"max-video-preview:-1"},"canonical":"https:\/\/metaltale.com\/lv\/produkts\/cylinder-metala-svecturis\/","og_locale":"lv_LV","og_type":"article","og_title":"CYLINDER met\u0101la sve\u010dturis - MetalTale.com","og_description":"Modelis AF.797.648.60 EAN. 5905369923753 Materi\u0101ls Met\u0101ls Kop\u0113jais augstums (cm ) 7 Kop\u0113jais diametrs (cm ) 12 T\u0113rauda kr\u0101sa &#8211; met\u0101la","og_url":"https:\/\/metaltale.com\/lv\/produkts\/cylinder-metala-svecturis\/","og_site_name":"MetalTale.com","twitter_card":"summary_large_image","twitter_misc":{"Est. reading time":"1 minute"},"schema":{"@context":"https:\/\/schema.org","@graph":[{"@type":"WebPage","@id":"https:\/\/metaltale.com\/lv\/produkts\/cylinder-metala-svecturis\/","url":"https:\/\/metaltale.com\/lv\/produkts\/cylinder-metala-svecturis\/","name":"CYLINDER met\u0101la sve\u010dturis - MetalTale.com","isPartOf":{"@id":"https:\/\/metaltale.com\/lv\/#website"},"primaryImageOfPage":{"@id":"https:\/\/metaltale.com\/lv\/produkts\/cylinder-metala-svecturis\/#primaryimage"},"image":{"@id":"https:\/\/metaltale.com\/lv\/produkts\/cylinder-metala-svecturis\/#primaryimage"},"thumbnailUrl":"https:\/\/metaltale.com\/wp-content\/uploads\/2023\/10\/x17Dvakidx117s-CILINDRAS.jpg","datePublished":"2024-02-13T12:39:55+00:00","breadcrumb":{"@id":"https:\/\/metaltale.com\/lv\/produkts\/cylinder-metala-svecturis\/#breadcrumb"},"inLanguage":"lv-LV","potentialAction":[{"@type":"ReadAction","target":["https:\/\/metaltale.com\/lv\/produkts\/cylinder-metala-svecturis\/"]}]},{"@type":"ImageObject","inLanguage":"lv-LV","@id":"https:\/\/metaltale.com\/lv\/produkts\/cylinder-metala-svecturis\/#primaryimage","url":"https:\/\/metaltale.com\/wp-content\/uploads\/2023\/10\/x17Dvakidx117s-CILINDRAS.jpg","contentUrl":"https:\/\/metaltale.com\/wp-content\/uploads\/2023\/10\/x17Dvakidx117s-CILINDRAS.jpg","width":800,"height":800},{"@type":"BreadcrumbList","@id":"https:\/\/metaltale.com\/lv\/produkts\/cylinder-metala-svecturis\/#breadcrumb","itemListElement":[{"@type":"ListItem","position":1,"name":"Home","item":"https:\/\/metaltale.com\/lv\/majas\/"},{"@type":"ListItem","position":2,"name":"Veikals","item":"https:\/\/metaltale.com\/lv\/shop\/"},{"@type":"ListItem","position":3,"name":"CYLINDER met\u0101la sve\u010dturis"}]},{"@type":"WebSite","@id":"https:\/\/metaltale.com\/lv\/#website","url":"https:\/\/metaltale.com\/lv\/","name":"Metaltale.com","description":"","potentialAction":[{"@type":"SearchAction","target":{"@type":"EntryPoint","urlTemplate":"https:\/\/metaltale.com\/lv\/?s={search_term_string}"},"query-input":{"@type":"PropertyValueSpecification","valueRequired":true,"valueName":"search_term_string"}}],"inLanguage":"lv-LV"}]}},"_links":{"self":[{"href":"https:\/\/metaltale.com\/lv\/wp-json\/wp\/v2\/product\/134550","targetHints":{"allow":["GET"]}}],"collection":[{"href":"https:\/\/metaltale.com\/lv\/wp-json\/wp\/v2\/product"}],"about":[{"href":"https:\/\/metaltale.com\/lv\/wp-json\/wp\/v2\/types\/product"}],"replies":[{"embeddable":true,"href":"https:\/\/metaltale.com\/lv\/wp-json\/wp\/v2\/comments?post=134550"}],"version-history":[{"count":0,"href":"https:\/\/metaltale.com\/lv\/wp-json\/wp\/v2\/product\/134550\/revisions"}],"wp:featuredmedia":[{"embeddable":true,"href":"https:\/\/metaltale.com\/lv\/wp-json\/wp\/v2\/media\/89079"}],"wp:attachment":[{"href":"https:\/\/metaltale.com\/lv\/wp-json\/wp\/v2\/media?parent=134550"}],"wp:term":[{"taxonomy":"product_brand","embeddable":true,"href":"https:\/\/metaltale.com\/lv\/wp-json\/wp\/v2\/product_brand?post=134550"},{"taxonomy":"product_cat","embeddable":true,"href":"https:\/\/metaltale.com\/lv\/wp-json\/wp\/v2\/product_cat?post=134550"},{"taxonomy":"product_tag","embeddable":true,"href":"https:\/\/metaltale.com\/lv\/wp-json\/wp\/v2\/product_tag?post=134550"}],"curies":[{"name":"wp","href":"https:\/\/api.w.org\/{rel}","templated":true}]}}