{"id":134536,"date":"2024-02-13T13:39:04","date_gmt":"2024-02-13T11:39:04","guid":{"rendered":"https:\/\/metaltale.com\/produktas\/cuguna-svecturis-nora-1\/"},"modified":"2024-02-13T13:39:04","modified_gmt":"2024-02-13T11:39:04","slug":"cuguna-svecturis-nora-1","status":"publish","type":"product","link":"https:\/\/metaltale.com\/lv\/produkts\/cuguna-svecturis-nora-1\/","title":{"rendered":"\u010cuguna sve\u010dturis NORA 1"},"content":{"rendered":"<div class=\"prod_data\"><strong>Modelis<\/strong> AF.792.251.61  <br \/><strong>EAN.<\/strong>  5905369923760  <br \/><strong>Materi\u0101ls<\/strong> Ketus  <br \/><strong>Kop\u0113jais augstums (cm<\/strong> ) 17  <br \/>Kop\u0113jais platums (cm ) 10 <br \/><strong>Pamatnes diametrs (cm)<\/strong> 10  <br \/><strong>Kr\u0101sa<\/strong> Melna  <\/p>\n<p>\u010cuguna sve\u010dturis uz apa\u013cas pamatnes.<\/p>\n<\/div>\n","protected":false},"excerpt":{"rendered":"<p>Modelis AF.792.251.61 EAN. 5905369923760 Materi\u0101ls Ketus Kop\u0113jais augstums (cm ) 17 Kop\u0113jais platums (cm ) 10 Pamatnes diametrs (cm) 10<\/p>\n","protected":false},"featured_media":79312,"comment_status":"open","ping_status":"closed","template":"","meta":{"_acf_changed":false,"pmpro_default_level":""},"product_brand":[],"product_cat":[24105],"product_tag":[],"class_list":{"0":"post-134536","1":"product","2":"type-product","3":"status-publish","4":"has-post-thumbnail","6":"product_cat-uzcelamie-svecturi","7":"pmpro-has-access","9":"first","10":"instock","11":"shipping-taxable","12":"purchasable","13":"product-type-simple"},"acf":[],"yoast_head":"<!-- This site is optimized with the Yoast SEO plugin v24.9 - https:\/\/yoast.com\/wordpress\/plugins\/seo\/ -->\n<title>\u010cuguna sve\u010dturis NORA 1 - MetalTale.com<\/title>\n<meta name=\"robots\" content=\"index, follow, max-snippet:-1, max-image-preview:large, max-video-preview:-1\" \/>\n<link rel=\"canonical\" href=\"https:\/\/metaltale.com\/lv\/produkts\/cuguna-svecturis-nora-1\/\" \/>\n<meta property=\"og:locale\" content=\"lv_LV\" \/>\n<meta property=\"og:type\" content=\"article\" \/>\n<meta property=\"og:title\" content=\"\u010cuguna sve\u010dturis NORA 1 - MetalTale.com\" \/>\n<meta property=\"og:description\" content=\"Modelis AF.792.251.61 EAN. 5905369923760 Materi\u0101ls Ketus Kop\u0113jais augstums (cm ) 17 Kop\u0113jais platums (cm ) 10 Pamatnes diametrs (cm) 10\" \/>\n<meta property=\"og:url\" content=\"https:\/\/metaltale.com\/lv\/produkts\/cuguna-svecturis-nora-1\/\" \/>\n<meta property=\"og:site_name\" content=\"MetalTale.com\" \/>\n<meta name=\"twitter:card\" content=\"summary_large_image\" \/>\n<script type=\"application\/ld+json\" class=\"yoast-schema-graph\">{\"@context\":\"https:\/\/schema.org\",\"@graph\":[{\"@type\":\"WebPage\",\"@id\":\"https:\/\/metaltale.com\/lv\/produkts\/cuguna-svecturis-nora-1\/\",\"url\":\"https:\/\/metaltale.com\/lv\/produkts\/cuguna-svecturis-nora-1\/\",\"name\":\"\u010cuguna sve\u010dturis NORA 1 - MetalTale.com\",\"isPartOf\":{\"@id\":\"https:\/\/metaltale.com\/lv\/#website\"},\"primaryImageOfPage\":{\"@id\":\"https:\/\/metaltale.com\/lv\/produkts\/cuguna-svecturis-nora-1\/#primaryimage\"},\"image\":{\"@id\":\"https:\/\/metaltale.com\/lv\/produkts\/cuguna-svecturis-nora-1\/#primaryimage\"},\"thumbnailUrl\":\"https:\/\/metaltale.com\/wp-content\/uploads\/2023\/10\/x15Awiecznik-NORA.jpg\",\"datePublished\":\"2024-02-13T11:39:04+00:00\",\"breadcrumb\":{\"@id\":\"https:\/\/metaltale.com\/lv\/produkts\/cuguna-svecturis-nora-1\/#breadcrumb\"},\"inLanguage\":\"lv-LV\",\"potentialAction\":[{\"@type\":\"ReadAction\",\"target\":[\"https:\/\/metaltale.com\/lv\/produkts\/cuguna-svecturis-nora-1\/\"]}]},{\"@type\":\"ImageObject\",\"inLanguage\":\"lv-LV\",\"@id\":\"https:\/\/metaltale.com\/lv\/produkts\/cuguna-svecturis-nora-1\/#primaryimage\",\"url\":\"https:\/\/metaltale.com\/wp-content\/uploads\/2023\/10\/x15Awiecznik-NORA.jpg\",\"contentUrl\":\"https:\/\/metaltale.com\/wp-content\/uploads\/2023\/10\/x15Awiecznik-NORA.jpg\",\"width\":800,\"height\":800},{\"@type\":\"BreadcrumbList\",\"@id\":\"https:\/\/metaltale.com\/lv\/produkts\/cuguna-svecturis-nora-1\/#breadcrumb\",\"itemListElement\":[{\"@type\":\"ListItem\",\"position\":1,\"name\":\"Home\",\"item\":\"https:\/\/metaltale.com\/lv\/majas\/\"},{\"@type\":\"ListItem\",\"position\":2,\"name\":\"Veikals\",\"item\":\"https:\/\/metaltale.com\/lv\/shop\/\"},{\"@type\":\"ListItem\",\"position\":3,\"name\":\"\u010cuguna sve\u010dturis NORA 1\"}]},{\"@type\":\"WebSite\",\"@id\":\"https:\/\/metaltale.com\/lv\/#website\",\"url\":\"https:\/\/metaltale.com\/lv\/\",\"name\":\"Metaltale.com\",\"description\":\"\",\"potentialAction\":[{\"@type\":\"SearchAction\",\"target\":{\"@type\":\"EntryPoint\",\"urlTemplate\":\"https:\/\/metaltale.com\/lv\/?s={search_term_string}\"},\"query-input\":{\"@type\":\"PropertyValueSpecification\",\"valueRequired\":true,\"valueName\":\"search_term_string\"}}],\"inLanguage\":\"lv-LV\"}]}<\/script>\n<!-- \/ Yoast SEO plugin. -->","yoast_head_json":{"title":"\u010cuguna sve\u010dturis NORA 1 - MetalTale.com","robots":{"index":"index","follow":"follow","max-snippet":"max-snippet:-1","max-image-preview":"max-image-preview:large","max-video-preview":"max-video-preview:-1"},"canonical":"https:\/\/metaltale.com\/lv\/produkts\/cuguna-svecturis-nora-1\/","og_locale":"lv_LV","og_type":"article","og_title":"\u010cuguna sve\u010dturis NORA 1 - MetalTale.com","og_description":"Modelis AF.792.251.61 EAN. 5905369923760 Materi\u0101ls Ketus Kop\u0113jais augstums (cm ) 17 Kop\u0113jais platums (cm ) 10 Pamatnes diametrs (cm) 10","og_url":"https:\/\/metaltale.com\/lv\/produkts\/cuguna-svecturis-nora-1\/","og_site_name":"MetalTale.com","twitter_card":"summary_large_image","schema":{"@context":"https:\/\/schema.org","@graph":[{"@type":"WebPage","@id":"https:\/\/metaltale.com\/lv\/produkts\/cuguna-svecturis-nora-1\/","url":"https:\/\/metaltale.com\/lv\/produkts\/cuguna-svecturis-nora-1\/","name":"\u010cuguna sve\u010dturis NORA 1 - MetalTale.com","isPartOf":{"@id":"https:\/\/metaltale.com\/lv\/#website"},"primaryImageOfPage":{"@id":"https:\/\/metaltale.com\/lv\/produkts\/cuguna-svecturis-nora-1\/#primaryimage"},"image":{"@id":"https:\/\/metaltale.com\/lv\/produkts\/cuguna-svecturis-nora-1\/#primaryimage"},"thumbnailUrl":"https:\/\/metaltale.com\/wp-content\/uploads\/2023\/10\/x15Awiecznik-NORA.jpg","datePublished":"2024-02-13T11:39:04+00:00","breadcrumb":{"@id":"https:\/\/metaltale.com\/lv\/produkts\/cuguna-svecturis-nora-1\/#breadcrumb"},"inLanguage":"lv-LV","potentialAction":[{"@type":"ReadAction","target":["https:\/\/metaltale.com\/lv\/produkts\/cuguna-svecturis-nora-1\/"]}]},{"@type":"ImageObject","inLanguage":"lv-LV","@id":"https:\/\/metaltale.com\/lv\/produkts\/cuguna-svecturis-nora-1\/#primaryimage","url":"https:\/\/metaltale.com\/wp-content\/uploads\/2023\/10\/x15Awiecznik-NORA.jpg","contentUrl":"https:\/\/metaltale.com\/wp-content\/uploads\/2023\/10\/x15Awiecznik-NORA.jpg","width":800,"height":800},{"@type":"BreadcrumbList","@id":"https:\/\/metaltale.com\/lv\/produkts\/cuguna-svecturis-nora-1\/#breadcrumb","itemListElement":[{"@type":"ListItem","position":1,"name":"Home","item":"https:\/\/metaltale.com\/lv\/majas\/"},{"@type":"ListItem","position":2,"name":"Veikals","item":"https:\/\/metaltale.com\/lv\/shop\/"},{"@type":"ListItem","position":3,"name":"\u010cuguna sve\u010dturis NORA 1"}]},{"@type":"WebSite","@id":"https:\/\/metaltale.com\/lv\/#website","url":"https:\/\/metaltale.com\/lv\/","name":"Metaltale.com","description":"","potentialAction":[{"@type":"SearchAction","target":{"@type":"EntryPoint","urlTemplate":"https:\/\/metaltale.com\/lv\/?s={search_term_string}"},"query-input":{"@type":"PropertyValueSpecification","valueRequired":true,"valueName":"search_term_string"}}],"inLanguage":"lv-LV"}]}},"_links":{"self":[{"href":"https:\/\/metaltale.com\/lv\/wp-json\/wp\/v2\/product\/134536","targetHints":{"allow":["GET"]}}],"collection":[{"href":"https:\/\/metaltale.com\/lv\/wp-json\/wp\/v2\/product"}],"about":[{"href":"https:\/\/metaltale.com\/lv\/wp-json\/wp\/v2\/types\/product"}],"replies":[{"embeddable":true,"href":"https:\/\/metaltale.com\/lv\/wp-json\/wp\/v2\/comments?post=134536"}],"version-history":[{"count":0,"href":"https:\/\/metaltale.com\/lv\/wp-json\/wp\/v2\/product\/134536\/revisions"}],"wp:featuredmedia":[{"embeddable":true,"href":"https:\/\/metaltale.com\/lv\/wp-json\/wp\/v2\/media\/79312"}],"wp:attachment":[{"href":"https:\/\/metaltale.com\/lv\/wp-json\/wp\/v2\/media?parent=134536"}],"wp:term":[{"taxonomy":"product_brand","embeddable":true,"href":"https:\/\/metaltale.com\/lv\/wp-json\/wp\/v2\/product_brand?post=134536"},{"taxonomy":"product_cat","embeddable":true,"href":"https:\/\/metaltale.com\/lv\/wp-json\/wp\/v2\/product_cat?post=134536"},{"taxonomy":"product_tag","embeddable":true,"href":"https:\/\/metaltale.com\/lv\/wp-json\/wp\/v2\/product_tag?post=134536"}],"curies":[{"name":"wp","href":"https:\/\/api.w.org\/{rel}","templated":true}]}}