{"id":134533,"date":"2024-02-13T14:21:04","date_gmt":"2024-02-13T12:21:04","guid":{"rendered":"https:\/\/metaltale.com\/produktas\/buvkonstrukciju-stiprinajums-typu-t-medium\/"},"modified":"2024-02-13T14:21:04","modified_gmt":"2024-02-13T12:21:04","slug":"buvkonstrukciju-stiprinajums-typu-t-medium","status":"publish","type":"product","link":"https:\/\/metaltale.com\/lv\/produkts\/buvkonstrukciju-stiprinajums-typu-t-medium\/","title":{"rendered":"B\u016bvkonstrukciju stiprin\u0101jums TYPU T medium"},"content":{"rendered":"<div class=\"prod_data\">\n<p><strong>Modelis<\/strong> ZA.110-PRGR<br \/>\n<strong>Materi\u0101ls<\/strong> T\u0113rauds<br \/>\n<strong>Kop\u0113jais augstums (cm<\/strong> ) A: 15<br \/>\n<strong>Kop\u0113jais platums (cm<\/strong> ) B: 25<br \/>\n<strong>Dzi\u013cums (cm<\/strong> ) C: 5<br \/>\nT\u0113rauda <strong>kr\u0101sa<\/strong> <\/p>\n<p><strong>\u0112kas saite<\/strong> ir tipisks piem\u0113rs noder\u012bg\u0101m apb\u016bves iesp\u0113j\u0101m patiesi lauku apvidus at\u013cauj\u0101. Daudzus plakanus m\u0113be\u013cu savienojumus var izgatavot un stabiliz\u0113t, izmantojot pied\u0101v\u0101to risin\u0101jumu.<\/p>\n<p>Tas lieliski darbosies k\u0101 nep\u0101rtraukta horizont\u0101la staru k\u016b\u013ca konver\u0123ence griestu aug\u0161pus\u0113. Konstrukcijas savienojums ir izgatavots no augstas kvalit\u0101tes <strong>pres\u0113ta t\u0113rauda<\/strong> un ir iztur\u0113ts noveco\u0161anas un impregn\u0113\u0161anas proces\u0101, kas nodro\u0161ina atbilsto\u0161u aizsardz\u012bbu pret koroziju, jo \u012bpa\u0161i nelabv\u0113l\u012bgos laika apst\u0101k\u013cos.<\/p>\n<p>Izgatavots no pres\u0113ta t\u0113rauda, viet\u0101m berz\u0113ts.<\/p>\n<p>To izmanto, piem\u0113ram, horizont\u0101lo siju savieno\u0161anai kolonnu aug\u0161da\u013c\u0101s.<\/p>\n<hr>\n<\/div>\n","protected":false},"excerpt":{"rendered":"<p>Modelis ZA.110-PRGR Materi\u0101ls T\u0113rauds Kop\u0113jais augstums (cm ) A: 15 Kop\u0113jais platums (cm ) B: 25 Dzi\u013cums (cm ) C:<\/p>\n","protected":false},"featured_media":69139,"comment_status":"open","ping_status":"closed","template":"","meta":{"_acf_changed":false,"pmpro_default_level":""},"product_brand":[],"product_cat":[23837,23886],"product_tag":[],"class_list":{"0":"post-134533","1":"product","2":"type-product","3":"status-publish","4":"has-post-thumbnail","6":"product_cat-mebeles-piederumi","7":"product_cat-statybines-ir-baldu-jungtys-lv","8":"pmpro-has-access","10":"first","11":"instock","12":"shipping-taxable","13":"purchasable","14":"product-type-simple"},"acf":[],"yoast_head":"<!-- This site is optimized with the Yoast SEO plugin v24.9 - https:\/\/yoast.com\/wordpress\/plugins\/seo\/ -->\n<title>B\u016bvkonstrukciju stiprin\u0101jums TYPU T medium - MetalTale.com<\/title>\n<meta name=\"robots\" content=\"index, follow, max-snippet:-1, max-image-preview:large, max-video-preview:-1\" \/>\n<link rel=\"canonical\" href=\"https:\/\/metaltale.com\/lv\/produkts\/buvkonstrukciju-stiprinajums-typu-t-medium\/\" \/>\n<meta property=\"og:locale\" content=\"lv_LV\" \/>\n<meta property=\"og:type\" content=\"article\" \/>\n<meta property=\"og:title\" content=\"B\u016bvkonstrukciju stiprin\u0101jums TYPU T medium - MetalTale.com\" \/>\n<meta property=\"og:description\" content=\"Modelis ZA.110-PRGR Materi\u0101ls T\u0113rauds Kop\u0113jais augstums (cm ) A: 15 Kop\u0113jais platums (cm ) B: 25 Dzi\u013cums (cm ) C:\" \/>\n<meta property=\"og:url\" content=\"https:\/\/metaltale.com\/lv\/produkts\/buvkonstrukciju-stiprinajums-typu-t-medium\/\" \/>\n<meta property=\"og:site_name\" content=\"MetalTale.com\" \/>\n<meta property=\"og:image\" content=\"https:\/\/metaltale.com\/wp-content\/uploads\/2023\/09\/Statybinx117s-jungties-tipas-T-MEDIUM.jpg\" \/>\n\t<meta property=\"og:image:width\" content=\"800\" \/>\n\t<meta property=\"og:image:height\" content=\"800\" \/>\n\t<meta property=\"og:image:type\" content=\"image\/jpeg\" \/>\n<meta name=\"twitter:card\" content=\"summary_large_image\" \/>\n<meta name=\"twitter:label1\" content=\"Est. reading time\" \/>\n\t<meta name=\"twitter:data1\" content=\"1 minute\" \/>\n<script type=\"application\/ld+json\" class=\"yoast-schema-graph\">{\"@context\":\"https:\/\/schema.org\",\"@graph\":[{\"@type\":\"WebPage\",\"@id\":\"https:\/\/metaltale.com\/lv\/produkts\/buvkonstrukciju-stiprinajums-typu-t-medium\/\",\"url\":\"https:\/\/metaltale.com\/lv\/produkts\/buvkonstrukciju-stiprinajums-typu-t-medium\/\",\"name\":\"B\u016bvkonstrukciju stiprin\u0101jums TYPU T medium - MetalTale.com\",\"isPartOf\":{\"@id\":\"https:\/\/metaltale.com\/lv\/#website\"},\"primaryImageOfPage\":{\"@id\":\"https:\/\/metaltale.com\/lv\/produkts\/buvkonstrukciju-stiprinajums-typu-t-medium\/#primaryimage\"},\"image\":{\"@id\":\"https:\/\/metaltale.com\/lv\/produkts\/buvkonstrukciju-stiprinajums-typu-t-medium\/#primaryimage\"},\"thumbnailUrl\":\"https:\/\/metaltale.com\/wp-content\/uploads\/2023\/09\/Statybinx117s-jungties-tipas-T-MEDIUM.jpg\",\"datePublished\":\"2024-02-13T12:21:04+00:00\",\"breadcrumb\":{\"@id\":\"https:\/\/metaltale.com\/lv\/produkts\/buvkonstrukciju-stiprinajums-typu-t-medium\/#breadcrumb\"},\"inLanguage\":\"lv-LV\",\"potentialAction\":[{\"@type\":\"ReadAction\",\"target\":[\"https:\/\/metaltale.com\/lv\/produkts\/buvkonstrukciju-stiprinajums-typu-t-medium\/\"]}]},{\"@type\":\"ImageObject\",\"inLanguage\":\"lv-LV\",\"@id\":\"https:\/\/metaltale.com\/lv\/produkts\/buvkonstrukciju-stiprinajums-typu-t-medium\/#primaryimage\",\"url\":\"https:\/\/metaltale.com\/wp-content\/uploads\/2023\/09\/Statybinx117s-jungties-tipas-T-MEDIUM.jpg\",\"contentUrl\":\"https:\/\/metaltale.com\/wp-content\/uploads\/2023\/09\/Statybinx117s-jungties-tipas-T-MEDIUM.jpg\",\"width\":800,\"height\":800,\"caption\":\"B\u016bvkonstrukciju stiprin\u0101jums TYPU T medium\"},{\"@type\":\"BreadcrumbList\",\"@id\":\"https:\/\/metaltale.com\/lv\/produkts\/buvkonstrukciju-stiprinajums-typu-t-medium\/#breadcrumb\",\"itemListElement\":[{\"@type\":\"ListItem\",\"position\":1,\"name\":\"Home\",\"item\":\"https:\/\/metaltale.com\/lv\/majas\/\"},{\"@type\":\"ListItem\",\"position\":2,\"name\":\"Veikals\",\"item\":\"https:\/\/metaltale.com\/lv\/shop\/\"},{\"@type\":\"ListItem\",\"position\":3,\"name\":\"B\u016bvkonstrukciju stiprin\u0101jums TYPU T medium\"}]},{\"@type\":\"WebSite\",\"@id\":\"https:\/\/metaltale.com\/lv\/#website\",\"url\":\"https:\/\/metaltale.com\/lv\/\",\"name\":\"Metaltale.com\",\"description\":\"\",\"potentialAction\":[{\"@type\":\"SearchAction\",\"target\":{\"@type\":\"EntryPoint\",\"urlTemplate\":\"https:\/\/metaltale.com\/lv\/?s={search_term_string}\"},\"query-input\":{\"@type\":\"PropertyValueSpecification\",\"valueRequired\":true,\"valueName\":\"search_term_string\"}}],\"inLanguage\":\"lv-LV\"}]}<\/script>\n<!-- \/ Yoast SEO plugin. -->","yoast_head_json":{"title":"B\u016bvkonstrukciju stiprin\u0101jums TYPU T medium - MetalTale.com","robots":{"index":"index","follow":"follow","max-snippet":"max-snippet:-1","max-image-preview":"max-image-preview:large","max-video-preview":"max-video-preview:-1"},"canonical":"https:\/\/metaltale.com\/lv\/produkts\/buvkonstrukciju-stiprinajums-typu-t-medium\/","og_locale":"lv_LV","og_type":"article","og_title":"B\u016bvkonstrukciju stiprin\u0101jums TYPU T medium - MetalTale.com","og_description":"Modelis ZA.110-PRGR Materi\u0101ls T\u0113rauds Kop\u0113jais augstums (cm ) A: 15 Kop\u0113jais platums (cm ) B: 25 Dzi\u013cums (cm ) C:","og_url":"https:\/\/metaltale.com\/lv\/produkts\/buvkonstrukciju-stiprinajums-typu-t-medium\/","og_site_name":"MetalTale.com","og_image":[{"width":800,"height":800,"url":"https:\/\/metaltale.com\/wp-content\/uploads\/2023\/09\/Statybinx117s-jungties-tipas-T-MEDIUM.jpg","type":"image\/jpeg"}],"twitter_card":"summary_large_image","twitter_misc":{"Est. reading time":"1 minute"},"schema":{"@context":"https:\/\/schema.org","@graph":[{"@type":"WebPage","@id":"https:\/\/metaltale.com\/lv\/produkts\/buvkonstrukciju-stiprinajums-typu-t-medium\/","url":"https:\/\/metaltale.com\/lv\/produkts\/buvkonstrukciju-stiprinajums-typu-t-medium\/","name":"B\u016bvkonstrukciju stiprin\u0101jums TYPU T medium - MetalTale.com","isPartOf":{"@id":"https:\/\/metaltale.com\/lv\/#website"},"primaryImageOfPage":{"@id":"https:\/\/metaltale.com\/lv\/produkts\/buvkonstrukciju-stiprinajums-typu-t-medium\/#primaryimage"},"image":{"@id":"https:\/\/metaltale.com\/lv\/produkts\/buvkonstrukciju-stiprinajums-typu-t-medium\/#primaryimage"},"thumbnailUrl":"https:\/\/metaltale.com\/wp-content\/uploads\/2023\/09\/Statybinx117s-jungties-tipas-T-MEDIUM.jpg","datePublished":"2024-02-13T12:21:04+00:00","breadcrumb":{"@id":"https:\/\/metaltale.com\/lv\/produkts\/buvkonstrukciju-stiprinajums-typu-t-medium\/#breadcrumb"},"inLanguage":"lv-LV","potentialAction":[{"@type":"ReadAction","target":["https:\/\/metaltale.com\/lv\/produkts\/buvkonstrukciju-stiprinajums-typu-t-medium\/"]}]},{"@type":"ImageObject","inLanguage":"lv-LV","@id":"https:\/\/metaltale.com\/lv\/produkts\/buvkonstrukciju-stiprinajums-typu-t-medium\/#primaryimage","url":"https:\/\/metaltale.com\/wp-content\/uploads\/2023\/09\/Statybinx117s-jungties-tipas-T-MEDIUM.jpg","contentUrl":"https:\/\/metaltale.com\/wp-content\/uploads\/2023\/09\/Statybinx117s-jungties-tipas-T-MEDIUM.jpg","width":800,"height":800,"caption":"B\u016bvkonstrukciju stiprin\u0101jums TYPU T medium"},{"@type":"BreadcrumbList","@id":"https:\/\/metaltale.com\/lv\/produkts\/buvkonstrukciju-stiprinajums-typu-t-medium\/#breadcrumb","itemListElement":[{"@type":"ListItem","position":1,"name":"Home","item":"https:\/\/metaltale.com\/lv\/majas\/"},{"@type":"ListItem","position":2,"name":"Veikals","item":"https:\/\/metaltale.com\/lv\/shop\/"},{"@type":"ListItem","position":3,"name":"B\u016bvkonstrukciju stiprin\u0101jums TYPU T medium"}]},{"@type":"WebSite","@id":"https:\/\/metaltale.com\/lv\/#website","url":"https:\/\/metaltale.com\/lv\/","name":"Metaltale.com","description":"","potentialAction":[{"@type":"SearchAction","target":{"@type":"EntryPoint","urlTemplate":"https:\/\/metaltale.com\/lv\/?s={search_term_string}"},"query-input":{"@type":"PropertyValueSpecification","valueRequired":true,"valueName":"search_term_string"}}],"inLanguage":"lv-LV"}]}},"_links":{"self":[{"href":"https:\/\/metaltale.com\/lv\/wp-json\/wp\/v2\/product\/134533","targetHints":{"allow":["GET"]}}],"collection":[{"href":"https:\/\/metaltale.com\/lv\/wp-json\/wp\/v2\/product"}],"about":[{"href":"https:\/\/metaltale.com\/lv\/wp-json\/wp\/v2\/types\/product"}],"replies":[{"embeddable":true,"href":"https:\/\/metaltale.com\/lv\/wp-json\/wp\/v2\/comments?post=134533"}],"version-history":[{"count":0,"href":"https:\/\/metaltale.com\/lv\/wp-json\/wp\/v2\/product\/134533\/revisions"}],"wp:featuredmedia":[{"embeddable":true,"href":"https:\/\/metaltale.com\/lv\/wp-json\/wp\/v2\/media\/69139"}],"wp:attachment":[{"href":"https:\/\/metaltale.com\/lv\/wp-json\/wp\/v2\/media?parent=134533"}],"wp:term":[{"taxonomy":"product_brand","embeddable":true,"href":"https:\/\/metaltale.com\/lv\/wp-json\/wp\/v2\/product_brand?post=134533"},{"taxonomy":"product_cat","embeddable":true,"href":"https:\/\/metaltale.com\/lv\/wp-json\/wp\/v2\/product_cat?post=134533"},{"taxonomy":"product_tag","embeddable":true,"href":"https:\/\/metaltale.com\/lv\/wp-json\/wp\/v2\/product_tag?post=134533"}],"curies":[{"name":"wp","href":"https:\/\/api.w.org\/{rel}","templated":true}]}}