{"id":134529,"date":"2024-02-13T13:41:39","date_gmt":"2024-02-13T11:41:39","guid":{"rendered":"https:\/\/metaltale.com\/produktas\/stella-pie-sienas-stiprinams-pudelu-atverejs\/"},"modified":"2024-02-13T13:41:39","modified_gmt":"2024-02-13T11:41:39","slug":"stella-pie-sienas-stiprinams-pudelu-atverejs","status":"publish","type":"product","link":"https:\/\/metaltale.com\/lv\/produkts\/stella-pie-sienas-stiprinams-pudelu-atverejs\/","title":{"rendered":"STELLA pie sienas stiprin\u0101ms pude\u013cu atv\u0113r\u0113js"},"content":{"rendered":"<div class=\"prod_data\"><strong>Modelis<\/strong> 49.411.AI.SA  <br \/><strong>EAN.<\/strong>  5905369919534  <br \/><strong>Materi\u0101ls<\/strong> Ketus  <br \/><strong>Kop\u0113jais augstums (cm<\/strong> ) 9  <br \/><strong>Kop\u0113jais platums (cm<\/strong> ) 7  <br \/><strong>Kop\u0113j\u0101 projekcija (cm<\/strong> ) 2,6  <br \/><strong>Pamatnes izm\u0113ri (cm)<\/strong> 7 x 9  <br \/>T\u0113rauda kr\u0101sa <\/p>\n<p>Pude\u013cu atv\u0113r\u0113js ar grav\u0113jumu, izgatavots no augstas kvalit\u0101tes l\u0113juma.<\/p>\n<p>Virsraksts ir detaliz\u0113ts un \u013coti prec\u012bzs, fonts ir skaidrs un redzams no att\u0101luma.<\/p>\n<p>Vairumtirdzniec\u012bbas klientiem vai tiem, kam ir savi dz\u0113rienu koncerni, m\u0113s varam iegrav\u0113t jebkuru logotipu\/uzrakstu (min. 500 gab. vien\u0101 pas\u016bt\u012bjum\u0101).<\/p>\n<p>Tam ir ar\u012b caurums mont\u0101\u017eai pie sienas.<\/p>\n<p>Zem t\u0101s var piestiprin\u0101t tvertni, kas autom\u0101tiski uz\u0146em v\u0101kus.<\/p>\n<p>Komplekt\u0101 iek\u013cautas mont\u0101\u017eas skr\u016bves.<\/p>\n<p>Laipni l\u016bgti m\u016bsu kategorij\u0101: <span style=\"text-decoration: underline;\">pude\u013cu atv\u0113r\u0113ji<\/span><\/p>\n<\/div>\n","protected":false},"excerpt":{"rendered":"<p>Modelis 49.411.AI.SA EAN. 5905369919534 Materi\u0101ls Ketus Kop\u0113jais augstums (cm ) 9 Kop\u0113jais platums (cm ) 7 Kop\u0113j\u0101 projekcija (cm )<\/p>\n","protected":false},"featured_media":100369,"comment_status":"open","ping_status":"closed","template":"","meta":{"_acf_changed":false,"pmpro_default_level":""},"product_brand":[],"product_cat":[24055],"product_tag":[],"class_list":{"0":"post-134529","1":"product","2":"type-product","3":"status-publish","4":"has-post-thumbnail","6":"product_cat-rotajumi","7":"pmpro-has-access","9":"first","10":"instock","11":"shipping-taxable","12":"purchasable","13":"product-type-simple"},"acf":[],"yoast_head":"<!-- This site is optimized with the Yoast SEO plugin v24.9 - https:\/\/yoast.com\/wordpress\/plugins\/seo\/ -->\n<title>STELLA pie sienas stiprin\u0101ms pude\u013cu atv\u0113r\u0113js - MetalTale.com<\/title>\n<meta name=\"robots\" content=\"index, follow, max-snippet:-1, max-image-preview:large, max-video-preview:-1\" \/>\n<link rel=\"canonical\" href=\"https:\/\/metaltale.com\/lv\/produkts\/stella-pie-sienas-stiprinams-pudelu-atverejs\/\" \/>\n<meta property=\"og:locale\" content=\"lv_LV\" \/>\n<meta property=\"og:type\" content=\"article\" \/>\n<meta property=\"og:title\" content=\"STELLA pie sienas stiprin\u0101ms pude\u013cu atv\u0113r\u0113js - MetalTale.com\" \/>\n<meta property=\"og:description\" content=\"Modelis 49.411.AI.SA EAN. 5905369919534 Materi\u0101ls Ketus Kop\u0113jais augstums (cm ) 9 Kop\u0113jais platums (cm ) 7 Kop\u0113j\u0101 projekcija (cm )\" \/>\n<meta property=\"og:url\" content=\"https:\/\/metaltale.com\/lv\/produkts\/stella-pie-sienas-stiprinams-pudelu-atverejs\/\" \/>\n<meta property=\"og:site_name\" content=\"MetalTale.com\" \/>\n<meta name=\"twitter:card\" content=\"summary_large_image\" \/>\n<meta name=\"twitter:label1\" content=\"Est. reading time\" \/>\n\t<meta name=\"twitter:data1\" content=\"1 minute\" \/>\n<script type=\"application\/ld+json\" class=\"yoast-schema-graph\">{\"@context\":\"https:\/\/schema.org\",\"@graph\":[{\"@type\":\"WebPage\",\"@id\":\"https:\/\/metaltale.com\/lv\/produkts\/stella-pie-sienas-stiprinams-pudelu-atverejs\/\",\"url\":\"https:\/\/metaltale.com\/lv\/produkts\/stella-pie-sienas-stiprinams-pudelu-atverejs\/\",\"name\":\"STELLA pie sienas stiprin\u0101ms pude\u013cu atv\u0113r\u0113js - MetalTale.com\",\"isPartOf\":{\"@id\":\"https:\/\/metaltale.com\/lv\/#website\"},\"primaryImageOfPage\":{\"@id\":\"https:\/\/metaltale.com\/lv\/produkts\/stella-pie-sienas-stiprinams-pudelu-atverejs\/#primaryimage\"},\"image\":{\"@id\":\"https:\/\/metaltale.com\/lv\/produkts\/stella-pie-sienas-stiprinams-pudelu-atverejs\/#primaryimage\"},\"thumbnailUrl\":\"https:\/\/metaltale.com\/wp-content\/uploads\/2023\/11\/Otwieracz-x17DVAIGx17DDx116.jpg\",\"datePublished\":\"2024-02-13T11:41:39+00:00\",\"breadcrumb\":{\"@id\":\"https:\/\/metaltale.com\/lv\/produkts\/stella-pie-sienas-stiprinams-pudelu-atverejs\/#breadcrumb\"},\"inLanguage\":\"lv-LV\",\"potentialAction\":[{\"@type\":\"ReadAction\",\"target\":[\"https:\/\/metaltale.com\/lv\/produkts\/stella-pie-sienas-stiprinams-pudelu-atverejs\/\"]}]},{\"@type\":\"ImageObject\",\"inLanguage\":\"lv-LV\",\"@id\":\"https:\/\/metaltale.com\/lv\/produkts\/stella-pie-sienas-stiprinams-pudelu-atverejs\/#primaryimage\",\"url\":\"https:\/\/metaltale.com\/wp-content\/uploads\/2023\/11\/Otwieracz-x17DVAIGx17DDx116.jpg\",\"contentUrl\":\"https:\/\/metaltale.com\/wp-content\/uploads\/2023\/11\/Otwieracz-x17DVAIGx17DDx116.jpg\",\"width\":800,\"height\":800},{\"@type\":\"BreadcrumbList\",\"@id\":\"https:\/\/metaltale.com\/lv\/produkts\/stella-pie-sienas-stiprinams-pudelu-atverejs\/#breadcrumb\",\"itemListElement\":[{\"@type\":\"ListItem\",\"position\":1,\"name\":\"Home\",\"item\":\"https:\/\/metaltale.com\/lv\/majas\/\"},{\"@type\":\"ListItem\",\"position\":2,\"name\":\"Veikals\",\"item\":\"https:\/\/metaltale.com\/lv\/shop\/\"},{\"@type\":\"ListItem\",\"position\":3,\"name\":\"STELLA pie sienas stiprin\u0101ms pude\u013cu atv\u0113r\u0113js\"}]},{\"@type\":\"WebSite\",\"@id\":\"https:\/\/metaltale.com\/lv\/#website\",\"url\":\"https:\/\/metaltale.com\/lv\/\",\"name\":\"Metaltale.com\",\"description\":\"\",\"potentialAction\":[{\"@type\":\"SearchAction\",\"target\":{\"@type\":\"EntryPoint\",\"urlTemplate\":\"https:\/\/metaltale.com\/lv\/?s={search_term_string}\"},\"query-input\":{\"@type\":\"PropertyValueSpecification\",\"valueRequired\":true,\"valueName\":\"search_term_string\"}}],\"inLanguage\":\"lv-LV\"}]}<\/script>\n<!-- \/ Yoast SEO plugin. -->","yoast_head_json":{"title":"STELLA pie sienas stiprin\u0101ms pude\u013cu atv\u0113r\u0113js - MetalTale.com","robots":{"index":"index","follow":"follow","max-snippet":"max-snippet:-1","max-image-preview":"max-image-preview:large","max-video-preview":"max-video-preview:-1"},"canonical":"https:\/\/metaltale.com\/lv\/produkts\/stella-pie-sienas-stiprinams-pudelu-atverejs\/","og_locale":"lv_LV","og_type":"article","og_title":"STELLA pie sienas stiprin\u0101ms pude\u013cu atv\u0113r\u0113js - MetalTale.com","og_description":"Modelis 49.411.AI.SA EAN. 5905369919534 Materi\u0101ls Ketus Kop\u0113jais augstums (cm ) 9 Kop\u0113jais platums (cm ) 7 Kop\u0113j\u0101 projekcija (cm )","og_url":"https:\/\/metaltale.com\/lv\/produkts\/stella-pie-sienas-stiprinams-pudelu-atverejs\/","og_site_name":"MetalTale.com","twitter_card":"summary_large_image","twitter_misc":{"Est. reading time":"1 minute"},"schema":{"@context":"https:\/\/schema.org","@graph":[{"@type":"WebPage","@id":"https:\/\/metaltale.com\/lv\/produkts\/stella-pie-sienas-stiprinams-pudelu-atverejs\/","url":"https:\/\/metaltale.com\/lv\/produkts\/stella-pie-sienas-stiprinams-pudelu-atverejs\/","name":"STELLA pie sienas stiprin\u0101ms pude\u013cu atv\u0113r\u0113js - MetalTale.com","isPartOf":{"@id":"https:\/\/metaltale.com\/lv\/#website"},"primaryImageOfPage":{"@id":"https:\/\/metaltale.com\/lv\/produkts\/stella-pie-sienas-stiprinams-pudelu-atverejs\/#primaryimage"},"image":{"@id":"https:\/\/metaltale.com\/lv\/produkts\/stella-pie-sienas-stiprinams-pudelu-atverejs\/#primaryimage"},"thumbnailUrl":"https:\/\/metaltale.com\/wp-content\/uploads\/2023\/11\/Otwieracz-x17DVAIGx17DDx116.jpg","datePublished":"2024-02-13T11:41:39+00:00","breadcrumb":{"@id":"https:\/\/metaltale.com\/lv\/produkts\/stella-pie-sienas-stiprinams-pudelu-atverejs\/#breadcrumb"},"inLanguage":"lv-LV","potentialAction":[{"@type":"ReadAction","target":["https:\/\/metaltale.com\/lv\/produkts\/stella-pie-sienas-stiprinams-pudelu-atverejs\/"]}]},{"@type":"ImageObject","inLanguage":"lv-LV","@id":"https:\/\/metaltale.com\/lv\/produkts\/stella-pie-sienas-stiprinams-pudelu-atverejs\/#primaryimage","url":"https:\/\/metaltale.com\/wp-content\/uploads\/2023\/11\/Otwieracz-x17DVAIGx17DDx116.jpg","contentUrl":"https:\/\/metaltale.com\/wp-content\/uploads\/2023\/11\/Otwieracz-x17DVAIGx17DDx116.jpg","width":800,"height":800},{"@type":"BreadcrumbList","@id":"https:\/\/metaltale.com\/lv\/produkts\/stella-pie-sienas-stiprinams-pudelu-atverejs\/#breadcrumb","itemListElement":[{"@type":"ListItem","position":1,"name":"Home","item":"https:\/\/metaltale.com\/lv\/majas\/"},{"@type":"ListItem","position":2,"name":"Veikals","item":"https:\/\/metaltale.com\/lv\/shop\/"},{"@type":"ListItem","position":3,"name":"STELLA pie sienas stiprin\u0101ms pude\u013cu atv\u0113r\u0113js"}]},{"@type":"WebSite","@id":"https:\/\/metaltale.com\/lv\/#website","url":"https:\/\/metaltale.com\/lv\/","name":"Metaltale.com","description":"","potentialAction":[{"@type":"SearchAction","target":{"@type":"EntryPoint","urlTemplate":"https:\/\/metaltale.com\/lv\/?s={search_term_string}"},"query-input":{"@type":"PropertyValueSpecification","valueRequired":true,"valueName":"search_term_string"}}],"inLanguage":"lv-LV"}]}},"_links":{"self":[{"href":"https:\/\/metaltale.com\/lv\/wp-json\/wp\/v2\/product\/134529","targetHints":{"allow":["GET"]}}],"collection":[{"href":"https:\/\/metaltale.com\/lv\/wp-json\/wp\/v2\/product"}],"about":[{"href":"https:\/\/metaltale.com\/lv\/wp-json\/wp\/v2\/types\/product"}],"replies":[{"embeddable":true,"href":"https:\/\/metaltale.com\/lv\/wp-json\/wp\/v2\/comments?post=134529"}],"version-history":[{"count":0,"href":"https:\/\/metaltale.com\/lv\/wp-json\/wp\/v2\/product\/134529\/revisions"}],"wp:featuredmedia":[{"embeddable":true,"href":"https:\/\/metaltale.com\/lv\/wp-json\/wp\/v2\/media\/100369"}],"wp:attachment":[{"href":"https:\/\/metaltale.com\/lv\/wp-json\/wp\/v2\/media?parent=134529"}],"wp:term":[{"taxonomy":"product_brand","embeddable":true,"href":"https:\/\/metaltale.com\/lv\/wp-json\/wp\/v2\/product_brand?post=134529"},{"taxonomy":"product_cat","embeddable":true,"href":"https:\/\/metaltale.com\/lv\/wp-json\/wp\/v2\/product_cat?post=134529"},{"taxonomy":"product_tag","embeddable":true,"href":"https:\/\/metaltale.com\/lv\/wp-json\/wp\/v2\/product_tag?post=134529"}],"curies":[{"name":"wp","href":"https:\/\/api.w.org\/{rel}","templated":true}]}}