{"id":134520,"date":"2024-02-13T14:23:04","date_gmt":"2024-02-13T12:23:04","guid":{"rendered":"https:\/\/metaltale.com\/produktas\/corner-30x80-mm-konstrukcijas-savienotajs\/"},"modified":"2024-02-13T14:23:04","modified_gmt":"2024-02-13T12:23:04","slug":"corner-30x80-mm-konstrukcijas-savienotajs","status":"publish","type":"product","link":"https:\/\/metaltale.com\/lv\/produkts\/corner-30x80-mm-konstrukcijas-savienotajs\/","title":{"rendered":"CORNER 30&#215;80 mm konstrukcijas savienot\u0101js"},"content":{"rendered":"<div class=\"prod_data\">\n<p><strong>Modelis<\/strong> ZA.111-PRGR<br \/>\n<strong>Materi\u0101ls<\/strong> T\u0113rauds<br \/>\n<strong>Kop\u0113jais augstums (cm<\/strong> ) A: 8<br \/>\n<strong>Kop\u0113jais platums (cm<\/strong> ) B: 3<br \/>\nT\u0113rauda <strong>kr\u0101sa<\/strong> <\/p>\n<p>Savienojuma <strong>dizains<\/strong> ir interesants dizaina un praktisko funkciju apvienojums lauku stil\u0101. Pateicoties pla\u0161ajam izm\u0113ru diapazonam, tas pied\u0101v\u0101 lielu br\u012bv\u012bbu, veidojot un organiz\u0113jot m\u0113r\u0137tiec\u012bgu interjera klimatu. Tas labi darbosies k\u0101 stabila gatavo m\u0113be\u013cu elementu un da\u017e\u0101du veidu savienot\u0101ju kombin\u0101cija.<\/p>\n<p>Tas ir izgatavots no augstas kvalit\u0101tes <strong>pres\u0113ta<\/strong> t\u0113rauda, kam seko noveco\u0161anas un impregn\u0113\u0161anas process, t\u0101p\u0113c tas ir piem\u0113rots lieto\u0161anai \u0101rpus telp\u0101m.<\/p>\n<p>Izgatavots no pres\u0113ta t\u0113rauda, viet\u0101m berz\u0113ts.<\/p>\n<p>To izmanto, piem\u0113ram, divu siju savieno\u0161anai st\u016br\u012b.<\/p>\n<hr>\n<\/div>\n","protected":false},"excerpt":{"rendered":"<p>Modelis ZA.111-PRGR Materi\u0101ls T\u0113rauds Kop\u0113jais augstums (cm ) A: 8 Kop\u0113jais platums (cm ) B: 3 T\u0113rauda kr\u0101sa Savienojuma dizains<\/p>\n","protected":false},"featured_media":87533,"comment_status":"open","ping_status":"closed","template":"","meta":{"_acf_changed":false,"pmpro_default_level":""},"product_brand":[],"product_cat":[23837,23886],"product_tag":[],"class_list":{"0":"post-134520","1":"product","2":"type-product","3":"status-publish","4":"has-post-thumbnail","6":"product_cat-mebeles-piederumi","7":"product_cat-statybines-ir-baldu-jungtys-lv","8":"pmpro-has-access","10":"first","11":"instock","12":"shipping-taxable","13":"purchasable","14":"product-type-simple"},"acf":[],"yoast_head":"<!-- This site is optimized with the Yoast SEO plugin v24.9 - https:\/\/yoast.com\/wordpress\/plugins\/seo\/ -->\n<title>CORNER 30x80 mm konstrukcijas savienot\u0101js - MetalTale.com<\/title>\n<meta name=\"robots\" content=\"index, follow, max-snippet:-1, max-image-preview:large, max-video-preview:-1\" \/>\n<link rel=\"canonical\" href=\"https:\/\/metaltale.com\/lv\/produkts\/corner-30x80-mm-konstrukcijas-savienotajs\/\" \/>\n<meta property=\"og:locale\" content=\"lv_LV\" \/>\n<meta property=\"og:type\" content=\"article\" \/>\n<meta property=\"og:title\" content=\"CORNER 30x80 mm konstrukcijas savienot\u0101js - MetalTale.com\" \/>\n<meta property=\"og:description\" content=\"Modelis ZA.111-PRGR Materi\u0101ls T\u0113rauds Kop\u0113jais augstums (cm ) A: 8 Kop\u0113jais platums (cm ) B: 3 T\u0113rauda kr\u0101sa Savienojuma dizains\" \/>\n<meta property=\"og:url\" content=\"https:\/\/metaltale.com\/lv\/produkts\/corner-30x80-mm-konstrukcijas-savienotajs\/\" \/>\n<meta property=\"og:site_name\" content=\"MetalTale.com\" \/>\n<meta property=\"og:image\" content=\"https:\/\/metaltale.com\/wp-content\/uploads\/2023\/10\/Pastato-jungtis-KAMPAS-MAx17DAS.jpg\" \/>\n\t<meta property=\"og:image:width\" content=\"800\" \/>\n\t<meta property=\"og:image:height\" content=\"800\" \/>\n\t<meta property=\"og:image:type\" content=\"image\/jpeg\" \/>\n<meta name=\"twitter:card\" content=\"summary_large_image\" \/>\n<meta name=\"twitter:label1\" content=\"Est. reading time\" \/>\n\t<meta name=\"twitter:data1\" content=\"1 minute\" \/>\n<script type=\"application\/ld+json\" class=\"yoast-schema-graph\">{\"@context\":\"https:\/\/schema.org\",\"@graph\":[{\"@type\":\"WebPage\",\"@id\":\"https:\/\/metaltale.com\/lv\/produkts\/corner-30x80-mm-konstrukcijas-savienotajs\/\",\"url\":\"https:\/\/metaltale.com\/lv\/produkts\/corner-30x80-mm-konstrukcijas-savienotajs\/\",\"name\":\"CORNER 30x80 mm konstrukcijas savienot\u0101js - MetalTale.com\",\"isPartOf\":{\"@id\":\"https:\/\/metaltale.com\/lv\/#website\"},\"primaryImageOfPage\":{\"@id\":\"https:\/\/metaltale.com\/lv\/produkts\/corner-30x80-mm-konstrukcijas-savienotajs\/#primaryimage\"},\"image\":{\"@id\":\"https:\/\/metaltale.com\/lv\/produkts\/corner-30x80-mm-konstrukcijas-savienotajs\/#primaryimage\"},\"thumbnailUrl\":\"https:\/\/metaltale.com\/wp-content\/uploads\/2023\/10\/Pastato-jungtis-KAMPAS-MAx17DAS.jpg\",\"datePublished\":\"2024-02-13T12:23:04+00:00\",\"breadcrumb\":{\"@id\":\"https:\/\/metaltale.com\/lv\/produkts\/corner-30x80-mm-konstrukcijas-savienotajs\/#breadcrumb\"},\"inLanguage\":\"lv-LV\",\"potentialAction\":[{\"@type\":\"ReadAction\",\"target\":[\"https:\/\/metaltale.com\/lv\/produkts\/corner-30x80-mm-konstrukcijas-savienotajs\/\"]}]},{\"@type\":\"ImageObject\",\"inLanguage\":\"lv-LV\",\"@id\":\"https:\/\/metaltale.com\/lv\/produkts\/corner-30x80-mm-konstrukcijas-savienotajs\/#primaryimage\",\"url\":\"https:\/\/metaltale.com\/wp-content\/uploads\/2023\/10\/Pastato-jungtis-KAMPAS-MAx17DAS.jpg\",\"contentUrl\":\"https:\/\/metaltale.com\/wp-content\/uploads\/2023\/10\/Pastato-jungtis-KAMPAS-MAx17DAS.jpg\",\"width\":800,\"height\":800,\"caption\":\"CORNER konstrukcijas savienot\u0101js 50x130 mm\"},{\"@type\":\"BreadcrumbList\",\"@id\":\"https:\/\/metaltale.com\/lv\/produkts\/corner-30x80-mm-konstrukcijas-savienotajs\/#breadcrumb\",\"itemListElement\":[{\"@type\":\"ListItem\",\"position\":1,\"name\":\"Home\",\"item\":\"https:\/\/metaltale.com\/lv\/majas\/\"},{\"@type\":\"ListItem\",\"position\":2,\"name\":\"Veikals\",\"item\":\"https:\/\/metaltale.com\/lv\/shop\/\"},{\"@type\":\"ListItem\",\"position\":3,\"name\":\"CORNER 30&#215;80 mm konstrukcijas savienot\u0101js\"}]},{\"@type\":\"WebSite\",\"@id\":\"https:\/\/metaltale.com\/lv\/#website\",\"url\":\"https:\/\/metaltale.com\/lv\/\",\"name\":\"Metaltale.com\",\"description\":\"\",\"potentialAction\":[{\"@type\":\"SearchAction\",\"target\":{\"@type\":\"EntryPoint\",\"urlTemplate\":\"https:\/\/metaltale.com\/lv\/?s={search_term_string}\"},\"query-input\":{\"@type\":\"PropertyValueSpecification\",\"valueRequired\":true,\"valueName\":\"search_term_string\"}}],\"inLanguage\":\"lv-LV\"}]}<\/script>\n<!-- \/ Yoast SEO plugin. -->","yoast_head_json":{"title":"CORNER 30x80 mm konstrukcijas savienot\u0101js - MetalTale.com","robots":{"index":"index","follow":"follow","max-snippet":"max-snippet:-1","max-image-preview":"max-image-preview:large","max-video-preview":"max-video-preview:-1"},"canonical":"https:\/\/metaltale.com\/lv\/produkts\/corner-30x80-mm-konstrukcijas-savienotajs\/","og_locale":"lv_LV","og_type":"article","og_title":"CORNER 30x80 mm konstrukcijas savienot\u0101js - MetalTale.com","og_description":"Modelis ZA.111-PRGR Materi\u0101ls T\u0113rauds Kop\u0113jais augstums (cm ) A: 8 Kop\u0113jais platums (cm ) B: 3 T\u0113rauda kr\u0101sa Savienojuma dizains","og_url":"https:\/\/metaltale.com\/lv\/produkts\/corner-30x80-mm-konstrukcijas-savienotajs\/","og_site_name":"MetalTale.com","og_image":[{"width":800,"height":800,"url":"https:\/\/metaltale.com\/wp-content\/uploads\/2023\/10\/Pastato-jungtis-KAMPAS-MAx17DAS.jpg","type":"image\/jpeg"}],"twitter_card":"summary_large_image","twitter_misc":{"Est. reading time":"1 minute"},"schema":{"@context":"https:\/\/schema.org","@graph":[{"@type":"WebPage","@id":"https:\/\/metaltale.com\/lv\/produkts\/corner-30x80-mm-konstrukcijas-savienotajs\/","url":"https:\/\/metaltale.com\/lv\/produkts\/corner-30x80-mm-konstrukcijas-savienotajs\/","name":"CORNER 30x80 mm konstrukcijas savienot\u0101js - MetalTale.com","isPartOf":{"@id":"https:\/\/metaltale.com\/lv\/#website"},"primaryImageOfPage":{"@id":"https:\/\/metaltale.com\/lv\/produkts\/corner-30x80-mm-konstrukcijas-savienotajs\/#primaryimage"},"image":{"@id":"https:\/\/metaltale.com\/lv\/produkts\/corner-30x80-mm-konstrukcijas-savienotajs\/#primaryimage"},"thumbnailUrl":"https:\/\/metaltale.com\/wp-content\/uploads\/2023\/10\/Pastato-jungtis-KAMPAS-MAx17DAS.jpg","datePublished":"2024-02-13T12:23:04+00:00","breadcrumb":{"@id":"https:\/\/metaltale.com\/lv\/produkts\/corner-30x80-mm-konstrukcijas-savienotajs\/#breadcrumb"},"inLanguage":"lv-LV","potentialAction":[{"@type":"ReadAction","target":["https:\/\/metaltale.com\/lv\/produkts\/corner-30x80-mm-konstrukcijas-savienotajs\/"]}]},{"@type":"ImageObject","inLanguage":"lv-LV","@id":"https:\/\/metaltale.com\/lv\/produkts\/corner-30x80-mm-konstrukcijas-savienotajs\/#primaryimage","url":"https:\/\/metaltale.com\/wp-content\/uploads\/2023\/10\/Pastato-jungtis-KAMPAS-MAx17DAS.jpg","contentUrl":"https:\/\/metaltale.com\/wp-content\/uploads\/2023\/10\/Pastato-jungtis-KAMPAS-MAx17DAS.jpg","width":800,"height":800,"caption":"CORNER konstrukcijas savienot\u0101js 50x130 mm"},{"@type":"BreadcrumbList","@id":"https:\/\/metaltale.com\/lv\/produkts\/corner-30x80-mm-konstrukcijas-savienotajs\/#breadcrumb","itemListElement":[{"@type":"ListItem","position":1,"name":"Home","item":"https:\/\/metaltale.com\/lv\/majas\/"},{"@type":"ListItem","position":2,"name":"Veikals","item":"https:\/\/metaltale.com\/lv\/shop\/"},{"@type":"ListItem","position":3,"name":"CORNER 30&#215;80 mm konstrukcijas savienot\u0101js"}]},{"@type":"WebSite","@id":"https:\/\/metaltale.com\/lv\/#website","url":"https:\/\/metaltale.com\/lv\/","name":"Metaltale.com","description":"","potentialAction":[{"@type":"SearchAction","target":{"@type":"EntryPoint","urlTemplate":"https:\/\/metaltale.com\/lv\/?s={search_term_string}"},"query-input":{"@type":"PropertyValueSpecification","valueRequired":true,"valueName":"search_term_string"}}],"inLanguage":"lv-LV"}]}},"_links":{"self":[{"href":"https:\/\/metaltale.com\/lv\/wp-json\/wp\/v2\/product\/134520","targetHints":{"allow":["GET"]}}],"collection":[{"href":"https:\/\/metaltale.com\/lv\/wp-json\/wp\/v2\/product"}],"about":[{"href":"https:\/\/metaltale.com\/lv\/wp-json\/wp\/v2\/types\/product"}],"replies":[{"embeddable":true,"href":"https:\/\/metaltale.com\/lv\/wp-json\/wp\/v2\/comments?post=134520"}],"version-history":[{"count":0,"href":"https:\/\/metaltale.com\/lv\/wp-json\/wp\/v2\/product\/134520\/revisions"}],"wp:featuredmedia":[{"embeddable":true,"href":"https:\/\/metaltale.com\/lv\/wp-json\/wp\/v2\/media\/87533"}],"wp:attachment":[{"href":"https:\/\/metaltale.com\/lv\/wp-json\/wp\/v2\/media?parent=134520"}],"wp:term":[{"taxonomy":"product_brand","embeddable":true,"href":"https:\/\/metaltale.com\/lv\/wp-json\/wp\/v2\/product_brand?post=134520"},{"taxonomy":"product_cat","embeddable":true,"href":"https:\/\/metaltale.com\/lv\/wp-json\/wp\/v2\/product_cat?post=134520"},{"taxonomy":"product_tag","embeddable":true,"href":"https:\/\/metaltale.com\/lv\/wp-json\/wp\/v2\/product_tag?post=134520"}],"curies":[{"name":"wp","href":"https:\/\/api.w.org\/{rel}","templated":true}]}}