{"id":134513,"date":"2024-02-13T15:09:04","date_gmt":"2024-02-13T13:09:04","guid":{"rendered":"https:\/\/metaltale.com\/produktas\/stacionarais-virtuves-krans-worldwide-melns\/"},"modified":"2024-02-13T15:09:04","modified_gmt":"2024-02-13T13:09:04","slug":"stacionarais-virtuves-krans-worldwide-melns","status":"publish","type":"product","link":"https:\/\/metaltale.com\/lv\/produkts\/stacionarais-virtuves-krans-worldwide-melns\/","title":{"rendered":"Stacion\u0101rais virtuves kr\u0101ns WORLDWIDE, melns"},"content":{"rendered":"<div class=\"prod_data\">\n<p>QZ <strong>modelis<\/strong>. CF-011-CZ<br \/>\nModern\u0101 <strong>kolekcija<\/strong><br \/>\n<strong>EAN.<\/strong>  5905369929731<br \/>\n<strong>Augstums (cm<\/strong> ) 47<br \/>\n<strong>Platums (cm<\/strong> ) 26<br \/>\n<strong>Pamatnes diametrs (cm)<\/strong> 4,5<br \/>\n<strong>Izsmidzin\u0101t\u0101ja garums (cm<\/strong> ) 18<br \/>\n<strong>Augstums l\u012bdz izsmidzin\u0101t\u0101jam (cm<\/strong> ) 16<br \/>\n<strong>Materi\u0101ls<\/strong> Misi\u0146\u0161<br \/>\nKr\u0101sa Melna<br \/>\nApdare mat\u0113ta<br \/>\n<strong>Rot\u0113jo\u0161s izsmidzin\u0101t\u0101js<\/strong> J\u0101<br \/>\n<strong>Perlators (aerators<\/strong> ) J\u0101<br \/>\n<strong>Papildus inform\u0101cija<\/strong> \u0160\u013c\u016btene M8x3\/8&#8243; kr\u0101na garums 60cm<\/p>\n<p>misi\u0146a akumulators<\/p>\n<p>360&#8242; rot\u0113jo\u0161s izsmidzin\u0101t\u0101js<\/p>\n<p>ievelkams izsmidzin\u0101t\u0101js \u0113rtai trauku mazg\u0101\u0161anai trauku mazg\u0101jam\u0101 ma\u0161\u012bn\u0101<\/p>\n<p>keramikas galva &#8211; elements, kas nodro\u0161ina pareizu \u016bdens sadali.<\/p>\n<p>Aerators &#8211; aerators, kas samazina \u016bdens pat\u0113ri\u0146u<\/p>\n<p>Regul\u0113jama \u016bdens pl\u016bsma, izmantojot spiedpogu, divas iesp\u0113jas<\/p>\n<p>visas uzst\u0101d\u012b\u0161anai nepiecie\u0161am\u0101s sast\u0101vda\u013cas komplekt\u0101 (\u0161\u013c\u016btene, galda skr\u016bve, skr\u016bvju bl\u012bves).<\/p>\n<hr>\n<p>Moderns izlietnes mais\u012bt\u0101js, kas k\u013c\u016bs par skaistu dekorat\u012bvu elementu m\u016bsu interjer\u0101. Tas ir izgatavots meln\u0101 kr\u0101s\u0101, t\u0101p\u0113c ir ide\u0101li piem\u0113rots m\u016bsdien\u012bg\u0101m, b\u0113ni\u0146u vai industri\u0101l\u0101m instal\u0101cij\u0101m. Liela virtuves jauc\u0113jkr\u0101na priek\u0161roc\u012bba ir pagrie\u017eamais izsmidzin\u0101t\u0101js ar izvilk\u0161anas funkciju, kas atvieglo izlietnes uztur\u0113\u0161anu t\u012br\u012bb\u0101 un trauku mazg\u0101\u0161anu. \u0160is kr\u0101ns ir \u013coti funkcion\u0101ls un vienlaikus dizaina izstr\u0101d\u0101jums, kam neviens nevar\u0113s paiet gar\u0101m bez aizdom\u0101m.<\/p>\n<\/div>\n","protected":false},"excerpt":{"rendered":"<p>QZ modelis. CF-011-CZ Modern\u0101 kolekcija EAN. 5905369929731 Augstums (cm ) 47 Platums (cm ) 26 Pamatnes diametrs (cm) 4,5 Izsmidzin\u0101t\u0101ja<\/p>\n","protected":false},"featured_media":92129,"comment_status":"open","ping_status":"closed","template":"","meta":{"_acf_changed":false,"pmpro_default_level":""},"product_brand":[],"product_cat":[24097,24096],"product_tag":[],"class_list":{"0":"post-134513","1":"product","2":"type-product","3":"status-publish","4":"has-post-thumbnail","6":"product_cat-brivi-stavosi-virtuves-maisitaji","7":"product_cat-virtuves-maisitaji","8":"pmpro-has-access","10":"first","11":"instock","12":"shipping-taxable","13":"purchasable","14":"product-type-simple"},"acf":[],"yoast_head":"<!-- This site is optimized with the Yoast SEO plugin v24.9 - https:\/\/yoast.com\/wordpress\/plugins\/seo\/ -->\n<title>Stacion\u0101rais virtuves kr\u0101ns WORLDWIDE, melns - MetalTale.com<\/title>\n<meta name=\"robots\" content=\"index, follow, max-snippet:-1, max-image-preview:large, max-video-preview:-1\" \/>\n<link rel=\"canonical\" href=\"https:\/\/metaltale.com\/lv\/produkts\/stacionarais-virtuves-krans-worldwide-melns\/\" \/>\n<meta property=\"og:locale\" content=\"lv_LV\" \/>\n<meta property=\"og:type\" content=\"article\" \/>\n<meta property=\"og:title\" content=\"Stacion\u0101rais virtuves kr\u0101ns WORLDWIDE, melns - MetalTale.com\" \/>\n<meta property=\"og:description\" content=\"QZ modelis. CF-011-CZ Modern\u0101 kolekcija EAN. 5905369929731 Augstums (cm ) 47 Platums (cm ) 26 Pamatnes diametrs (cm) 4,5 Izsmidzin\u0101t\u0101ja\" \/>\n<meta property=\"og:url\" content=\"https:\/\/metaltale.com\/lv\/produkts\/stacionarais-virtuves-krans-worldwide-melns\/\" \/>\n<meta property=\"og:site_name\" content=\"MetalTale.com\" \/>\n<meta name=\"twitter:card\" content=\"summary_large_image\" \/>\n<meta name=\"twitter:label1\" content=\"Est. reading time\" \/>\n\t<meta name=\"twitter:data1\" content=\"1 minute\" \/>\n<script type=\"application\/ld+json\" class=\"yoast-schema-graph\">{\"@context\":\"https:\/\/schema.org\",\"@graph\":[{\"@type\":\"WebPage\",\"@id\":\"https:\/\/metaltale.com\/lv\/produkts\/stacionarais-virtuves-krans-worldwide-melns\/\",\"url\":\"https:\/\/metaltale.com\/lv\/produkts\/stacionarais-virtuves-krans-worldwide-melns\/\",\"name\":\"Stacion\u0101rais virtuves kr\u0101ns WORLDWIDE, melns - MetalTale.com\",\"isPartOf\":{\"@id\":\"https:\/\/metaltale.com\/lv\/#website\"},\"primaryImageOfPage\":{\"@id\":\"https:\/\/metaltale.com\/lv\/produkts\/stacionarais-virtuves-krans-worldwide-melns\/#primaryimage\"},\"image\":{\"@id\":\"https:\/\/metaltale.com\/lv\/produkts\/stacionarais-virtuves-krans-worldwide-melns\/#primaryimage\"},\"thumbnailUrl\":\"https:\/\/metaltale.com\/wp-content\/uploads\/2023\/10\/Virtuvx117s-grindx173-maix161ytuvas-juodas-VISAME-PASAULYJE.jpg\",\"datePublished\":\"2024-02-13T13:09:04+00:00\",\"breadcrumb\":{\"@id\":\"https:\/\/metaltale.com\/lv\/produkts\/stacionarais-virtuves-krans-worldwide-melns\/#breadcrumb\"},\"inLanguage\":\"lv-LV\",\"potentialAction\":[{\"@type\":\"ReadAction\",\"target\":[\"https:\/\/metaltale.com\/lv\/produkts\/stacionarais-virtuves-krans-worldwide-melns\/\"]}]},{\"@type\":\"ImageObject\",\"inLanguage\":\"lv-LV\",\"@id\":\"https:\/\/metaltale.com\/lv\/produkts\/stacionarais-virtuves-krans-worldwide-melns\/#primaryimage\",\"url\":\"https:\/\/metaltale.com\/wp-content\/uploads\/2023\/10\/Virtuvx117s-grindx173-maix161ytuvas-juodas-VISAME-PASAULYJE.jpg\",\"contentUrl\":\"https:\/\/metaltale.com\/wp-content\/uploads\/2023\/10\/Virtuvx117s-grindx173-maix161ytuvas-juodas-VISAME-PASAULYJE.jpg\",\"width\":800,\"height\":800,\"caption\":\"Stacion\u0101rais virtuves kr\u0101ns WORLDWIDE, melns\"},{\"@type\":\"BreadcrumbList\",\"@id\":\"https:\/\/metaltale.com\/lv\/produkts\/stacionarais-virtuves-krans-worldwide-melns\/#breadcrumb\",\"itemListElement\":[{\"@type\":\"ListItem\",\"position\":1,\"name\":\"Home\",\"item\":\"https:\/\/metaltale.com\/lv\/majas\/\"},{\"@type\":\"ListItem\",\"position\":2,\"name\":\"Veikals\",\"item\":\"https:\/\/metaltale.com\/lv\/shop\/\"},{\"@type\":\"ListItem\",\"position\":3,\"name\":\"Stacion\u0101rais virtuves kr\u0101ns WORLDWIDE, melns\"}]},{\"@type\":\"WebSite\",\"@id\":\"https:\/\/metaltale.com\/lv\/#website\",\"url\":\"https:\/\/metaltale.com\/lv\/\",\"name\":\"Metaltale.com\",\"description\":\"\",\"potentialAction\":[{\"@type\":\"SearchAction\",\"target\":{\"@type\":\"EntryPoint\",\"urlTemplate\":\"https:\/\/metaltale.com\/lv\/?s={search_term_string}\"},\"query-input\":{\"@type\":\"PropertyValueSpecification\",\"valueRequired\":true,\"valueName\":\"search_term_string\"}}],\"inLanguage\":\"lv-LV\"}]}<\/script>\n<!-- \/ Yoast SEO plugin. -->","yoast_head_json":{"title":"Stacion\u0101rais virtuves kr\u0101ns WORLDWIDE, melns - MetalTale.com","robots":{"index":"index","follow":"follow","max-snippet":"max-snippet:-1","max-image-preview":"max-image-preview:large","max-video-preview":"max-video-preview:-1"},"canonical":"https:\/\/metaltale.com\/lv\/produkts\/stacionarais-virtuves-krans-worldwide-melns\/","og_locale":"lv_LV","og_type":"article","og_title":"Stacion\u0101rais virtuves kr\u0101ns WORLDWIDE, melns - MetalTale.com","og_description":"QZ modelis. CF-011-CZ Modern\u0101 kolekcija EAN. 5905369929731 Augstums (cm ) 47 Platums (cm ) 26 Pamatnes diametrs (cm) 4,5 Izsmidzin\u0101t\u0101ja","og_url":"https:\/\/metaltale.com\/lv\/produkts\/stacionarais-virtuves-krans-worldwide-melns\/","og_site_name":"MetalTale.com","twitter_card":"summary_large_image","twitter_misc":{"Est. reading time":"1 minute"},"schema":{"@context":"https:\/\/schema.org","@graph":[{"@type":"WebPage","@id":"https:\/\/metaltale.com\/lv\/produkts\/stacionarais-virtuves-krans-worldwide-melns\/","url":"https:\/\/metaltale.com\/lv\/produkts\/stacionarais-virtuves-krans-worldwide-melns\/","name":"Stacion\u0101rais virtuves kr\u0101ns WORLDWIDE, melns - MetalTale.com","isPartOf":{"@id":"https:\/\/metaltale.com\/lv\/#website"},"primaryImageOfPage":{"@id":"https:\/\/metaltale.com\/lv\/produkts\/stacionarais-virtuves-krans-worldwide-melns\/#primaryimage"},"image":{"@id":"https:\/\/metaltale.com\/lv\/produkts\/stacionarais-virtuves-krans-worldwide-melns\/#primaryimage"},"thumbnailUrl":"https:\/\/metaltale.com\/wp-content\/uploads\/2023\/10\/Virtuvx117s-grindx173-maix161ytuvas-juodas-VISAME-PASAULYJE.jpg","datePublished":"2024-02-13T13:09:04+00:00","breadcrumb":{"@id":"https:\/\/metaltale.com\/lv\/produkts\/stacionarais-virtuves-krans-worldwide-melns\/#breadcrumb"},"inLanguage":"lv-LV","potentialAction":[{"@type":"ReadAction","target":["https:\/\/metaltale.com\/lv\/produkts\/stacionarais-virtuves-krans-worldwide-melns\/"]}]},{"@type":"ImageObject","inLanguage":"lv-LV","@id":"https:\/\/metaltale.com\/lv\/produkts\/stacionarais-virtuves-krans-worldwide-melns\/#primaryimage","url":"https:\/\/metaltale.com\/wp-content\/uploads\/2023\/10\/Virtuvx117s-grindx173-maix161ytuvas-juodas-VISAME-PASAULYJE.jpg","contentUrl":"https:\/\/metaltale.com\/wp-content\/uploads\/2023\/10\/Virtuvx117s-grindx173-maix161ytuvas-juodas-VISAME-PASAULYJE.jpg","width":800,"height":800,"caption":"Stacion\u0101rais virtuves kr\u0101ns WORLDWIDE, melns"},{"@type":"BreadcrumbList","@id":"https:\/\/metaltale.com\/lv\/produkts\/stacionarais-virtuves-krans-worldwide-melns\/#breadcrumb","itemListElement":[{"@type":"ListItem","position":1,"name":"Home","item":"https:\/\/metaltale.com\/lv\/majas\/"},{"@type":"ListItem","position":2,"name":"Veikals","item":"https:\/\/metaltale.com\/lv\/shop\/"},{"@type":"ListItem","position":3,"name":"Stacion\u0101rais virtuves kr\u0101ns WORLDWIDE, melns"}]},{"@type":"WebSite","@id":"https:\/\/metaltale.com\/lv\/#website","url":"https:\/\/metaltale.com\/lv\/","name":"Metaltale.com","description":"","potentialAction":[{"@type":"SearchAction","target":{"@type":"EntryPoint","urlTemplate":"https:\/\/metaltale.com\/lv\/?s={search_term_string}"},"query-input":{"@type":"PropertyValueSpecification","valueRequired":true,"valueName":"search_term_string"}}],"inLanguage":"lv-LV"}]}},"_links":{"self":[{"href":"https:\/\/metaltale.com\/lv\/wp-json\/wp\/v2\/product\/134513","targetHints":{"allow":["GET"]}}],"collection":[{"href":"https:\/\/metaltale.com\/lv\/wp-json\/wp\/v2\/product"}],"about":[{"href":"https:\/\/metaltale.com\/lv\/wp-json\/wp\/v2\/types\/product"}],"replies":[{"embeddable":true,"href":"https:\/\/metaltale.com\/lv\/wp-json\/wp\/v2\/comments?post=134513"}],"version-history":[{"count":0,"href":"https:\/\/metaltale.com\/lv\/wp-json\/wp\/v2\/product\/134513\/revisions"}],"wp:featuredmedia":[{"embeddable":true,"href":"https:\/\/metaltale.com\/lv\/wp-json\/wp\/v2\/media\/92129"}],"wp:attachment":[{"href":"https:\/\/metaltale.com\/lv\/wp-json\/wp\/v2\/media?parent=134513"}],"wp:term":[{"taxonomy":"product_brand","embeddable":true,"href":"https:\/\/metaltale.com\/lv\/wp-json\/wp\/v2\/product_brand?post=134513"},{"taxonomy":"product_cat","embeddable":true,"href":"https:\/\/metaltale.com\/lv\/wp-json\/wp\/v2\/product_cat?post=134513"},{"taxonomy":"product_tag","embeddable":true,"href":"https:\/\/metaltale.com\/lv\/wp-json\/wp\/v2\/product_tag?post=134513"}],"curies":[{"name":"wp","href":"https:\/\/api.w.org\/{rel}","templated":true}]}}