{"id":134491,"date":"2024-02-13T14:41:05","date_gmt":"2024-02-13T12:41:05","guid":{"rendered":"https:\/\/metaltale.com\/produktas\/stacionarais-izlietnes-maisitajs-melns-lexie-fumar-2\/"},"modified":"2024-02-13T14:41:05","modified_gmt":"2024-02-13T12:41:05","slug":"stacionarais-izlietnes-maisitajs-melns-lexie-fumar-2","status":"publish","type":"product","link":"https:\/\/metaltale.com\/lv\/produkts\/stacionarais-izlietnes-maisitajs-melns-lexie-fumar-2\/","title":{"rendered":"Stacion\u0101rais izlietnes mais\u012bt\u0101js melns LEXIE FUMAR 2"},"content":{"rendered":"<div class=\"prod_data\">WX <strong>modelis<\/strong>. HT99553. HIG. BLA  <br \/>Lola &amp; Lexie kolekcija <br \/><strong>EAN.<\/strong>  5905369900754  <br \/>Mais\u012bt\u0101ja tips Br\u012bvi st\u0101vo\u0161s <br \/>Izsmidzin\u0101t\u0101ja garums (cm ) 10 <br \/><strong>Augstums l\u012bdz izsmidzin\u0101t\u0101jam (cm<\/strong> ) 11,5  <br \/>Uzst\u0101d\u012b\u0161anas atveres diametrs 3,2 <br \/>Kop\u0113jais augstums (cm ) 16 <br \/>Perlators (aerators ) J\u0101 <br \/>Rot\u0113jo\u0161s izsmidzin\u0101t\u0101js N\u0113 <br \/><strong>Kr\u0101sa<\/strong> Melna  <br \/>Apdare M\u012bksta, sat\u012bna efekts <\/p>\n<p>&#8211; misi\u0146a akumulators<br \/>&#8211; keramikas galva &#8211; elements, kas nodro\u0161ina pareizu \u016bdens sadali. <br \/>&#8211; aerators &#8211; aerators, kas nodro\u0161ina maz\u0101ku \u016bdens pat\u0113ri\u0146u.<br \/>&#8211; visi mont\u0101\u017eai nepiecie\u0161amie elementi komplekt\u0101 (\u0161\u013c\u016btenes, skr\u016bve pie galda virsmas, bl\u012bves pie skr\u016bves).<br \/>&#8211; skat\u012bt citus Lola &amp;; Lexie kolekcijas mode\u013cus<\/p>\n<hr>\n<p>Pa\u0161reiz\u0113j\u0101 mode nav izteikti orient\u0113ta uz abstraktiem risin\u0101jumiem. Pa\u0161reiz\u0113j\u0101s tendences apvieno lab\u0101k\u0101s vintage dizaina iez\u012bmes ar m\u016bsdien\u012bg\u0101m form\u0101m. Lexie Fumar izlietnes mais\u012bt\u0101js ir \u0161\u0101da kombin\u0101cija. Klasiskais izsmidzin\u0101t\u0101js ar rustik\u0101lu apdari ir modelis, kas ieder\u0113sies elegant\u0101 retro stila vannas istab\u0101s.  <\/p>\n<\/div>\n","protected":false},"excerpt":{"rendered":"<p>WX modelis. HT99553. HIG. BLA Lola &amp; Lexie kolekcija EAN. 5905369900754 Mais\u012bt\u0101ja tips Br\u012bvi st\u0101vo\u0161s Izsmidzin\u0101t\u0101ja garums (cm ) 10<\/p>\n","protected":false},"featured_media":102433,"comment_status":"open","ping_status":"closed","template":"","meta":{"_acf_changed":false,"pmpro_default_level":""},"product_brand":[],"product_cat":[24094],"product_tag":[],"class_list":{"0":"post-134491","1":"product","2":"type-product","3":"status-publish","4":"has-post-thumbnail","6":"product_cat-izlietnes-maisitaji","7":"pmpro-has-access","9":"first","10":"instock","11":"shipping-taxable","12":"purchasable","13":"product-type-simple"},"acf":[],"yoast_head":"<!-- This site is optimized with the Yoast SEO plugin v24.9 - https:\/\/yoast.com\/wordpress\/plugins\/seo\/ -->\n<title>Stacion\u0101rais izlietnes mais\u012bt\u0101js melns LEXIE FUMAR 2 - MetalTale.com<\/title>\n<meta name=\"robots\" content=\"index, follow, max-snippet:-1, max-image-preview:large, max-video-preview:-1\" \/>\n<link rel=\"canonical\" href=\"https:\/\/metaltale.com\/lv\/produkts\/stacionarais-izlietnes-maisitajs-melns-lexie-fumar-2\/\" \/>\n<meta property=\"og:locale\" content=\"lv_LV\" \/>\n<meta property=\"og:type\" content=\"article\" \/>\n<meta property=\"og:title\" content=\"Stacion\u0101rais izlietnes mais\u012bt\u0101js melns LEXIE FUMAR 2 - MetalTale.com\" \/>\n<meta property=\"og:description\" content=\"WX modelis. HT99553. HIG. BLA Lola &amp; Lexie kolekcija EAN. 5905369900754 Mais\u012bt\u0101ja tips Br\u012bvi st\u0101vo\u0161s Izsmidzin\u0101t\u0101ja garums (cm ) 10\" \/>\n<meta property=\"og:url\" content=\"https:\/\/metaltale.com\/lv\/produkts\/stacionarais-izlietnes-maisitajs-melns-lexie-fumar-2\/\" \/>\n<meta property=\"og:site_name\" content=\"MetalTale.com\" \/>\n<meta name=\"twitter:card\" content=\"summary_large_image\" \/>\n<meta name=\"twitter:label1\" content=\"Est. reading time\" \/>\n\t<meta name=\"twitter:data1\" content=\"1 minute\" \/>\n<script type=\"application\/ld+json\" class=\"yoast-schema-graph\">{\"@context\":\"https:\/\/schema.org\",\"@graph\":[{\"@type\":\"WebPage\",\"@id\":\"https:\/\/metaltale.com\/lv\/produkts\/stacionarais-izlietnes-maisitajs-melns-lexie-fumar-2\/\",\"url\":\"https:\/\/metaltale.com\/lv\/produkts\/stacionarais-izlietnes-maisitajs-melns-lexie-fumar-2\/\",\"name\":\"Stacion\u0101rais izlietnes mais\u012bt\u0101js melns LEXIE FUMAR 2 - MetalTale.com\",\"isPartOf\":{\"@id\":\"https:\/\/metaltale.com\/lv\/#website\"},\"primaryImageOfPage\":{\"@id\":\"https:\/\/metaltale.com\/lv\/produkts\/stacionarais-izlietnes-maisitajs-melns-lexie-fumar-2\/#primaryimage\"},\"image\":{\"@id\":\"https:\/\/metaltale.com\/lv\/produkts\/stacionarais-izlietnes-maisitajs-melns-lexie-fumar-2\/#primaryimage\"},\"thumbnailUrl\":\"https:\/\/metaltale.com\/wp-content\/uploads\/2023\/11\/Grindx173-maix161ytuvas-juodas-LEXIE-FUMAR-HIGH.jpg\",\"datePublished\":\"2024-02-13T12:41:05+00:00\",\"breadcrumb\":{\"@id\":\"https:\/\/metaltale.com\/lv\/produkts\/stacionarais-izlietnes-maisitajs-melns-lexie-fumar-2\/#breadcrumb\"},\"inLanguage\":\"lv-LV\",\"potentialAction\":[{\"@type\":\"ReadAction\",\"target\":[\"https:\/\/metaltale.com\/lv\/produkts\/stacionarais-izlietnes-maisitajs-melns-lexie-fumar-2\/\"]}]},{\"@type\":\"ImageObject\",\"inLanguage\":\"lv-LV\",\"@id\":\"https:\/\/metaltale.com\/lv\/produkts\/stacionarais-izlietnes-maisitajs-melns-lexie-fumar-2\/#primaryimage\",\"url\":\"https:\/\/metaltale.com\/wp-content\/uploads\/2023\/11\/Grindx173-maix161ytuvas-juodas-LEXIE-FUMAR-HIGH.jpg\",\"contentUrl\":\"https:\/\/metaltale.com\/wp-content\/uploads\/2023\/11\/Grindx173-maix161ytuvas-juodas-LEXIE-FUMAR-HIGH.jpg\",\"width\":800,\"height\":800},{\"@type\":\"BreadcrumbList\",\"@id\":\"https:\/\/metaltale.com\/lv\/produkts\/stacionarais-izlietnes-maisitajs-melns-lexie-fumar-2\/#breadcrumb\",\"itemListElement\":[{\"@type\":\"ListItem\",\"position\":1,\"name\":\"Home\",\"item\":\"https:\/\/metaltale.com\/lv\/majas\/\"},{\"@type\":\"ListItem\",\"position\":2,\"name\":\"Veikals\",\"item\":\"https:\/\/metaltale.com\/lv\/shop\/\"},{\"@type\":\"ListItem\",\"position\":3,\"name\":\"Stacion\u0101rais izlietnes mais\u012bt\u0101js melns LEXIE FUMAR 2\"}]},{\"@type\":\"WebSite\",\"@id\":\"https:\/\/metaltale.com\/lv\/#website\",\"url\":\"https:\/\/metaltale.com\/lv\/\",\"name\":\"Metaltale.com\",\"description\":\"\",\"potentialAction\":[{\"@type\":\"SearchAction\",\"target\":{\"@type\":\"EntryPoint\",\"urlTemplate\":\"https:\/\/metaltale.com\/lv\/?s={search_term_string}\"},\"query-input\":{\"@type\":\"PropertyValueSpecification\",\"valueRequired\":true,\"valueName\":\"search_term_string\"}}],\"inLanguage\":\"lv-LV\"}]}<\/script>\n<!-- \/ Yoast SEO plugin. -->","yoast_head_json":{"title":"Stacion\u0101rais izlietnes mais\u012bt\u0101js melns LEXIE FUMAR 2 - MetalTale.com","robots":{"index":"index","follow":"follow","max-snippet":"max-snippet:-1","max-image-preview":"max-image-preview:large","max-video-preview":"max-video-preview:-1"},"canonical":"https:\/\/metaltale.com\/lv\/produkts\/stacionarais-izlietnes-maisitajs-melns-lexie-fumar-2\/","og_locale":"lv_LV","og_type":"article","og_title":"Stacion\u0101rais izlietnes mais\u012bt\u0101js melns LEXIE FUMAR 2 - MetalTale.com","og_description":"WX modelis. HT99553. HIG. BLA Lola &amp; Lexie kolekcija EAN. 5905369900754 Mais\u012bt\u0101ja tips Br\u012bvi st\u0101vo\u0161s Izsmidzin\u0101t\u0101ja garums (cm ) 10","og_url":"https:\/\/metaltale.com\/lv\/produkts\/stacionarais-izlietnes-maisitajs-melns-lexie-fumar-2\/","og_site_name":"MetalTale.com","twitter_card":"summary_large_image","twitter_misc":{"Est. reading time":"1 minute"},"schema":{"@context":"https:\/\/schema.org","@graph":[{"@type":"WebPage","@id":"https:\/\/metaltale.com\/lv\/produkts\/stacionarais-izlietnes-maisitajs-melns-lexie-fumar-2\/","url":"https:\/\/metaltale.com\/lv\/produkts\/stacionarais-izlietnes-maisitajs-melns-lexie-fumar-2\/","name":"Stacion\u0101rais izlietnes mais\u012bt\u0101js melns LEXIE FUMAR 2 - MetalTale.com","isPartOf":{"@id":"https:\/\/metaltale.com\/lv\/#website"},"primaryImageOfPage":{"@id":"https:\/\/metaltale.com\/lv\/produkts\/stacionarais-izlietnes-maisitajs-melns-lexie-fumar-2\/#primaryimage"},"image":{"@id":"https:\/\/metaltale.com\/lv\/produkts\/stacionarais-izlietnes-maisitajs-melns-lexie-fumar-2\/#primaryimage"},"thumbnailUrl":"https:\/\/metaltale.com\/wp-content\/uploads\/2023\/11\/Grindx173-maix161ytuvas-juodas-LEXIE-FUMAR-HIGH.jpg","datePublished":"2024-02-13T12:41:05+00:00","breadcrumb":{"@id":"https:\/\/metaltale.com\/lv\/produkts\/stacionarais-izlietnes-maisitajs-melns-lexie-fumar-2\/#breadcrumb"},"inLanguage":"lv-LV","potentialAction":[{"@type":"ReadAction","target":["https:\/\/metaltale.com\/lv\/produkts\/stacionarais-izlietnes-maisitajs-melns-lexie-fumar-2\/"]}]},{"@type":"ImageObject","inLanguage":"lv-LV","@id":"https:\/\/metaltale.com\/lv\/produkts\/stacionarais-izlietnes-maisitajs-melns-lexie-fumar-2\/#primaryimage","url":"https:\/\/metaltale.com\/wp-content\/uploads\/2023\/11\/Grindx173-maix161ytuvas-juodas-LEXIE-FUMAR-HIGH.jpg","contentUrl":"https:\/\/metaltale.com\/wp-content\/uploads\/2023\/11\/Grindx173-maix161ytuvas-juodas-LEXIE-FUMAR-HIGH.jpg","width":800,"height":800},{"@type":"BreadcrumbList","@id":"https:\/\/metaltale.com\/lv\/produkts\/stacionarais-izlietnes-maisitajs-melns-lexie-fumar-2\/#breadcrumb","itemListElement":[{"@type":"ListItem","position":1,"name":"Home","item":"https:\/\/metaltale.com\/lv\/majas\/"},{"@type":"ListItem","position":2,"name":"Veikals","item":"https:\/\/metaltale.com\/lv\/shop\/"},{"@type":"ListItem","position":3,"name":"Stacion\u0101rais izlietnes mais\u012bt\u0101js melns LEXIE FUMAR 2"}]},{"@type":"WebSite","@id":"https:\/\/metaltale.com\/lv\/#website","url":"https:\/\/metaltale.com\/lv\/","name":"Metaltale.com","description":"","potentialAction":[{"@type":"SearchAction","target":{"@type":"EntryPoint","urlTemplate":"https:\/\/metaltale.com\/lv\/?s={search_term_string}"},"query-input":{"@type":"PropertyValueSpecification","valueRequired":true,"valueName":"search_term_string"}}],"inLanguage":"lv-LV"}]}},"_links":{"self":[{"href":"https:\/\/metaltale.com\/lv\/wp-json\/wp\/v2\/product\/134491","targetHints":{"allow":["GET"]}}],"collection":[{"href":"https:\/\/metaltale.com\/lv\/wp-json\/wp\/v2\/product"}],"about":[{"href":"https:\/\/metaltale.com\/lv\/wp-json\/wp\/v2\/types\/product"}],"replies":[{"embeddable":true,"href":"https:\/\/metaltale.com\/lv\/wp-json\/wp\/v2\/comments?post=134491"}],"version-history":[{"count":0,"href":"https:\/\/metaltale.com\/lv\/wp-json\/wp\/v2\/product\/134491\/revisions"}],"wp:featuredmedia":[{"embeddable":true,"href":"https:\/\/metaltale.com\/lv\/wp-json\/wp\/v2\/media\/102433"}],"wp:attachment":[{"href":"https:\/\/metaltale.com\/lv\/wp-json\/wp\/v2\/media?parent=134491"}],"wp:term":[{"taxonomy":"product_brand","embeddable":true,"href":"https:\/\/metaltale.com\/lv\/wp-json\/wp\/v2\/product_brand?post=134491"},{"taxonomy":"product_cat","embeddable":true,"href":"https:\/\/metaltale.com\/lv\/wp-json\/wp\/v2\/product_cat?post=134491"},{"taxonomy":"product_tag","embeddable":true,"href":"https:\/\/metaltale.com\/lv\/wp-json\/wp\/v2\/product_tag?post=134491"}],"curies":[{"name":"wp","href":"https:\/\/api.w.org\/{rel}","templated":true}]}}