{"id":134485,"date":"2024-02-13T13:47:43","date_gmt":"2024-02-13T11:47:43","guid":{"rendered":"https:\/\/metaltale.com\/produktas\/virtuves-jaucejkrans-melns-bradford-high\/"},"modified":"2024-02-13T13:47:43","modified_gmt":"2024-02-13T11:47:43","slug":"virtuves-jaucejkrans-melns-bradford-high","status":"publish","type":"product","link":"https:\/\/metaltale.com\/lv\/produkts\/virtuves-jaucejkrans-melns-bradford-high\/","title":{"rendered":"Virtuves jauc\u0113jkr\u0101ns melns BRADFORD High"},"content":{"rendered":"<div class=\"prod_data\">WX <strong>modelis<\/strong>. A9003A. BLA  <br \/><strong>Sav\u0101k\u0161anas<\/strong> caurules  <br \/><strong>EAN.<\/strong>  5905369900068  <br \/><strong>Izsmidzin\u0101t\u0101ja garums (cm<\/strong> ) 21,5  <br \/>Materi\u0101ls Misi\u0146\u0161 <br \/>Uzst\u0101d\u012b\u0161anas atveres diametrs 3,2 <br \/><strong>Kop\u0113jais augstums (cm<\/strong> ) 33  <br \/>Perlators (aerators ) J\u0101 <br \/>Rot\u0113jo\u0161s izsmidzin\u0101t\u0101js J\u0101 <br \/><strong>Kr\u0101sa<\/strong> Melna  <br \/><strong>Apdare<\/strong> mat\u0113ta  <br \/>Papildus inform\u0101cija \u0160\u013c\u016btene M8x3\/8&#8243; kr\u0101na garumam 50cm <\/p>\n<p>&#8211; misi\u0146a akumulators<br \/>&#8211; rot\u0113jo\u0161s izsmidzin\u0101t\u0101js<br \/>&#8211; keramikas galva &#8211; elements, kas nodro\u0161ina pareizu \u016bdens sadali. <br \/>&#8211; aerators &#8211; aerators, kas nodro\u0161ina maz\u0101ku \u016bdens pat\u0113ri\u0146u.<br \/>&#8211; Ar vienu pogu var regul\u0113t \u016bdens pl\u016bsmu un temperat\u016bru (bulti\u0146\u0101 nor\u0101d\u012btaj\u0101 virzien\u0101 no auksta uz karstu).<br \/>&#8211; visi mont\u0101\u017eai nepiecie\u0161amie elementi komplekt\u0101 (\u0161\u013c\u016btenes, skr\u016bve pie galda virsmas, bl\u012bves pie skr\u016bves).<br \/>&#8211; viegla apkope &#8211; silts \u016bdens un PH neitr\u0101las ziepes.<br \/>&#8211; skatiet citus kolekcijas Tubes mode\u013cus<\/p>\n<hr>\n<p>Pieaugot atv\u0113rt\u0101 pl\u0101nojuma virtuvju popularit\u0101tei, m\u0113s arvien vair\u0101k piev\u0113r\u0161am uzman\u012bbu furnit\u016bras izv\u0113lei. Izlietnes mais\u012bt\u0101js, kas ir neaizst\u0101jams apr\u012bkojuma elements, ir k\u013cuvis par svar\u012bgu interjera dizaina akcentu. Liels, mas\u012bvs virtuves mais\u012bt\u0101js ir produkts, kas lieliski izskat\u0101s virtuves sal\u0101s. Funkcionalit\u0101ti nodro\u0161ina augstais un garais pagrie\u017eamais izsmidzin\u0101t\u0101js un aerators, bet stilu un eleganci &#8211; tum\u0161\u0101 mat\u0113t\u0101 apdare un neapstr\u0101d\u0101tais dizains. Loft Brass kr\u0101ns lieliski izskat\u0101s minim\u0101lisma un industri\u0101l\u0101 vid\u0113, \u012bpa\u0161i kombin\u0101cij\u0101 ar dab\u012bg\u0101 akmens, neapstr\u0101d\u0101ta betona un koka virsmu.  <\/p>\n<hr>\n<\/div>\n","protected":false},"excerpt":{"rendered":"<p>WX modelis. A9003A. BLA Sav\u0101k\u0161anas caurules EAN. 5905369900068 Izsmidzin\u0101t\u0101ja garums (cm ) 21,5 Materi\u0101ls Misi\u0146\u0161 Uzst\u0101d\u012b\u0161anas atveres diametrs 3,2 Kop\u0113jais<\/p>\n","protected":false},"featured_media":96988,"comment_status":"open","ping_status":"closed","template":"","meta":{"_acf_changed":false,"pmpro_default_level":""},"product_brand":[],"product_cat":[24097],"product_tag":[],"class_list":{"0":"post-134485","1":"product","2":"type-product","3":"status-publish","4":"has-post-thumbnail","6":"product_cat-brivi-stavosi-virtuves-maisitaji","7":"pmpro-has-access","9":"first","10":"instock","11":"shipping-taxable","12":"purchasable","13":"product-type-simple"},"acf":[],"yoast_head":"<!-- This site is optimized with the Yoast SEO plugin v24.9 - https:\/\/yoast.com\/wordpress\/plugins\/seo\/ -->\n<title>Virtuves jauc\u0113jkr\u0101ns melns BRADFORD High - MetalTale.com<\/title>\n<meta name=\"robots\" content=\"index, follow, max-snippet:-1, max-image-preview:large, max-video-preview:-1\" \/>\n<link rel=\"canonical\" href=\"https:\/\/metaltale.com\/lv\/produkts\/virtuves-jaucejkrans-melns-bradford-high\/\" \/>\n<meta property=\"og:locale\" content=\"lv_LV\" \/>\n<meta property=\"og:type\" content=\"article\" \/>\n<meta property=\"og:title\" content=\"Virtuves jauc\u0113jkr\u0101ns melns BRADFORD High - MetalTale.com\" \/>\n<meta property=\"og:description\" content=\"WX modelis. A9003A. BLA Sav\u0101k\u0161anas caurules EAN. 5905369900068 Izsmidzin\u0101t\u0101ja garums (cm ) 21,5 Materi\u0101ls Misi\u0146\u0161 Uzst\u0101d\u012b\u0161anas atveres diametrs 3,2 Kop\u0113jais\" \/>\n<meta property=\"og:url\" content=\"https:\/\/metaltale.com\/lv\/produkts\/virtuves-jaucejkrans-melns-bradford-high\/\" \/>\n<meta property=\"og:site_name\" content=\"MetalTale.com\" \/>\n<meta name=\"twitter:card\" content=\"summary_large_image\" \/>\n<meta name=\"twitter:label1\" content=\"Est. reading time\" \/>\n\t<meta name=\"twitter:data1\" content=\"1 minute\" \/>\n<script type=\"application\/ld+json\" class=\"yoast-schema-graph\">{\"@context\":\"https:\/\/schema.org\",\"@graph\":[{\"@type\":\"WebPage\",\"@id\":\"https:\/\/metaltale.com\/lv\/produkts\/virtuves-jaucejkrans-melns-bradford-high\/\",\"url\":\"https:\/\/metaltale.com\/lv\/produkts\/virtuves-jaucejkrans-melns-bradford-high\/\",\"name\":\"Virtuves jauc\u0113jkr\u0101ns melns BRADFORD High - MetalTale.com\",\"isPartOf\":{\"@id\":\"https:\/\/metaltale.com\/lv\/#website\"},\"primaryImageOfPage\":{\"@id\":\"https:\/\/metaltale.com\/lv\/produkts\/virtuves-jaucejkrans-melns-bradford-high\/#primaryimage\"},\"image\":{\"@id\":\"https:\/\/metaltale.com\/lv\/produkts\/virtuves-jaucejkrans-melns-bradford-high\/#primaryimage\"},\"thumbnailUrl\":\"https:\/\/metaltale.com\/wp-content\/uploads\/2023\/11\/Virtuvx117s-maix161ytuvas-stovi-juodas-BRADFORD-aukx161tai.jpg\",\"datePublished\":\"2024-02-13T11:47:43+00:00\",\"breadcrumb\":{\"@id\":\"https:\/\/metaltale.com\/lv\/produkts\/virtuves-jaucejkrans-melns-bradford-high\/#breadcrumb\"},\"inLanguage\":\"lv-LV\",\"potentialAction\":[{\"@type\":\"ReadAction\",\"target\":[\"https:\/\/metaltale.com\/lv\/produkts\/virtuves-jaucejkrans-melns-bradford-high\/\"]}]},{\"@type\":\"ImageObject\",\"inLanguage\":\"lv-LV\",\"@id\":\"https:\/\/metaltale.com\/lv\/produkts\/virtuves-jaucejkrans-melns-bradford-high\/#primaryimage\",\"url\":\"https:\/\/metaltale.com\/wp-content\/uploads\/2023\/11\/Virtuvx117s-maix161ytuvas-stovi-juodas-BRADFORD-aukx161tai.jpg\",\"contentUrl\":\"https:\/\/metaltale.com\/wp-content\/uploads\/2023\/11\/Virtuvx117s-maix161ytuvas-stovi-juodas-BRADFORD-aukx161tai.jpg\",\"width\":800,\"height\":800},{\"@type\":\"BreadcrumbList\",\"@id\":\"https:\/\/metaltale.com\/lv\/produkts\/virtuves-jaucejkrans-melns-bradford-high\/#breadcrumb\",\"itemListElement\":[{\"@type\":\"ListItem\",\"position\":1,\"name\":\"Home\",\"item\":\"https:\/\/metaltale.com\/lv\/majas\/\"},{\"@type\":\"ListItem\",\"position\":2,\"name\":\"Veikals\",\"item\":\"https:\/\/metaltale.com\/lv\/shop\/\"},{\"@type\":\"ListItem\",\"position\":3,\"name\":\"Virtuves jauc\u0113jkr\u0101ns melns BRADFORD High\"}]},{\"@type\":\"WebSite\",\"@id\":\"https:\/\/metaltale.com\/lv\/#website\",\"url\":\"https:\/\/metaltale.com\/lv\/\",\"name\":\"Metaltale.com\",\"description\":\"\",\"potentialAction\":[{\"@type\":\"SearchAction\",\"target\":{\"@type\":\"EntryPoint\",\"urlTemplate\":\"https:\/\/metaltale.com\/lv\/?s={search_term_string}\"},\"query-input\":{\"@type\":\"PropertyValueSpecification\",\"valueRequired\":true,\"valueName\":\"search_term_string\"}}],\"inLanguage\":\"lv-LV\"}]}<\/script>\n<!-- \/ Yoast SEO plugin. -->","yoast_head_json":{"title":"Virtuves jauc\u0113jkr\u0101ns melns BRADFORD High - MetalTale.com","robots":{"index":"index","follow":"follow","max-snippet":"max-snippet:-1","max-image-preview":"max-image-preview:large","max-video-preview":"max-video-preview:-1"},"canonical":"https:\/\/metaltale.com\/lv\/produkts\/virtuves-jaucejkrans-melns-bradford-high\/","og_locale":"lv_LV","og_type":"article","og_title":"Virtuves jauc\u0113jkr\u0101ns melns BRADFORD High - MetalTale.com","og_description":"WX modelis. A9003A. BLA Sav\u0101k\u0161anas caurules EAN. 5905369900068 Izsmidzin\u0101t\u0101ja garums (cm ) 21,5 Materi\u0101ls Misi\u0146\u0161 Uzst\u0101d\u012b\u0161anas atveres diametrs 3,2 Kop\u0113jais","og_url":"https:\/\/metaltale.com\/lv\/produkts\/virtuves-jaucejkrans-melns-bradford-high\/","og_site_name":"MetalTale.com","twitter_card":"summary_large_image","twitter_misc":{"Est. reading time":"1 minute"},"schema":{"@context":"https:\/\/schema.org","@graph":[{"@type":"WebPage","@id":"https:\/\/metaltale.com\/lv\/produkts\/virtuves-jaucejkrans-melns-bradford-high\/","url":"https:\/\/metaltale.com\/lv\/produkts\/virtuves-jaucejkrans-melns-bradford-high\/","name":"Virtuves jauc\u0113jkr\u0101ns melns BRADFORD High - MetalTale.com","isPartOf":{"@id":"https:\/\/metaltale.com\/lv\/#website"},"primaryImageOfPage":{"@id":"https:\/\/metaltale.com\/lv\/produkts\/virtuves-jaucejkrans-melns-bradford-high\/#primaryimage"},"image":{"@id":"https:\/\/metaltale.com\/lv\/produkts\/virtuves-jaucejkrans-melns-bradford-high\/#primaryimage"},"thumbnailUrl":"https:\/\/metaltale.com\/wp-content\/uploads\/2023\/11\/Virtuvx117s-maix161ytuvas-stovi-juodas-BRADFORD-aukx161tai.jpg","datePublished":"2024-02-13T11:47:43+00:00","breadcrumb":{"@id":"https:\/\/metaltale.com\/lv\/produkts\/virtuves-jaucejkrans-melns-bradford-high\/#breadcrumb"},"inLanguage":"lv-LV","potentialAction":[{"@type":"ReadAction","target":["https:\/\/metaltale.com\/lv\/produkts\/virtuves-jaucejkrans-melns-bradford-high\/"]}]},{"@type":"ImageObject","inLanguage":"lv-LV","@id":"https:\/\/metaltale.com\/lv\/produkts\/virtuves-jaucejkrans-melns-bradford-high\/#primaryimage","url":"https:\/\/metaltale.com\/wp-content\/uploads\/2023\/11\/Virtuvx117s-maix161ytuvas-stovi-juodas-BRADFORD-aukx161tai.jpg","contentUrl":"https:\/\/metaltale.com\/wp-content\/uploads\/2023\/11\/Virtuvx117s-maix161ytuvas-stovi-juodas-BRADFORD-aukx161tai.jpg","width":800,"height":800},{"@type":"BreadcrumbList","@id":"https:\/\/metaltale.com\/lv\/produkts\/virtuves-jaucejkrans-melns-bradford-high\/#breadcrumb","itemListElement":[{"@type":"ListItem","position":1,"name":"Home","item":"https:\/\/metaltale.com\/lv\/majas\/"},{"@type":"ListItem","position":2,"name":"Veikals","item":"https:\/\/metaltale.com\/lv\/shop\/"},{"@type":"ListItem","position":3,"name":"Virtuves jauc\u0113jkr\u0101ns melns BRADFORD High"}]},{"@type":"WebSite","@id":"https:\/\/metaltale.com\/lv\/#website","url":"https:\/\/metaltale.com\/lv\/","name":"Metaltale.com","description":"","potentialAction":[{"@type":"SearchAction","target":{"@type":"EntryPoint","urlTemplate":"https:\/\/metaltale.com\/lv\/?s={search_term_string}"},"query-input":{"@type":"PropertyValueSpecification","valueRequired":true,"valueName":"search_term_string"}}],"inLanguage":"lv-LV"}]}},"_links":{"self":[{"href":"https:\/\/metaltale.com\/lv\/wp-json\/wp\/v2\/product\/134485","targetHints":{"allow":["GET"]}}],"collection":[{"href":"https:\/\/metaltale.com\/lv\/wp-json\/wp\/v2\/product"}],"about":[{"href":"https:\/\/metaltale.com\/lv\/wp-json\/wp\/v2\/types\/product"}],"replies":[{"embeddable":true,"href":"https:\/\/metaltale.com\/lv\/wp-json\/wp\/v2\/comments?post=134485"}],"version-history":[{"count":0,"href":"https:\/\/metaltale.com\/lv\/wp-json\/wp\/v2\/product\/134485\/revisions"}],"wp:featuredmedia":[{"embeddable":true,"href":"https:\/\/metaltale.com\/lv\/wp-json\/wp\/v2\/media\/96988"}],"wp:attachment":[{"href":"https:\/\/metaltale.com\/lv\/wp-json\/wp\/v2\/media?parent=134485"}],"wp:term":[{"taxonomy":"product_brand","embeddable":true,"href":"https:\/\/metaltale.com\/lv\/wp-json\/wp\/v2\/product_brand?post=134485"},{"taxonomy":"product_cat","embeddable":true,"href":"https:\/\/metaltale.com\/lv\/wp-json\/wp\/v2\/product_cat?post=134485"},{"taxonomy":"product_tag","embeddable":true,"href":"https:\/\/metaltale.com\/lv\/wp-json\/wp\/v2\/product_tag?post=134485"}],"curies":[{"name":"wp","href":"https:\/\/api.w.org\/{rel}","templated":true}]}}