{"id":134478,"date":"2024-02-13T15:09:04","date_gmt":"2024-02-13T13:09:04","guid":{"rendered":"https:\/\/metaltale.com\/produktas\/virtuves-krans-slender-antikais-misins\/"},"modified":"2024-02-13T15:09:04","modified_gmt":"2024-02-13T13:09:04","slug":"virtuves-krans-slender-antikais-misins","status":"publish","type":"product","link":"https:\/\/metaltale.com\/lv\/produkts\/virtuves-krans-slender-antikais-misins\/","title":{"rendered":"Virtuves kr\u0101ns SLENDER, ant\u012bkais misi\u0146\u0161"},"content":{"rendered":"<div class=\"prod_data\">\n<p>QZ <strong>modelis<\/strong>. CF-156-AMD<br \/>\nModern\u0101 <strong>kolekcija<\/strong><br \/>\n<strong>EAN.<\/strong>  5905369929663<br \/>\nAugstums (cm ) 46<br \/>\n<strong>Platums (cm<\/strong> ) 27<br \/>\n<strong>Pamatnes diametrs (cm)<\/strong> 5,5<br \/>\n<strong>Izsmidzin\u0101t\u0101ja garums (cm<\/strong> ) 17,5<br \/>\n<strong>Augstums l\u012bdz izsmidzin\u0101t\u0101jam (cm<\/strong> ) 26<br \/>\n<strong>Materi\u0101ls<\/strong> Ner\u016bs\u0113jo\u0161ais t\u0113rauds<br \/>\n<strong>Kr\u0101sa<\/strong> Ant\u012bkais misi\u0146\u0161<br \/>\n<strong>Apdares<\/strong> sp\u012bdums<br \/>\n<strong>Rot\u0113jo\u0161s izsmidzin\u0101t\u0101js<\/strong> J\u0101<br \/>\n<strong>Perlators (aerators<\/strong> ) J\u0101<\/p>\n<p>Br\u012bvi st\u0101vo\u0161s mais\u012bt\u0101js no ner\u016bs\u0113jo\u0161\u0101 t\u0113rauda<\/p>\n<p>360&#8242; rot\u0113jo\u0161s izsmidzin\u0101t\u0101js<\/p>\n<p>ievelkams izsmidzin\u0101t\u0101js \u0113rtai trauku mazg\u0101\u0161anai trauku mazg\u0101jam\u0101 ma\u0161\u012bn\u0101<\/p>\n<p>keramikas galva &#8211; elements, kas nodro\u0161ina pareizu \u016bdens sadali.<\/p>\n<p>Aerators &#8211; aerators, kas samazina \u016bdens pat\u0113ri\u0146u<\/p>\n<p>Regul\u0113jama \u016bdens pl\u016bsma, izmantojot spiedpogu, tr\u012bs izv\u0113les iesp\u0113jas<\/p>\n<p>visas uzst\u0101d\u012b\u0161anai nepiecie\u0161am\u0101s sast\u0101vda\u013cas komplekt\u0101 (\u0161\u013c\u016btene, galda skr\u016bve, skr\u016bvju bl\u012bves).<\/p>\n<p>viegla apkope &#8211; silts \u016bdens un PH neitr\u0101las ziepes.<\/p>\n<hr>\n<p>Modern\u0101 mais\u012bt\u0101ja kr\u0101na skaist\u0101 ant\u012bk\u0101 misi\u0146a kr\u0101sa ir \u012bsts m\u0101kslas darbs starp virtuves piederumiem. Tas ieder\u0113sies gan modern\u0101 virtuv\u0113, gan ar\u012b glam vai retro \u0161ik\u0101 stil\u0101. Kr\u0101ns ir ar\u012b \u013coti praktisks un funkcion\u0101ls, pateicoties t\u0101 ievelkamajam izsmidzin\u0101t\u0101jam un iesp\u0113jai regul\u0113t \u016bdens pl\u016bsmu no stipras l\u012bdz du\u0161ai vai miglai, kas mums atvieglos trauku mazg\u0101\u0161anu un nok\u013c\u016b\u0161anu net\u012br\u0101kaj\u0101s viet\u0101s. \u0160is kr\u0101ns ir \u013coti funkcion\u0101ls un vienlaikus dizaina izstr\u0101d\u0101jums, kam neviens nevar\u0113s paiet gar\u0101m bez aizdom\u0101m.<\/p>\n<\/div>\n","protected":false},"excerpt":{"rendered":"<p>QZ modelis. CF-156-AMD Modern\u0101 kolekcija EAN. 5905369929663 Augstums (cm ) 46 Platums (cm ) 27 Pamatnes diametrs (cm) 5,5 Izsmidzin\u0101t\u0101ja<\/p>\n","protected":false},"featured_media":92524,"comment_status":"open","ping_status":"closed","template":"","meta":{"_acf_changed":false,"pmpro_default_level":""},"product_brand":[],"product_cat":[24097,24096],"product_tag":[],"class_list":{"0":"post-134478","1":"product","2":"type-product","3":"status-publish","4":"has-post-thumbnail","6":"product_cat-brivi-stavosi-virtuves-maisitaji","7":"product_cat-virtuves-maisitaji","8":"pmpro-has-access","10":"first","11":"instock","12":"shipping-taxable","13":"purchasable","14":"product-type-simple"},"acf":[],"yoast_head":"<!-- This site is optimized with the Yoast SEO plugin v24.9 - https:\/\/yoast.com\/wordpress\/plugins\/seo\/ -->\n<title>Virtuves kr\u0101ns SLENDER, ant\u012bkais misi\u0146\u0161 - MetalTale.com<\/title>\n<meta name=\"robots\" content=\"index, follow, max-snippet:-1, max-image-preview:large, max-video-preview:-1\" \/>\n<link rel=\"canonical\" href=\"https:\/\/metaltale.com\/lv\/produkts\/virtuves-krans-slender-antikais-misins\/\" \/>\n<meta property=\"og:locale\" content=\"lv_LV\" \/>\n<meta property=\"og:type\" content=\"article\" \/>\n<meta property=\"og:title\" content=\"Virtuves kr\u0101ns SLENDER, ant\u012bkais misi\u0146\u0161 - MetalTale.com\" \/>\n<meta property=\"og:description\" content=\"QZ modelis. CF-156-AMD Modern\u0101 kolekcija EAN. 5905369929663 Augstums (cm ) 46 Platums (cm ) 27 Pamatnes diametrs (cm) 5,5 Izsmidzin\u0101t\u0101ja\" \/>\n<meta property=\"og:url\" content=\"https:\/\/metaltale.com\/lv\/produkts\/virtuves-krans-slender-antikais-misins\/\" \/>\n<meta property=\"og:site_name\" content=\"MetalTale.com\" \/>\n<meta property=\"og:image\" content=\"https:\/\/metaltale.com\/wp-content\/uploads\/2023\/10\/Virtuvx117s-maix161ytuvas-stovi-antikvarinis-x17Ealvaris-LIEKNAS.jpg\" \/>\n\t<meta property=\"og:image:width\" content=\"800\" \/>\n\t<meta property=\"og:image:height\" content=\"800\" \/>\n\t<meta property=\"og:image:type\" content=\"image\/jpeg\" \/>\n<meta name=\"twitter:card\" content=\"summary_large_image\" \/>\n<meta name=\"twitter:label1\" content=\"Est. reading time\" \/>\n\t<meta name=\"twitter:data1\" content=\"1 minute\" \/>\n<script type=\"application\/ld+json\" class=\"yoast-schema-graph\">{\"@context\":\"https:\/\/schema.org\",\"@graph\":[{\"@type\":\"WebPage\",\"@id\":\"https:\/\/metaltale.com\/lv\/produkts\/virtuves-krans-slender-antikais-misins\/\",\"url\":\"https:\/\/metaltale.com\/lv\/produkts\/virtuves-krans-slender-antikais-misins\/\",\"name\":\"Virtuves kr\u0101ns SLENDER, ant\u012bkais misi\u0146\u0161 - MetalTale.com\",\"isPartOf\":{\"@id\":\"https:\/\/metaltale.com\/lv\/#website\"},\"primaryImageOfPage\":{\"@id\":\"https:\/\/metaltale.com\/lv\/produkts\/virtuves-krans-slender-antikais-misins\/#primaryimage\"},\"image\":{\"@id\":\"https:\/\/metaltale.com\/lv\/produkts\/virtuves-krans-slender-antikais-misins\/#primaryimage\"},\"thumbnailUrl\":\"https:\/\/metaltale.com\/wp-content\/uploads\/2023\/10\/Virtuvx117s-maix161ytuvas-stovi-antikvarinis-x17Ealvaris-LIEKNAS.jpg\",\"datePublished\":\"2024-02-13T13:09:04+00:00\",\"breadcrumb\":{\"@id\":\"https:\/\/metaltale.com\/lv\/produkts\/virtuves-krans-slender-antikais-misins\/#breadcrumb\"},\"inLanguage\":\"lv-LV\",\"potentialAction\":[{\"@type\":\"ReadAction\",\"target\":[\"https:\/\/metaltale.com\/lv\/produkts\/virtuves-krans-slender-antikais-misins\/\"]}]},{\"@type\":\"ImageObject\",\"inLanguage\":\"lv-LV\",\"@id\":\"https:\/\/metaltale.com\/lv\/produkts\/virtuves-krans-slender-antikais-misins\/#primaryimage\",\"url\":\"https:\/\/metaltale.com\/wp-content\/uploads\/2023\/10\/Virtuvx117s-maix161ytuvas-stovi-antikvarinis-x17Ealvaris-LIEKNAS.jpg\",\"contentUrl\":\"https:\/\/metaltale.com\/wp-content\/uploads\/2023\/10\/Virtuvx117s-maix161ytuvas-stovi-antikvarinis-x17Ealvaris-LIEKNAS.jpg\",\"width\":800,\"height\":800,\"caption\":\"Virtuves kr\u0101ns SLENDER, ant\u012bkais misi\u0146\u0161\"},{\"@type\":\"BreadcrumbList\",\"@id\":\"https:\/\/metaltale.com\/lv\/produkts\/virtuves-krans-slender-antikais-misins\/#breadcrumb\",\"itemListElement\":[{\"@type\":\"ListItem\",\"position\":1,\"name\":\"Home\",\"item\":\"https:\/\/metaltale.com\/lv\/majas\/\"},{\"@type\":\"ListItem\",\"position\":2,\"name\":\"Veikals\",\"item\":\"https:\/\/metaltale.com\/lv\/shop\/\"},{\"@type\":\"ListItem\",\"position\":3,\"name\":\"Virtuves kr\u0101ns SLENDER, ant\u012bkais misi\u0146\u0161\"}]},{\"@type\":\"WebSite\",\"@id\":\"https:\/\/metaltale.com\/lv\/#website\",\"url\":\"https:\/\/metaltale.com\/lv\/\",\"name\":\"Metaltale.com\",\"description\":\"\",\"potentialAction\":[{\"@type\":\"SearchAction\",\"target\":{\"@type\":\"EntryPoint\",\"urlTemplate\":\"https:\/\/metaltale.com\/lv\/?s={search_term_string}\"},\"query-input\":{\"@type\":\"PropertyValueSpecification\",\"valueRequired\":true,\"valueName\":\"search_term_string\"}}],\"inLanguage\":\"lv-LV\"}]}<\/script>\n<!-- \/ Yoast SEO plugin. -->","yoast_head_json":{"title":"Virtuves kr\u0101ns SLENDER, ant\u012bkais misi\u0146\u0161 - MetalTale.com","robots":{"index":"index","follow":"follow","max-snippet":"max-snippet:-1","max-image-preview":"max-image-preview:large","max-video-preview":"max-video-preview:-1"},"canonical":"https:\/\/metaltale.com\/lv\/produkts\/virtuves-krans-slender-antikais-misins\/","og_locale":"lv_LV","og_type":"article","og_title":"Virtuves kr\u0101ns SLENDER, ant\u012bkais misi\u0146\u0161 - MetalTale.com","og_description":"QZ modelis. CF-156-AMD Modern\u0101 kolekcija EAN. 5905369929663 Augstums (cm ) 46 Platums (cm ) 27 Pamatnes diametrs (cm) 5,5 Izsmidzin\u0101t\u0101ja","og_url":"https:\/\/metaltale.com\/lv\/produkts\/virtuves-krans-slender-antikais-misins\/","og_site_name":"MetalTale.com","og_image":[{"width":800,"height":800,"url":"https:\/\/metaltale.com\/wp-content\/uploads\/2023\/10\/Virtuvx117s-maix161ytuvas-stovi-antikvarinis-x17Ealvaris-LIEKNAS.jpg","type":"image\/jpeg"}],"twitter_card":"summary_large_image","twitter_misc":{"Est. reading time":"1 minute"},"schema":{"@context":"https:\/\/schema.org","@graph":[{"@type":"WebPage","@id":"https:\/\/metaltale.com\/lv\/produkts\/virtuves-krans-slender-antikais-misins\/","url":"https:\/\/metaltale.com\/lv\/produkts\/virtuves-krans-slender-antikais-misins\/","name":"Virtuves kr\u0101ns SLENDER, ant\u012bkais misi\u0146\u0161 - MetalTale.com","isPartOf":{"@id":"https:\/\/metaltale.com\/lv\/#website"},"primaryImageOfPage":{"@id":"https:\/\/metaltale.com\/lv\/produkts\/virtuves-krans-slender-antikais-misins\/#primaryimage"},"image":{"@id":"https:\/\/metaltale.com\/lv\/produkts\/virtuves-krans-slender-antikais-misins\/#primaryimage"},"thumbnailUrl":"https:\/\/metaltale.com\/wp-content\/uploads\/2023\/10\/Virtuvx117s-maix161ytuvas-stovi-antikvarinis-x17Ealvaris-LIEKNAS.jpg","datePublished":"2024-02-13T13:09:04+00:00","breadcrumb":{"@id":"https:\/\/metaltale.com\/lv\/produkts\/virtuves-krans-slender-antikais-misins\/#breadcrumb"},"inLanguage":"lv-LV","potentialAction":[{"@type":"ReadAction","target":["https:\/\/metaltale.com\/lv\/produkts\/virtuves-krans-slender-antikais-misins\/"]}]},{"@type":"ImageObject","inLanguage":"lv-LV","@id":"https:\/\/metaltale.com\/lv\/produkts\/virtuves-krans-slender-antikais-misins\/#primaryimage","url":"https:\/\/metaltale.com\/wp-content\/uploads\/2023\/10\/Virtuvx117s-maix161ytuvas-stovi-antikvarinis-x17Ealvaris-LIEKNAS.jpg","contentUrl":"https:\/\/metaltale.com\/wp-content\/uploads\/2023\/10\/Virtuvx117s-maix161ytuvas-stovi-antikvarinis-x17Ealvaris-LIEKNAS.jpg","width":800,"height":800,"caption":"Virtuves kr\u0101ns SLENDER, ant\u012bkais misi\u0146\u0161"},{"@type":"BreadcrumbList","@id":"https:\/\/metaltale.com\/lv\/produkts\/virtuves-krans-slender-antikais-misins\/#breadcrumb","itemListElement":[{"@type":"ListItem","position":1,"name":"Home","item":"https:\/\/metaltale.com\/lv\/majas\/"},{"@type":"ListItem","position":2,"name":"Veikals","item":"https:\/\/metaltale.com\/lv\/shop\/"},{"@type":"ListItem","position":3,"name":"Virtuves kr\u0101ns SLENDER, ant\u012bkais misi\u0146\u0161"}]},{"@type":"WebSite","@id":"https:\/\/metaltale.com\/lv\/#website","url":"https:\/\/metaltale.com\/lv\/","name":"Metaltale.com","description":"","potentialAction":[{"@type":"SearchAction","target":{"@type":"EntryPoint","urlTemplate":"https:\/\/metaltale.com\/lv\/?s={search_term_string}"},"query-input":{"@type":"PropertyValueSpecification","valueRequired":true,"valueName":"search_term_string"}}],"inLanguage":"lv-LV"}]}},"_links":{"self":[{"href":"https:\/\/metaltale.com\/lv\/wp-json\/wp\/v2\/product\/134478","targetHints":{"allow":["GET"]}}],"collection":[{"href":"https:\/\/metaltale.com\/lv\/wp-json\/wp\/v2\/product"}],"about":[{"href":"https:\/\/metaltale.com\/lv\/wp-json\/wp\/v2\/types\/product"}],"replies":[{"embeddable":true,"href":"https:\/\/metaltale.com\/lv\/wp-json\/wp\/v2\/comments?post=134478"}],"version-history":[{"count":0,"href":"https:\/\/metaltale.com\/lv\/wp-json\/wp\/v2\/product\/134478\/revisions"}],"wp:featuredmedia":[{"embeddable":true,"href":"https:\/\/metaltale.com\/lv\/wp-json\/wp\/v2\/media\/92524"}],"wp:attachment":[{"href":"https:\/\/metaltale.com\/lv\/wp-json\/wp\/v2\/media?parent=134478"}],"wp:term":[{"taxonomy":"product_brand","embeddable":true,"href":"https:\/\/metaltale.com\/lv\/wp-json\/wp\/v2\/product_brand?post=134478"},{"taxonomy":"product_cat","embeddable":true,"href":"https:\/\/metaltale.com\/lv\/wp-json\/wp\/v2\/product_cat?post=134478"},{"taxonomy":"product_tag","embeddable":true,"href":"https:\/\/metaltale.com\/lv\/wp-json\/wp\/v2\/product_tag?post=134478"}],"curies":[{"name":"wp","href":"https:\/\/api.w.org\/{rel}","templated":true}]}}