{"id":134464,"date":"2024-02-13T15:09:04","date_gmt":"2024-02-13T13:09:04","guid":{"rendered":"https:\/\/metaltale.com\/produktas\/virtuves-maisitajs-corny-melns-un-zelta-krasa\/"},"modified":"2024-02-13T15:09:04","modified_gmt":"2024-02-13T13:09:04","slug":"virtuves-maisitajs-corny-melns-un-zelta-krasa","status":"publish","type":"product","link":"https:\/\/metaltale.com\/lv\/produkts\/virtuves-maisitajs-corny-melns-un-zelta-krasa\/","title":{"rendered":"Virtuves mais\u012bt\u0101js CORNY, melns un zelta kr\u0101s\u0101"},"content":{"rendered":"<div class=\"prod_data\">\n<p>QZ <strong>modelis<\/strong>. CF-135-CZ<br \/>\nModern\u0101 <strong>kolekcija<\/strong><br \/>\n<strong>EAN.<\/strong>  5905369929700<br \/>\n<strong>Augstums (cm<\/strong> ) 33<br \/>\nPlatums (cm ) 24<br \/>\n<strong>Pamatnes diametrs (cm)<\/strong> 5<br \/>\n<strong>Izsmidzin\u0101t\u0101ja garums (cm<\/strong> ) 18<br \/>\n<strong>Augstums l\u012bdz izsmidzin\u0101t\u0101jam (cm<\/strong> ) 26<br \/>\n<strong>Materi\u0101ls<\/strong> Ner\u016bs\u0113jo\u0161ais t\u0113rauds<br \/>\n<strong>Kr\u0101sa<\/strong> Melna\/zelta<br \/>\n<strong>Apdare<\/strong> M\u012bksta, sat\u012bna efekts<br \/>\n<strong>Rot\u0113jo\u0161s izsmidzin\u0101t\u0101js<\/strong> J\u0101<br \/>\n<strong>Perlators (aerators<\/strong> ) J\u0101<\/p>\n<p>Br\u012bvi st\u0101vo\u0161s mais\u012bt\u0101js no ner\u016bs\u0113jo\u0161\u0101 t\u0113rauda<\/p>\n<p>360&#8242; rot\u0113jo\u0161s izsmidzin\u0101t\u0101js<\/p>\n<p>Aerators &#8211; aerators, kas samazina \u016bdens pat\u0113ri\u0146u<\/p>\n<p>keramikas galva &#8211; elements, kas nodro\u0161ina pareizu \u016bdens sadali.<\/p>\n<p>visas uzst\u0101d\u012b\u0161anai nepiecie\u0161am\u0101s sast\u0101vda\u013cas komplekt\u0101 (\u0161\u013c\u016btene, galda skr\u016bve, skr\u016bvju bl\u012bves).<\/p>\n<hr>\n<p>Melnais mais\u012bt\u0101js ar zelta aksesu\u0101riem b\u016bs lielisks papildin\u0101jums j\u016bsu retro virtuvei. Neparast\u0101 profil\u0113t\u0101 pagrie\u017eam\u0101 izlietne un smalkie zelta aksesu\u0101ri pie\u0161\u0137ir tai graciozu un elegantu izskatu, t\u0101p\u0113c t\u0101 ir piem\u0113rota ar\u012b glam\u016br\u012bgam interjeram. Sat\u012bna meln\u0101 kr\u0101sa \u013cauj uzst\u0101d\u012bt kr\u0101nu industri\u0101l\u0101s un modern\u0101s vannas istab\u0101s &#8211; tas k\u013c\u016bs par interjera centr\u0101lo punktu. Modeli raksturo augsta kvalit\u0101te, ko apliecina gan funkcion\u0101lie risin\u0101jumi (gar\u0161 izsmidzin\u0101t\u0101js, \u016bdens kontroles punkts), gan tehniskie risin\u0101jumi (izgatavots no misi\u0146a, keramikas galva, aerators).<\/p>\n<\/div>\n","protected":false},"excerpt":{"rendered":"<p>QZ modelis. CF-135-CZ Modern\u0101 kolekcija EAN. 5905369929700 Augstums (cm ) 33 Platums (cm ) 24 Pamatnes diametrs (cm) 5 Izsmidzin\u0101t\u0101ja<\/p>\n","protected":false},"featured_media":92687,"comment_status":"open","ping_status":"closed","template":"","meta":{"_acf_changed":false,"pmpro_default_level":""},"product_brand":[],"product_cat":[24097,24096],"product_tag":[],"class_list":{"0":"post-134464","1":"product","2":"type-product","3":"status-publish","4":"has-post-thumbnail","6":"product_cat-brivi-stavosi-virtuves-maisitaji","7":"product_cat-virtuves-maisitaji","8":"pmpro-has-access","10":"first","11":"instock","12":"shipping-taxable","13":"purchasable","14":"product-type-simple"},"acf":[],"yoast_head":"<!-- This site is optimized with the Yoast SEO plugin v24.9 - https:\/\/yoast.com\/wordpress\/plugins\/seo\/ -->\n<title>Virtuves mais\u012bt\u0101js CORNY, melns un zelta kr\u0101s\u0101 - MetalTale.com<\/title>\n<meta name=\"robots\" content=\"index, follow, max-snippet:-1, max-image-preview:large, max-video-preview:-1\" \/>\n<link rel=\"canonical\" href=\"https:\/\/metaltale.com\/lv\/produkts\/virtuves-maisitajs-corny-melns-un-zelta-krasa\/\" \/>\n<meta property=\"og:locale\" content=\"lv_LV\" \/>\n<meta property=\"og:type\" content=\"article\" \/>\n<meta property=\"og:title\" content=\"Virtuves mais\u012bt\u0101js CORNY, melns un zelta kr\u0101s\u0101 - MetalTale.com\" \/>\n<meta property=\"og:description\" content=\"QZ modelis. CF-135-CZ Modern\u0101 kolekcija EAN. 5905369929700 Augstums (cm ) 33 Platums (cm ) 24 Pamatnes diametrs (cm) 5 Izsmidzin\u0101t\u0101ja\" \/>\n<meta property=\"og:url\" content=\"https:\/\/metaltale.com\/lv\/produkts\/virtuves-maisitajs-corny-melns-un-zelta-krasa\/\" \/>\n<meta property=\"og:site_name\" content=\"MetalTale.com\" \/>\n<meta property=\"og:image\" content=\"https:\/\/metaltale.com\/wp-content\/uploads\/2023\/10\/Virtuvx117s-maix161ytuvas-stovi-juodas-CORNY.jpg\" \/>\n\t<meta property=\"og:image:width\" content=\"800\" \/>\n\t<meta property=\"og:image:height\" content=\"800\" \/>\n\t<meta property=\"og:image:type\" content=\"image\/jpeg\" \/>\n<meta name=\"twitter:card\" content=\"summary_large_image\" \/>\n<meta name=\"twitter:label1\" content=\"Est. reading time\" \/>\n\t<meta name=\"twitter:data1\" content=\"1 minute\" \/>\n<script type=\"application\/ld+json\" class=\"yoast-schema-graph\">{\"@context\":\"https:\/\/schema.org\",\"@graph\":[{\"@type\":\"WebPage\",\"@id\":\"https:\/\/metaltale.com\/lv\/produkts\/virtuves-maisitajs-corny-melns-un-zelta-krasa\/\",\"url\":\"https:\/\/metaltale.com\/lv\/produkts\/virtuves-maisitajs-corny-melns-un-zelta-krasa\/\",\"name\":\"Virtuves mais\u012bt\u0101js CORNY, melns un zelta kr\u0101s\u0101 - MetalTale.com\",\"isPartOf\":{\"@id\":\"https:\/\/metaltale.com\/lv\/#website\"},\"primaryImageOfPage\":{\"@id\":\"https:\/\/metaltale.com\/lv\/produkts\/virtuves-maisitajs-corny-melns-un-zelta-krasa\/#primaryimage\"},\"image\":{\"@id\":\"https:\/\/metaltale.com\/lv\/produkts\/virtuves-maisitajs-corny-melns-un-zelta-krasa\/#primaryimage\"},\"thumbnailUrl\":\"https:\/\/metaltale.com\/wp-content\/uploads\/2023\/10\/Virtuvx117s-maix161ytuvas-stovi-juodas-CORNY.jpg\",\"datePublished\":\"2024-02-13T13:09:04+00:00\",\"breadcrumb\":{\"@id\":\"https:\/\/metaltale.com\/lv\/produkts\/virtuves-maisitajs-corny-melns-un-zelta-krasa\/#breadcrumb\"},\"inLanguage\":\"lv-LV\",\"potentialAction\":[{\"@type\":\"ReadAction\",\"target\":[\"https:\/\/metaltale.com\/lv\/produkts\/virtuves-maisitajs-corny-melns-un-zelta-krasa\/\"]}]},{\"@type\":\"ImageObject\",\"inLanguage\":\"lv-LV\",\"@id\":\"https:\/\/metaltale.com\/lv\/produkts\/virtuves-maisitajs-corny-melns-un-zelta-krasa\/#primaryimage\",\"url\":\"https:\/\/metaltale.com\/wp-content\/uploads\/2023\/10\/Virtuvx117s-maix161ytuvas-stovi-juodas-CORNY.jpg\",\"contentUrl\":\"https:\/\/metaltale.com\/wp-content\/uploads\/2023\/10\/Virtuvx117s-maix161ytuvas-stovi-juodas-CORNY.jpg\",\"width\":800,\"height\":800,\"caption\":\"Virtuves mais\u012bt\u0101js CORNY, melns un zelta kr\u0101s\u0101\"},{\"@type\":\"BreadcrumbList\",\"@id\":\"https:\/\/metaltale.com\/lv\/produkts\/virtuves-maisitajs-corny-melns-un-zelta-krasa\/#breadcrumb\",\"itemListElement\":[{\"@type\":\"ListItem\",\"position\":1,\"name\":\"Home\",\"item\":\"https:\/\/metaltale.com\/lv\/majas\/\"},{\"@type\":\"ListItem\",\"position\":2,\"name\":\"Veikals\",\"item\":\"https:\/\/metaltale.com\/lv\/shop\/\"},{\"@type\":\"ListItem\",\"position\":3,\"name\":\"Virtuves mais\u012bt\u0101js CORNY, melns un zelta kr\u0101s\u0101\"}]},{\"@type\":\"WebSite\",\"@id\":\"https:\/\/metaltale.com\/lv\/#website\",\"url\":\"https:\/\/metaltale.com\/lv\/\",\"name\":\"Metaltale.com\",\"description\":\"\",\"potentialAction\":[{\"@type\":\"SearchAction\",\"target\":{\"@type\":\"EntryPoint\",\"urlTemplate\":\"https:\/\/metaltale.com\/lv\/?s={search_term_string}\"},\"query-input\":{\"@type\":\"PropertyValueSpecification\",\"valueRequired\":true,\"valueName\":\"search_term_string\"}}],\"inLanguage\":\"lv-LV\"}]}<\/script>\n<!-- \/ Yoast SEO plugin. -->","yoast_head_json":{"title":"Virtuves mais\u012bt\u0101js CORNY, melns un zelta kr\u0101s\u0101 - MetalTale.com","robots":{"index":"index","follow":"follow","max-snippet":"max-snippet:-1","max-image-preview":"max-image-preview:large","max-video-preview":"max-video-preview:-1"},"canonical":"https:\/\/metaltale.com\/lv\/produkts\/virtuves-maisitajs-corny-melns-un-zelta-krasa\/","og_locale":"lv_LV","og_type":"article","og_title":"Virtuves mais\u012bt\u0101js CORNY, melns un zelta kr\u0101s\u0101 - MetalTale.com","og_description":"QZ modelis. CF-135-CZ Modern\u0101 kolekcija EAN. 5905369929700 Augstums (cm ) 33 Platums (cm ) 24 Pamatnes diametrs (cm) 5 Izsmidzin\u0101t\u0101ja","og_url":"https:\/\/metaltale.com\/lv\/produkts\/virtuves-maisitajs-corny-melns-un-zelta-krasa\/","og_site_name":"MetalTale.com","og_image":[{"width":800,"height":800,"url":"https:\/\/metaltale.com\/wp-content\/uploads\/2023\/10\/Virtuvx117s-maix161ytuvas-stovi-juodas-CORNY.jpg","type":"image\/jpeg"}],"twitter_card":"summary_large_image","twitter_misc":{"Est. reading time":"1 minute"},"schema":{"@context":"https:\/\/schema.org","@graph":[{"@type":"WebPage","@id":"https:\/\/metaltale.com\/lv\/produkts\/virtuves-maisitajs-corny-melns-un-zelta-krasa\/","url":"https:\/\/metaltale.com\/lv\/produkts\/virtuves-maisitajs-corny-melns-un-zelta-krasa\/","name":"Virtuves mais\u012bt\u0101js CORNY, melns un zelta kr\u0101s\u0101 - MetalTale.com","isPartOf":{"@id":"https:\/\/metaltale.com\/lv\/#website"},"primaryImageOfPage":{"@id":"https:\/\/metaltale.com\/lv\/produkts\/virtuves-maisitajs-corny-melns-un-zelta-krasa\/#primaryimage"},"image":{"@id":"https:\/\/metaltale.com\/lv\/produkts\/virtuves-maisitajs-corny-melns-un-zelta-krasa\/#primaryimage"},"thumbnailUrl":"https:\/\/metaltale.com\/wp-content\/uploads\/2023\/10\/Virtuvx117s-maix161ytuvas-stovi-juodas-CORNY.jpg","datePublished":"2024-02-13T13:09:04+00:00","breadcrumb":{"@id":"https:\/\/metaltale.com\/lv\/produkts\/virtuves-maisitajs-corny-melns-un-zelta-krasa\/#breadcrumb"},"inLanguage":"lv-LV","potentialAction":[{"@type":"ReadAction","target":["https:\/\/metaltale.com\/lv\/produkts\/virtuves-maisitajs-corny-melns-un-zelta-krasa\/"]}]},{"@type":"ImageObject","inLanguage":"lv-LV","@id":"https:\/\/metaltale.com\/lv\/produkts\/virtuves-maisitajs-corny-melns-un-zelta-krasa\/#primaryimage","url":"https:\/\/metaltale.com\/wp-content\/uploads\/2023\/10\/Virtuvx117s-maix161ytuvas-stovi-juodas-CORNY.jpg","contentUrl":"https:\/\/metaltale.com\/wp-content\/uploads\/2023\/10\/Virtuvx117s-maix161ytuvas-stovi-juodas-CORNY.jpg","width":800,"height":800,"caption":"Virtuves mais\u012bt\u0101js CORNY, melns un zelta kr\u0101s\u0101"},{"@type":"BreadcrumbList","@id":"https:\/\/metaltale.com\/lv\/produkts\/virtuves-maisitajs-corny-melns-un-zelta-krasa\/#breadcrumb","itemListElement":[{"@type":"ListItem","position":1,"name":"Home","item":"https:\/\/metaltale.com\/lv\/majas\/"},{"@type":"ListItem","position":2,"name":"Veikals","item":"https:\/\/metaltale.com\/lv\/shop\/"},{"@type":"ListItem","position":3,"name":"Virtuves mais\u012bt\u0101js CORNY, melns un zelta kr\u0101s\u0101"}]},{"@type":"WebSite","@id":"https:\/\/metaltale.com\/lv\/#website","url":"https:\/\/metaltale.com\/lv\/","name":"Metaltale.com","description":"","potentialAction":[{"@type":"SearchAction","target":{"@type":"EntryPoint","urlTemplate":"https:\/\/metaltale.com\/lv\/?s={search_term_string}"},"query-input":{"@type":"PropertyValueSpecification","valueRequired":true,"valueName":"search_term_string"}}],"inLanguage":"lv-LV"}]}},"_links":{"self":[{"href":"https:\/\/metaltale.com\/lv\/wp-json\/wp\/v2\/product\/134464","targetHints":{"allow":["GET"]}}],"collection":[{"href":"https:\/\/metaltale.com\/lv\/wp-json\/wp\/v2\/product"}],"about":[{"href":"https:\/\/metaltale.com\/lv\/wp-json\/wp\/v2\/types\/product"}],"replies":[{"embeddable":true,"href":"https:\/\/metaltale.com\/lv\/wp-json\/wp\/v2\/comments?post=134464"}],"version-history":[{"count":0,"href":"https:\/\/metaltale.com\/lv\/wp-json\/wp\/v2\/product\/134464\/revisions"}],"wp:featuredmedia":[{"embeddable":true,"href":"https:\/\/metaltale.com\/lv\/wp-json\/wp\/v2\/media\/92687"}],"wp:attachment":[{"href":"https:\/\/metaltale.com\/lv\/wp-json\/wp\/v2\/media?parent=134464"}],"wp:term":[{"taxonomy":"product_brand","embeddable":true,"href":"https:\/\/metaltale.com\/lv\/wp-json\/wp\/v2\/product_brand?post=134464"},{"taxonomy":"product_cat","embeddable":true,"href":"https:\/\/metaltale.com\/lv\/wp-json\/wp\/v2\/product_cat?post=134464"},{"taxonomy":"product_tag","embeddable":true,"href":"https:\/\/metaltale.com\/lv\/wp-json\/wp\/v2\/product_tag?post=134464"}],"curies":[{"name":"wp","href":"https:\/\/api.w.org\/{rel}","templated":true}]}}