{"id":134433,"date":"2024-02-13T13:17:48","date_gmt":"2024-02-13T11:17:48","guid":{"rendered":"https:\/\/metaltale.com\/produktas\/old-patinum-sienas-vadotne-vienviru-durvim\/"},"modified":"2024-02-13T13:17:48","modified_gmt":"2024-02-13T11:17:48","slug":"old-patinum-sienas-vadotne-vienviru-durvim","status":"publish","type":"product","link":"https:\/\/metaltale.com\/lv\/produkts\/old-patinum-sienas-vadotne-vienviru-durvim\/","title":{"rendered":"OLD PATINUM sienas vadotne vienviru durv\u012bm"},"content":{"rendered":"<div class=\"prod_data\">SAVE <strong>modelis<\/strong>. A01GP  <br \/><strong>EAN.<\/strong>  5907772071328  <br \/><strong>Materi\u0101ls<\/strong> T\u0113rauds  <br \/><strong> [cm]Kop\u0113jais garums<\/strong> 200 <strong> <\/strong> <br \/>Sienas <strong>mont\u0101\u017ea<\/strong>  <br \/><strong>Kr\u0101sa<\/strong> R\u016bsas, za\u013ca  <br \/>MATYTI <strong>ce\u013cvedis<\/strong>  <br \/><strong>Uzst\u0101d\u012b\u0161anas nor\u0101d\u012bjumi<\/strong> Lejupiel\u0101d\u0113t  <\/p>\n<p><strong>Komplekt\u0101 ietilpst:<\/strong><\/p>\n<p>met\u0101la sliedes 200 cm (2&#215;100 cm)<\/p>\n<p>dekorat\u012bvie rull\u012b\u0161i (2 gab.)<\/p>\n<p>bl\u012bves (5 gab.)<\/p>\n<p>Horizont\u0101lie (2 gab.) un vertik\u0101lie (2 gab.) aizb\u012bd\u0146i<\/p>\n<p>Gr\u012bdas rokasgr\u0101mata (1)<\/p>\n<p>Stiprin\u0101juma komplekts: skr\u016bves, bultskr\u016bves un papl\u0101ksnes<\/p>\n<p><strong>Produkta \u012bpa\u0161\u012bbas:<\/strong><\/p>\n<p>Pied\u0101v\u0101jum\u0101 ir b\u012bd\u0101m\u0101 sist\u0113ma vienviru durv\u012bm, sienas mont\u0101\u017eas sist\u0113ma.<\/p>\n<p>  Par\u0101d\u012btais modelis ir paredz\u0113ts b\u012bd\u0101m\u0101m koka durv\u012bm, kas izgatavotas no pl\u0101tnes un t\u0113rauda r\u0101mja, kuru svars nep\u0101rsniedz 130 kg.<\/p>\n<p>Pas\u012bv\u0101s slodzes (200 kg) un dinamiskie (130 kg) testi apstiprin\u0101ja augst\u0101ko kvalit\u0101ti un dro\u0161\u012bbu.<\/p>\n<p>Rull\u012b\u0161u rite\u0146u gultnis nodro\u0161ina vieglu un klusu brauk\u0161anu<\/p>\n<p>Horizont\u0101lie aizb\u012bd\u0146i sliedes galos, apak\u0161\u0113j\u0101 \u0137\u0113d\u0113 un vertik\u0101lie aizb\u012bd\u0146i zem sliedes stabiliz\u0113 durvis un ne\u013cauj t\u0101m nokrist no sliedes.<\/p>\n<p>Komplekt\u0101 ietilpst apak\u0161\u0113j\u0101 \u0137\u0113de, uz gr\u012bdas mont\u0113jams p\u0101rsegs ar vai bez griez\u0113ja<\/p>\n<p>Pieci stiprin\u0101juma punkti garant\u0113 sist\u0113mas stabilit\u0101ti, dro\u0161\u012bbu un iztur\u012bbu.<\/p>\n<p>Komplekt\u0101 ietilpst skr\u016bves uzst\u0101d\u012b\u0161anai gan uz koka konstrukcij\u0101m, gan m\u016bra sien\u0101m.<\/p>\n<p>Sist\u0113mai ir \u013coti vienk\u0101r\u0161a un intuit\u012bva uzst\u0101d\u012b\u0161ana.<\/p>\n<p>R\u016bp\u012bga nos\u016bt\u012b\u0161anas kontrole un augst\u0101k\u0101s kvalit\u0101tes iepakojums garant\u0113 apmierin\u0101t\u012bbu.<\/p>\n<hr>\n<p>Ce\u013cvedim ir drosm\u012bgs un unik\u0101ls retro stils. T\u0101s b\u0113ni\u0146u dizains pie\u0161\u0137irs vecumu jebkuram interjeram. B\u012bd\u0101mo durvju sist\u0113ma ir praktisks un vienk\u0101r\u0161s veids, k\u0101 main\u012bt m\u0101jas vai dz\u012bvok\u013ca stilu. Iztur\u012bga konstrukcija, augst\u0101k\u0101s kvalit\u0101tes materi\u0101li un prec\u012bza apstr\u0101de nodro\u0161ina ilggad\u0113ju lieto\u0161anu. OLD sist\u0113ma ir risin\u0101jums visiem, kas mekl\u0113 drosm\u012bgus, unik\u0101lus un m\u0113r\u0137tiec\u012bgus risin\u0101jumus.<\/p>\n<hr>\n<\/div>\n","protected":false},"excerpt":{"rendered":"<p>SAVE modelis. A01GP EAN. 5907772071328 Materi\u0101ls T\u0113rauds [cm]Kop\u0113jais garums 200 Sienas mont\u0101\u017ea Kr\u0101sa R\u016bsas, za\u013ca MATYTI ce\u013cvedis Uzst\u0101d\u012b\u0161anas nor\u0101d\u012bjumi Lejupiel\u0101d\u0113t<\/p>\n","protected":false},"featured_media":65398,"comment_status":"open","ping_status":"closed","template":"","meta":{"_acf_changed":false,"pmpro_default_level":""},"product_brand":[],"product_cat":[24059,24089],"product_tag":[],"class_list":{"0":"post-134433","1":"product","2":"type-product","3":"status-publish","4":"has-post-thumbnail","6":"product_cat-bidamo-durvju-sistemas","7":"product_cat-bidamo-durvju-vadotnes","8":"pmpro-has-access","10":"first","11":"instock","12":"shipping-taxable","13":"purchasable","14":"product-type-simple"},"acf":[],"yoast_head":"<!-- This site is optimized with the Yoast SEO plugin v24.9 - https:\/\/yoast.com\/wordpress\/plugins\/seo\/ -->\n<title>OLD PATINUM sienas vadotne vienviru durv\u012bm - MetalTale.com<\/title>\n<meta name=\"robots\" content=\"index, follow, max-snippet:-1, max-image-preview:large, max-video-preview:-1\" \/>\n<link rel=\"canonical\" href=\"https:\/\/metaltale.com\/lv\/produkts\/old-patinum-sienas-vadotne-vienviru-durvim\/\" \/>\n<meta property=\"og:locale\" content=\"lv_LV\" \/>\n<meta property=\"og:type\" content=\"article\" \/>\n<meta property=\"og:title\" content=\"OLD PATINUM sienas vadotne vienviru durv\u012bm - MetalTale.com\" \/>\n<meta property=\"og:description\" content=\"SAVE modelis. A01GP EAN. 5907772071328 Materi\u0101ls T\u0113rauds [cm]Kop\u0113jais garums 200 Sienas mont\u0101\u017ea Kr\u0101sa R\u016bsas, za\u013ca MATYTI ce\u013cvedis Uzst\u0101d\u012b\u0161anas nor\u0101d\u012bjumi Lejupiel\u0101d\u0113t\" \/>\n<meta property=\"og:url\" content=\"https:\/\/metaltale.com\/lv\/produkts\/old-patinum-sienas-vadotne-vienviru-durvim\/\" \/>\n<meta property=\"og:site_name\" content=\"MetalTale.com\" \/>\n<meta property=\"og:image\" content=\"http:\/\/metaltale.com\/wp-content\/uploads\/2023\/09\/Prowadnica-SENOJI-PATYNA.jpg\" \/>\n\t<meta property=\"og:image:width\" content=\"800\" \/>\n\t<meta property=\"og:image:height\" content=\"800\" \/>\n\t<meta property=\"og:image:type\" content=\"image\/jpeg\" \/>\n<meta name=\"twitter:card\" content=\"summary_large_image\" \/>\n<meta name=\"twitter:label1\" content=\"Est. reading time\" \/>\n\t<meta name=\"twitter:data1\" content=\"2 minutes\" \/>\n<script type=\"application\/ld+json\" class=\"yoast-schema-graph\">{\"@context\":\"https:\/\/schema.org\",\"@graph\":[{\"@type\":\"WebPage\",\"@id\":\"https:\/\/metaltale.com\/lv\/produkts\/old-patinum-sienas-vadotne-vienviru-durvim\/\",\"url\":\"https:\/\/metaltale.com\/lv\/produkts\/old-patinum-sienas-vadotne-vienviru-durvim\/\",\"name\":\"OLD PATINUM sienas vadotne vienviru durv\u012bm - MetalTale.com\",\"isPartOf\":{\"@id\":\"https:\/\/metaltale.com\/lv\/#website\"},\"primaryImageOfPage\":{\"@id\":\"https:\/\/metaltale.com\/lv\/produkts\/old-patinum-sienas-vadotne-vienviru-durvim\/#primaryimage\"},\"image\":{\"@id\":\"https:\/\/metaltale.com\/lv\/produkts\/old-patinum-sienas-vadotne-vienviru-durvim\/#primaryimage\"},\"thumbnailUrl\":\"https:\/\/metaltale.com\/wp-content\/uploads\/2023\/09\/Prowadnica-SENOJI-PATYNA.jpg\",\"datePublished\":\"2024-02-13T11:17:48+00:00\",\"breadcrumb\":{\"@id\":\"https:\/\/metaltale.com\/lv\/produkts\/old-patinum-sienas-vadotne-vienviru-durvim\/#breadcrumb\"},\"inLanguage\":\"lv-LV\",\"potentialAction\":[{\"@type\":\"ReadAction\",\"target\":[\"https:\/\/metaltale.com\/lv\/produkts\/old-patinum-sienas-vadotne-vienviru-durvim\/\"]}]},{\"@type\":\"ImageObject\",\"inLanguage\":\"lv-LV\",\"@id\":\"https:\/\/metaltale.com\/lv\/produkts\/old-patinum-sienas-vadotne-vienviru-durvim\/#primaryimage\",\"url\":\"https:\/\/metaltale.com\/wp-content\/uploads\/2023\/09\/Prowadnica-SENOJI-PATYNA.jpg\",\"contentUrl\":\"https:\/\/metaltale.com\/wp-content\/uploads\/2023\/09\/Prowadnica-SENOJI-PATYNA.jpg\",\"width\":800,\"height\":800,\"caption\":\"Stumdom\u0173 dur\u0173 sistema OLD PATINUM\"},{\"@type\":\"BreadcrumbList\",\"@id\":\"https:\/\/metaltale.com\/lv\/produkts\/old-patinum-sienas-vadotne-vienviru-durvim\/#breadcrumb\",\"itemListElement\":[{\"@type\":\"ListItem\",\"position\":1,\"name\":\"Home\",\"item\":\"https:\/\/metaltale.com\/lv\/majas\/\"},{\"@type\":\"ListItem\",\"position\":2,\"name\":\"Veikals\",\"item\":\"https:\/\/metaltale.com\/lv\/shop\/\"},{\"@type\":\"ListItem\",\"position\":3,\"name\":\"OLD PATINUM sienas vadotne vienviru durv\u012bm\"}]},{\"@type\":\"WebSite\",\"@id\":\"https:\/\/metaltale.com\/lv\/#website\",\"url\":\"https:\/\/metaltale.com\/lv\/\",\"name\":\"Metaltale.com\",\"description\":\"\",\"potentialAction\":[{\"@type\":\"SearchAction\",\"target\":{\"@type\":\"EntryPoint\",\"urlTemplate\":\"https:\/\/metaltale.com\/lv\/?s={search_term_string}\"},\"query-input\":{\"@type\":\"PropertyValueSpecification\",\"valueRequired\":true,\"valueName\":\"search_term_string\"}}],\"inLanguage\":\"lv-LV\"}]}<\/script>\n<!-- \/ Yoast SEO plugin. -->","yoast_head_json":{"title":"OLD PATINUM sienas vadotne vienviru durv\u012bm - MetalTale.com","robots":{"index":"index","follow":"follow","max-snippet":"max-snippet:-1","max-image-preview":"max-image-preview:large","max-video-preview":"max-video-preview:-1"},"canonical":"https:\/\/metaltale.com\/lv\/produkts\/old-patinum-sienas-vadotne-vienviru-durvim\/","og_locale":"lv_LV","og_type":"article","og_title":"OLD PATINUM sienas vadotne vienviru durv\u012bm - MetalTale.com","og_description":"SAVE modelis. A01GP EAN. 5907772071328 Materi\u0101ls T\u0113rauds [cm]Kop\u0113jais garums 200 Sienas mont\u0101\u017ea Kr\u0101sa R\u016bsas, za\u013ca MATYTI ce\u013cvedis Uzst\u0101d\u012b\u0161anas nor\u0101d\u012bjumi Lejupiel\u0101d\u0113t","og_url":"https:\/\/metaltale.com\/lv\/produkts\/old-patinum-sienas-vadotne-vienviru-durvim\/","og_site_name":"MetalTale.com","og_image":[{"width":800,"height":800,"url":"http:\/\/metaltale.com\/wp-content\/uploads\/2023\/09\/Prowadnica-SENOJI-PATYNA.jpg","type":"image\/jpeg"}],"twitter_card":"summary_large_image","twitter_misc":{"Est. reading time":"2 minutes"},"schema":{"@context":"https:\/\/schema.org","@graph":[{"@type":"WebPage","@id":"https:\/\/metaltale.com\/lv\/produkts\/old-patinum-sienas-vadotne-vienviru-durvim\/","url":"https:\/\/metaltale.com\/lv\/produkts\/old-patinum-sienas-vadotne-vienviru-durvim\/","name":"OLD PATINUM sienas vadotne vienviru durv\u012bm - MetalTale.com","isPartOf":{"@id":"https:\/\/metaltale.com\/lv\/#website"},"primaryImageOfPage":{"@id":"https:\/\/metaltale.com\/lv\/produkts\/old-patinum-sienas-vadotne-vienviru-durvim\/#primaryimage"},"image":{"@id":"https:\/\/metaltale.com\/lv\/produkts\/old-patinum-sienas-vadotne-vienviru-durvim\/#primaryimage"},"thumbnailUrl":"https:\/\/metaltale.com\/wp-content\/uploads\/2023\/09\/Prowadnica-SENOJI-PATYNA.jpg","datePublished":"2024-02-13T11:17:48+00:00","breadcrumb":{"@id":"https:\/\/metaltale.com\/lv\/produkts\/old-patinum-sienas-vadotne-vienviru-durvim\/#breadcrumb"},"inLanguage":"lv-LV","potentialAction":[{"@type":"ReadAction","target":["https:\/\/metaltale.com\/lv\/produkts\/old-patinum-sienas-vadotne-vienviru-durvim\/"]}]},{"@type":"ImageObject","inLanguage":"lv-LV","@id":"https:\/\/metaltale.com\/lv\/produkts\/old-patinum-sienas-vadotne-vienviru-durvim\/#primaryimage","url":"https:\/\/metaltale.com\/wp-content\/uploads\/2023\/09\/Prowadnica-SENOJI-PATYNA.jpg","contentUrl":"https:\/\/metaltale.com\/wp-content\/uploads\/2023\/09\/Prowadnica-SENOJI-PATYNA.jpg","width":800,"height":800,"caption":"Stumdom\u0173 dur\u0173 sistema OLD PATINUM"},{"@type":"BreadcrumbList","@id":"https:\/\/metaltale.com\/lv\/produkts\/old-patinum-sienas-vadotne-vienviru-durvim\/#breadcrumb","itemListElement":[{"@type":"ListItem","position":1,"name":"Home","item":"https:\/\/metaltale.com\/lv\/majas\/"},{"@type":"ListItem","position":2,"name":"Veikals","item":"https:\/\/metaltale.com\/lv\/shop\/"},{"@type":"ListItem","position":3,"name":"OLD PATINUM sienas vadotne vienviru durv\u012bm"}]},{"@type":"WebSite","@id":"https:\/\/metaltale.com\/lv\/#website","url":"https:\/\/metaltale.com\/lv\/","name":"Metaltale.com","description":"","potentialAction":[{"@type":"SearchAction","target":{"@type":"EntryPoint","urlTemplate":"https:\/\/metaltale.com\/lv\/?s={search_term_string}"},"query-input":{"@type":"PropertyValueSpecification","valueRequired":true,"valueName":"search_term_string"}}],"inLanguage":"lv-LV"}]}},"_links":{"self":[{"href":"https:\/\/metaltale.com\/lv\/wp-json\/wp\/v2\/product\/134433","targetHints":{"allow":["GET"]}}],"collection":[{"href":"https:\/\/metaltale.com\/lv\/wp-json\/wp\/v2\/product"}],"about":[{"href":"https:\/\/metaltale.com\/lv\/wp-json\/wp\/v2\/types\/product"}],"replies":[{"embeddable":true,"href":"https:\/\/metaltale.com\/lv\/wp-json\/wp\/v2\/comments?post=134433"}],"version-history":[{"count":0,"href":"https:\/\/metaltale.com\/lv\/wp-json\/wp\/v2\/product\/134433\/revisions"}],"wp:featuredmedia":[{"embeddable":true,"href":"https:\/\/metaltale.com\/lv\/wp-json\/wp\/v2\/media\/65398"}],"wp:attachment":[{"href":"https:\/\/metaltale.com\/lv\/wp-json\/wp\/v2\/media?parent=134433"}],"wp:term":[{"taxonomy":"product_brand","embeddable":true,"href":"https:\/\/metaltale.com\/lv\/wp-json\/wp\/v2\/product_brand?post=134433"},{"taxonomy":"product_cat","embeddable":true,"href":"https:\/\/metaltale.com\/lv\/wp-json\/wp\/v2\/product_cat?post=134433"},{"taxonomy":"product_tag","embeddable":true,"href":"https:\/\/metaltale.com\/lv\/wp-json\/wp\/v2\/product_tag?post=134433"}],"curies":[{"name":"wp","href":"https:\/\/api.w.org\/{rel}","templated":true}]}}