{"id":134432,"date":"2024-02-13T13:17:48","date_gmt":"2024-02-13T11:17:48","guid":{"rendered":"https:\/\/metaltale.com\/produktas\/vienviru-durvju-sienas-vadotne-klets-durvis-teraudze-grafits\/"},"modified":"2024-02-13T13:17:48","modified_gmt":"2024-02-13T11:17:48","slug":"vienviru-durvju-sienas-vadotne-klets-durvis-teraudze-grafits","status":"publish","type":"product","link":"https:\/\/metaltale.com\/lv\/produkts\/vienviru-durvju-sienas-vadotne-klets-durvis-teraudze-grafits\/","title":{"rendered":"Vienviru durvju sienas vadotne Kl\u0113ts durvis T\u0112RAUDZE GRAF\u012aTS"},"content":{"rendered":"<div class=\"prod_data\">\n<p><strong>Modelis<\/strong> FOR. PRK-S10-2000<br \/>\n<strong>EAN.<\/strong>  5907772071182<br \/>\n<strong>Materi\u0101ls<\/strong> T\u0113rauds, \u010duguns<br \/>\n<strong> [cm]Kop\u0113jais garums<\/strong> 200<strong> <\/strong><br \/>\nMont\u0101\u017eas skr\u016bves J\u0101<br \/>\nSienas <strong>mont\u0101\u017ea<\/strong><br \/>\nT\u0113rauda <strong>kr\u0101sa<\/strong> <\/p>\n<p><strong>Komplekt\u0101 ietilpst:<\/strong><\/p>\n<p>met\u0101la caurule 200 cm (2&#215;100 cm)<\/p>\n<p>dekorat\u012bvie \u010duguna ru\u013c\u013ci (2 gab.)<\/p>\n<p>Distances uzmavas (5 gab.)<\/p>\n<p>horizont\u0101lie (2 gab.) un vertik\u0101lie (2 gab.) ierobe\u017eot\u0101ji<\/p>\n<p>Gr\u012bdas vadotne (1 gab.)<\/p>\n<p>B\u012bd\u0101mo durvju rokturis (1 gab.)<\/p>\n<p>Stiprin\u0101juma komplekts: skr\u016bves, bultskr\u016bves un papl\u0101ksnes<\/p>\n<p><strong>Produkta \u012bpa\u0161\u012bbas<\/strong><\/p>\n<p>Pied\u0101v\u0101jum\u0101 ietilpst b\u012bd\u0101m\u0101 sist\u0113ma viendurv\u012bm, sienas mont\u0101\u017ea<\/p>\n<p>modelis ir paredz\u0113ts b\u012bd\u0101maj\u0101m durv\u012bm ar koka, d\u0113\u013cu un t\u0113rauda r\u0101mjiem, kuru svars nep\u0101rsniedz 130 kg un biezums 35-45 mm.<\/p>\n<p>pas\u012bv\u0101s slodzes testi (200 kg) un dinamiskie testi (130 kg) ir pier\u0101d\u012bju\u0161i visaugst\u0101ko kvalit\u0101ti un dro\u0161\u012bbu.<\/p>\n<p>Labi samont\u0113ti rite\u0146u rite\u0146u komponenti vienm\u0113r\u012bgai un klusai brauk\u0161anai<\/p>\n<p>Horizont\u0101lie aizb\u012bd\u0146i slie\u017eu galos, apak\u0161\u0113j\u0101 vadotne un vertik\u0101lie aizb\u012bd\u0146i zem slied\u0113m stabiliz\u0113 durvis un nov\u0113r\u0161 to nokri\u0161anu no slied\u0113m.<\/p>\n<p>komplekt\u0101 ietilpst apak\u0161\u0113j\u0101 sliede, ko var uzst\u0101d\u012bt uz gr\u012bdas, lai to var\u0113tu izmantot ar veram\u0101m durv\u012bm vai bez t\u0101m.<\/p>\n<p>pieci stiprin\u0101juma punkti nodro\u0161ina sist\u0113mas stabilit\u0101ti, dro\u0161\u012bbu un iztur\u012bbu.<\/p>\n<p>komplekt\u0101 ietilpst skr\u016bves, lai sist\u0113mu var\u0113tu uzst\u0101d\u012bt gan uz koka, gan m\u016bra konstrukcij\u0101m.<\/p>\n<p>sist\u0113ma ir viegli un intuit\u012bvi uzst\u0101d\u0101ma.<\/p>\n<hr>\n<p>BARN DOORS ir dizaina b\u012bd\u0101mo durvju sist\u0113ma, kuras pamat\u0101 ir vecais ang\u013cu dizains ar pareiz\u0101m proporcij\u0101m. Dzeno\u0161ais ritenis ir izgatavots no \u010duguna, bet p\u0101r\u0113j\u0101 sist\u0113ma ir t\u0113rauda. At\u0161\u0137ir\u012bb\u0101 no daudz\u0101m cit\u0101m sist\u0113m\u0101m \u0161\u012bs sist\u0113mas galven\u0101 sliede ir t\u0113rauda caurule, nevis plakans stienis. Papildus stabilit\u0101tei \u0161is risin\u0101jums nodro\u0161ina ar\u012b fenomen\u0101lu retro, b\u0113ni\u0146iem l\u012bdz\u012bgu izskatu. Barn Doors sist\u0113ma ir ide\u0101li piem\u0113rota vec\u0101m vai novecoju\u0161\u0101m durv\u012bm, kuru dizains atg\u0101dina lauku durvis, k\u0101das k\u0101dreiz biju\u0161as vec\u0101s k\u016bt\u012bs. Barn Doors iederas ar\u012b modern\u0101 b\u0113ni\u0146u, skandin\u0101vu interjer\u0101 vai ori\u0123in\u0101li m\u0113bel\u0113t\u0101 lauku stila dz\u012bvokl\u012b.<\/p>\n<hr>\n<\/div>\n","protected":false},"excerpt":{"rendered":"<p>Modelis FOR. PRK-S10-2000 EAN. 5907772071182 Materi\u0101ls T\u0113rauds, \u010duguns [cm]Kop\u0113jais garums 200 Mont\u0101\u017eas skr\u016bves J\u0101 Sienas mont\u0101\u017ea T\u0113rauda kr\u0101sa Komplekt\u0101 ietilpst:<\/p>\n","protected":false},"featured_media":65455,"comment_status":"open","ping_status":"closed","template":"","meta":{"_acf_changed":false,"pmpro_default_level":""},"product_brand":[],"product_cat":[24124,24059],"product_tag":[],"class_list":{"0":"post-134432","1":"product","2":"type-product","3":"status-publish","4":"has-post-thumbnail","6":"product_cat-bidamo-durvju-piederumi","7":"product_cat-bidamo-durvju-sistemas","8":"pmpro-has-access","10":"first","11":"instock","12":"shipping-taxable","13":"purchasable","14":"product-type-simple"},"acf":[],"yoast_head":"<!-- This site is optimized with the Yoast SEO plugin v24.9 - https:\/\/yoast.com\/wordpress\/plugins\/seo\/ -->\n<title>Vienviru durvju sienas vadotne Kl\u0113ts durvis T\u0112RAUDZE GRAF\u012aTS - MetalTale.com<\/title>\n<meta name=\"robots\" content=\"index, follow, max-snippet:-1, max-image-preview:large, max-video-preview:-1\" \/>\n<link rel=\"canonical\" href=\"https:\/\/metaltale.com\/lv\/produkts\/vienviru-durvju-sienas-vadotne-klets-durvis-teraudze-grafits\/\" \/>\n<meta property=\"og:locale\" content=\"lv_LV\" \/>\n<meta property=\"og:type\" content=\"article\" \/>\n<meta property=\"og:title\" content=\"Vienviru durvju sienas vadotne Kl\u0113ts durvis T\u0112RAUDZE GRAF\u012aTS - MetalTale.com\" \/>\n<meta property=\"og:description\" content=\"Modelis FOR. PRK-S10-2000 EAN. 5907772071182 Materi\u0101ls T\u0113rauds, \u010duguns [cm]Kop\u0113jais garums 200 Mont\u0101\u017eas skr\u016bves J\u0101 Sienas mont\u0101\u017ea T\u0113rauda kr\u0101sa Komplekt\u0101 ietilpst:\" \/>\n<meta property=\"og:url\" content=\"https:\/\/metaltale.com\/lv\/produkts\/vienviru-durvju-sienas-vadotne-klets-durvis-teraudze-grafits\/\" \/>\n<meta property=\"og:site_name\" content=\"MetalTale.com\" \/>\n<meta property=\"og:image\" content=\"https:\/\/metaltale.com\/wp-content\/uploads\/2023\/09\/PROWADNICA-TVARTO-DURYS-PLIENINIS-GRAFITAS.jpg\" \/>\n\t<meta property=\"og:image:width\" content=\"800\" \/>\n\t<meta property=\"og:image:height\" content=\"800\" \/>\n\t<meta property=\"og:image:type\" content=\"image\/jpeg\" \/>\n<meta name=\"twitter:card\" content=\"summary_large_image\" \/>\n<meta name=\"twitter:label1\" content=\"Est. reading time\" \/>\n\t<meta name=\"twitter:data1\" content=\"2 minutes\" \/>\n<script type=\"application\/ld+json\" class=\"yoast-schema-graph\">{\"@context\":\"https:\/\/schema.org\",\"@graph\":[{\"@type\":\"WebPage\",\"@id\":\"https:\/\/metaltale.com\/lv\/produkts\/vienviru-durvju-sienas-vadotne-klets-durvis-teraudze-grafits\/\",\"url\":\"https:\/\/metaltale.com\/lv\/produkts\/vienviru-durvju-sienas-vadotne-klets-durvis-teraudze-grafits\/\",\"name\":\"Vienviru durvju sienas vadotne Kl\u0113ts durvis T\u0112RAUDZE GRAF\u012aTS - MetalTale.com\",\"isPartOf\":{\"@id\":\"https:\/\/metaltale.com\/lv\/#website\"},\"primaryImageOfPage\":{\"@id\":\"https:\/\/metaltale.com\/lv\/produkts\/vienviru-durvju-sienas-vadotne-klets-durvis-teraudze-grafits\/#primaryimage\"},\"image\":{\"@id\":\"https:\/\/metaltale.com\/lv\/produkts\/vienviru-durvju-sienas-vadotne-klets-durvis-teraudze-grafits\/#primaryimage\"},\"thumbnailUrl\":\"https:\/\/metaltale.com\/wp-content\/uploads\/2023\/09\/PROWADNICA-TVARTO-DURYS-PLIENINIS-GRAFITAS.jpg\",\"datePublished\":\"2024-02-13T11:17:48+00:00\",\"breadcrumb\":{\"@id\":\"https:\/\/metaltale.com\/lv\/produkts\/vienviru-durvju-sienas-vadotne-klets-durvis-teraudze-grafits\/#breadcrumb\"},\"inLanguage\":\"lv-LV\",\"potentialAction\":[{\"@type\":\"ReadAction\",\"target\":[\"https:\/\/metaltale.com\/lv\/produkts\/vienviru-durvju-sienas-vadotne-klets-durvis-teraudze-grafits\/\"]}]},{\"@type\":\"ImageObject\",\"inLanguage\":\"lv-LV\",\"@id\":\"https:\/\/metaltale.com\/lv\/produkts\/vienviru-durvju-sienas-vadotne-klets-durvis-teraudze-grafits\/#primaryimage\",\"url\":\"https:\/\/metaltale.com\/wp-content\/uploads\/2023\/09\/PROWADNICA-TVARTO-DURYS-PLIENINIS-GRAFITAS.jpg\",\"contentUrl\":\"https:\/\/metaltale.com\/wp-content\/uploads\/2023\/09\/PROWADNICA-TVARTO-DURYS-PLIENINIS-GRAFITAS.jpg\",\"width\":800,\"height\":800,\"caption\":\"Vienviru durvju sienas vadotne Kl\u0113ts durvis T\u0112RAUDZE GRAF\u012aTS\"},{\"@type\":\"BreadcrumbList\",\"@id\":\"https:\/\/metaltale.com\/lv\/produkts\/vienviru-durvju-sienas-vadotne-klets-durvis-teraudze-grafits\/#breadcrumb\",\"itemListElement\":[{\"@type\":\"ListItem\",\"position\":1,\"name\":\"Home\",\"item\":\"https:\/\/metaltale.com\/lv\/majas\/\"},{\"@type\":\"ListItem\",\"position\":2,\"name\":\"Veikals\",\"item\":\"https:\/\/metaltale.com\/lv\/shop\/\"},{\"@type\":\"ListItem\",\"position\":3,\"name\":\"Vienviru durvju sienas vadotne Kl\u0113ts durvis T\u0112RAUDZE GRAF\u012aTS\"}]},{\"@type\":\"WebSite\",\"@id\":\"https:\/\/metaltale.com\/lv\/#website\",\"url\":\"https:\/\/metaltale.com\/lv\/\",\"name\":\"Metaltale.com\",\"description\":\"\",\"potentialAction\":[{\"@type\":\"SearchAction\",\"target\":{\"@type\":\"EntryPoint\",\"urlTemplate\":\"https:\/\/metaltale.com\/lv\/?s={search_term_string}\"},\"query-input\":{\"@type\":\"PropertyValueSpecification\",\"valueRequired\":true,\"valueName\":\"search_term_string\"}}],\"inLanguage\":\"lv-LV\"}]}<\/script>\n<!-- \/ Yoast SEO plugin. -->","yoast_head_json":{"title":"Vienviru durvju sienas vadotne Kl\u0113ts durvis T\u0112RAUDZE GRAF\u012aTS - MetalTale.com","robots":{"index":"index","follow":"follow","max-snippet":"max-snippet:-1","max-image-preview":"max-image-preview:large","max-video-preview":"max-video-preview:-1"},"canonical":"https:\/\/metaltale.com\/lv\/produkts\/vienviru-durvju-sienas-vadotne-klets-durvis-teraudze-grafits\/","og_locale":"lv_LV","og_type":"article","og_title":"Vienviru durvju sienas vadotne Kl\u0113ts durvis T\u0112RAUDZE GRAF\u012aTS - MetalTale.com","og_description":"Modelis FOR. PRK-S10-2000 EAN. 5907772071182 Materi\u0101ls T\u0113rauds, \u010duguns [cm]Kop\u0113jais garums 200 Mont\u0101\u017eas skr\u016bves J\u0101 Sienas mont\u0101\u017ea T\u0113rauda kr\u0101sa Komplekt\u0101 ietilpst:","og_url":"https:\/\/metaltale.com\/lv\/produkts\/vienviru-durvju-sienas-vadotne-klets-durvis-teraudze-grafits\/","og_site_name":"MetalTale.com","og_image":[{"width":800,"height":800,"url":"https:\/\/metaltale.com\/wp-content\/uploads\/2023\/09\/PROWADNICA-TVARTO-DURYS-PLIENINIS-GRAFITAS.jpg","type":"image\/jpeg"}],"twitter_card":"summary_large_image","twitter_misc":{"Est. reading time":"2 minutes"},"schema":{"@context":"https:\/\/schema.org","@graph":[{"@type":"WebPage","@id":"https:\/\/metaltale.com\/lv\/produkts\/vienviru-durvju-sienas-vadotne-klets-durvis-teraudze-grafits\/","url":"https:\/\/metaltale.com\/lv\/produkts\/vienviru-durvju-sienas-vadotne-klets-durvis-teraudze-grafits\/","name":"Vienviru durvju sienas vadotne Kl\u0113ts durvis T\u0112RAUDZE GRAF\u012aTS - MetalTale.com","isPartOf":{"@id":"https:\/\/metaltale.com\/lv\/#website"},"primaryImageOfPage":{"@id":"https:\/\/metaltale.com\/lv\/produkts\/vienviru-durvju-sienas-vadotne-klets-durvis-teraudze-grafits\/#primaryimage"},"image":{"@id":"https:\/\/metaltale.com\/lv\/produkts\/vienviru-durvju-sienas-vadotne-klets-durvis-teraudze-grafits\/#primaryimage"},"thumbnailUrl":"https:\/\/metaltale.com\/wp-content\/uploads\/2023\/09\/PROWADNICA-TVARTO-DURYS-PLIENINIS-GRAFITAS.jpg","datePublished":"2024-02-13T11:17:48+00:00","breadcrumb":{"@id":"https:\/\/metaltale.com\/lv\/produkts\/vienviru-durvju-sienas-vadotne-klets-durvis-teraudze-grafits\/#breadcrumb"},"inLanguage":"lv-LV","potentialAction":[{"@type":"ReadAction","target":["https:\/\/metaltale.com\/lv\/produkts\/vienviru-durvju-sienas-vadotne-klets-durvis-teraudze-grafits\/"]}]},{"@type":"ImageObject","inLanguage":"lv-LV","@id":"https:\/\/metaltale.com\/lv\/produkts\/vienviru-durvju-sienas-vadotne-klets-durvis-teraudze-grafits\/#primaryimage","url":"https:\/\/metaltale.com\/wp-content\/uploads\/2023\/09\/PROWADNICA-TVARTO-DURYS-PLIENINIS-GRAFITAS.jpg","contentUrl":"https:\/\/metaltale.com\/wp-content\/uploads\/2023\/09\/PROWADNICA-TVARTO-DURYS-PLIENINIS-GRAFITAS.jpg","width":800,"height":800,"caption":"Vienviru durvju sienas vadotne Kl\u0113ts durvis T\u0112RAUDZE GRAF\u012aTS"},{"@type":"BreadcrumbList","@id":"https:\/\/metaltale.com\/lv\/produkts\/vienviru-durvju-sienas-vadotne-klets-durvis-teraudze-grafits\/#breadcrumb","itemListElement":[{"@type":"ListItem","position":1,"name":"Home","item":"https:\/\/metaltale.com\/lv\/majas\/"},{"@type":"ListItem","position":2,"name":"Veikals","item":"https:\/\/metaltale.com\/lv\/shop\/"},{"@type":"ListItem","position":3,"name":"Vienviru durvju sienas vadotne Kl\u0113ts durvis T\u0112RAUDZE GRAF\u012aTS"}]},{"@type":"WebSite","@id":"https:\/\/metaltale.com\/lv\/#website","url":"https:\/\/metaltale.com\/lv\/","name":"Metaltale.com","description":"","potentialAction":[{"@type":"SearchAction","target":{"@type":"EntryPoint","urlTemplate":"https:\/\/metaltale.com\/lv\/?s={search_term_string}"},"query-input":{"@type":"PropertyValueSpecification","valueRequired":true,"valueName":"search_term_string"}}],"inLanguage":"lv-LV"}]}},"_links":{"self":[{"href":"https:\/\/metaltale.com\/lv\/wp-json\/wp\/v2\/product\/134432","targetHints":{"allow":["GET"]}}],"collection":[{"href":"https:\/\/metaltale.com\/lv\/wp-json\/wp\/v2\/product"}],"about":[{"href":"https:\/\/metaltale.com\/lv\/wp-json\/wp\/v2\/types\/product"}],"replies":[{"embeddable":true,"href":"https:\/\/metaltale.com\/lv\/wp-json\/wp\/v2\/comments?post=134432"}],"version-history":[{"count":0,"href":"https:\/\/metaltale.com\/lv\/wp-json\/wp\/v2\/product\/134432\/revisions"}],"wp:featuredmedia":[{"embeddable":true,"href":"https:\/\/metaltale.com\/lv\/wp-json\/wp\/v2\/media\/65455"}],"wp:attachment":[{"href":"https:\/\/metaltale.com\/lv\/wp-json\/wp\/v2\/media?parent=134432"}],"wp:term":[{"taxonomy":"product_brand","embeddable":true,"href":"https:\/\/metaltale.com\/lv\/wp-json\/wp\/v2\/product_brand?post=134432"},{"taxonomy":"product_cat","embeddable":true,"href":"https:\/\/metaltale.com\/lv\/wp-json\/wp\/v2\/product_cat?post=134432"},{"taxonomy":"product_tag","embeddable":true,"href":"https:\/\/metaltale.com\/lv\/wp-json\/wp\/v2\/product_tag?post=134432"}],"curies":[{"name":"wp","href":"https:\/\/api.w.org\/{rel}","templated":true}]}}